{"id":12066,"date":"2023-10-09T08:13:16","date_gmt":"2023-10-09T08:13:16","guid":{"rendered":"https:\/\/chargingshop.eu\/product\/v2c-trydan-22kw-solar-display-3-phase-type-2-cable-black\/"},"modified":"2025-01-14T20:59:04","modified_gmt":"2025-01-14T20:59:04","slug":"v2c-trydan-22kw-solar-display-3-phase-type-2-cable-black","status":"publish","type":"product","link":"https:\/\/chargingshop.eu\/lt\/produktas\/v2c-trydan-22kw-solar-display-3-phase-type-2-cable-black\/","title":{"rendered":"V2C Trydan 22kW su Ekranu, 3 fazi\u0173, Type 2 kabelis (5m), dinaminis balansavimas"},"content":{"rendered":"<div class=\"elementor-element elementor-element-6d87fa2 elementor-widget elementor-widget-heading\" data-id=\"6d87fa2\" data-element_type=\"widget\" data-widget_type=\"heading.default\">\n<div class=\"elementor-widget-container\">\n<p>V2C Trydan 22kW &#8211;\u00a0 Inovatyvus ir i\u0161manus elektromobilio krovimas namuose<\/p>\n<p>Did\u017eiausias V2C Trydan prana\u0161umas &#8211; dinamino balansavimo funkcija ir saul\u0117s energijos perteklio krovimas galimas BE PAPILDOMO SmartMeter&#8217;io. Tai leis Jums suma\u017einti biud\u017eet\u0105 ~200eur.<\/p>\n<p>Trydan yra sinonimas\u00a0 <b><i>Tri &#8211; <\/i>connection (Trys s\u0105sajos)<\/b><\/p>\n<\/div>\n<\/div>\n<div class=\"elementor-element elementor-element-3efa5b8a elementor-position-left elementor-view-default elementor-vertical-align-top elementor-widget elementor-widget-icon-box\" data-id=\"3efa5b8a\" data-element_type=\"widget\" data-widget_type=\"icon-box.default\">\n<div class=\"elementor-widget-container\">\n<div class=\"elementor-icon-box-wrapper\">\n<div class=\"elementor-icon-box-content\">\n<h4 class=\"elementor-icon-box-title\"><em>Susiek savo telefon\u0105.<\/em><\/h4>\n<p>M\u0117gaukis i\u0161maniais privalumais naudodamas V2C Cloud app jungdamasis per WiFi arba Bluetooth: kontroliuok \u012fkrovim\u0105 per nuotol\u012f, matyk statistik\u0105, ir nustatyk krovimo valandas pagal poreikius ar kuomet elektra kainuoja pigiau.<\/p>\n<p><em>Valdyk balsu per Alexa.<\/em><\/p>\n<\/div>\n<\/div>\n<\/div>\n<\/div>\n<div class=\"elementor-element elementor-element-5f394a06 elementor-position-left elementor-view-default elementor-vertical-align-top elementor-widget elementor-widget-icon-box\" data-id=\"5f394a06\" data-element_type=\"widget\" data-widget_type=\"icon-box.default\">\n<div class=\"elementor-widget-container\">\n<div class=\"elementor-icon-box-wrapper\">\n<p class=\"elementor-icon-box-title\">Taip, gali valdyti balsu &#8220;Alexa, start charging my electric car&#8221;. Su Trydan, tai realyb\u0117. Alexa priims tavo balso komandas ir \u012fvykdys jas.<\/p>\n<\/div>\n<\/div>\n<\/div>\n<div class=\"elementor-element elementor-element-49f5b55a elementor-position-left elementor-view-default elementor-vertical-align-top elementor-widget elementor-widget-icon-box\" data-id=\"49f5b55a\" data-element_type=\"widget\" data-widget_type=\"icon-box.default\">\n<div class=\"elementor-widget-container\">\n<div class=\"elementor-icon-box-wrapper\">\n<h4 class=\"elementor-icon-box-title\"><strong><em>Prijunk prie saul\u0117s inverterio ir krauk saul\u0117s generuojam\u0105 energij\u0105 tiesiai \u012f elektromobil\u012f\u00a0<\/em><\/strong><\/h4>\n<div class=\"elementor-icon-box-content\">\n<p class=\"elementor-icon-box-description\">V2C Trydan turi labiausiai i\u0161vystyt\u0105 integracijos system\u0105 kuri u\u017etikrins Jums galimyb\u0119 krauti elektromobil\u012f tiesiai nuo saul\u0117s j\u0117gain\u0117s. <span style=\"font-size: 14.4px;\">Tai rei\u0161kia prakti\u0161kai nemokamus kilometrus J\u016bs\u0173 automobiliui!<\/span><\/p>\n<p>V2C Trydan labai paprastas instaliuoti ir naudoti. Tiesioginis saul\u0117s energijos krovimas\u00a0 sutrumpins Jums atsipirkimo laik\u0105 (ROI) krovikliui ir saul\u0117s j\u0117gainei. Ta\u010diau net jei neturite sul\u0117s j\u0117gain\u0117s, galite naudoti V2C Trydan kaip paprast\u0105 krovikl\u012f kuris naudos elektr\u0105 nuo \u012fvado.<\/p>\n<p>* Trydan suderinamas su VISAIS saul\u0117s inverteriais. Jei jungtum\u0117te per Wifi belaid\u017eiu b\u016bdu, jis gali tiesiogiai komunikuoti su: <strong>GoodWe<\/strong>,\u00a0<strong>Fronius<\/strong>,\u00a0<strong>Huawei<\/strong>,\u00a0<strong>Ingeteam<\/strong>,\u00a0<strong>Kostal<\/strong>,<strong>\u00a0SolarEdge<\/strong>,<strong>\u00a0SolaX<\/strong>,\u00a0<strong>Victron<\/strong> ir papildomai <strong>Shelly ir<\/strong><strong>\u00a0Wibeee<\/strong> srov\u0117s matuokliais.<\/p>\n<\/div>\n<\/div>\n<\/div>\n<\/div>\n<div class=\"video video-fit mb\" style=\"padding-top:56.25%;\"><p><iframe title=\"V2C Trydan - www.ChargingShop.Eu\" width=\"1020\" height=\"574\" src=\"https:\/\/www.youtube.com\/embed\/rVniqkha4Jw?feature=oembed\" frameborder=\"0\" allow=\"accelerometer; autoplay; clipboard-write; encrypted-media; gyroscope; picture-in-picture; web-share\" allowfullscreen><\/iframe><\/p>\n<\/div>\n<h3><strong><em>PAPRASTA INSTALIACIJA\u00a0<\/em><\/strong><\/h3>\n<p>Skirtingai nuo kit\u0173 gamintoj\u0173 V2C Trydan nenaudoja da\u017enai brangi\u0173 ir sunkiai \u012frengiam\u0173 SmartMeter&#8217;i\u0173. Vietoje to, dinaminis balansavimas i\u0161pildomas naudojant 3 i\u0161oriniu b\u016bdu montuojamus &#8216;CT clamps&#8217; (srov\u0117s matuoklius &#8211; &#8216;spaustukus&#8217;). Tai u\u017espaud\u017eiami magnetiniai \u017eiedai su i\u0161einan\u010diu duomen\u0173 laidu. 3 spaustukai ir V2C 2.0 duomen\u0173 hub \u012feina \u012f stotel\u0117s komplekt\u0105. Nereiks joki\u0173 brangi\u0173 papildom\u0173 pried\u0173. Taip pat bus paprastas montavimas be pl\u0117timo d\u0117\u017eu\u010di\u0173 prie elektros \u012fvado.<\/p>\n<p>Schema \u017eemiau:<\/p>\n<p><img decoding=\"async\" class=\"alignleft wp-image-12163 size-thumbnail\" src=\"https:\/\/chargingshop.eu\/wp-content\/uploads\/2023\/10\/CT-CLAMPS-280x280.png\" alt=\"Montavimo schema\" width=\"280\" height=\"280\" srcset=\"https:\/\/chargingshop.eu\/wp-content\/uploads\/2023\/10\/CT-CLAMPS-280x280.png 280w, https:\/\/chargingshop.eu\/wp-content\/uploads\/2023\/10\/CT-CLAMPS-100x100.png 100w\" sizes=\"(max-width: 280px) 100vw, 280px\" \/><\/p>\n<p>&nbsp;<\/p>\n<p><img decoding=\"async\" class=\"wp-image-12173 size-thumbnail alignnone\" src=\"https:\/\/chargingshop.eu\/wp-content\/uploads\/2023\/10\/V2C-Clamp-connection-280x280.jpeg\" alt=\"\" width=\"280\" height=\"280\" srcset=\"https:\/\/chargingshop.eu\/wp-content\/uploads\/2023\/10\/V2C-Clamp-connection-280x280.jpeg 280w, https:\/\/chargingshop.eu\/wp-content\/uploads\/2023\/10\/V2C-Clamp-connection-100x100.jpeg 100w\" sizes=\"(max-width: 280px) 100vw, 280px\" \/><\/p>\n<h3><\/h3>\n<h3><\/h3>\n<h3><\/h3>\n<h3><\/h3>\n<h3><\/h3>\n<h3><\/h3>\n<h3><strong><em>PAGRINDIN\u0116S SAVYB\u0116S<\/em><\/strong><\/h3>\n<p class=\"elementor-icon-box-title\">Dinaminis galios balansavimas &#8211; matuoja bendr\u0105 elektros suvartojim\u0105 namuose (nuo \u012fvado) realiu laiku ir reguliuoja automati\u0161kai krovimo greit\u012f tam kad ne\u012fvykt\u0173 perkrova. Matavimas vyksta naudojant CT clamps (spaustukus kurie kabinami ant \u012fvado laido be intervencijos). Tod\u0117l nereiks pirkti papildomo SmartMeter&#8217;io kuris da\u017enu atveju kainuoja ~200eur.<\/p>\n<p class=\"elementor-icon-box-title\">Nam\u0173 Asistantento integracija &#8211; i\u0161skirtinis krovimo patogumas, d\u0117ka suderinamumo su nam\u0173 automatikos sistemomis.<\/p>\n<p class=\"elementor-icon-box-title\"><strong>Neribotos pasijungimo galimyb\u0117s<\/strong> &#8211; V2C Trydan yra vienintelis kroviklis kur\u012f galima pilnai kontroliuoti\u00a0 per Telegram app. Galima taip pat kontroliuoti per <strong>OCPP<\/strong>. Trydan taip pat turi <strong>OPEN API<\/strong> prieig\u0105 programuotojams.<\/p>\n<h3>V2C Cloud&#8217;as<\/h3>\n<p>Krovimosi patirtis pakyl\u0117ta \u012f auk\u0161tesn\u012f lyg\u012f<\/p>\n<p>Nustatyk krovimosi periodus, tam kad maksimaliai sutaupytum elektros s\u0105naudas.<\/p>\n<p>Aktyvuok arba i\u0161junk krovim\u0105, nustatyk krovimo gali\u0105, blokuok prieig\u0105 ir matyk vis\u0105 statistik\u0105 per V2C Cloud&#8217;\u0105.<\/p>\n<h3><strong>Specifikacijos &#8211; model TRY32-3-L5<\/strong><\/h3>\n<ul>\n<li>Tinka naudojimui viduje ir lauke<\/li>\n<li>Galia: 22 kW (3-ph) \/ 11kW arba 7kW (gali b\u016bti nustatyta)<\/li>\n<li>Voltage: 230V AC vienai fazei arba 400V AC 3-faz\u0117s (+\/- 10%)<\/li>\n<li>Da\u017enis: 50\/60 Hz<\/li>\n<li>Spalva: juoda<\/li>\n<li>Type 2 kabelis, 5m<\/li>\n<li>Srov\u0117: 32 A max<\/li>\n<li>Ekranas LED su grafiniu displ\u0117jumi<\/li>\n<li>Standby re\u017eimu sunaudoja: 3W<\/li>\n<li>Temperatura: -25\u00b0C to +50\u00b0C<\/li>\n<\/ul>\n<p>&nbsp;<\/p>\n<p>&nbsp;<\/p>\n","protected":false},"excerpt":{"rendered":"<p>Inovatyvus ir i\u0161manus elektromobilio krovimas namuose, kartu su eleganti\u0161ku dizainu<\/p>\n<p>Vienas i\u0161maniausi\u0173 EV krovikli\u0173 rinkoje &#8211; puikus dizainas &amp; daugyb\u0117 funkcionalum\u0173:<\/p>\n<ul>\n<li>Kraukite saul\u0117s generuojam\u0105 elektr\u0105 tiesiai \u012f elektromobil\u012f<\/li>\n<li>Dinamino balansavimo funkcija ir saul\u0117s energijos perteklio krovimas galimas BE PAPILDOMO SmartMeter&#8217;io<\/li>\n<li>Smart &#8211; gali b\u016bti kontroliuojamas per atstum\u0105 naudojant App<\/li>\n<li>Turi ekran\u0105. Vis\u0105 meniu galima kontroliuoti fiziniais mygtukais<\/li>\n<li>Gali b\u016bti kontroliuojamas balsu naudojant Alexa! Arba naudojant Telegram program\u0117l\u0119<\/li>\n<li>OPEN API prieiga programuotojams<\/li>\n<\/ul>\n","protected":false},"featured_media":11940,"comment_status":"open","ping_status":"closed","template":"","meta":[],"product_brand":[],"product_cat":[15,138,987,983],"product_tag":[],"class_list":{"0":"post-12066","1":"product","2":"type-product","3":"status-publish","4":"has-post-thumbnail","6":"product_cat-wallbox-charging-station","7":"product_cat-wallbox-ikrovimo-stoteles-lt","8":"product_cat-sale-offers-discounts","9":"product_cat-sale-offers","10":"pa_brand-v2c","11":"pa_brand-v2c-lt","13":"first","14":"instock","15":"sale","16":"taxable","17":"shipping-taxable","18":"purchasable","19":"product-type-simple"},"_links":{"self":[{"href":"https:\/\/chargingshop.eu\/lt\/wp-json\/wp\/v2\/product\/12066","targetHints":{"allow":["GET"]}}],"collection":[{"href":"https:\/\/chargingshop.eu\/lt\/wp-json\/wp\/v2\/product"}],"about":[{"href":"https:\/\/chargingshop.eu\/lt\/wp-json\/wp\/v2\/types\/product"}],"replies":[{"embeddable":true,"href":"https:\/\/chargingshop.eu\/lt\/wp-json\/wp\/v2\/comments?post=12066"}],"wp:featuredmedia":[{"embeddable":true,"href":"https:\/\/chargingshop.eu\/lt\/wp-json\/wp\/v2\/media\/11940"}],"wp:attachment":[{"href":"https:\/\/chargingshop.eu\/lt\/wp-json\/wp\/v2\/media?parent=12066"}],"wp:term":[{"taxonomy":"product_brand","embeddable":true,"href":"https:\/\/chargingshop.eu\/lt\/wp-json\/wp\/v2\/product_brand?post=12066"},{"taxonomy":"product_cat","embeddable":true,"href":"https:\/\/chargingshop.eu\/lt\/wp-json\/wp\/v2\/product_cat?post=12066"},{"taxonomy":"product_tag","embeddable":true,"href":"https:\/\/chargingshop.eu\/lt\/wp-json\/wp\/v2\/product_tag?post=12066"}],"curies":[{"name":"wp","href":"https:\/\/api.w.org\/{rel}","templated":true}]}}