{"id":10451,"date":"2023-04-22T09:52:45","date_gmt":"2023-04-22T09:52:45","guid":{"rendered":"https:\/\/chargingshop.eu\/product\/etrel-inch-duo-public-charging-station-2-x-22-kw-type2-socket-4g\/"},"modified":"2023-12-17T11:25:28","modified_gmt":"2023-12-17T11:25:28","slug":"etrel-inch-duo-su-lieciamu-ekranu","status":"publish","type":"product","link":"https:\/\/chargingshop.eu\/lt\/produktas\/etrel-inch-duo-su-lieciamu-ekranu\/","title":{"rendered":"ETREL INCH DUO su lie\u010diamu ekranu 2 x 22 kW, Type2 socket, 4G"},"content":{"rendered":"<div class=\"wpb_text_column wpb_content_element \">\n<div class=\"wpb_wrapper\">\n<p><strong>ETREL INCH DUO<\/strong> su lie\u010diamu ekranu (7 coli\u0173) &#8211; Stacionari elektromobili\u0173 krovimo stotel\u0117 su Type2 socket, 2 x 22 kW (3 x 32 A per jungt\u012f)<\/p>\n<p><strong>Savyb\u0117s:<\/strong><\/p>\n<ul>\n<li>Galia &#8211; 2x22kW<\/li>\n<li>Komunikacija &#8211; LAN\/4G<\/li>\n<li>Galios balansavimas<\/li>\n<li>Valdymas &#8211; OCPP 1.6<\/li>\n<li>Apsauga nuo vandalizmo<\/li>\n<li>Spalva &#8211; Pilka<\/li>\n<li>RCD-A + dc leak apsauga<\/li>\n<li>MID sertifikuotas meter&#8217;is<\/li>\n<\/ul>\n<p>&nbsp;<\/p>\n<p><strong><em>Interaktyvi Elektromobilio Krovimo Balansavimo Technologija<\/em><\/strong><\/p>\n<p>Etrel \u012fkrovimo \u012franga veikia interaktyvioje \u012fkrovimo platformoje. Interaktyvioji \u012fkrovimo technologija palaiko pusiausvyr\u0105 tarp transporto priemon\u0117s, pastato ir tinklo poreiki\u0173. Platformoje vadovaujantis dirbtinio intelekto ir sistemos komunikacijos galimybi\u0173 princip\u0173 rinkinys si\u016blo grei\u010diausi\u0105 ekologi\u0161k\u0105 \u012fkrovim\u0105 tam tikromis aplinkyb\u0117mis be tinklo prijungimo ta\u0161k\u0173 perkrov\u0173.<\/p>\n<p>ETREL INCH DUO savyb\u0117s:<\/p>\n<ul>\n<li>Dynaminis galios valdymas klusteriuose leid\u017eia maksimaliai i\u0161pl\u0117sti instaliuojam\u0173 krovikli\u0173 skai\u010di\u0173 lokacijose, tuo pa\u010diu ma\u017einant investicijos dyd\u012f.<\/li>\n<li>Paprastas instaliavimas su durimis atsidaramomis pla\u010diu kampu leid\u017eia greit\u0105 ir paprast\u0105 prie\u017ei\u016br\u0105.<\/li>\n<\/ul>\n<div class=\"wpb_text_column wpb_content_element \">\n<div class=\"wpb_wrapper\">\n<div class=\"wpb_text_column wpb_content_element \">\n<div class=\"wpb_wrapper\">\n<div class=\"wpb_text_column wpb_content_element \">\n<div class=\"wpb_wrapper\">\n<p><a href=\"https:\/\/chargingshop.eu\/wp-content\/uploads\/2020\/07\/2020_04_06-INCH-DUO-brochure-2.pdf\">Product Brochure<\/a><\/p>\n<p>&nbsp;<\/p>\n<\/div>\n<\/div>\n<\/div>\n<\/div>\n<\/div>\n<\/div>\n<\/div>\n<\/div>\n","protected":false},"excerpt":{"rendered":"<ul>\n<li>I\u0161skirtinio dizaino<\/li>\n<li>Valdymas lie\u010diamu 7 coli\u0173 ekranu<\/li>\n<li>2 x 22kW<\/li>\n<\/ul>\n<p>INCH Duo yra patvarus \u012fkroviklis, paruo\u0161tas nuolatiniam darbui vie\u0161ose vietose. Ergonomi\u0161kas dizainas ir didelis ekranas su paprastomis \u012fkrovimo instrukcijomis suteikia patogiausi\u0105 patirt\u012f naujiems vartotojams.<\/p>\n<p>&nbsp;<\/p>\n","protected":false},"featured_media":8631,"comment_status":"open","ping_status":"closed","template":"","meta":[],"product_brand":[],"product_cat":[98,142,987],"product_tag":[],"class_list":{"0":"post-10451","1":"product","2":"type-product","3":"status-publish","4":"has-post-thumbnail","6":"product_cat-post-chargers","7":"product_cat-stacionarus-krovikliai-lt","8":"product_cat-sale-offers-discounts","9":"pa_brand-etrel","10":"pa_brand-etrel-lt","12":"first","13":"instock","14":"taxable","15":"shipping-taxable","16":"purchasable","17":"product-type-simple"},"_links":{"self":[{"href":"https:\/\/chargingshop.eu\/lt\/wp-json\/wp\/v2\/product\/10451","targetHints":{"allow":["GET"]}}],"collection":[{"href":"https:\/\/chargingshop.eu\/lt\/wp-json\/wp\/v2\/product"}],"about":[{"href":"https:\/\/chargingshop.eu\/lt\/wp-json\/wp\/v2\/types\/product"}],"replies":[{"embeddable":true,"href":"https:\/\/chargingshop.eu\/lt\/wp-json\/wp\/v2\/comments?post=10451"}],"wp:featuredmedia":[{"embeddable":true,"href":"https:\/\/chargingshop.eu\/lt\/wp-json\/wp\/v2\/media\/8631"}],"wp:attachment":[{"href":"https:\/\/chargingshop.eu\/lt\/wp-json\/wp\/v2\/media?parent=10451"}],"wp:term":[{"taxonomy":"product_brand","embeddable":true,"href":"https:\/\/chargingshop.eu\/lt\/wp-json\/wp\/v2\/product_brand?post=10451"},{"taxonomy":"product_cat","embeddable":true,"href":"https:\/\/chargingshop.eu\/lt\/wp-json\/wp\/v2\/product_cat?post=10451"},{"taxonomy":"product_tag","embeddable":true,"href":"https:\/\/chargingshop.eu\/lt\/wp-json\/wp\/v2\/product_tag?post=10451"}],"curies":[{"name":"wp","href":"https:\/\/api.w.org\/{rel}","templated":true}]}}