{"id":10446,"date":"2023-04-21T18:26:34","date_gmt":"2023-04-21T18:26:34","guid":{"rendered":"https:\/\/chargingshop.eu\/product\/tesla-wall-connector-eu-gen-3\/"},"modified":"2024-02-06T10:00:19","modified_gmt":"2024-02-06T10:00:19","slug":"tesla-wall-connector-eu-gen-3","status":"publish","type":"product","link":"https:\/\/chargingshop.eu\/lt\/produktas\/tesla-wall-connector-eu-gen-3\/","title":{"rendered":"Tesla Wall Connector EU Gen 3"},"content":{"rendered":"<h4>Jei norite patogiai \u012fkrauti automobil\u012f namuose, jums reikia Tesla Wall Connector.<\/h4>\n<p><strong>Matmenys:<\/strong><\/p>\n<p>Auk\u0161tis: 345 mm \u2013 plotis: 155 mm- Gylis: 110 mm<\/p>\n<p>Pakuotos d\u0117\u017eut\u0117s matmenys 460 mm \u2013 plotis: 260 mm- Gylis: 120 mm<\/p>\n<h3><strong>Savyb\u0117s:<\/strong><\/h3>\n<ul>\n<li>Jis yra lengvas, skirtas naudoti tiek viduje, tiek lauke.<\/li>\n<li>Komplektuojamas su 7,3 metro ilgio kabeliu.<\/li>\n<li>Tesla stotel\u0117 suderinama su Model S, Model X, Model 3 ir Model Y EU. Jis taip pat suderinamas su bet kokiu nam\u0173 ar patalp\u0173 prietaisu.<\/li>\n<li>Gali dirbti su trifaziu maitinimu. Did\u017eiausia jo teikiama galia yra 22 KW arba 32 A esant 400v.<\/li>\n<li>Gali b\u016bti prijungtas prie Wi-Fi.<\/li>\n<li>Gali\u0105 galima reguliuoti pagal asmeninius poreikius ir \u012fvairius grandin\u0117s pertraukiklius.<\/li>\n<li>I\u0161orinis sluoksis &#8211; gr\u016bdinto balto stiklo. Stiklo naudojimo tikslas yra apsaugoti vartotoj\u0105 nuo elektros sm\u016bgio.<\/li>\n<\/ul>\n<h2><strong>Tesla EU Gen 3 Wall Connector: <\/strong><\/h2>\n<p>ES modeliams \u201eTesla\u201c pasi\u016bl\u0117 \u201eTesla EU Gen 3\u201c sienin\u0119 stotel\u0119. Ji skirta ES modeliams, yra ma\u017ea ir komplektuojama su 7,3 metro laidu \u2013 laidas u\u017etikrina visi\u0161k\u0105 \u012fkrovim\u0105 per nakt\u012f, kad b\u016bt\u0173 galima prad\u0117ti dien\u0105 su pilna baterija. Esteti\u0161kai patrauklaus dizaino, galima montuoti tiek lauke tiek viduje. Ji turi daugyb\u0119 elektros sistem\u0173 ir montavimo galimybi\u0173.<\/p>\n<h3><strong>\u00a0<\/strong><strong>Kaip naudoti?<\/strong><\/h3>\n<ol>\n<li>Prijunkite prie maitinimo.<\/li>\n<li>Perkaitykite instaliavimo instrukcij\u0105. (savo ir aplinkini\u0173 saugumui).<\/li>\n<li>Prijunkite kabel\u012f \u012f savo elektromobil\u012f.<\/li>\n<\/ol>\n<h4>Paruo\u0161tas darbui su Tesla App 22kw galiios krovimui.<\/h4>\n<p>&nbsp;<\/p>\n","protected":false},"excerpt":{"rendered":"<p>Tinkamas Tesla EU modeliams. Palaiko iki 22kW krovim\u0105 per Type 2 kabelio jungt\u012f.<\/p>\n<p>Jis yra lengvas ir kompektacijoje b\u016bna su 7,3 metro laidu.<\/p>\n<p>Galima montuoti \u012ftais\u0105 tiek viduje, tiek lauke.<\/p>\n","protected":false},"featured_media":12153,"comment_status":"open","ping_status":"closed","template":"","meta":[],"product_brand":[],"product_cat":[15,985,138,983],"product_tag":[],"class_list":{"0":"post-10446","1":"product","2":"type-product","3":"status-publish","4":"has-post-thumbnail","6":"product_cat-wallbox-charging-station","7":"product_cat-aksesuarai-ir-priedai-elektromobiliams","8":"product_cat-wallbox-ikrovimo-stoteles-lt","9":"product_cat-sale-offers","10":"pa_brand-tesla","11":"pa_brand-tesla-lt","13":"first","14":"outofstock","15":"taxable","16":"shipping-taxable","17":"purchasable","18":"product-type-simple"},"_links":{"self":[{"href":"https:\/\/chargingshop.eu\/lt\/wp-json\/wp\/v2\/product\/10446","targetHints":{"allow":["GET"]}}],"collection":[{"href":"https:\/\/chargingshop.eu\/lt\/wp-json\/wp\/v2\/product"}],"about":[{"href":"https:\/\/chargingshop.eu\/lt\/wp-json\/wp\/v2\/types\/product"}],"replies":[{"embeddable":true,"href":"https:\/\/chargingshop.eu\/lt\/wp-json\/wp\/v2\/comments?post=10446"}],"wp:featuredmedia":[{"embeddable":true,"href":"https:\/\/chargingshop.eu\/lt\/wp-json\/wp\/v2\/media\/12153"}],"wp:attachment":[{"href":"https:\/\/chargingshop.eu\/lt\/wp-json\/wp\/v2\/media?parent=10446"}],"wp:term":[{"taxonomy":"product_brand","embeddable":true,"href":"https:\/\/chargingshop.eu\/lt\/wp-json\/wp\/v2\/product_brand?post=10446"},{"taxonomy":"product_cat","embeddable":true,"href":"https:\/\/chargingshop.eu\/lt\/wp-json\/wp\/v2\/product_cat?post=10446"},{"taxonomy":"product_tag","embeddable":true,"href":"https:\/\/chargingshop.eu\/lt\/wp-json\/wp\/v2\/product_tag?post=10446"}],"curies":[{"name":"wp","href":"https:\/\/api.w.org\/{rel}","templated":true}]}}