{"id":10443,"date":"2023-04-21T17:51:11","date_gmt":"2023-04-21T17:51:11","guid":{"rendered":"https:\/\/chargingshop.eu\/product\/tesla-spidometras-tinka-model-3-model-y\/"},"modified":"2023-04-21T18:18:14","modified_gmt":"2023-04-21T18:18:14","slug":"tesla-spidometras-tinka-model-3-model-y","status":"publish","type":"product","link":"https:\/\/chargingshop.eu\/lt\/produktas\/tesla-spidometras-tinka-model-3-model-y\/","title":{"rendered":"Tesla Spidometras tinkantis Model 3 &#038; Model Y"},"content":{"rendered":"<p>Tesla Spidometras\u00a0 &#8211; Head Up Display (HUD)<\/p>\n<p>&nbsp;<\/p>\n<p>Palaikomos funkcijos: Geritis, pavara, pos\u016bkio signalai, baterijos likutis, \u012fsp\u0117jimas apie neu\u017edarytas duris, \u012fsp\u0117jimas apie neu\u017esegtus saugos dir\u017eus, \u012fsp\u0117jimas d\u0117l grei\u010dio vir\u0161ijimo.<\/p>\n<p>\u0160\u012f spidometr\u0105 galite nesunkiai instaliuoti angoje tiesiai u\u017e vairo Model 3 or Model Y. Kaip tai padaryti pavaizduota video \u017eemiau:<\/p>\n<p><iframe title=\"Tesla Head Up Display -  www.ChargingShop.EU\" width=\"1020\" height=\"574\" src=\"https:\/\/www.youtube.com\/embed\/iVzaLQTpMMM?feature=oembed\" frameborder=\"0\" allow=\"accelerometer; autoplay; clipboard-write; encrypted-media; gyroscope; picture-in-picture; web-share\" allowfullscreen><\/iframe><\/p>\n<p>Pastaba:<\/p>\n<p>Tinka Tesla Model 3 ir Model Y 2019 met\u0173 gamybos ir v\u0117liau.<\/p>\n","protected":false},"excerpt":{"rendered":"<p>Instaliuokite per 10 minu\u010di\u0173 patys &#8211; Tesla Model 3 or Model Y<\/p>\n<p>Palaikomos funkcijos:<\/p>\n<p>Greitis, pavara, pos\u016bkio signalai, baterijos likutis, \u012fsp\u0117jimas apie neu\u017edarytas duris, \u012fsp\u0117jimas apie neu\u017esegtus saugos dir\u017eus, \u012fsp\u0117jimas d\u0117l grei\u010dio vir\u0161ijimo.<\/p>\n","protected":false},"featured_media":8549,"comment_status":"closed","ping_status":"closed","template":"","meta":[],"product_brand":[],"product_cat":[982,985,922,986,987,983],"product_tag":[],"class_list":{"0":"post-10443","1":"product","2":"type-product","3":"status-publish","4":"has-post-thumbnail","6":"product_cat-car-accessories","7":"product_cat-aksesuarai-ir-priedai-elektromobiliams","8":"product_cat-tesla-accessories","9":"product_cat-tesla-accessories-lt","10":"product_cat-sale-offers-discounts","11":"product_cat-sale-offers","13":"first","14":"instock","15":"sale","16":"taxable","17":"shipping-taxable","18":"purchasable","19":"product-type-simple"},"_links":{"self":[{"href":"https:\/\/chargingshop.eu\/lt\/wp-json\/wp\/v2\/product\/10443","targetHints":{"allow":["GET"]}}],"collection":[{"href":"https:\/\/chargingshop.eu\/lt\/wp-json\/wp\/v2\/product"}],"about":[{"href":"https:\/\/chargingshop.eu\/lt\/wp-json\/wp\/v2\/types\/product"}],"replies":[{"embeddable":true,"href":"https:\/\/chargingshop.eu\/lt\/wp-json\/wp\/v2\/comments?post=10443"}],"wp:featuredmedia":[{"embeddable":true,"href":"https:\/\/chargingshop.eu\/lt\/wp-json\/wp\/v2\/media\/8549"}],"wp:attachment":[{"href":"https:\/\/chargingshop.eu\/lt\/wp-json\/wp\/v2\/media?parent=10443"}],"wp:term":[{"taxonomy":"product_brand","embeddable":true,"href":"https:\/\/chargingshop.eu\/lt\/wp-json\/wp\/v2\/product_brand?post=10443"},{"taxonomy":"product_cat","embeddable":true,"href":"https:\/\/chargingshop.eu\/lt\/wp-json\/wp\/v2\/product_cat?post=10443"},{"taxonomy":"product_tag","embeddable":true,"href":"https:\/\/chargingshop.eu\/lt\/wp-json\/wp\/v2\/product_tag?post=10443"}],"curies":[{"name":"wp","href":"https:\/\/api.w.org\/{rel}","templated":true}]}}