{"id":7900,"date":"2022-08-09T13:09:43","date_gmt":"2022-08-09T13:09:43","guid":{"rendered":"https:\/\/chargingshop.eu\/?page_id=7900"},"modified":"2025-06-19T03:54:01","modified_gmt":"2025-06-19T03:54:01","slug":"elektromobiliai-kaip-ji-issirinkti","status":"publish","type":"page","link":"https:\/\/chargingshop.eu\/lt\/elektromobiliai-kaip-ji-issirinkti\/","title":{"rendered":"Elektromobiliai &#8211; kaip j\u012f i\u0161sirinkti?"},"content":{"rendered":"<h1><b>Elektromobiliai &#8211; kaip j\u012f i\u0161sirinkti?<\/b><\/h1>\n<p><span style=\"font-weight: 400;\">Privalumai, pasirinkusiems vairuoti elektromobl\u012f Lietuvoje yra ne tik finansiniai, bet ir praktiniai. Lietuvos vyriausyb\u0117 kartu su Europos S\u0105junga si\u016blo 2500 eur\u0173 i\u0161mok\u0105 u\u017e \u012fsigyt\u0105 naudot\u0105 ir 5000 eur\u0173 i\u0161mok\u0105 u\u017e nauj\u0105 elektromobil\u012f j\u012f \u012fsigijusiems fiziniams asmenims. Taip pat verta pamin\u0117ti, kad elektromobilis didmiestyje turi \u012fvair\u0173 privilegij\u0173: gali va\u017eiuoti A+ juosta, gali nemokamai parkuotis, o jei turite saul\u0117s elektrin\u0119 arba kraunat\u0117s nemokamose \u012fkrovimo stotel\u0117se, tokiu atveju galite prakti\u0161kai va\u017ein\u0117ti u\u017e dyk\u0105.\u00a0\u00a0<\/span><\/p>\n<h3><b>\u012e k\u0105 reikia atsi\u017evelgti perkant elektromobil\u012f?<\/b><\/h3>\n<p><span style=\"font-weight: 400;\">Yra keturi pagrindiniai faktoriai \u012f kuriuos verta atsi\u017evelgti \u012fsigyjant elektromobil\u012f:<\/span><\/p>\n<ul>\n<li style=\"font-weight: 400;\" aria-level=\"1\"><span style=\"font-weight: 400;\"><strong><em>Baterijos talpa<\/em><\/strong> &#8211; ji yra taip pat svarbi kaip ir bako talpa vidaus degimo varikliu varomiems automobiliams. Baterijos talpa yra matuojama kilovatvaland\u0117mis (kWh). Kuo didesn\u0117 baterijos talpa, tuo ma\u017eiau savo laiko gai\u0161ite planuoti ir krauti savo elektromobil\u012f.<\/span><\/li>\n<li style=\"font-weight: 400;\" aria-level=\"1\"><span style=\"font-weight: 400;\"><em><strong>Autonomi\u0161kumas<\/strong><\/em> &#8211; priklauso nuo baterijos talpos, variklio efektyvumo. Naudojamos dvi sistemos nuva\u017eiuojamo atstumo lyginimui &#8211; NEDC ir WTLP. Tai yra du labiausiai paplit\u0119 standartai nuva\u017eiuojamo atstumo \u012fvertinimui. Lyginant atskirus automobilius svarbu \u017einoti pagal kur\u012f standart\u0105 matuojamas nuva\u017eiuojamas atstumas, tam kad gal\u0117tum\u0117te teisingai palyginti skirtingus elektromobilius. Atstumas, kiek elektormoblis gal\u0117s nuva\u017eiuoti, priklauso nuo galyb\u0117s faktori\u0173: vairavimo stiliaus, variklio efektyvumo, eismo s\u0105lyg\u0173, lauko temperat\u016bros, klimato kontrol\u0117s naudojimo automobilio salone ir kt. NEDC ir WTLP standartai u\u017etikrina kad gamintojai nuva\u017eiuojam\u0105 atstum\u0105 \u012fvertintu vienodomis s\u0105lygomis ir neklaidint\u0173 pirk\u0117j\u0173 netiksliais duomenimis.<\/span><\/li>\n<li style=\"font-weight: 400;\" aria-level=\"1\"><span style=\"font-weight: 400;\"><em><strong>Did\u017eiausia palaikoma greito (DC) krovimo galia.<\/strong> <\/em>Nuo to priklauso kiek ilgai vairuotojui teks laukti kol pasipildys baterija. Tai ypa\u010d svarbu keliaujantiems ilgus atstumus. Senesni elektromobiliai palaiko 50kW DC krovimo galia, tuo tarpu nauji elektromobiliai gali krautis jau apie 250kW galia. Kraunant 250kW galia 100 km atstumui nuva\u017eiuoti reikiama energija papildysite per 5 minutes.\u00a0<\/span><\/li>\n<li style=\"font-weight: 400;\" aria-level=\"1\"><span style=\"font-weight: 400;\"><strong><em>DC krovimo grei\u010dio kreiv\u0117.<\/em> <\/strong>Ji yra svarbi, nes papild\u017eius baterij\u0105 40-50% krovimo greitis smarkiai suma\u017e\u0117s. Skirtingu gamintoj\u0173 elektromobili\u0173 krovimo grei\u010dio galia ir kreiv\u0117s skiriasi. Tai svarbu \u012fsivertinti, nes nuo to priklausys kiek daug laiko praleisite elektrodegalin\u0117se pildydami savo elektromobilio baterij\u0105. Grafike \u017eemiau galite matyti kaip skiriasi skirting\u0173 elektromobili\u0173 modeli\u0173 krovimo grei\u010dio maksimumus ir kitimo kreiv\u0119 baterijai pildantis:<\/span><\/li>\n<\/ul>\n<figure id=\"attachment_7887\" aria-describedby=\"caption-attachment-7887\" style=\"width: 711px\" class=\"wp-caption alignnone\"><img decoding=\"async\" class=\"wp-image-7887 size-medium\" src=\"https:\/\/chargingshop.eu\/wp-content\/uploads\/2022\/08\/WhatsApp-Image-2022-08-09-at-15.42.44-711x400.jpeg\" alt=\"Krovimo grei\u010dio kitimo kreiv\u0117\" width=\"711\" height=\"400\" srcset=\"https:\/\/chargingshop.eu\/wp-content\/uploads\/2022\/08\/WhatsApp-Image-2022-08-09-at-15.42.44-711x400.jpeg 711w, https:\/\/chargingshop.eu\/wp-content\/uploads\/2022\/08\/WhatsApp-Image-2022-08-09-at-15.42.44-768x432.jpeg 768w, https:\/\/chargingshop.eu\/wp-content\/uploads\/2022\/08\/WhatsApp-Image-2022-08-09-at-15.42.44-510x287.jpeg 510w, https:\/\/chargingshop.eu\/wp-content\/uploads\/2022\/08\/WhatsApp-Image-2022-08-09-at-15.42.44.jpeg 1280w\" sizes=\"(max-width: 711px) 100vw, 711px\" \/><figcaption id=\"caption-attachment-7887\" class=\"wp-caption-text\">Skirting\u0173 elektromobili\u0173 krovimo grei\u010di\u0173 kitimo kreiv\u0117s<\/figcaption><\/figure>\n<p><b style=\"font-size: 20.16px;\">Ar brangu i\u0161laikyti elektomobil\u012f?<\/b><\/p>\n<p style=\"text-align: left;\"><span style=\"font-weight: 400;\">Elektromobil\u012f i\u0161laikyti kainuoja pigiau nei vidaus degimo varikliu varom\u0105 automobil\u012f. Jis turi gerokai ma\u017eiau judan\u010di\u0173 dali\u0173 kurios gali susd\u0117v\u0117ti pvz. da\u017eniausiai neturi grei\u010di\u0173 d\u0117\u017e\u0117s, sankabos, jam nereikia keiti tepal\u0173 ir tt. D\u0117l to jie pasidaro papras\u010diau ir pigiau i\u0161laikomi. Stabd\u017ei\u0173 kalad\u0117l\u0117s taip pat greitai nesusidev\u0117s d\u0117l naudojamos regeneracijo sistemos stabdant, Da\u017enas elektromobilis nesud\u0117vi stabd\u017ei\u0173 kalad\u0117li\u0173 nuva\u017eiavus net 150 &#8211; 200 t\u016bkstan\u010di\u0173 kilometr\u0173.<\/span><\/p>\n<figure id=\"attachment_7875\" aria-describedby=\"caption-attachment-7875\" style=\"width: 640px\" class=\"wp-caption alignnone\"><img decoding=\"async\" class=\"wp-image-7875 size-medium\" src=\"https:\/\/chargingshop.eu\/wp-content\/uploads\/2022\/08\/car-6943487_1920-640x400.jpg\" alt=\"Elektromoblis\" width=\"640\" height=\"400\" srcset=\"https:\/\/chargingshop.eu\/wp-content\/uploads\/2022\/08\/car-6943487_1920-640x400.jpg 640w, https:\/\/chargingshop.eu\/wp-content\/uploads\/2022\/08\/car-6943487_1920-1280x800.jpg 1280w, https:\/\/chargingshop.eu\/wp-content\/uploads\/2022\/08\/car-6943487_1920-768x480.jpg 768w, https:\/\/chargingshop.eu\/wp-content\/uploads\/2022\/08\/car-6943487_1920-1536x960.jpg 1536w, https:\/\/chargingshop.eu\/wp-content\/uploads\/2022\/08\/car-6943487_1920-510x319.jpg 510w, https:\/\/chargingshop.eu\/wp-content\/uploads\/2022\/08\/car-6943487_1920.jpg 1920w\" sizes=\"(max-width: 640px) 100vw, 640px\" \/><figcaption id=\"caption-attachment-7875\" class=\"wp-caption-text\">Elektromobilio \u012fkrovimas<\/figcaption><\/figure>\n<h3><b>Ar elekromobiliai ter\u0161ia aplink\u0105?<\/b><\/h3>\n<p><span style=\"font-weight: 400;\">\u0160iandien, elektromobiliai jau yra labiau aplinkai draugi\u0161kesni nei j\u0173 alternatyvos esan\u010dios rinkoje, kai kalbama apie CO2 ir kit\u0173 ter\u0161al\u0173 &#8211;\u00a0 azoto oksido ir smulki\u0173j\u0173 kiet\u0173j\u0173 daleli\u0173 i\u0161metim\u0105 va\u017eiuojant.\u00a0<\/span><\/p>\n<p><span style=\"font-weight: 400;\">I\u0161 esm\u0117s elektros energijos gamyba po truput\u012f tampa vis \u0161varesn\u0117, o besibaigiant \u0161iam per\u0117jimo laikotarpiui galime tik\u0117tis, kad tai taps realyb\u0117 apie 2050 metus. Tokiu atveju elektromobliai taps visi\u0161kai netar\u0161\u016bs.<\/span><\/p>\n<p><span style=\"font-weight: 400;\">Be to miestuose prad\u0117jus dar labiau va\u017ein\u0117ti elektromobiliais oro ir triuk\u0161mo tar\u0161a spar\u010diai suma\u017e\u0117s, o tai tur\u0117s teigiam\u0105 poveik\u012f \u017emoni\u0173 sveikatai ir visuomen\u0117s gyvenimo kokybei.\u00a0<\/span><\/p>\n<p><span style=\"font-weight: 400;\">Prie\u0161 \u012fsigijant elektromobil\u012f verta pagalvoti apie jo \u012fkrovim\u0105. Kad jis b\u016btu stabilus, saugus ir patikimas rinkit\u0117s<\/span><a href=\"https:\/\/chargingshop.eu\/lt\/shop\/\"><span style=\"font-weight: 400;\"> \u012fkrovimo stotel\u0119<\/span><\/a><span style=\"font-weight: 400;\">. Jei negalite i\u0161sirinkti arba turite papildom\u0173 klausim\u0173 &#8211; susiekite su mumis <\/span><a href=\"mailto:sales@chargingshop.eu\"><span style=\"font-weight: 400;\">sales@chargingshop.eu<\/span><\/a><span style=\"font-weight: 400;\">.\u00a0<\/span><\/p>\n","protected":false},"excerpt":{"rendered":"<p>Elektromobiliai &#8211; kaip j\u012f i\u0161sirinkti? Privalumai, pasirinkusiems vairuoti elektromobl\u012f Lietuvoje yra ne tik finansiniai, bet ir praktiniai. Lietuvos vyriausyb\u0117 kartu su Europos S\u0105junga si\u016blo 2500 eur\u0173 i\u0161mok\u0105 u\u017e \u012fsigyt\u0105 naudot\u0105 ir 5000 eur\u0173 i\u0161mok\u0105 u\u017e nauj\u0105 elektromobil\u012f j\u012f \u012fsigijusiems fiziniams asmenims. Taip pat verta pamin\u0117ti, kad elektromobilis didmiestyje turi \u012fvair\u0173 privilegij\u0173: gali va\u017eiuoti A+ juosta, [&#8230;]\n","protected":false},"author":2525,"featured_media":0,"parent":0,"menu_order":0,"comment_status":"closed","ping_status":"closed","template":"","meta":{"footnotes":""},"class_list":["post-7900","page","type-page","status-publish","hentry"],"_links":{"self":[{"href":"https:\/\/chargingshop.eu\/lt\/wp-json\/wp\/v2\/pages\/7900","targetHints":{"allow":["GET"]}}],"collection":[{"href":"https:\/\/chargingshop.eu\/lt\/wp-json\/wp\/v2\/pages"}],"about":[{"href":"https:\/\/chargingshop.eu\/lt\/wp-json\/wp\/v2\/types\/page"}],"author":[{"embeddable":true,"href":"https:\/\/chargingshop.eu\/lt\/wp-json\/wp\/v2\/users\/2525"}],"replies":[{"embeddable":true,"href":"https:\/\/chargingshop.eu\/lt\/wp-json\/wp\/v2\/comments?post=7900"}],"version-history":[{"count":0,"href":"https:\/\/chargingshop.eu\/lt\/wp-json\/wp\/v2\/pages\/7900\/revisions"}],"wp:attachment":[{"href":"https:\/\/chargingshop.eu\/lt\/wp-json\/wp\/v2\/media?parent=7900"}],"curies":[{"name":"wp","href":"https:\/\/api.w.org\/{rel}","templated":true}]}}