{"id":7809,"date":"2022-08-01T11:29:43","date_gmt":"2022-08-01T11:29:43","guid":{"rendered":"https:\/\/chargingshop.eu\/?page_id=7809"},"modified":"2025-06-22T03:36:14","modified_gmt":"2025-06-22T03:36:14","slug":"elektromobiliu-ikrovimo-stoteles-namams-ar-jos-visos-vienodos","status":"publish","type":"page","link":"https:\/\/chargingshop.eu\/lt\/elektromobiliu-ikrovimo-stoteles-namams-ar-jos-visos-vienodos\/","title":{"rendered":"Elektromobili\u0173 \u012fkrovimo stotel\u0117s namams: ar jos visos vienodos?"},"content":{"rendered":"<h1><span style=\"font-weight: 400;\">Elektromobili\u0173 \u012fkrovimo stotel\u0117s namams: ar jos visos vienodos?<\/span><\/h1>\n<p><span style=\"font-weight: 400;\">\u012esigijus savo pirm\u0105j\u012f elektromobl\u012f da\u017enai kyla klausimas kaip ir kur j\u012f \u012fkrauti? \u017dinoma j\u012f kol kas galima krauti mieste, ypa\u010d kol jis vis dar kai kur yra nemokamas. Ta\u010diau jei svarstote apie \u012fkrovimo infrastrukt\u016bros \u012fsirengim\u0105 namuose Jums verta su\u017einoti kokias stoteles galite \u012fsigyti. Tai ypa\u010d svarbu pastaruoju metu nes j\u0173 pasi\u016bla stipriai i\u0161augo.<\/span><\/p>\n<h2><span style=\"font-weight: 400;\">Paprastos \u012fkrovimo stotel\u0117s<\/span><\/h2>\n<p><span style=\"font-weight: 400;\">Kaip galima suprasti i\u0161 pa\u010dio stotel\u0117s pavadinimo jos da\u017eniausiai atlieka vienintel\u0119 funkcij\u0105 &#8211; \u012fkrovim\u0105 ir \u012ftamp\u0173 apsaug\u0105. Toki\u0105 <\/span><a href=\"https:\/\/chargingshop.eu\/lt\/product\/green-cell-wallbox-22kw-with-type-2-cable\/\"><span style=\"font-weight: 400;\">stotel\u0119<\/span><\/a><span style=\"font-weight: 400;\"> verta rinktis jei elektra yra perkama vienu tarifu dien\u0105 ir nakt\u012f, stotel\u0117s negalima valdyti nuotoliniu b\u016bdu per i\u0161man\u0173j\u012f telefon\u0105.\u00a0\u00a0<\/span><\/p>\n<figure id=\"attachment_7812\" aria-describedby=\"caption-attachment-7812\" style=\"width: 508px\" class=\"wp-caption alignnone\"><img decoding=\"async\" class=\"wp-image-7812 size-full\" src=\"https:\/\/chargingshop.eu\/wp-content\/uploads\/2022\/08\/AD6528F125F02B64C12582540059E178_80f535f6-efd3-4a06-8e0e-527c3ec57f94_AC_wallbox_keyvisual_ABB.jpg\" alt=\"\u012ekrovimas namie\" width=\"508\" height=\"390\" \/><figcaption id=\"caption-attachment-7812\" class=\"wp-caption-text\">Elektromobilio \u012fkrovimas<\/figcaption><\/figure>\n<h3><span style=\"font-weight: 400;\">I\u0161mani\u0173 \u012fkrovimo stoteli\u0173 funkcijos<\/span><\/h3>\n<p><span style=\"font-weight: 400;\">Tokio tipo stotel\u0117 atlieka ne tik \u012fkrovimo ir apsaugos funkcij\u0105, bet turi daugyb\u0119 kit\u0173 nauding\u0173 privalum\u0173. Jos valdomos mobiliosiomis program\u0117lemis kuri\u0173 pagalba galima:<\/span><\/p>\n<ul>\n<li style=\"font-weight: 400;\" aria-level=\"1\">\n<h3><span style=\"font-weight: 400;\">\u00a0Nustatyti \u012fkrovimo grafikus\u00a0<\/span><\/h3>\n<\/li>\n<\/ul>\n<p><span style=\"font-weight: 400;\">Tai labai geras funkcionalumas perkant elektr\u0105 dviem tarifais &#8211; dieniniu ir naktiniu, nes galima pasirinkti kada norime krauti elektromobil\u012f ir taip sutaupyti. Skirtingai nuo paprastos \u012fkrovimo stotel\u0117s, kuri pradeda krauti vos tik prijungta prie elektromobilio, tokio tipo <\/span><a href=\"https:\/\/chargingshop.eu\/lt\/?product_cat=&amp;s=abb&amp;post_type=product&amp;lang=ltrija\/wallbox-ikrovimo-stoteles-lt\/\"><span style=\"font-weight: 400;\">stotel\u0117<\/span><\/a><span style=\"font-weight: 400;\"> tai daryti pradeda tik nustatytu laiku. Ji, nors ir brangesn\u0117, ilguoju periodu pad\u0117s sutaupyti: pvz. kraunat naktiniu tarifu kuris yra pigesnis &#8211; sutaupysite 200-400eur \/ metus elektros s\u0105skaitai.<\/span><\/p>\n<ul>\n<li style=\"font-weight: 400;\" aria-level=\"1\">\n<h3><span style=\"font-weight: 400;\">Dinamini\u0161kai balansuoti panaudojam\u0105 gali\u0105<\/span><\/h3>\n<\/li>\n<\/ul>\n<p><span style=\"font-weight: 400;\">Dinaminis galios balansavimas yra reikalingas jei name neu\u017etenka esamos laisvos galios \u012fsirengti stotel\u0119 arba reikia \u012frengti kelias stoteles. Tokiu atveju yra montuojamas <\/span><a href=\"https:\/\/chargingshop.eu\/lt\/produktas\/abb-b23-112-100\/\"><span style=\"font-weight: 400;\">dinaminis galios valdiklis<\/span><\/a><span style=\"font-weight: 400;\"> &#8211; SmartMeter, kuris perduoda momentinio suvartojimo informacij\u0105 apie galios panaudojim\u0105 bendrame tinkle tiesiai \u012f stotel\u0119. Tai apsaugos jus nuo per didelio momentinio energijos sunaudojimo ir\u00a0 \u2018i\u0161mu\u0161t\u0173 elektros kam\u0161\u010di\u0173\u2019. Tai ypa\u010d aktualu, namuose kur naudojami \u0161ildymo siurbliai, elektrin\u0117s pirtys, \u0161ildytuvai ir namuose kur tiesiog ma\u017ea elektros \u012fvado galia.\u00a0<\/span><\/p>\n<ul>\n<li style=\"font-weight: 400;\" aria-level=\"1\">\n<h3><span style=\"font-weight: 400;\">Krovimo statistika ir RFID<\/span><\/h3>\n<\/li>\n<\/ul>\n<p><span style=\"font-weight: 400;\">Vienas papildom\u0173 ir patogi\u0173 funkcionalum\u0173 &#8211; krovimosi statistika. Naudodami App arba web aplikacij\u0105, J\u016bs gal\u0117site matyti vis\u0105 savo ar kit\u0173 naudotoj\u0173 statistik\u0105. T.y. matysite kiek sunaudojate elektros pats, arba jei stotele dalinat\u0117s tarkime su kaimynu gal\u0117site atskirti savo ir kaimyno s\u0105naudas. Autorizacija galima arba su App arba RFID raktu (jei stotel\u0117 turi \u0161\u012f funkcionalum\u0105). Kai kurie modeliai leid\u017eia sukurti vartotojui kredit\u0105, tokiu b\u016bdu J\u016bs galite apriboti vieno ar kito vartotojo galim\u0105 sunaudoti energijos kiek\u012f. Labai aktualu daugiabu\u010diams ar vie\u0161bu\u010diams.\u00a0<\/span><\/p>\n<p>&nbsp;<\/p>\n<p><span style=\"font-weight: 400;\">Turite klausim\u0173 d\u0117l stotel\u0117s \u012fsigyjimo ir \u012frengimo? Susiekite su mumis! Ra\u0161ykite mums <\/span><a href=\"mailto:sales@chargingshop.eu\"><span style=\"font-weight: 400;\">sales@chargingshop.eu<\/span><\/a><\/p>\n<p>&nbsp;<\/p>\n","protected":false},"excerpt":{"rendered":"<p>Elektromobili\u0173 \u012fkrovimo stotel\u0117s namams: ar jos visos vienodos? \u012esigijus savo pirm\u0105j\u012f elektromobl\u012f da\u017enai kyla klausimas kaip ir kur j\u012f \u012fkrauti? \u017dinoma j\u012f kol kas galima krauti mieste, ypa\u010d kol jis vis dar kai kur yra nemokamas. Ta\u010diau jei svarstote apie \u012fkrovimo infrastrukt\u016bros \u012fsirengim\u0105 namuose Jums verta su\u017einoti kokias stoteles galite \u012fsigyti. Tai ypa\u010d svarbu pastaruoju [&#8230;]\n","protected":false},"author":2525,"featured_media":0,"parent":0,"menu_order":0,"comment_status":"closed","ping_status":"closed","template":"","meta":{"footnotes":""},"class_list":["post-7809","page","type-page","status-publish","hentry"],"_links":{"self":[{"href":"https:\/\/chargingshop.eu\/lt\/wp-json\/wp\/v2\/pages\/7809","targetHints":{"allow":["GET"]}}],"collection":[{"href":"https:\/\/chargingshop.eu\/lt\/wp-json\/wp\/v2\/pages"}],"about":[{"href":"https:\/\/chargingshop.eu\/lt\/wp-json\/wp\/v2\/types\/page"}],"author":[{"embeddable":true,"href":"https:\/\/chargingshop.eu\/lt\/wp-json\/wp\/v2\/users\/2525"}],"replies":[{"embeddable":true,"href":"https:\/\/chargingshop.eu\/lt\/wp-json\/wp\/v2\/comments?post=7809"}],"version-history":[{"count":0,"href":"https:\/\/chargingshop.eu\/lt\/wp-json\/wp\/v2\/pages\/7809\/revisions"}],"wp:attachment":[{"href":"https:\/\/chargingshop.eu\/lt\/wp-json\/wp\/v2\/media?parent=7809"}],"curies":[{"name":"wp","href":"https:\/\/api.w.org\/{rel}","templated":true}]}}