{"id":7416,"date":"2022-05-10T16:22:20","date_gmt":"2022-05-10T16:22:20","guid":{"rendered":"https:\/\/chargingshop.eu\/?page_id=7416"},"modified":"2022-05-10T20:27:39","modified_gmt":"2022-05-10T20:27:39","slug":"esg-tikslu-igyvendinimas-sukuriant-ev-ikrovimo-galimybe-pastatuose","status":"publish","type":"page","link":"https:\/\/chargingshop.eu\/lt\/ziniu-centras\/esg-tikslu-igyvendinimas-sukuriant-ev-ikrovimo-galimybe-pastatuose\/","title":{"rendered":"ESG ir pastat\u0173 valdymas sukuriant EV \u012fkrovimo ta\u0161kus pastatuose"},"content":{"rendered":"<p><strong>ESG tiksl\u0173 \u012fgyvendinimas sukuriant EV \u012fkrovimo galimyb\u0119 pastatuose<\/strong><\/p>\n<p>Komercinio nekilnojamojo turto nuomininkai ir savininkai pastaraisiais metais labai domisi aplinkos apsaugos, socialin\u0117s atsakomyb\u0117s ir valdysenos (angl. Environmental, Social and Governance arba ESG) id\u0117jomis. Naujausios apklausos rodo, kad beveik 60\u201370 % komercinio nekilnojamojo turto savinink\u0173 i\u0161sik\u0117l\u0117 sau ESG tikslus, ir tikimasi, kad \u0161is skai\u010dius did\u0117s, atsi\u017evelgiant \u012f ES komisijos si\u016blym\u0105 iki 2030 m. visam naujam nekilnojamajam turtui pasiekti nulin\u0117s emisijos rib\u0105. Nors kai kurie pastatai pasieks nulin\u0119 emisij\u0105 jau 2027 m. 2021 EU komisija pasi\u016bl\u0117 pataisas \u012fmoni\u0173 socialin\u0117s atsakomyb\u0117s ir atskaitomyb\u0117s direktyv\u0105 <a href=\"https:\/\/www.inhouselawyer.co.uk\/legal-briefing\/sustainable-construction-and-esg-reporting-in-the-commercial-real-estate-sector-in-poland\/\" target=\"_blank\" rel=\"noopener\">(Corporate Sustainability Reporting Directive (CSR Directive) 2014\/95\/EU<\/a><\/p>\n<figure id=\"attachment_7428\" aria-describedby=\"caption-attachment-7428\" style=\"width: 600px\" class=\"wp-caption alignnone\"><img decoding=\"async\" src=\"https:\/\/chargingshop.eu\/wp-content\/uploads\/2022\/05\/underground-parking-612x612-1-600x400.jpeg\" alt=\"\" width=\"600\" height=\"400\" class=\"size-medium wp-image-7428\" srcset=\"https:\/\/chargingshop.eu\/wp-content\/uploads\/2022\/05\/underground-parking-612x612-1-600x400.jpeg 600w, https:\/\/chargingshop.eu\/wp-content\/uploads\/2022\/05\/underground-parking-612x612-1-510x340.jpeg 510w, https:\/\/chargingshop.eu\/wp-content\/uploads\/2022\/05\/underground-parking-612x612-1.jpeg 612w\" sizes=\"(max-width: 600px) 100vw, 600px\" \/><figcaption id=\"caption-attachment-7428\" class=\"wp-caption-text\">ESG ir pastat\u0173 valdymas sukuriant EV \u012fkrovimo ta\u0161kus pastatuose.<\/figcaption><\/figure>\n<p>\u0160is naujas reikalavimas i\u0161 esm\u0117s rei\u0161kia, kad pastatai turi vartoti energij\u0105 tikslingai, j\u0105 gauti i\u0161 atsinaujinan\u010di\u0173 energijos \u0161altini\u0173, kiek \u012fmanoma, ma\u017eiau skleisti anglies dvideginio, naudojant i\u0161kastin\u012f kur\u0105, ir turiniu rodyti savo ekologin\u0119 klas\u0119, pagr\u012fst\u0105 Energetinio naudingumo sertfikatu (angl. Energy Performance Certificate).<\/p>\n<p>Vienas i\u0161 b\u016bd\u0173, kaip pasiekti ESG tikslus komercinio ir privataus nekilnojamojo turto savininkams \u2013 \u012frengti elektromobili\u0173 \u012fkrovimo stoteles. Taip jie \u017eymiai prisd\u0117s prie i\u0161kastiniu kuru varom\u0173 automobili\u0173 anglies dvideginio emisijos ma\u017einimo ir skatins \u017emones naudoti modernias atsinaujina\u010dios energijos technologijas.<\/p>\n<p><strong>I\u0161maniojo EV \u012fkrovimo nauda komerciniam nekilnojamam turtui<\/strong><\/p>\n<p><a href=\"https:\/\/chargingshop.eu\/lt\/produkto-kategorija\/wallbox-ikrovimo-stoteles-lt\/\">I\u0161mani\u0173j\u0173 elektromobili\u0173 \u012fkrovimo stoteli\u0173<\/a> \u012frengimas \u0161alia pastato turi daug privalum\u0173 turto savininkams.<\/p>\n<p>\u2022 Konkurencinis prana\u0161umas<\/p>\n<p>Ateinan\u010diais metais vis labiau bus pereinama nuo i\u0161kastiniu kuru varom\u0173 transporto priemoni\u0173 prie elektromobili\u0173. \u012emon\u0117s, kurios jau naudos \u012fkrovimo stoteles, gal\u0117s grei\u010diau ir lengviau teikti toki\u0105 paslaug\u0105, \u012fgydamos prana\u0161um\u0105 prie\u0161 kitus konkurentus.<\/p>\n<p>\u2022 Daugiabu\u010diai<\/p>\n<p>Tokio tipo pastatuose \u012frengti \u012fkrovimo stoteles gali b\u016bti sud\u0117tinga, ta\u010diau j\u0173 \u012frengimas gali padidinti pastato vert\u0119. Elektromobili\u0173 vairuotojai nor\u0117tu savo transporto priemones krautis namuose, taip sutaupydami ir laiko ir pinig\u0173.<\/p>\n<p>\u2022 Biurai ir komercin\u0117s paskirties objektai<\/p>\n<p>\u012ekrovimo stoteli\u0173 \u012frengimas tokiose vietose ne tik padidina turto vert\u0119, bet ir skatina darbuotojus tapti ekologi\u0161kais. Tai leid\u017eia jiems lengviau \u012fkrauti savo elektromobilius esant darbe. Prieiga prie \u012fkrovimo stoteli\u0173 gali b\u016bti nemokama, \u017einoma tai priklauso nuo \u012fmon\u0117s nuostat\u0173.<\/p>\n<p>\u2022 Vie\u0161bu\u010diai ir poilsio kompleksai<\/p>\n<p>Galimyb\u0117 \u012fkrauti elektromobil\u012f gali b\u016bti vienas i\u0161 lemiam\u0173 faktori\u0173 renkantis poilsio viet\u0105 tokios transporto priemon\u0117s savininkui. Tai taip gali b\u016bti naudinga ir pa\u010dios poilsiaviet\u0117s savinikui ir generuoti papildomas pajamas.<\/p>\n<p>\u2022 ESG ir pastat\u0173 valdymas, tiksl\u0173 \u012fgyvendinimas<\/p>\n<p>Vietos komunalini\u0173 paslaug\u0173 \u012fmon\u0117s gali naudoti elektromobili\u0173 \u012fkrovimo stoteles, kad pad\u0117t\u0173 joms grei\u010diau ir lengviau pasiekti i\u0161metamo anglies dvideginio tikslus. Daugelis \u012fmoni\u0173 prad\u0117jo \u012ftraukti elektromobili\u0173 \u012fkrovimo stoteles \u012f savo vie\u0161uosius ESG tikslus, nes jos yra veiksmingiausias b\u016bdas pasiekti dekarbonizacijos tiksl\u0105.<\/p>\n<p><strong>I\u0161maniojo EV teikiami prana\u0161umai komercin\u0117ms patalpoms<br \/>\n<\/strong><\/p>\n<p>Komercinio nekilnojamojo turto valdytoj\u0173 \u012fmon\u0117s nori lanks\u010dios ir pritaikomos \u012fkrovimo infrastrukt\u016bros, kad gal\u0117t\u0173 pasinaudoti elektromobili\u0173 \u012fkrovimo galimyb\u0117s sukuriama verte. I\u0161mani\u0173j\u0173 \u012fkrovimo sistem\u0173 k\u016br\u0117jai kaip <strong>\u201cCHRG Network\u201d<\/strong> suteikia valdytojams galimyb\u0119 realiuoju laiku su\u017einoti, kaip veikia j\u0173 valdomos \u012fkrovimo stotel\u0117s, statistik\u0105 apie j\u0173 veikim\u0105 ir galimyb\u0119 reguliuoti \u012fkrovimo greit\u012f bei apriboti bendr\u0105 energijos suvartojim\u0105. Tai atveria naujus pajam\u0173 srautus nekilnojamo turto valdytojams.<\/p>\n<p><img decoding=\"async\" class=\"alignnone size-medium wp-image-7398\" src=\"https:\/\/chargingshop.eu\/wp-content\/uploads\/2022\/05\/michael-fousert-YhXlYJYlr3c-unsplash-600x400.jpg\" alt=\"\" width=\"600\" height=\"400\" srcset=\"https:\/\/chargingshop.eu\/wp-content\/uploads\/2022\/05\/michael-fousert-YhXlYJYlr3c-unsplash-600x400.jpg 600w, https:\/\/chargingshop.eu\/wp-content\/uploads\/2022\/05\/michael-fousert-YhXlYJYlr3c-unsplash-1199x800.jpg 1199w, https:\/\/chargingshop.eu\/wp-content\/uploads\/2022\/05\/michael-fousert-YhXlYJYlr3c-unsplash-768x512.jpg 768w, https:\/\/chargingshop.eu\/wp-content\/uploads\/2022\/05\/michael-fousert-YhXlYJYlr3c-unsplash-1536x1025.jpg 1536w, https:\/\/chargingshop.eu\/wp-content\/uploads\/2022\/05\/michael-fousert-YhXlYJYlr3c-unsplash-2048x1366.jpg 2048w, https:\/\/chargingshop.eu\/wp-content\/uploads\/2022\/05\/michael-fousert-YhXlYJYlr3c-unsplash-510x340.jpg 510w\" sizes=\"(max-width: 600px) 100vw, 600px\" \/><\/p>\n<p><strong>Modernizacija vs. nauji pastatai<\/strong><\/p>\n<p>Dauguma i\u0161mani\u0173j\u0173 elektromobili\u0173 \u012fkrovimo stoteli\u0173 bus montuojamos jau esamuose pastatuose, kur vis dar yra galimybi\u0173 tai atlikti pigiai. Nekilnojamasis turtas, \u012f kur\u012f gali b\u016bti integruota EV \u012fkrovimo \u012franga naujai vystomam NT, leis pasiekti daugiausia naudos u\u017e ma\u017eiausi\u0105 kain\u0105.<\/p>\n<p>Elektromobili\u0173 stoteli\u0173 \u012fdiegimas \u012f pirmin\u012f pastato projekt\u0105 yra ekonomi\u0161kesnis ir reikalauja ma\u017eiau darbo: nereikia griauti esam\u0173 konstrukcij\u0173, sutaupoma laiko ir pinig\u0173. Remiantis NT vystytoj\u0173 apklausomis, integruoti elektromobili\u0173 stoteles \u012f naujai statom\u0105 pastat\u0105 yra ma\u017edaug 75 % pigiau nei \u012f jau pastatyt\u0105.<\/p>\n<p><strong>I\u0161vada<\/strong><\/p>\n<p>I\u0161maniosios elektromobili\u0173 \u012fkrovimo stotel\u0117s yra ne tik ateitis, bet ir \u017eingsnis \u012f priek\u012f kuriant ekologi\u0161kesn\u0119 ir saugesn\u0119 aplink\u0105. \u0160is sprendimas padidins nekilnojamojo turto, kuriame jie \u012frengti, vert\u0119, tod\u0117l tai gali b\u016bti laikoma vertinga investicija.<\/p>\n","protected":false},"excerpt":{"rendered":"<p>ESG tiksl\u0173 \u012fgyvendinimas sukuriant EV \u012fkrovimo galimyb\u0119 pastatuose Komercinio nekilnojamojo turto nuomininkai ir savininkai pastaraisiais metais labai domisi aplinkos apsaugos, socialin\u0117s atsakomyb\u0117s ir valdysenos (angl. Environmental, Social and Governance arba ESG) id\u0117jomis. Naujausios apklausos rodo, kad beveik 60\u201370 % komercinio nekilnojamojo turto savinink\u0173 i\u0161sik\u0117l\u0117 sau ESG tikslus, ir tikimasi, kad \u0161is skai\u010dius did\u0117s, atsi\u017evelgiant \u012f [&#8230;]\n","protected":false},"author":2525,"featured_media":0,"parent":634,"menu_order":0,"comment_status":"closed","ping_status":"closed","template":"","meta":{"footnotes":""},"class_list":["post-7416","page","type-page","status-publish","hentry"],"_links":{"self":[{"href":"https:\/\/chargingshop.eu\/lt\/wp-json\/wp\/v2\/pages\/7416","targetHints":{"allow":["GET"]}}],"collection":[{"href":"https:\/\/chargingshop.eu\/lt\/wp-json\/wp\/v2\/pages"}],"about":[{"href":"https:\/\/chargingshop.eu\/lt\/wp-json\/wp\/v2\/types\/page"}],"author":[{"embeddable":true,"href":"https:\/\/chargingshop.eu\/lt\/wp-json\/wp\/v2\/users\/2525"}],"replies":[{"embeddable":true,"href":"https:\/\/chargingshop.eu\/lt\/wp-json\/wp\/v2\/comments?post=7416"}],"version-history":[{"count":0,"href":"https:\/\/chargingshop.eu\/lt\/wp-json\/wp\/v2\/pages\/7416\/revisions"}],"up":[{"embeddable":true,"href":"https:\/\/chargingshop.eu\/lt\/wp-json\/wp\/v2\/pages\/634"}],"wp:attachment":[{"href":"https:\/\/chargingshop.eu\/lt\/wp-json\/wp\/v2\/media?parent=7416"}],"curies":[{"name":"wp","href":"https:\/\/api.w.org\/{rel}","templated":true}]}}