{"id":690,"date":"2013-08-11T19:22:53","date_gmt":"2013-08-11T19:22:53","guid":{"rendered":"https:\/\/chargingshop.eu\/pages\/contact\/"},"modified":"2024-01-05T08:48:14","modified_gmt":"2024-01-05T08:48:14","slug":"kontaktine-forma","status":"publish","type":"page","link":"https:\/\/chargingshop.eu\/lt\/pages\/kontaktine-forma\/","title":{"rendered":"Kontaktin\u0117 forma"},"content":{"rendered":"\n\t<script type=\"text\/javascript\">\n  jQuery( document ).ready(function() {\n    function initialize() {\n        var styles = {\n            'flatsome':  [{\n            \"featureType\": \"administrative\",\n            \"stylers\": [\n              { \"visibility\": \"on\" }\n            ]\n          },\n          {\n            \"featureType\": \"road\",\n            \"stylers\": [\n              { \"visibility\": \"on\" },\n              { \"hue\": \"\" }\n            ]\n          },\n          {\n            \"stylers\": [\n\t\t\t  { \"visibility\": \"on\" },\n\t\t\t  { \"hue\": \"\" },\n\t\t\t  { \"saturation\": -30 }\n            ]\n          }\n        ]};\n\n        var myLatlng = new google.maps.LatLng(40.79028, -73.95972);\n        var myOptions = {\n            zoom: 17,\n            center: myLatlng,\n            mapTypeId: google.maps.MapTypeId.ROADMAP,\n            disableDefaultUI: true,\n            mapTypeId: 'flatsome',\n            draggable: true,\n            zoomControl: false,\n            zoomControlOptions: {\n              position: google.maps.ControlPosition.TOP_LEFT\n            },\n      \t\t\t\/\/ panControl: false,\n            \/\/ panControlOptions: {\n            \/\/   position: google.maps.ControlPosition.TOP_LEFT\n            \/\/ },\n      \t\t\tmapTypeControl: false,\n            mapTypeControlOptions: {\n              position: google.maps.ControlPosition.TOP_LEFT\n            },\n      \t\t\t\/\/ scaleControl: false,\n            \/\/ scaleControlOptions: {\n            \/\/   position: google.maps.ControlPosition.TOP_LEFT\n            \/\/ },\n      \t\t\tstreetViewControl: false,\n            streetViewControlOptions: {\n              position: google.maps.ControlPosition.TOP_LEFT\n            },\n      \t\t\t\/\/ overviewMapControl: false,\n            \/\/ overviewMapControlOptions: {\n            \/\/   position: google.maps.ControlPosition.TOP_LEFT\n            \/\/ },\n            scrollwheel: false,\n            disableDoubleClickZoom: true\n        }\n        var map = new google.maps.Map(document.getElementById(\"map-1555110790-inner\"), myOptions);\n        var styledMapType = new google.maps.StyledMapType(styles['flatsome'], {name: 'flatsome'});\n        map.mapTypes.set('flatsome', styledMapType);\n\n        var marker = new google.maps.Marker({\n            position: myLatlng,\n            map: map,\n            title:\"\"\n        });\n    }\n\n    \/\/ Required to proceed\n    if (!(typeof google === 'object' && typeof google.maps === 'object')) {\n      return\n    }\n\n    initialize()\n    google.maps.event.addDomListener(window, 'resize', initialize);\n    });\n    <\/script>\n\n    <div class=\"google-map relative mb\" id=\"map-1555110790\">\n        <div class=\"map-height\" id=\"map-1555110790-inner\"><\/div>\n        <div id=\"map_overlay_top\"><\/div>\n        <div id=\"map_overlay_bottom\"><\/div>\n                  <div class=\"map_inner map-inner last-reset absolute x95 md-x95 lg-x95 y95 md-y95 lg-y95\">\n              \n<h3>\u017dalgirio 88-708, Vilnius, LT-09303, Lithuania<\/h3>\n<p>Tel: +370 647 74061<\/p>\n<p>We&#8217;re open Monday \u2013 Friday, 9\u00a0 \u2013 17:30\u00a0 EET (GMT +2)<\/p>\n         <\/div>\n       \n       \n<style>\n#map-1555110790 .map-inner {\n  background-color: #fff;\n  max-width: 30%;\n}\n#map-1555110790 .map-height {\n  height: 400px;\n}\n<\/style>\n    <\/div>\n\n\t\n<div class=\"row\"  id=\"row-784196410\">\n\n\t<div id=\"col-1834932964\" class=\"col medium-6 large-6\"  >\n\t\t\t\t<div class=\"col-inner\"  >\n\t\t\t\n\t\t\t\n<div class=\"container section-title-container\" ><h3 class=\"section-title section-title-normal\"><b><\/b><span class=\"section-title-main\" >Da\u017enai u\u017eduodami klausimai<\/span><b><\/b><\/h3><\/div>\n<p class=\"lead\">Please read our FAQ before sending us a message.<\/p>\n<div class=\"accordion\">\n<div id=\"accordion-1124140546\" class=\"accordion-item\"><a id=\"accordion-1124140546-label\" href=\"#\" class=\"accordion-title plain\" aria-expanded=\"false\" aria-controls=\"accordion-1124140546-content\"><button class=\"toggle\" aria-label=\"Toggle\"><i class=\"icon-angle-down\"><\/i><\/button><span>Kokios preki\u0173 pristatymo kainos?<\/span><\/a><div id=\"accordion-1124140546-content\" class=\"accordion-inner\" aria-labelledby=\"accordion-1124140546-label\">\n<p>Pristatymo mokes\u010diai priklauso nuo j\u016bs\u0173 pasirinkto produkto ir pristatymo vietos. Baltijos \u0161alyse (Lietuvoje, Latvijoje, Estijoje) pristatome nemokamai. D\u0117l kit\u0173 viet\u0173 \u017ei\u016br\u0117kite pristatymo kain\u0105, nurodyt\u0105 pirkimo metu.<\/p>\n<\/div><\/div>\n<div id=\"accordion-1436317830\" class=\"accordion-item\"><a id=\"accordion-1436317830-label\" href=\"#\" class=\"accordion-title plain\" aria-expanded=\"false\" aria-controls=\"accordion-1436317830-content\"><button class=\"toggle\" aria-label=\"Toggle\"><i class=\"icon-angle-down\"><\/i><\/button><span>Kurie mok\u0117jimo b\u016bdai yra naudojami internetin\u0117je parduotuv\u0117je?<\/span><\/a><div id=\"accordion-1436317830-content\" class=\"accordion-inner\" aria-labelledby=\"accordion-1436317830-label\">\n<p>Mok\u0117ti galite naudodamiesi Visa, Mastercard. Taip pat galite pasirinkti pavedim\u0105. Atlikdami pavedim\u0105, nurodykite u\u017esakymo numer\u012f. Taip pat gali prireikti \u0161iek tiek ilgiau apdoroti j\u016bs\u0173 u\u017esakym\u0105.<\/p>\n<\/div><\/div>\n<div id=\"accordion-2609649734\" class=\"accordion-item\"><a id=\"accordion-2609649734-label\" href=\"#\" class=\"accordion-title plain\" aria-expanded=\"false\" aria-controls=\"accordion-2609649734-content\"><button class=\"toggle\" aria-label=\"Toggle\"><i class=\"icon-angle-down\"><\/i><\/button><span>Kiek laiko u\u017etruks pristatymas?<\/span><\/a><div id=\"accordion-2609649734-content\" class=\"accordion-inner\" aria-labelledby=\"accordion-2609649734-label\">\n<p>Nor\u0117dami su\u017einoti apie pristatymo laik\u0105, patikrinkite informacij\u0105 kiekviename gaminio puslapyje, nes ji gali skirtis.<\/p>\n<\/div><\/div>\n<div id=\"accordion-2440259415\" class=\"accordion-item\"><a id=\"accordion-2440259415-label\" href=\"#\" class=\"accordion-title plain\" aria-expanded=\"false\" aria-controls=\"accordion-2440259415-content\"><button class=\"toggle\" aria-label=\"Toggle\"><i class=\"icon-angle-down\"><\/i><\/button><span>Ar saugu apsipirkti internetin\u0117je parduotuv\u0117je? Ar mano duomenys yra apsaugoti?<\/span><\/a><div id=\"accordion-2440259415-content\" class=\"accordion-inner\" aria-labelledby=\"accordion-2440259415-label\">\n<p>J\u016bs\u0173 duomenys yra apsaugoti. Daugiau informacijos m\u016bs\u0173 privatumo politikos apra\u0161yme.<\/p>\n<\/div><\/div>\n<div id=\"accordion-2811024180\" class=\"accordion-item\"><a id=\"accordion-2811024180-label\" href=\"#\" class=\"accordion-title plain\" aria-expanded=\"false\" aria-controls=\"accordion-2811024180-content\"><button class=\"toggle\" aria-label=\"Toggle\"><i class=\"icon-angle-down\"><\/i><\/button><span>Ar gausiu s\u0105skait\u0105 po u\u017esakymo?<\/span><\/a><div id=\"accordion-2811024180-content\" class=\"accordion-inner\" aria-labelledby=\"accordion-2811024180-label\">\n<p>J\u016bs gausite s\u0105skait\u0105 \u012f savo el. pa\u0161to d\u0117\u017eut\u0119 i\u0161kart po to kai bus i\u0161si\u0173stos J\u016bs\u0173 prek\u0117s.<\/p>\n<\/div><\/div>\n<\/div>\n\t\t<\/div>\n\t\t\t\t\t<\/div>\n\n\t\n\n\t<div id=\"col-1860021724\" class=\"col medium-6 large-6\"  >\n\t\t\t\t<div class=\"col-inner\"  >\n\t\t\t\n\t\t\t\n<div class=\"container section-title-container\" ><h3 class=\"section-title section-title-normal\"><b><\/b><span class=\"section-title-main\" >Para\u0161ykite mums el. pa\u0161tu<\/span><b><\/b><\/h3><\/div>\n\n<div class=\"wpcf7 no-js\" id=\"wpcf7-f40-o1\" lang=\"en-US\" dir=\"ltr\" data-wpcf7-id=\"40\">\n<div class=\"screen-reader-response\"><p role=\"status\" aria-live=\"polite\" aria-atomic=\"true\"><\/p> <ul><\/ul><\/div>\n<form action=\"\/lt\/wp-json\/wp\/v2\/pages\/690#wpcf7-f40-o1\" method=\"post\" class=\"wpcf7-form init\" aria-label=\"Contact form\" novalidate=\"novalidate\" data-status=\"init\">\n<fieldset class=\"hidden-fields-container\"><input type=\"hidden\" name=\"_wpcf7\" value=\"40\" \/><input type=\"hidden\" name=\"_wpcf7_version\" value=\"6.1.4\" \/><input type=\"hidden\" name=\"_wpcf7_locale\" value=\"en_US\" \/><input type=\"hidden\" name=\"_wpcf7_unit_tag\" value=\"wpcf7-f40-o1\" \/><input type=\"hidden\" name=\"_wpcf7_container_post\" value=\"0\" \/><input type=\"hidden\" name=\"_wpcf7_posted_data_hash\" value=\"\" \/>\n<\/fieldset>\n<p><label>Your Name (required)<\/label><br \/>\n<span class=\"wpcf7-form-control-wrap\" data-name=\"your-name\"><input size=\"40\" maxlength=\"400\" class=\"wpcf7-form-control wpcf7-text wpcf7-validates-as-required\" aria-required=\"true\" aria-invalid=\"false\" value=\"\" type=\"text\" name=\"your-name\" \/><\/span>\n<\/p>\n<p><label>Your Email (required)<\/label><br \/>\n<span class=\"wpcf7-form-control-wrap\" data-name=\"your-email\"><input size=\"40\" maxlength=\"400\" class=\"wpcf7-form-control wpcf7-email wpcf7-validates-as-required wpcf7-text wpcf7-validates-as-email\" aria-required=\"true\" aria-invalid=\"false\" value=\"\" type=\"email\" name=\"your-email\" \/><\/span>\n<\/p>\n<p><label>Your Message (required)<\/label><br \/>\n<span class=\"wpcf7-form-control-wrap\" data-name=\"your-message\"><textarea cols=\"40\" rows=\"10\" maxlength=\"2000\" class=\"wpcf7-form-control wpcf7-textarea\" aria-invalid=\"false\" name=\"your-message\"><\/textarea><\/span>\n<\/p>\n<p><div id=\"cf7sr-69e47fd4bc98d\" class=\"cf7sr-g-recaptcha\" data-theme=\"light\" data-type=\"image\" data-size=\"normal\" data-sitekey=\"6Lc3GBQcAAAAALPnTqHFSJCT3J3AcyvWjKiFVN5Y\"><\/div><span class=\"wpcf7-form-control-wrap cf7sr-recaptcha\" data-name=\"cf7sr-recaptcha\"><input type=\"hidden\" name=\"cf7sr-recaptcha\" value=\"\" class=\"wpcf7-form-control\"><\/span>\n<\/p>\n<p><input class=\"wpcf7-form-control wpcf7-submit has-spinner button\" type=\"submit\" value=\"Submit\" \/>\n<\/p><div class=\"wpcf7-response-output\" aria-hidden=\"true\"><\/div>\n<\/form>\n<\/div>\n\n<p>We will do our best to reply as soon as possible, but no later than 48 hours after inquiry.<\/p>\n\t\t<\/div>\n\t\t\t\t\t<\/div>\n\n\t\n<\/div>\n","protected":false},"excerpt":{"rendered":"","protected":false},"author":2525,"featured_media":0,"parent":627,"menu_order":0,"comment_status":"closed","ping_status":"closed","template":"page-blank.php","meta":{"footnotes":""},"class_list":["post-690","page","type-page","status-publish","hentry"],"_links":{"self":[{"href":"https:\/\/chargingshop.eu\/lt\/wp-json\/wp\/v2\/pages\/690","targetHints":{"allow":["GET"]}}],"collection":[{"href":"https:\/\/chargingshop.eu\/lt\/wp-json\/wp\/v2\/pages"}],"about":[{"href":"https:\/\/chargingshop.eu\/lt\/wp-json\/wp\/v2\/types\/page"}],"author":[{"embeddable":true,"href":"https:\/\/chargingshop.eu\/lt\/wp-json\/wp\/v2\/users\/2525"}],"replies":[{"embeddable":true,"href":"https:\/\/chargingshop.eu\/lt\/wp-json\/wp\/v2\/comments?post=690"}],"version-history":[{"count":0,"href":"https:\/\/chargingshop.eu\/lt\/wp-json\/wp\/v2\/pages\/690\/revisions"}],"up":[{"embeddable":true,"href":"https:\/\/chargingshop.eu\/lt\/wp-json\/wp\/v2\/pages\/627"}],"wp:attachment":[{"href":"https:\/\/chargingshop.eu\/lt\/wp-json\/wp\/v2\/media?parent=690"}],"curies":[{"name":"wp","href":"https:\/\/api.w.org\/{rel}","templated":true}]}}