{"id":681,"date":"2019-12-18T15:47:58","date_gmt":"2019-12-18T15:47:58","guid":{"rendered":"https:\/\/chargingshop.eu\/pages\/privacy-policy\/"},"modified":"2020-02-28T17:58:51","modified_gmt":"2020-02-28T17:58:51","slug":"privatumo-politika","status":"publish","type":"page","link":"https:\/\/chargingshop.eu\/lt\/pages\/privatumo-politika\/","title":{"rendered":"Privatumo politika"},"content":{"rendered":"&#13;\n<h2 class=\"wp-block-heading\">Kas mes esame<\/h2>&#13;\n&#13;\n<p>M\u016bs\u0173 svetain\u0117s adresas yra: http:\/\/chargingshop.eu. \u012emon\u0117s pavadinimas: Elektromobiliu Sprendimu Centras, UAB, Antakalnio g. 17, LT-10312 Vilnius, Lithuania,<\/p>&#13;\n&#13;\n<h2 class=\"wp-block-heading\">Kokius asmens duomenis renkame ir kod\u0117l juos renkame<\/h2>&#13;\n&#13;\n<h3 class=\"wp-block-heading\">Komentarai<\/h3>&#13;\n&#13;\n<p>Kai lankytojai palieka komentarus svetain\u0117je, renkame komentar\u0173 formoje rodomus duomenis, taip pat lankytojo IP adres\u0105 ir nar\u0161ykl\u0117s vartotojo agento eilutes, kad b\u016bt\u0173 lengviau aptikti Spam.<\/p>&#13;\n&#13;\n<p>I\u0161 j\u016bs\u0173 el. Pa\u0161to adreso sukurta anonimin\u0117 eilut\u0117 (dar vadinama mai\u0161a) gali b\u016bti pateikta \u201eGravatar\u201c paslaugai, kad pamatytum\u0117te, ar j\u0105 naudojate. \u201eGravatar\u201c paslaugos privatumo politik\u0105 galite rasti \u010dia: https:\/\/automattic.com\/privacy\/. Patvirtinus j\u016bs\u0173 komentar\u0105, j\u016bs\u0173 profilio nuotrauka bus matoma visuomenei j\u016bs\u0173 komentaro kontekste.<\/p>&#13;\n&#13;\n<h3 class=\"wp-block-heading\"><\/h3>&#13;\n&#13;\n<p>Jei \u012fkelsite vaizdus \u012f svetain\u0119, tur\u0117tum\u0117te vengti \u012fkelti vaizdus su \u012fd\u0117tais vietos duomenimis (EXIF GPS). Svetain\u0117s lankytojai gali atsisi\u0173sti ir i\u0161gauti bet kokius vietos duomenis i\u0161 vaizd\u0173 svetain\u0117je.<\/p>&#13;\n&#13;\n<h3 class=\"wp-block-heading\">Kontaktin\u0117 forma<\/h3>&#13;\n&#13;\n<h3 class=\"wp-block-heading\"><\/h3>&#13;\n&#13;\n<p>Jei paliksite komentar\u0105 m\u016bs\u0173 svetain\u0117je, galite pasirinkti i\u0161saugoti savo vard\u0105, el. Pa\u0161to adres\u0105 ir svetain\u0119 slapukuose. Tai yra j\u016bs\u0173 patogumui, kad jums nereik\u0117t\u0173 v\u0117l pildyti savo duomen\u0173, kai paliekate kit\u0105 komentar\u0105. \u0160ie slapukai galios vienerius metus.<\/p>&#13;\n&#13;\n<p>Jei lankysit\u0117s m\u016bs\u0173 puslapyje, mes nustatysime laikin\u0105 slapuk\u0105, kad nustatytume, ar j\u016bs\u0173 nar\u0161ykl\u0117 priima slapukus. \u0160iame slapuke n\u0117ra asmenini\u0173 duomen\u0173 ir jis pa\u0161alinamas u\u017edarant nar\u0161ykl\u0119.<\/p>&#13;\n&#13;\n<p>Kai prisijungsite, mes taip pat nustatysime kelis slapukus, kad b\u016bt\u0173 i\u0161saugota j\u016bs\u0173 prisijungimo informacija ir j\u016bs\u0173 ekrano pasirinkimai. Prisijungimo slapukai trunka dvi dienas, o ekrano parink\u010di\u0173 slapukai &#8211; metus. Jei pasirinksite \u201ePrisiminti mane\u201c, prisijungimas i\u0161liks dvi savaites. Jei atsijungsite nuo savo paskyros, prisijungimo slapukai bus pa\u0161alinti.<\/p>&#13;\n&#13;\n<p>Jei redaguosite ar publikuosite straipsn\u012f, j\u016bs\u0173 nar\u0161ykl\u0117je bus i\u0161saugotas papildomas slapukas. \u0160iame slapuke n\u0117ra asmenini\u0173 duomen\u0173 ir jis tiesiog nurodo k\u0105 tik redaguoto straipsnio \u012fra\u0161o ID. Jis automati\u0161kai trinamas po 1 dienos.<\/p>&#13;\n&#13;\n<h3 class=\"wp-block-heading\">\u012ed\u0117tas turinys i\u0161 kit\u0173 svetaini\u0173<\/h3>&#13;\n&#13;\n<p>\u0160ioje svetain\u0117je gali b\u016bti \u012fterptasis turinys (pvz., Vaizdo \u012fra\u0161ai, vaizdai, straipsniai ir pan.). I\u0161 kit\u0173 svetaini\u0173 \u012fd\u0117tas turinys pateikiamas lygiai taip pat, lyg lankytojas b\u016bt\u0173 apsilank\u0119s kitoje svetain\u0117je.<\/p>&#13;\n&#13;\n<p>\u0160i svetain\u0117 gali rinkti duomenis apie jus, naudoti slapukus, \u012fterpti papildom\u0105 tre\u010di\u0173j\u0173 \u0161ali\u0173 steb\u0117jim\u0105 ir steb\u0117ti j\u016bs\u0173 s\u0105veik\u0105 su tuo \u012fterptuoju turiniu, \u012fskaitant j\u016bs\u0173 s\u0105veikos su \u012fterptuoju turiniu steb\u0117jim\u0105, jei turite paskyr\u0105 ir esate prisijung\u0119 prie tos svetain\u0117s.<\/p>&#13;\n&#13;\n<h3 class=\"wp-block-heading\">Analytics<\/h3>&#13;\n<p>We use cookies collected on our site for data analytics.\u00a0<\/p>&#13;\n<h3>Tre\u010di\u0173j\u0173 \u0161ali\u0173 slapukai<\/h3>&#13;\n<p><span style=\"font-weight: 400;\">In addition to our own cookies, we may also use various third-parties cookies to report usage statistics of the Service, deliver advertisements on and through the Service, and so on.<\/span><\/p>&#13;\n&#13;\n<h2 class=\"wp-block-heading\">Kiek laiko mes saugome j\u016bs\u0173 duomenis<\/h2>&#13;\n&#13;\n<p>Jei paliksite komentar\u0105, komentaras ir jo metaduomenys bus saugomi neribot\u0105 laik\u0105. Tokiu b\u016bdu mes galime atpa\u017einti ir patvirtinti bet kokius paskesnius komentarus automati\u0161kai, u\u017euot laik\u0119 juos moderavimo eil\u0117je.<\/p>&#13;\n&#13;\n<p>Vartotojams, kurie registruojasi m\u016bs\u0173 svetain\u0117je (jei yra), mes taip pat saugome j\u0173 pateikt\u0105 asmenin\u0119 informacij\u0105 vartotojo profilyje. Visi vartotojai gali bet kada per\u017ei\u016br\u0117ti, redaguoti ar i\u0161trinti savo asmenin\u0119 informacij\u0105 (i\u0161skyrus tai, kad jie negali pakeisti savo vartotojo vardo). Tinklalapi\u0173 administratoriai taip pat gali per\u017ei\u016br\u0117ti ir redaguoti t\u0105 informacij\u0105.<\/p>&#13;\n&#13;\n<h2 class=\"wp-block-heading\">Kokias teises turite savo duomenims<\/h2>&#13;\n&#13;\n<p>Jei turite paskyr\u0105 \u0161ioje svetain\u0117je arba turite komentar\u0173, galite papra\u0161yti gauti eksportuot\u0105 fail\u0105 su asmeniniais duomenimis, kuriuos turime apie jus, \u012fskaitant visus duomenis, kuriuos pateik\u0117te mums. Taip pat galite papra\u0161yti i\u0161trinti visus j\u016bs\u0173 turimus asmeninius duomenis apie jus. Tai neapima joki\u0173 duomen\u0173, kuriuos turime saugoti administraciniais, teisiniais ar saugumo tikslais.<\/p>&#13;\n&#13;\n<h2 class=\"wp-block-heading\">Kur mes siun\u010diame j\u016bs\u0173 duomenis<\/h2>&#13;\n&#13;\n<p>Lankytoj\u0173 komentarus galima patikrinti naudojantis automatine Spam aptikimo paslauga.<\/p>&#13;\n&#13;\n<h2 class=\"wp-block-heading\">Papildoma informacija<\/h2>&#13;\n&#13;\n<p><span style=\"font-weight: 400;\">You can learn more about cookies and the following third-party websites:<\/span><\/p>&#13;\n<ul><li style=\"font-weight: 400;\"><span style=\"font-weight: 400;\">AllAboutCookies: <\/span><span style=\"font-weight: 400;\">htt<\/span><span style=\"font-weight: 400;\">p:\/\/www.allab<\/span><span style=\"font-weight: 400;\">outcookies.org\/<\/span><\/li>&#13;\n<li style=\"font-weight: 400;\"><span style=\"font-weight: 400;\">Network Advertising Initiative: <\/span><span style=\"font-weight: 400;\">http:\/\/www.networkadvertising.org\/<\/span><\/li>&#13;\n<\/ul>","protected":false},"excerpt":{"rendered":"<p>&#13; Kas mes esame &#13; &#13; M\u016bs\u0173 svetain\u0117s adresas yra: http:\/\/chargingshop.eu. \u012emon\u0117s pavadinimas: Elektromobiliu Sprendimu Centras, UAB, Antakalnio g. 17, LT-10312 Vilnius, Lithuania, &#13; &#13; Kokius asmens duomenis renkame ir kod\u0117l juos renkame &#13; &#13; Komentarai &#13; &#13; Kai lankytojai palieka komentarus svetain\u0117je, renkame komentar\u0173 formoje rodomus duomenis, taip pat lankytojo IP adres\u0105 ir nar\u0161ykl\u0117s [&#8230;]\n","protected":false},"author":1,"featured_media":0,"parent":627,"menu_order":0,"comment_status":"closed","ping_status":"open","template":"","meta":{"footnotes":""},"class_list":["post-681","page","type-page","status-publish","hentry"],"_links":{"self":[{"href":"https:\/\/chargingshop.eu\/lt\/wp-json\/wp\/v2\/pages\/681","targetHints":{"allow":["GET"]}}],"collection":[{"href":"https:\/\/chargingshop.eu\/lt\/wp-json\/wp\/v2\/pages"}],"about":[{"href":"https:\/\/chargingshop.eu\/lt\/wp-json\/wp\/v2\/types\/page"}],"author":[{"embeddable":true,"href":"https:\/\/chargingshop.eu\/lt\/wp-json\/wp\/v2\/users\/1"}],"replies":[{"embeddable":true,"href":"https:\/\/chargingshop.eu\/lt\/wp-json\/wp\/v2\/comments?post=681"}],"version-history":[{"count":0,"href":"https:\/\/chargingshop.eu\/lt\/wp-json\/wp\/v2\/pages\/681\/revisions"}],"up":[{"embeddable":true,"href":"https:\/\/chargingshop.eu\/lt\/wp-json\/wp\/v2\/pages\/627"}],"wp:attachment":[{"href":"https:\/\/chargingshop.eu\/lt\/wp-json\/wp\/v2\/media?parent=681"}],"curies":[{"name":"wp","href":"https:\/\/api.w.org\/{rel}","templated":true}]}}