{"id":679,"date":"2016-04-04T10:53:41","date_gmt":"2016-04-04T10:53:41","guid":{"rendered":"https:\/\/chargingshop.eu\/explore\/"},"modified":"2020-02-28T17:57:40","modified_gmt":"2020-02-28T17:57:40","slug":"explore","status":"publish","type":"page","link":"https:\/\/chargingshop.eu\/lt\/explore\/","title":{"rendered":"Surask puslapyje"},"content":{"rendered":"\n  <div class=\"banner has-hover is-full-height\" id=\"banner-2055886744\">\n          <div class=\"banner-inner fill\">\n        <div class=\"banner-bg fill\" >\n            <div class=\"bg fill bg-fill \"><\/div>\n                                    \n                    <\/div>\n\t\t\n        <div class=\"banner-layers container\">\n            <div class=\"fill banner-link\"><\/div>            \n   <div id=\"text-box-1434373469\" class=\"text-box banner-layer x50 md-x50 lg-x50 y50 md-y50 lg-y50 res-text\">\n                     <div data-animate=\"fadeInUp\">           <div class=\"text-box-content text \">\n              \n              <div class=\"text-inner text-center\">\n                   <\/p>\n<h2><span style=\"font-size: 170%;\"><strong>Go Explore<\/strong><\/span><\/h2>\n<p> Raskite element\u0105, kurio ie\u0161kote, naudodamiesi m\u016bs\u0173 paie\u0161kos juosta.<div class=\"is-divider divider clearfix\" ><\/div> <div class=\"searchform-wrapper ux-search-box relative is-normal\"><form role=\"search\" method=\"get\" class=\"searchform\" action=\"https:\/\/chargingshop.eu\/lt\/\">\n\t<div class=\"flex-row relative\">\n\t\t\t\t\t<div class=\"flex-col search-form-categories\">\n\t\t\t\t<select class=\"search_categories resize-select mb-0\" name=\"product_cat\"><option value=\"\" selected='selected'>All<\/option><option value=\"aksesuarai-ir-priedai-elektromobiliams\">Aksesuarai ir priedai elektromobiliams<\/option><option value=\"elektromobiliu-ikrovimo-kabeliai-adapteriai\">Elektromobili\u0173 \u012fkrovimo kabeliai &amp; Adapteriai<\/option><option value=\"dc-ikrovimo-stoteles\">Greito \u012fkrovimo stotel\u0117s (DC)<\/option><option value=\"sale-offers-discounts\">Nuolaidos &amp; geriausi pasi\u016blymai<\/option><option value=\"saules-jegaines\">Saul\u0117s j\u0117gain\u0117s<\/option><option value=\"stacionarus-krovikliai-lt\">Stacionar\u016bs krovikliai<\/option><option value=\"stoteliu-valdymo-sprendimai\">Stoteli\u0173 valdymo sprendimai<\/option><option value=\"tesla-accessories-lt\">Tesla Accessories<\/option><option value=\"wallbox-ikrovimo-stoteles-lt\">Wallbox \u012fkrovimo stotel\u0117s<\/option><\/select>\t\t\t<\/div>\n\t\t\t\t\t\t<div class=\"flex-col flex-grow\">\n\t\t\t<label class=\"screen-reader-text\" for=\"woocommerce-product-search-field-0\">Ie\u0161koti:<\/label>\n\t\t\t<input type=\"search\" id=\"woocommerce-product-search-field-0\" class=\"search-field mb-0\" placeholder=\"Tik paie\u0161ka&hellip;\" value=\"\" name=\"s\" \/>\n\t\t\t<input type=\"hidden\" name=\"post_type\" value=\"product\" \/>\n\t\t\t\t\t\t\t<input type=\"hidden\" name=\"lang\" value=\"lt\" \/>\n\t\t\t\t\t<\/div>\n\t\t<div class=\"flex-col\">\n\t\t\t<button type=\"submit\" value=\"Ie\u0161koti\" class=\"ux-search-submit submit-button secondary button  icon mb-0\" aria-label=\"Submit\">\n\t\t\t\t<i class=\"icon-search\" ><\/i>\t\t\t<\/button>\n\t\t<\/div>\n\t<\/div>\n\t<div class=\"live-search-results text-left z-top\"><\/div>\n<\/form>\n<\/div>               <\/div>\n           <\/div>\n       <\/div>                     \n<style>\n#text-box-1434373469 {\n  width: 85%;\n}\n#text-box-1434373469 .text-box-content {\n  font-size: 100%;\n}\n@media (min-width:550px) {\n  #text-box-1434373469 {\n    width: 61%;\n  }\n}\n<\/style>\n    <\/div>\n \n        <\/div>\n      <\/div>\n\n            \n<style>\n#banner-2055886744 {\n  padding-top: 100%;\n  background-color: #FFF;\n}\n#banner-2055886744 .bg.bg-loaded {\n  background-image: url(https:\/\/chargingshop.eu\/wp-content\/uploads\/2022\/09\/green-cell-socket.jpeg);\n}\n#banner-2055886744 .ux-shape-divider--top svg {\n  height: 150px;\n  --divider-top-width: 100%;\n}\n#banner-2055886744 .ux-shape-divider--bottom svg {\n  height: 150px;\n  --divider-width: 100%;\n}\n<\/style>\n  <\/div>\n\n\n\t<section class=\"section\" id=\"section_1066436833\">\n\t\t<div class=\"bg section-bg fill bg-fill  bg-loaded\" >\n\n\t\t\t\n\t\t\t\n\t\t\t\n\t<div class=\"is-border\"\n\t\tstyle=\"border-color:rgb(235, 235, 235);border-width:1px 0px 0px 0px;\">\n\t<\/div>\n\n\t\t<\/div>\n\n\t\t\n\n\t\t<div class=\"section-content relative\">\n\t\t\t\n<div class=\"row\"  id=\"row-1988303242\">\n\n\t<div id=\"col-1514504945\" class=\"col medium-4 small-12 large-4\"  >\n\t\t\t\t<div class=\"col-inner\"  >\n\t\t\t\n\t\t\t\n\n\t\t<div class=\"icon-box featured-box icon-box-top text-left\"  style=\"margin:px px px px;\">\n\t\t\t\t<div class=\"icon-box-text last-reset\">\n\t\t\t\t\t\t\t\t\t\n<h3>Explore Things<\/h3>\n<p>Lorem ipsum dolor sit amet, consectetuer adipiscing elit, sed diam nonummy nibh euismod tincidunt ut laoreet dolore magna aliquam erat volutpat&#8230;.<\/p>\n\t\t<\/div>\n\t<\/div>\n\t\n\t\n\t\t<\/div>\n\t\t\t\t\t<\/div>\n\n\t\n\n\t<div id=\"col-55552398\" class=\"col medium-4 small-12 large-4\"  >\n\t\t\t\t<div class=\"col-inner\"  >\n\t\t\t\n\t\t\t\n<h3>Book Events<\/h3>\n<p>Lorem ipsum dolor sit amet, consectetuer adipiscing elit, sed diam nonummy nibh euismod tincidunt ut laoreet dolore magna aliquam erat volutpat&#8230;.<\/p>\n\t\t<\/div>\n\t\t\t\t\t<\/div>\n\n\t\n\n\t<div id=\"col-578599449\" class=\"col medium-4 small-12 large-4\"  >\n\t\t\t\t<div class=\"col-inner\"  >\n\t\t\t\n\t\t\t\n<h3>Find a hotel<\/h3>\n<p>Lorem ipsum dolor sit amet, consectetuer adipiscing elit, sed diam nonummy nibh euismod tincidunt ut laoreet dolore magna aliquam erat volutpat&#8230;.<\/p>\n\t\t<\/div>\n\t\t\t\t\t<\/div>\n\n\t\n<\/div>\n\t\t<\/div>\n\n\t\t\n<style>\n#section_1066436833 {\n  padding-top: 27px;\n  padding-bottom: 27px;\n  background-color: rgb(245, 245, 245);\n}\n#section_1066436833 .ux-shape-divider--top svg {\n  height: 150px;\n  --divider-top-width: 100%;\n}\n#section_1066436833 .ux-shape-divider--bottom svg {\n  height: 150px;\n  --divider-width: 100%;\n}\n<\/style>\n\t<\/section>\n\t\n<div class=\"container section-title-container\" style=\"margin-top:25px;\"><h3 class=\"section-title section-title-center\"><b><\/b><span class=\"section-title-main\" style=\"font-size:undefined%;\">K\u0105 galima daryti<\/span><b><\/b><\/h3><\/div>\n\n  \n    <div class=\"row large-columns-4 medium-columns-3 small-columns-1 row-small slider row-slider slider-nav-simple slider-nav-outside\"  data-flickity-options='{\"imagesLoaded\": true, \"groupCells\": \"100%\", \"dragThreshold\" : 5, \"cellAlign\": \"left\",\"wrapAround\": true,\"prevNextButtons\": true,\"percentPosition\": true,\"pageDots\": false, \"rightToLeft\": false, \"autoPlay\" : false}'>\n\n  \t<\/div>\n<div class=\"container section-title-container\" style=\"margin-top:25px;\"><h3 class=\"section-title section-title-center\"><b><\/b><span class=\"section-title-main\" style=\"font-size:undefined%;\">Ie\u0161kok puslapyje<\/span><b><\/b><\/h3><\/div>\n  <div class=\"banner-grid-wrapper\">\n  <div id=\"banner-grid-2114156595\" class=\"banner-grid row row-grid row-small\" data-packery-options=\"\">\n                      \n<div class=\"col grid-col small-12 large-3 grid-col-1\" ><div class=\"col-inner\">\n\n  <div class=\"banner has-hover bg-glow bg-overlay-add\" id=\"banner-953860733\">\n          <div class=\"banner-inner fill\">\n        <div class=\"banner-bg fill\" >\n            <div class=\"bg fill bg-fill \"><\/div>\n                        <div class=\"overlay\"><\/div>            \n                    <\/div>\n\t\t\n        <div class=\"banner-layers container\">\n            <a class=\"fill\" href=\"#\"  ><div class=\"fill banner-link\"><\/div><\/a>            \n   <div id=\"text-box-1861079377\" class=\"text-box banner-layer x50 md-x50 lg-x50 y50 md-y50 lg-y50 res-text\">\n                                <div class=\"text-box-content text dark\">\n              \n              <div class=\"text-inner text-center\">\n                   <\/p>\n<h3 class=\"uppercase\"><strong>Find a Beach<\/strong><\/h3>\n<p>               <\/div>\n           <\/div>\n                            \n<style>\n#text-box-1861079377 {\n  width: 100%;\n}\n#text-box-1861079377 .text-box-content {\n  font-size: 187%;\n}\n@media (min-width:550px) {\n  #text-box-1861079377 {\n    width: 70%;\n  }\n}\n<\/style>\n    <\/div>\n \n        <\/div>\n      <\/div>\n\n            \n<style>\n#banner-953860733 {\n  padding-top: 500px;\n}\n#banner-953860733 .bg.bg-loaded {\n  background-image: url(https:\/\/chargingshop.eu\/wp-content\/uploads\/2022\/09\/green-cell-socket.jpeg);\n}\n#banner-953860733 .overlay {\n  background-color: rgba(0, 0, 0, 0.58);\n}\n#banner-953860733 .ux-shape-divider--top svg {\n  height: 150px;\n  --divider-top-width: 100%;\n}\n#banner-953860733 .ux-shape-divider--bottom svg {\n  height: 150px;\n  --divider-width: 100%;\n}\n<\/style>\n  <\/div>\n\n\n<\/div><\/div>\n<div class=\"col grid-col large-6 grid-col-1-2\" ><div class=\"col-inner\">\n\n  <div class=\"banner has-hover bg-overlay-add\" id=\"banner-2106253556\">\n          <div class=\"banner-inner fill\">\n        <div class=\"banner-bg fill\" >\n            <div class=\"bg fill bg-fill \"><\/div>\n                        <div class=\"overlay\"><\/div>            \n                    <\/div>\n\t\t\n        <div class=\"banner-layers container\">\n            <a class=\"fill\" href=\"#\"  ><div class=\"fill banner-link\"><\/div><\/a>            \n   <div id=\"text-box-95865286\" class=\"text-box banner-layer x50 md-x50 lg-x50 y50 md-y50 lg-y50 res-text\">\n                                <div class=\"text-box-content text dark\">\n              \n              <div class=\"text-inner text-center\">\n                   <\/p>\n<h3 class=\"uppercase\"><strong>Explore THe CITY<\/strong><\/h3>\n<p>               <\/div>\n           <\/div>\n                            \n<style>\n#text-box-95865286 {\n  width: 100%;\n}\n#text-box-95865286 .text-box-content {\n  font-size: 100%;\n}\n@media (min-width:550px) {\n  #text-box-95865286 {\n    width: 40%;\n  }\n}\n<\/style>\n    <\/div>\n \n        <\/div>\n      <\/div>\n\n            \n<style>\n#banner-2106253556 {\n  padding-top: 500px;\n}\n#banner-2106253556 .bg.bg-loaded {\n  background-image: url(https:\/\/chargingshop.eu\/wp-content\/uploads\/2022\/09\/green-cell-DISPLAY.jpeg);\n}\n#banner-2106253556 .overlay {\n  background-color: rgba(0, 0, 0, 0.58);\n}\n#banner-2106253556 .ux-shape-divider--top svg {\n  height: 150px;\n  --divider-top-width: 100%;\n}\n#banner-2106253556 .ux-shape-divider--bottom svg {\n  height: 150px;\n  --divider-width: 100%;\n}\n<\/style>\n  <\/div>\n\n\n<\/div><\/div>\n<div class=\"col grid-col large-6 grid-col-1-2\" ><div class=\"col-inner\">\n\n  <div class=\"banner has-hover bg-glow bg-overlay-add\" id=\"banner-1898130452\">\n          <div class=\"banner-inner fill\">\n        <div class=\"banner-bg fill\" >\n            <div class=\"bg fill bg-fill \"><\/div>\n                        <div class=\"overlay\"><\/div>            \n                    <\/div>\n\t\t\n        <div class=\"banner-layers container\">\n            <a class=\"fill\" href=\"#\"  ><div class=\"fill banner-link\"><\/div><\/a>            \n   <div id=\"text-box-2013967215\" class=\"text-box banner-layer x50 md-x50 lg-x50 y50 md-y50 lg-y50 res-text\">\n                                <div class=\"text-box-content text dark\">\n              \n              <div class=\"text-inner text-center\">\n                   <\/p>\n<h3 class=\"uppercase\"><strong>EXPLORE OUTDOORS<\/strong><\/h3>\n<p>               <\/div>\n           <\/div>\n                            \n<style>\n#text-box-2013967215 {\n  width: 100%;\n}\n#text-box-2013967215 .text-box-content {\n  font-size: 100%;\n}\n@media (min-width:550px) {\n  #text-box-2013967215 {\n    width: 40%;\n  }\n}\n<\/style>\n    <\/div>\n \n        <\/div>\n      <\/div>\n\n            \n<style>\n#banner-1898130452 {\n  padding-top: 500px;\n}\n#banner-1898130452 .bg.bg-loaded {\n  background-image: url(https:\/\/chargingshop.eu\/wp-content\/uploads\/2022\/09\/green-cell-all-conditions.jpeg);\n}\n#banner-1898130452 .overlay {\n  background-color: rgba(0, 0, 0, 0.58);\n}\n#banner-1898130452 .ux-shape-divider--top svg {\n  height: 150px;\n  --divider-top-width: 100%;\n}\n#banner-1898130452 .ux-shape-divider--bottom svg {\n  height: 150px;\n  --divider-width: 100%;\n}\n<\/style>\n  <\/div>\n\n\n<\/div><\/div>\n<div class=\"col grid-col small-6 large-3 grid-col-1-2\" ><div class=\"col-inner\">\n\n  <div class=\"banner has-hover bg-glow bg-overlay-add\" id=\"banner-1033960807\">\n          <div class=\"banner-inner fill\">\n        <div class=\"banner-bg fill\" >\n            <div class=\"bg fill bg-fill \"><\/div>\n                        <div class=\"overlay\"><\/div>            \n                    <\/div>\n\t\t\n        <div class=\"banner-layers container\">\n            <a class=\"fill\" href=\"#\"  ><div class=\"fill banner-link\"><\/div><\/a>            \n   <div id=\"text-box-2025873769\" class=\"text-box banner-layer x50 md-x50 lg-x50 y50 md-y50 lg-y50 res-text\">\n                                <div class=\"text-box-content text dark\">\n              \n              <div class=\"text-inner text-center\">\n                   <\/p>\n<h3 class=\"uppercase\"><strong>TAILORED SUITES<\/strong><\/h3>\n<p>               <\/div>\n           <\/div>\n                            \n<style>\n#text-box-2025873769 {\n  width: 100%;\n}\n#text-box-2025873769 .text-box-content {\n  font-size: 100%;\n}\n@media (min-width:550px) {\n  #text-box-2025873769 {\n    width: 40%;\n  }\n}\n<\/style>\n    <\/div>\n \n        <\/div>\n      <\/div>\n\n            \n<style>\n#banner-1033960807 {\n  padding-top: 500px;\n}\n#banner-1033960807 .bg.bg-loaded {\n  background-image: 8093;\n}\n#banner-1033960807 .overlay {\n  background-color: rgba(0, 0, 0, 0.58);\n}\n#banner-1033960807 .ux-shape-divider--top svg {\n  height: 150px;\n  --divider-top-width: 100%;\n}\n#banner-1033960807 .ux-shape-divider--bottom svg {\n  height: 150px;\n  --divider-width: 100%;\n}\n<\/style>\n  <\/div>\n\n\n<\/div><\/div>\n<div class=\"col grid-col small-6 large-3 grid-col-1-2\" ><div class=\"col-inner\">\n\n  <div class=\"banner has-hover bg-glow bg-overlay-add\" id=\"banner-1072522359\">\n          <div class=\"banner-inner fill\">\n        <div class=\"banner-bg fill\" >\n            <div class=\"bg fill bg-fill \"><\/div>\n                        <div class=\"overlay\"><\/div>            \n                    <\/div>\n\t\t\n        <div class=\"banner-layers container\">\n            <a class=\"fill\" href=\"#\"  ><div class=\"fill banner-link\"><\/div><\/a>            \n   <div id=\"text-box-1283559117\" class=\"text-box banner-layer x50 md-x50 lg-x50 y50 md-y50 lg-y50 res-text\">\n                                <div class=\"text-box-content text dark\">\n              \n              <div class=\"text-inner text-center\">\n                  \n<h3 class=\"uppercase\"><strong>ENJOY A DRINK<\/strong><\/h3>\n              <\/div>\n           <\/div>\n                            \n<style>\n#text-box-1283559117 {\n  width: 97%;\n}\n#text-box-1283559117 .text-box-content {\n  font-size: 100%;\n}\n@media (min-width:550px) {\n  #text-box-1283559117 {\n    width: 40%;\n  }\n}\n<\/style>\n    <\/div>\n \n        <\/div>\n      <\/div>\n\n            \n<style>\n#banner-1072522359 {\n  padding-top: 500px;\n}\n#banner-1072522359 .bg.bg-loaded {\n  background-image: url(https:\/\/chargingshop.eu\/wp-content\/uploads\/2022\/09\/green-cell-all-conditions.jpeg);\n}\n#banner-1072522359 .overlay {\n  background-color: rgba(0, 0, 0, 0.58);\n}\n#banner-1072522359 .ux-shape-divider--top svg {\n  height: 150px;\n  --divider-top-width: 100%;\n}\n#banner-1072522359 .ux-shape-divider--bottom svg {\n  height: 150px;\n  --divider-width: 100%;\n}\n<\/style>\n  <\/div>\n\n\n<\/div><\/div>\n            <\/div>\n    <style>\n    #banner-grid-2114156595 .grid-col-1{height: 600px}\n    #banner-grid-2114156595 .grid-col-1-2{height: 300px}\n    #banner-grid-2114156595 .grid-col-1-3{height:200px}\n    #banner-grid-2114156595 .grid-col-2-3{height: 400px}\n    #banner-grid-2114156595 .grid-col-1-4{height: 150px}\n    #banner-grid-2114156595 .grid-col-3-4{height: 450px}\n\n\n    \n    \n\n  <\/style>\n    <\/div>\n  \n\t<div id=\"gap-1583579712\" class=\"gap-element clearfix\" style=\"display:block; height:auto;\">\n\t\t\n<style>\n#gap-1583579712 {\n  padding-top: 30px;\n}\n<\/style>\n\t<\/div>\n\t\n\n  <div class=\"banner has-hover\" id=\"banner-1130438912\">\n          <div class=\"banner-inner fill\">\n        <div class=\"banner-bg fill\" >\n            <div class=\"bg fill bg-fill \"><\/div>\n                        <div class=\"overlay\"><\/div>            \n                    <\/div>\n\t\t\n        <div class=\"banner-layers container\">\n            <div class=\"fill banner-link\"><\/div>            \n   <div id=\"text-box-1835096933\" class=\"text-box banner-layer x50 md-x50 lg-x50 y50 md-y50 lg-y50 res-text\">\n                                <div class=\"text-box-content text \">\n              \n              <div class=\"text-inner text-center\">\n                  \n<h3 class=\"uppercase\"><strong>List your Company<\/strong><\/h3>\n<p>Lorem ipsum dolor sit amet, consectetuer adipiscing elit, sed diam nonummy nibh euismod tincidunt ut laoreet dolore magna aliquam erat volutpat.<\/p>\n<a class=\"button primary\"  >\n    <span>Taikyti dabar<\/span>\n  <\/a>\n\n              <\/div>\n           <\/div>\n                            \n<style>\n#text-box-1835096933 {\n  width: 60%;\n}\n#text-box-1835096933 .text-box-content {\n  font-size: 100%;\n}\n@media (min-width:550px) {\n  #text-box-1835096933 {\n    width: 40%;\n  }\n}\n<\/style>\n    <\/div>\n \n        <\/div>\n      <\/div>\n\n            \n<style>\n#banner-1130438912 {\n  padding-top: 400px;\n}\n#banner-1130438912 .bg.bg-loaded {\n  background-image: url(https:\/\/chargingshop.eu\/wp-content\/uploads\/2022\/09\/green-cell-socket.jpeg);\n}\n#banner-1130438912 .overlay {\n  background-color: rgba(255, 255, 255, 0.49);\n}\n#banner-1130438912 .bg {\n  background-position: 26% 17%;\n}\n#banner-1130438912 .ux-shape-divider--top svg {\n  height: 150px;\n  --divider-top-width: 100%;\n}\n#banner-1130438912 .ux-shape-divider--bottom svg {\n  height: 150px;\n  --divider-width: 100%;\n}\n<\/style>\n  <\/div>\n\n\n<div class=\"container section-title-container\" style=\"margin-top:25px;\"><h3 class=\"section-title section-title-center\"><b><\/b><span class=\"section-title-main\" style=\"font-size:undefined%;\">Naujienos i\u0161 tinklara\u0161\u010dio<\/span><b><\/b><\/h3><\/div>\n\n  \n    <div class=\"row large-columns-4 medium-columns-3 small-columns-1 slider row-slider slider-nav-reveal\"  data-flickity-options='{\"imagesLoaded\": true, \"groupCells\": \"100%\", \"dragThreshold\" : 5, \"cellAlign\": \"left\",\"wrapAround\": true,\"prevNextButtons\": true,\"percentPosition\": true,\"pageDots\": false, \"rightToLeft\": false, \"autoPlay\" : false}'>\n\n  <div class=\"col post-item\" >\n\t\t\t<div class=\"col-inner\">\n\t\t\t<a href=\"https:\/\/chargingshop.eu\/lt\/geriausias-elektromobilio-ikroviklis-tiesioginiam-saules-energijos-krovimui-ir-dinaminiam-balansavimui-v2c-trydan\/\" class=\"plain\">\n\t\t\t\t<div class=\"box box-overlay dark box-text-bottom box-blog-post has-hover\">\n            \t\t\t\t\t<div class=\"box-image\" >\n  \t\t\t\t\t\t<div class=\"image-zoom image-cover\" style=\"padding-top:293px;\">\n  \t\t\t\t\t\t\t<img decoding=\"async\" width=\"692\" height=\"300\" src=\"https:\/\/chargingshop.eu\/wp-content\/uploads\/2023\/10\/Trydan-V2C-Chargeshop.jpg\" class=\"attachment-medium size-medium wp-post-image\" alt=\"V2C Trydan\" srcset=\"https:\/\/chargingshop.eu\/wp-content\/uploads\/2023\/10\/Trydan-V2C-Chargeshop.jpg 692w, https:\/\/chargingshop.eu\/wp-content\/uploads\/2023\/10\/Trydan-V2C-Chargeshop-510x221.jpg 510w\" sizes=\"(max-width: 692px) 100vw, 692px\" \/>  \t\t\t\t\t\t\t<div class=\"overlay\" style=\"background-color: rgba(0,0,0,.25)\"><\/div>  \t\t\t\t\t\t\t  \t\t\t\t\t\t<\/div>\n  \t\t\t\t\t\t  \t\t\t\t\t<\/div>\n          \t\t\t\t\t<div class=\"box-text text-left\" >\n\t\t\t\t\t<div class=\"box-text-inner blog-post-inner\">\n\n\t\t\t\t\t\n\t\t\t\t\t\t\t\t\t\t<h5 class=\"post-title is-large \">Geriausias elektromobilio kroviklis (ko gero), tiesioginiam saul\u0117s energijos krovimui ir dinaminiam balansavimui &#8211; V2C Trydan<\/h5>\n\t\t\t\t\t<div class=\"post-meta is-small op-8\">2023-10-08<\/div>\t\t\t\t\t<div class=\"is-divider\"><\/div>\n\t\t\t\t\t                    \n\t\t\t\t\t\n\t\t\t\t\t\n\t\t\t\t\t<\/div>\n\t\t\t\t\t<\/div>\n\t\t\t\t\t\t\t\t\t<\/div>\n\t\t\t\t<\/a>\n\t\t\t<\/div>\n\t\t<\/div><\/div>\n<div class=\"container section-title-container\" style=\"margin-top:25px;\"><h3 class=\"section-title section-title-center\"><b><\/b><span class=\"section-title-main\" style=\"font-size:undefined%;\"><i class=\"icon-instagram\" ><\/i>Sekite mus \u201eInstagram\u201c<\/span><b><\/b><\/h3><\/div>\nInstagram did not return a 200.\n","protected":false},"excerpt":{"rendered":"","protected":false},"author":2525,"featured_media":0,"parent":0,"menu_order":4,"comment_status":"closed","ping_status":"closed","template":"page-transparent-header.php","meta":{"footnotes":""},"class_list":["post-679","page","type-page","status-publish","hentry"],"_links":{"self":[{"href":"https:\/\/chargingshop.eu\/lt\/wp-json\/wp\/v2\/pages\/679","targetHints":{"allow":["GET"]}}],"collection":[{"href":"https:\/\/chargingshop.eu\/lt\/wp-json\/wp\/v2\/pages"}],"about":[{"href":"https:\/\/chargingshop.eu\/lt\/wp-json\/wp\/v2\/types\/page"}],"author":[{"embeddable":true,"href":"https:\/\/chargingshop.eu\/lt\/wp-json\/wp\/v2\/users\/2525"}],"replies":[{"embeddable":true,"href":"https:\/\/chargingshop.eu\/lt\/wp-json\/wp\/v2\/comments?post=679"}],"version-history":[{"count":0,"href":"https:\/\/chargingshop.eu\/lt\/wp-json\/wp\/v2\/pages\/679\/revisions"}],"wp:attachment":[{"href":"https:\/\/chargingshop.eu\/lt\/wp-json\/wp\/v2\/media?parent=679"}],"curies":[{"name":"wp","href":"https:\/\/api.w.org\/{rel}","templated":true}]}}