{"id":675,"date":"2019-12-28T11:25:57","date_gmt":"2019-12-28T11:25:57","guid":{"rendered":"https:\/\/chargingshop.eu\/returns-guarantee\/"},"modified":"2020-01-30T15:22:11","modified_gmt":"2020-01-30T15:22:11","slug":"returns-guarantee","status":"publish","type":"page","link":"https:\/\/chargingshop.eu\/lt\/returns-guarantee\/","title":{"rendered":"Garantija ir gr\u0105\u017einimas"},"content":{"rendered":"<h3 class=\"bluefoot-entity bluefoot-entity bluefoot-align-center\" style=\"text-align: center;\">Gr\u0105\u017einimo galimyb\u0117<\/h3>\n<div class=\"bluefoot-entity bluefoot-textarea bluefoot-entity\">\n<p><strong>Per 14 dien\u0173 nuo preki\u0173 gavimo,<\/strong> J\u016bs turite teis\u0119 gr\u0105\u017einti prekes jei nuosekliai seksite toliau nurodytus \u017eingsnius. <strong>\u012esp\u0117jame,<\/strong> kad prek\u0117s turi b\u016bti gr\u0105\u017eintos nepa\u017eeistos, originalioje pakuot\u0117je. <strong>Neturi matytis Joki\u0173 \u012fbr\u0117\u017eim\u0173 ar kit\u0173 po\u017eymi\u0173 rodan\u010di\u0173 kad prek\u0117 buvo naudota.\u00a0<\/strong><\/p>\n<p><strong>Pinigai u\u017e prekes yra gr\u0105\u017einami greitai<\/strong> \u2013 ne v\u0117liau nei per 14 dien\u0173 po preki\u0173 gavimo ir inspekcijos m\u016bs\u0173 pus\u0117je. Tur\u0117kite omenyje, kad gali b\u016bti papildomas delsimas d\u0117l gav\u0117jo banko kalt\u0117s. Papildomi ka\u0161tai, kaip pavyzd\u017eiui ekspress pristatymas nebus gr\u0105\u017einami.<\/p>\n<p>Tolimesn\u0117 legali\u0105 informacij\u0105 galite rasti apra\u0161e &#8211;\u00a0 At\u0161aukimo s\u0105lygos.<\/p>\n<p>&nbsp;<\/p>\n<\/div>\n<h3 style=\"text-align: center;\">How It Works:<\/h3>\n<ol>\n<li><strong>U\u017epildykite preki\u0173 gr\u0105\u017einimo form\u0105<br \/>\n<\/strong>U\u017epildykite preki\u0173 gr\u0105\u017einimo form\u0105 ir atsi\u0173skite mums pa\u0161tu, faxu ar e-mail&#8217;u.<\/li>\n<li><strong>Gaukite preki\u0173 gr\u0105\u017einimo instrukcijas<br \/>\n<\/strong>Kai tik gausime J\u016bs\u0173 pra\u0161ym\u0105 gr\u0105\u017einti prekes, mes kaip \u012fmanoma grei\u010diau atsi\u0173sime Jums papildomas gr\u0105\u017einimo instrukcijas e-mail&#8217;u.<\/li>\n<li><strong>Supakuokite prekes<br \/>\n<\/strong>Supakuokite prekes \u012f originqli\u0105 pakuot\u0119, pasir\u016bpinkite papildomu pakavimu jei b\u016btina, tam kad prek\u0117s b\u016bt\u0173 apsaugotos siuntimo metu.<\/li>\n<li><strong>I\u0161si\u0173skite prekes<br \/>\n<\/strong>B\u016bkite tikri, kad i\u0161siunt\u0117te ne v\u0117liau nei 14 dien\u0173 nuo preki\u0173 gavimo.<\/li>\n<li><strong>Gukite pinigus atgal \u012f savo s\u0105skait\u0105<br \/>\n<\/strong>Kai tik prek\u0117s bus gautos, patikrintos ir patvirtintos kaip nepa\u017eeistos ir nenaudotos, Jums greitai bus gr\u0105\u017einti pinigai. Pinigai paprastai gr\u0105\u017einami ne v\u0117liau nei 14 dien\u0173 po preki\u0173 gavimo.<\/li>\n<\/ol>\n","protected":false},"excerpt":{"rendered":"<p>Gr\u0105\u017einimo galimyb\u0117 Per 14 dien\u0173 nuo preki\u0173 gavimo, J\u016bs turite teis\u0119 gr\u0105\u017einti prekes jei nuosekliai seksite toliau nurodytus \u017eingsnius. \u012esp\u0117jame, kad prek\u0117s turi b\u016bti gr\u0105\u017eintos nepa\u017eeistos, originalioje pakuot\u0117je. Neturi matytis Joki\u0173 \u012fbr\u0117\u017eim\u0173 ar kit\u0173 po\u017eymi\u0173 rodan\u010di\u0173 kad prek\u0117 buvo naudota.\u00a0 Pinigai u\u017e prekes yra gr\u0105\u017einami greitai \u2013 ne v\u0117liau nei per 14 dien\u0173 po preki\u0173 [&#8230;]\n","protected":false},"author":1,"featured_media":0,"parent":0,"menu_order":0,"comment_status":"closed","ping_status":"closed","template":"","meta":{"footnotes":""},"class_list":["post-675","page","type-page","status-publish","hentry"],"_links":{"self":[{"href":"https:\/\/chargingshop.eu\/lt\/wp-json\/wp\/v2\/pages\/675","targetHints":{"allow":["GET"]}}],"collection":[{"href":"https:\/\/chargingshop.eu\/lt\/wp-json\/wp\/v2\/pages"}],"about":[{"href":"https:\/\/chargingshop.eu\/lt\/wp-json\/wp\/v2\/types\/page"}],"author":[{"embeddable":true,"href":"https:\/\/chargingshop.eu\/lt\/wp-json\/wp\/v2\/users\/1"}],"replies":[{"embeddable":true,"href":"https:\/\/chargingshop.eu\/lt\/wp-json\/wp\/v2\/comments?post=675"}],"version-history":[{"count":0,"href":"https:\/\/chargingshop.eu\/lt\/wp-json\/wp\/v2\/pages\/675\/revisions"}],"wp:attachment":[{"href":"https:\/\/chargingshop.eu\/lt\/wp-json\/wp\/v2\/media?parent=675"}],"curies":[{"name":"wp","href":"https:\/\/api.w.org\/{rel}","templated":true}]}}