{"id":671,"date":"2019-12-28T10:56:39","date_gmt":"2019-12-28T10:56:39","guid":{"rendered":"https:\/\/chargingshop.eu\/pages\/shipping-delivery\/"},"modified":"2020-01-30T14:54:43","modified_gmt":"2020-01-30T14:54:43","slug":"shipping-delivery","status":"publish","type":"page","link":"https:\/\/chargingshop.eu\/lt\/pages\/shipping-delivery\/","title":{"rendered":"Pristatymas"},"content":{"rendered":"<h3 class=\"bluefoot-entity bluefoot-entity bluefoot-align-center\" style=\"text-align: center;\">Preki\u0173 pristatymo kaina ir s\u0105lygos<\/h3>\n<div class=\"bluefoot-entity bluefoot-textarea bluefoot-entity\">\n<p>Atskir\u0173 preki\u0173 pristatymo laikas gali skirti. \u017di\u016br\u0117kite informacij\u0105 nurodyt\u0105 produkto apra\u0161ymo puslapyje. Kai kurie produktai pristatomi Nemokamai (Lietuvoje, Latvijoje, Estijoje).\u00a0 Pristatymams \u012f kitas \u0161alis mes pridedame vienkartin\u012f pristatymo mokest\u012f u\u017esakant.\u00a0 Stendams ir kitoms nestandarini\u0173 dyd\u017ei\u0173 prek\u0117ms kainos gali skirrtis. Tiksli\u0105 prek\u0117s siuntimo kain\u0105 matysite prie\u0161 apmok\u0117jim\u0105. Esant poreikiui galime pasi\u016blyti ekspress pristatym\u0105. Mes siun\u010diame tik \u012f \u0161alis i\u0161 s\u0105ra\u0161o \u017eemiau.<\/p>\n<\/div>\n","protected":false},"excerpt":{"rendered":"<p>Preki\u0173 pristatymo kaina ir s\u0105lygos Atskir\u0173 preki\u0173 pristatymo laikas gali skirti. \u017di\u016br\u0117kite informacij\u0105 nurodyt\u0105 produkto apra\u0161ymo puslapyje. Kai kurie produktai pristatomi Nemokamai (Lietuvoje, Latvijoje, Estijoje).\u00a0 Pristatymams \u012f kitas \u0161alis mes pridedame vienkartin\u012f pristatymo mokest\u012f u\u017esakant.\u00a0 Stendams ir kitoms nestandarini\u0173 dyd\u017ei\u0173 prek\u0117ms kainos gali skirrtis. Tiksli\u0105 prek\u0117s siuntimo kain\u0105 matysite prie\u0161 apmok\u0117jim\u0105. Esant poreikiui galime pasi\u016blyti [&#8230;]\n","protected":false},"author":1,"featured_media":0,"parent":627,"menu_order":0,"comment_status":"closed","ping_status":"closed","template":"","meta":{"footnotes":""},"class_list":["post-671","page","type-page","status-publish","hentry"],"_links":{"self":[{"href":"https:\/\/chargingshop.eu\/lt\/wp-json\/wp\/v2\/pages\/671","targetHints":{"allow":["GET"]}}],"collection":[{"href":"https:\/\/chargingshop.eu\/lt\/wp-json\/wp\/v2\/pages"}],"about":[{"href":"https:\/\/chargingshop.eu\/lt\/wp-json\/wp\/v2\/types\/page"}],"author":[{"embeddable":true,"href":"https:\/\/chargingshop.eu\/lt\/wp-json\/wp\/v2\/users\/1"}],"replies":[{"embeddable":true,"href":"https:\/\/chargingshop.eu\/lt\/wp-json\/wp\/v2\/comments?post=671"}],"version-history":[{"count":0,"href":"https:\/\/chargingshop.eu\/lt\/wp-json\/wp\/v2\/pages\/671\/revisions"}],"up":[{"embeddable":true,"href":"https:\/\/chargingshop.eu\/lt\/wp-json\/wp\/v2\/pages\/627"}],"wp:attachment":[{"href":"https:\/\/chargingshop.eu\/lt\/wp-json\/wp\/v2\/media?parent=671"}],"curies":[{"name":"wp","href":"https:\/\/api.w.org\/{rel}","templated":true}]}}