{"id":634,"date":"2020-02-08T14:51:01","date_gmt":"2020-02-08T14:51:01","guid":{"rendered":"https:\/\/chargingshop.eu\/?page_id=634"},"modified":"2025-06-02T14:01:24","modified_gmt":"2025-06-02T14:01:24","slug":"ziniu-centras","status":"publish","type":"page","link":"https:\/\/chargingshop.eu\/lt\/ziniu-centras\/","title":{"rendered":"\u017dini\u0173 centras"},"content":{"rendered":"\t<section class=\"section\" id=\"section_716917633\">\n\t\t<div class=\"bg section-bg fill bg-fill  bg-loaded\" >\n\n\t\t\t\n\t\t\t\n\t\t\t\n\n\t\t<\/div>\n\n\t\t\n\n\t\t<div class=\"section-content relative\">\n\t\t\t \n  <div class=\"banner has-hover\" id=\"banner-1766949225\">\n          <div class=\"banner-inner fill\">\n        <div class=\"banner-bg fill\" >\n            <div class=\"bg fill bg-fill \"><\/div>\n                        <div class=\"overlay\"><\/div>            \n                    <\/div>\n\t\t\n        <div class=\"banner-layers container\">\n            <div class=\"fill banner-link\"><\/div>                <div id=\"text-box-2122970514\" class=\"text-box banner-layer text-box-circle x90 md-x90 lg-x90 y50 md-y50 lg-y50 res-text\">\n                                <div class=\"text-box-content text box-shadow-3\">\n              \n              <div class=\"text-inner text-center\">\n                   <\/p>\n<h3 class=\"uppercase\"><strong>Electric mobility\u00a0<\/strong><\/h3>\n<h3>knowledge center<\/h3>\n<p> <a class=\"button white is-outline\"  >\n    <span>Su\u017einok daugiau<\/span>\n  <\/a>\n               <\/div>\n           <\/div>\n                            \n<style>\n#text-box-2122970514 .text-inner {\n  padding: 30px 30px 30px 30px;\n}\n#text-box-2122970514 {\n  width: 60%;\n}\n#text-box-2122970514 .text-box-content {\n  font-size: 100%;\n}\n@media (min-width:550px) {\n  #text-box-2122970514 {\n    width: 40%;\n  }\n}\n<\/style>\n    <\/div>\n          <\/div>\n      <\/div>\n\n            \n<style>\n#banner-1766949225 {\n  padding-top: 500px;\n}\n#banner-1766949225 .bg.bg-loaded {\n  background-image: url(https:\/\/chargingshop.eu\/wp-content\/uploads\/2020\/01\/KEBA-ZOE-double.png);\n}\n#banner-1766949225 .overlay {\n  background-color: rgba(0, 0, 0, 0.2);\n}\n#banner-1766949225 .ux-shape-divider--top svg {\n  height: 150px;\n  --divider-top-width: 100%;\n}\n#banner-1766949225 .ux-shape-divider--bottom svg {\n  height: 150px;\n  --divider-width: 100%;\n}\n<\/style>\n  <\/div>\n\n \t\t<\/div>\n\n\t\t\n<style>\n#section_716917633 {\n  padding-top: 30px;\n  padding-bottom: 30px;\n  background-color: #fafafa;\n}\n#section_716917633 .ux-shape-divider--top svg {\n  height: 150px;\n  --divider-top-width: 100%;\n}\n#section_716917633 .ux-shape-divider--bottom svg {\n  height: 150px;\n  --divider-width: 100%;\n}\n<\/style>\n\t<\/section>\n\t <div class=\"is-divider divider clearfix\" ><\/div> \t<div class=\"box has-hover   has-hover box-shadow-3 box-shadow-2-hover box-vertical box-text-bottom\" >\n\n\t\t<div class=\"box-image\" style=\"border-radius:10%;width:48%;\">\n\t\t\t<a href=\"https:\/\/chargingshop.eu\/lt\/geriausias-elektromobilio-ikroviklis-tiesioginiam-saules-energijos-krovimui-ir-dinaminiam-balansavimui-v2c-trydan\/\"  >\t\t\t<div class=\"image-zoom image-cover\" style=\"padding-top:40%;\">\n\t\t\t\t<img decoding=\"async\" width=\"1200\" height=\"800\" src=\"https:\/\/chargingshop.eu\/wp-content\/uploads\/2024\/03\/CHRG-network-app.png\" class=\"attachment-original size-original\" alt=\"\" srcset=\"https:\/\/chargingshop.eu\/wp-content\/uploads\/2024\/03\/CHRG-network-app.png 1200w, https:\/\/chargingshop.eu\/wp-content\/uploads\/2024\/03\/CHRG-network-app-600x400.png 600w, https:\/\/chargingshop.eu\/wp-content\/uploads\/2024\/03\/CHRG-network-app-768x512.png 768w, https:\/\/chargingshop.eu\/wp-content\/uploads\/2024\/03\/CHRG-network-app-510x340.png 510w, https:\/\/chargingshop.eu\/wp-content\/uploads\/2024\/03\/CHRG-network-app-90x60.png 90w, https:\/\/chargingshop.eu\/wp-content\/uploads\/2024\/03\/CHRG-network-app-135x90.png 135w\" sizes=\"(max-width: 1200px) 100vw, 1200px\" \/>\t\t\t\t\t\t\t\t\t\t\t<\/div>\n\t\t\t<\/a>\t\t<\/div>\n\n\t\t<div class=\"box-text text-left\" style=\"padding:0px 0px 0px 60px;\">\n\t\t\t<div class=\"box-text-inner\">\n\t\t\t\t <\/p>\n<h3 style=\"text-align: center;\">CHRGnetwork.com<\/h3>\n<ul>\n<li>Pilnas \u012franki\u0173 rinkinys vairuotojams, \u012fmon\u0117ms ir whitelabel partneriam<\/li>\n<li>Nuotolin\u0117 steb\u0117sena ir palaikymas<\/li>\n<li>Suderinamumas su pirmaujan\u010diais technin\u0117s \u012frangos preki\u0173 \u017eenklais<\/li>\n<\/ul>\n<p> \t\t\t<\/div>\n\t\t<\/div>\n\t<\/div>\n\t <div class=\"is-divider divider clearfix\" ><\/div> \t<div class=\"box has-hover   has-hover box-shadow-3 box-shadow-2-hover box-vertical box-text-bottom\" >\n\n\t\t<div class=\"box-image\" style=\"border-radius:10%;width:48%;\">\n\t\t\t<a href=\"https:\/\/chargingshop.eu\/lt\/geriausias-elektromobilio-ikroviklis-tiesioginiam-saules-energijos-krovimui-ir-dinaminiam-balansavimui-v2c-trydan\/\"  >\t\t\t<div class=\"image-zoom image-cover\" style=\"padding-top:40%;\">\n\t\t\t\t<img decoding=\"async\" width=\"692\" height=\"300\" src=\"https:\/\/chargingshop.eu\/wp-content\/uploads\/2023\/10\/Trydan-V2C-Chargeshop.jpg\" class=\"attachment-original size-original\" alt=\"V2C Trydan\" srcset=\"https:\/\/chargingshop.eu\/wp-content\/uploads\/2023\/10\/Trydan-V2C-Chargeshop.jpg 692w, https:\/\/chargingshop.eu\/wp-content\/uploads\/2023\/10\/Trydan-V2C-Chargeshop-510x221.jpg 510w\" sizes=\"(max-width: 692px) 100vw, 692px\" \/>\t\t\t\t\t\t\t\t\t\t\t<\/div>\n\t\t\t<\/a>\t\t<\/div>\n\n\t\t<div class=\"box-text text-left\" style=\"padding:0px 0px 0px 60px;\">\n\t\t\t<div class=\"box-text-inner\">\n\t\t\t\t <\/p>\n<h3><a href=\"https:\/\/chargingshop.eu\/lt\/geriausias-elektromobilio-ikroviklis-tiesioginiam-saules-energijos-krovimui-ir-dinaminiam-balansavimui-v2c-trydan\/\"><strong>Ko gero geriausias elektromobilio \u012fkroviklis namams:<\/strong><\/a><\/h3>\n<ul>\n<li style=\"text-align: left;\">Ekranas, fiziniai mygtukai arba App pilnam meniu valdymui<\/li>\n<li style=\"text-align: left;\">Dinaminis balansavimas, saul\u0117s generuojamos energijos krovimas<\/li>\n<li>Galimas valdymas balsu per Alexa, Open API prieiga konfiguravimui<\/li>\n<\/ul>\n<p> \t\t\t<\/div>\n\t\t<\/div>\n\t<\/div>\n\t <div class=\"is-divider divider clearfix\" ><\/div> \t<div class=\"box has-hover   has-hover box-shadow-3 box-shadow-2-hover box-vertical box-text-bottom\" >\n\n\t\t<div class=\"box-image\" style=\"border-radius:10%;width:48%;\">\n\t\t\t<a href=\"https:\/\/chargingshop.eu\/blog\/why-should-you-buy-electric-vehicle-ev-charging-station\/\"  >\t\t\t<div class=\"image-zoom image-cover\" style=\"padding-top:40%;\">\n\t\t\t\t<img decoding=\"async\" width=\"2560\" height=\"1727\" src=\"https:\/\/chargingshop.eu\/wp-content\/uploads\/2019\/12\/Keba_wallbox_privat_20158_RGB-scaled.jpg\" class=\"attachment-original size-original\" alt=\"EV charging station price\" srcset=\"https:\/\/chargingshop.eu\/wp-content\/uploads\/2019\/12\/Keba_wallbox_privat_20158_RGB-scaled.jpg 2560w, https:\/\/chargingshop.eu\/wp-content\/uploads\/2019\/12\/Keba_wallbox_privat_20158_RGB-593x400.jpg 593w, https:\/\/chargingshop.eu\/wp-content\/uploads\/2019\/12\/Keba_wallbox_privat_20158_RGB-1186x800.jpg 1186w, https:\/\/chargingshop.eu\/wp-content\/uploads\/2019\/12\/Keba_wallbox_privat_20158_RGB-768x518.jpg 768w, https:\/\/chargingshop.eu\/wp-content\/uploads\/2019\/12\/Keba_wallbox_privat_20158_RGB-1536x1036.jpg 1536w, https:\/\/chargingshop.eu\/wp-content\/uploads\/2019\/12\/Keba_wallbox_privat_20158_RGB-2048x1382.jpg 2048w, https:\/\/chargingshop.eu\/wp-content\/uploads\/2019\/12\/Keba_wallbox_privat_20158_RGB-510x344.jpg 510w\" sizes=\"(max-width: 2560px) 100vw, 2560px\" \/>\t\t\t\t\t\t\t\t\t\t\t<\/div>\n\t\t\t<\/a>\t\t<\/div>\n\n\t\t<div class=\"box-text text-left\" style=\"padding:0px 0px 0px 60px;\">\n\t\t\t<div class=\"box-text-inner\">\n\t\t\t\t <\/p>\n<h3><a href=\"https:\/\/chargingshop.eu\/lt\/kodel-verta-isigyti-elektromobiliu-krovimo-stotele\/\"><strong>Kod\u0117l verta \u012fsigyti elektromobilio krovimo stotel\u0119?<\/strong><\/a><\/h3>\n<ul>\n<li style=\"text-align: left;\"><a href=\"https:\/\/chargingshop.eu\/lt\/kodel-verta-isigyti-elektromobiliu-krovimo-stotele\/\">Su\u017einokite<\/a> apie Voltus, Amperus, kilovatus ir fazes<\/li>\n<li style=\"text-align: left;\">Skirting\u0173 tip\u0173 ir funkcionalum\u0173 elektromobili\u0173 krovimo stotel\u0117s<\/li>\n<\/ul>\n<p> \t\t\t<\/div>\n\t\t<\/div>\n\t<\/div>\n\t <div class=\"is-divider divider clearfix\" ><\/div> \t<div class=\"box has-hover   has-hover box-shadow-3 box-shadow-2-hover box-vertical box-text-bottom\" >\n\n\t\t<div class=\"box-image\" style=\"border-radius:10%;width:51%;\">\n\t\t\t<a href=\"https:\/\/chargingshop.eu\/blog\/is-it-safe-to-charge-your-ev-from-regular-16a-outlet\/\"  >\t\t\t<div class=\"image-zoom image-cover\" style=\"padding-top:40%;\">\n\t\t\t\t<img decoding=\"async\" width=\"572\" height=\"381\" src=\"https:\/\/chargingshop.eu\/wp-content\/uploads\/2020\/01\/burned-socket.png\" class=\"attachment-large size-large\" alt=\"EV burned socket\" srcset=\"https:\/\/chargingshop.eu\/wp-content\/uploads\/2020\/01\/burned-socket.png 572w, https:\/\/chargingshop.eu\/wp-content\/uploads\/2020\/01\/burned-socket-510x340.png 510w\" sizes=\"(max-width: 572px) 100vw, 572px\" \/>\t\t\t\t\t\t\t\t\t\t\t<\/div>\n\t\t\t<\/a>\t\t<\/div>\n\n\t\t<div class=\"box-text text-left\" style=\"padding:0px 0px 0px 30px;\">\n\t\t\t<div class=\"box-text-inner\">\n\t\t\t\t <\/p>\n<h3><a href=\"https:\/\/chargingshop.eu\/lt\/ar-saugu-krauti-elektromobili-naudojant-namu-rozete\/\"><strong>Ar saugu krauti elektromobil\u012f i\u0161 reguliarios 16A rozet\u0117s?<\/strong><\/a><\/h3>\n<ul>\n<li><a href=\"https:\/\/chargingshop.eu\/lt\/ar-saugu-krauti-elektromobili-naudojant-namu-rozete\/\">Su\u017einokite<\/a> ar saugu naudoti nam\u0173 rozet\u0119 reguliariam krovimui?<\/li>\n<li>Ar sutaupysite pinig\u0173 kai kraunate elektromobil\u012f tik su kabelyje integruotu AC adapteriu?<\/li>\n<\/ul>\n<p> \t\t\t<\/div>\n\t\t<\/div>\n\t<\/div>\n\t <div class=\"is-divider divider clearfix\" ><\/div> \t<div class=\"box has-hover   has-hover box-shadow-3 box-shadow-2-hover box-vertical box-text-bottom\" >\n\n\t\t<div class=\"box-image\" style=\"border-radius:10%;width:51%;\">\n\t\t\t<a href=\"https:\/\/chargingshop.eu\/wp-content\/uploads\/2022\/05\/michael-fousert-YhXlYJYlr3c-unsplash-600x400.jpg\"  >\t\t\t<div class=\"image-zoom image-cover\" style=\"padding-top:40%;\">\n\t\t\t\t<img decoding=\"async\" width=\"612\" height=\"408\" src=\"https:\/\/chargingshop.eu\/wp-content\/uploads\/2022\/05\/underground-parking-612x612-1.jpeg\" class=\"attachment-large size-large\" alt=\"\" srcset=\"https:\/\/chargingshop.eu\/wp-content\/uploads\/2022\/05\/underground-parking-612x612-1.jpeg 612w, https:\/\/chargingshop.eu\/wp-content\/uploads\/2022\/05\/underground-parking-612x612-1-600x400.jpeg 600w, https:\/\/chargingshop.eu\/wp-content\/uploads\/2022\/05\/underground-parking-612x612-1-510x340.jpeg 510w\" sizes=\"(max-width: 612px) 100vw, 612px\" \/>\t\t\t\t\t\t\t\t\t\t\t<\/div>\n\t\t\t<\/a>\t\t<\/div>\n\n\t\t<div class=\"box-text text-left\" style=\"padding:0px 0px 0px 30px;\">\n\t\t\t<div class=\"box-text-inner\">\n\t\t\t\t <\/p>\n<h3><a href=\"https:\/\/chargingshop.eu\/lt\/ziniu-centras\/esg-tikslu-igyvendinimas-sukuriant-ev-ikrovimo-galimybe-pastatuose\/\"><strong>ESG tiksl\u0173 \u012fgyvendinimas sukuriant EV \u012fkrovimo galimyb\u0119 pastatuose<\/strong><\/a><\/h3>\n<ul>\n<li style=\"text-align: left;\"><a href=\"https:\/\/chargingshop.eu\/lt\/kodel-verta-isigyti-elektromobiliu-krovimo-stotele\/\">Su\u017einokite<\/a> apie i\u0161maniojo EV \u012fkrovimo naud\u0105 komerciniam nekilnojamam turtui<\/li>\n<li style=\"text-align: left;\">Modernizuoti senus ar \u012frengti statant naujus pastatus<\/li>\n<\/ul>\n<p> \t\t\t<\/div>\n\t\t<\/div>\n\t<\/div>\n\t <div class=\"is-divider divider clearfix\" ><\/div> \t<div class=\"box has-hover   has-hover box-shadow-3 box-shadow-2-hover box-vertical box-text-bottom\" >\n\n\t\t<div class=\"box-image\" style=\"border-radius:10%;width:51%;\">\n\t\t\t<a href=\"https:\/\/chargingshop.eu\/lt\/naujas-budas-transportuoti-prekes-krovininiai-elektromobiliai\/\"  >\t\t\t<div class=\"image-zoom image-cover\" style=\"padding-top:40%;\">\n\t\t\t\t<img decoding=\"async\" width=\"600\" height=\"400\" src=\"https:\/\/chargingshop.eu\/wp-content\/uploads\/2022\/05\/volkswagen_id._buzz_cargo_3-1024x683.jpeg-600x400-1.webp\" class=\"attachment-large size-large\" alt=\"\" srcset=\"https:\/\/chargingshop.eu\/wp-content\/uploads\/2022\/05\/volkswagen_id._buzz_cargo_3-1024x683.jpeg-600x400-1.webp 600w, https:\/\/chargingshop.eu\/wp-content\/uploads\/2022\/05\/volkswagen_id._buzz_cargo_3-1024x683.jpeg-600x400-1-510x340.webp 510w\" sizes=\"(max-width: 600px) 100vw, 600px\" \/>\t\t\t\t\t\t\t\t\t\t\t<\/div>\n\t\t\t<\/a>\t\t<\/div>\n\n\t\t<div class=\"box-text text-left\" style=\"padding:0px 0px 0px 30px;\">\n\t\t\t<div class=\"box-text-inner\">\n\t\t\t\t <\/p>\n<h4><a href=\"https:\/\/chargingshop.eu\/lt\/naujas-budas-transportuoti-prekes-krovininiai-elektromobiliai\/\"><strong>Krovininiai elektromobiliai &#8211; 2022 met\u0173 modeli\u0173 ap\u017evalga<\/strong><\/a><\/h4>\n<ul>\n<li>Citro\u00ebn e-Berlingo \/ Opel Combo-e \/ Peugeot e-Partner<\/li>\n<li>Renault Kangoo E-tech Electric<\/li>\n<li>Citro\u00ebn e-Jumpy \/ Opel Vivaro-e \/ Peugeot e-Expert<\/li>\n<li>Volkswagen ID. Buzz Cargo<\/li>\n<\/ul>\n<p> \t\t\t<\/div>\n\t\t<\/div>\n\t<\/div>\n\t <div class=\"is-divider divider clearfix\" ><\/div> \t<div class=\"box has-hover   has-hover box-shadow-3 box-shadow-2-hover box-vertical box-text-bottom\" >\n\n\t\t<div class=\"box-image\" style=\"width:51%;\">\n\t\t\t<a href=\"https:\/\/chargingshop.eu\/lt\/naujas-budas-transportuoti-prekes-krovininiai-elektromobiliai\/\"  >\t\t\t<div class=\"image-zoom image-cover\" style=\"padding-top:40%;\">\n\t\t\t\t<img decoding=\"async\" width=\"800\" height=\"800\" src=\"https:\/\/chargingshop.eu\/wp-content\/uploads\/2022\/08\/ABB-Terra-AC-App-Backend.jpeg\" class=\"attachment-large size-large\" alt=\"ABB App backend\" srcset=\"https:\/\/chargingshop.eu\/wp-content\/uploads\/2022\/08\/ABB-Terra-AC-App-Backend.jpeg 800w, https:\/\/chargingshop.eu\/wp-content\/uploads\/2022\/08\/ABB-Terra-AC-App-Backend-400x400.jpeg 400w, https:\/\/chargingshop.eu\/wp-content\/uploads\/2022\/08\/ABB-Terra-AC-App-Backend-280x280.jpeg 280w, https:\/\/chargingshop.eu\/wp-content\/uploads\/2022\/08\/ABB-Terra-AC-App-Backend-768x768.jpeg 768w, https:\/\/chargingshop.eu\/wp-content\/uploads\/2022\/08\/ABB-Terra-AC-App-Backend-510x510.jpeg 510w, https:\/\/chargingshop.eu\/wp-content\/uploads\/2022\/08\/ABB-Terra-AC-App-Backend-100x100.jpeg 100w\" sizes=\"(max-width: 800px) 100vw, 800px\" \/>\t\t\t\t\t\t\t\t\t\t\t<\/div>\n\t\t\t<\/a>\t\t<\/div>\n\n\t\t<div class=\"box-text text-left\" style=\"padding:0px 0px 0px 30px;\">\n\t\t\t<div class=\"box-text-inner\">\n\t\t\t\t <\/p>\n<h3><a href=\"https:\/\/chargingshop.eu\/lt\/elektromobiliu-ikrovimo-stoteles-namams-ar-jos-visos-vienodos\/\">Elektromobiliu \u012fkrovimo stoteles namams: ar jos visos vienodos?<\/a><\/h3>\n<p>\u010cia su\u017einosite:\u00a0<\/p>\n<ul>\n<li>Kuo skiriasi paprasto ir protingos stotel\u0117s<\/li>\n<li>Kokie Smart funkcionalumai b\u016bna ir ku jie naudingi<\/li>\n<li>Apie krovimo statistik\u0105 ir stotel\u0117s valdym\u0105<\/li>\n<\/ul>\n<p> \t\t\t<\/div>\n\t\t<\/div>\n\t<\/div>\n\t <div class=\"is-divider divider clearfix\" ><\/div> \t<div class=\"box has-hover   has-hover box-shadow-3 box-shadow-2-hover box-vertical box-text-bottom\" >\n\n\t\t<div class=\"box-image\" style=\"border-radius:10%;width:51%;\">\n\t\t\t<a href=\"https:\/\/chargingshop.eu\/lt\/elektromobiliai-kaip-ji-issirinkti\/\"  >\t\t\t<div class=\"image-zoom image-cover\" style=\"padding-top:40%;\">\n\t\t\t\t<img decoding=\"async\" width=\"1020\" height=\"638\" src=\"https:\/\/chargingshop.eu\/wp-content\/uploads\/2022\/08\/FUTURISTINIS-CHARGE-1280x800.jpeg\" class=\"attachment-large size-large\" alt=\"Elektromobiliai\" srcset=\"https:\/\/chargingshop.eu\/wp-content\/uploads\/2022\/08\/FUTURISTINIS-CHARGE-1280x800.jpeg 1280w, https:\/\/chargingshop.eu\/wp-content\/uploads\/2022\/08\/FUTURISTINIS-CHARGE-640x400.jpeg 640w, https:\/\/chargingshop.eu\/wp-content\/uploads\/2022\/08\/FUTURISTINIS-CHARGE-768x480.jpeg 768w, https:\/\/chargingshop.eu\/wp-content\/uploads\/2022\/08\/FUTURISTINIS-CHARGE-1536x960.jpeg 1536w, https:\/\/chargingshop.eu\/wp-content\/uploads\/2022\/08\/FUTURISTINIS-CHARGE-510x319.jpeg 510w, https:\/\/chargingshop.eu\/wp-content\/uploads\/2022\/08\/FUTURISTINIS-CHARGE.jpeg 1600w\" sizes=\"(max-width: 1020px) 100vw, 1020px\" \/>\t\t\t\t\t\t\t\t\t\t\t<\/div>\n\t\t\t<\/a>\t\t<\/div>\n\n\t\t<div class=\"box-text text-left\" style=\"padding:0px 0px 0px 30px;\">\n\t\t\t<div class=\"box-text-inner\">\n\t\t\t\t <\/p>\n<h3><a href=\"https:\/\/chargingshop.eu\/lt\/elektromobiliai-kaip-ji-issirinkti\/\">Elektromobiliai \u2013 kaip j\u012f i\u0161sirinkti?<\/a><\/h3>\n<p>\u010cia su\u017einosite \u012e k\u0105 reikia atsi\u017evelgti perkant elektromobil\u012f:\u00a0<\/p>\n<ul>\n<li>Baterijos talpa ir autonomi\u0161kumas<\/li>\n<li>Did\u017eiausia palaikoma greito (DC) krovimo galia. <\/li>\n<li>DC krovimo grei\u010dio kreiv\u0117 ir kod\u0117l ji yra svarbi<\/li>\n<\/ul>\n<p> \t\t\t<\/div>\n\t\t<\/div>\n\t<\/div>\n\t <div class=\"is-divider divider clearfix\" ><\/div> \t<div class=\"box has-hover   has-hover box-shadow-3 box-shadow-2-hover box-vertical box-text-bottom\" >\n\n\t\t<div class=\"box-image\" style=\"border-radius:53%;width:51%;\">\n\t\t\t<a href=\"https:\/\/chargingshop.eu\/parama-elektromobiliu-ikrovimo-stoteliu-irengimui\/\"  >\t\t\t<div class=\"image-zoom image-cover\" style=\"padding-top:40%;\">\n\t\t\t\t<img decoding=\"async\" width=\"571\" height=\"140\" src=\"https:\/\/chargingshop.eu\/wp-content\/uploads\/2022\/08\/il-eMOBf.png\" class=\"attachment-large size-large\" alt=\"Parama elektromobiliu krovimo stotelems\" srcset=\"https:\/\/chargingshop.eu\/wp-content\/uploads\/2022\/08\/il-eMOBf.png 571w, https:\/\/chargingshop.eu\/wp-content\/uploads\/2022\/08\/il-eMOBf-510x125.png 510w\" sizes=\"(max-width: 571px) 100vw, 571px\" \/>\t\t\t\t\t\t\t\t\t\t\t<\/div>\n\t\t\t<\/a>\t\t<\/div>\n\n\t\t<div class=\"box-text text-left\" style=\"padding:0px 0px 0px 30px;\">\n\t\t\t<div class=\"box-text-inner\">\n\t\t\t\t <\/p>\n<h3><a href=\"https:\/\/chargingshop.eu\/parama-elektromobiliu-ikrovimo-stoteliu-irengimui\/\">Su\u017einokite apie param\u0105 elektromobili\u0173 stotel\u0117ms:<\/a><\/h3>\n<p\u00a0<\/p>\n<ul>\n<li>Kada ji bus teikiama ir kokioms tikslin\u0117ms grup\u0117ms<\/li>\n<li> Kokio dyd\u017eio finansavimo intensyvumas bus skiriamas kiekvienai tikslinei grupei<\/li>\n<li>U\u017epildykite form\u0105 ir gaukite parai\u0161kos teikimo instrukcij\u0105<\/li>\n<\/ul>\n<p> \t\t\t<\/div>\n\t\t<\/div>\n\t<\/div>\n\t\n","protected":false},"excerpt":{"rendered":"","protected":false},"author":1,"featured_media":0,"parent":0,"menu_order":0,"comment_status":"closed","ping_status":"closed","template":"page-blank-title-center.php","meta":{"footnotes":""},"class_list":["post-634","page","type-page","status-publish","hentry"],"_links":{"self":[{"href":"https:\/\/chargingshop.eu\/lt\/wp-json\/wp\/v2\/pages\/634","targetHints":{"allow":["GET"]}}],"collection":[{"href":"https:\/\/chargingshop.eu\/lt\/wp-json\/wp\/v2\/pages"}],"about":[{"href":"https:\/\/chargingshop.eu\/lt\/wp-json\/wp\/v2\/types\/page"}],"author":[{"embeddable":true,"href":"https:\/\/chargingshop.eu\/lt\/wp-json\/wp\/v2\/users\/1"}],"replies":[{"embeddable":true,"href":"https:\/\/chargingshop.eu\/lt\/wp-json\/wp\/v2\/comments?post=634"}],"version-history":[{"count":0,"href":"https:\/\/chargingshop.eu\/lt\/wp-json\/wp\/v2\/pages\/634\/revisions"}],"wp:attachment":[{"href":"https:\/\/chargingshop.eu\/lt\/wp-json\/wp\/v2\/media?parent=634"}],"curies":[{"name":"wp","href":"https:\/\/api.w.org\/{rel}","templated":true}]}}