{"id":623,"date":"2015-11-17T20:15:56","date_gmt":"2015-11-17T20:15:56","guid":{"rendered":"https:\/\/chargingshop.eu\/demos\/"},"modified":"2020-02-28T13:16:12","modified_gmt":"2020-02-28T13:16:12","slug":"demos","status":"publish","type":"page","link":"https:\/\/chargingshop.eu\/lt\/demos\/","title":{"rendered":"Demonstracija"},"content":{"rendered":"\t<section class=\"section\" id=\"section_1587768400\">\n\t\t<div class=\"bg section-bg fill bg-fill  bg-loaded\" >\n\n\t\t\t\n\t\t\t\n\t\t\t\n\n\t\t<\/div>\n\n\t\t\n\n\t\t<div class=\"section-content relative\">\n\t\t\t\n\t<div class=\"img has-hover x md-x lg-x y md-y lg-y\" id=\"image_1547027573\">\n\t\t\t\t\t\t\t\t<div class=\"img-inner image-zoom-long dark\" >\n\t\t\t<img decoding=\"async\" width=\"1020\" height=\"467\" src=\"https:\/\/chargingshop.eu\/wp-content\/uploads\/2019\/12\/Screenshot-2019-12-28-at-15.01.04.png\" class=\"attachment-large size-large\" alt=\"CHRG App dashboard\" srcset=\"https:\/\/chargingshop.eu\/wp-content\/uploads\/2019\/12\/Screenshot-2019-12-28-at-15.01.04.png 1143w, https:\/\/chargingshop.eu\/wp-content\/uploads\/2019\/12\/Screenshot-2019-12-28-at-15.01.04-800x366.png 800w, https:\/\/chargingshop.eu\/wp-content\/uploads\/2019\/12\/Screenshot-2019-12-28-at-15.01.04-768x351.png 768w, https:\/\/chargingshop.eu\/wp-content\/uploads\/2019\/12\/Screenshot-2019-12-28-at-15.01.04-510x233.png 510w\" sizes=\"(max-width: 1020px) 100vw, 1020px\" \/>\t\t\t\t\t\t\n\t\t\t\t\t<\/div>\n\t\t\t\t\t\t\t\t\n<style>\n#image_1547027573 {\n  width: 100%;\n}\n<\/style>\n\t<\/div>\n\t\n<div class=\"is-divider divider clearfix\" style=\"height:0px;\"><\/div>\n<h3 style=\"text-align: center;\">Mes pad\u0117sime Jums teikti Elektromobili\u0173 krovimo paslaug\u0105 patogiu ir protingu b\u016bdu\u00a0<\/h3>\n<p style=\"text-align: center;\">Su m\u016bs\u0173 platforma, J\u016bs galite valdyti vis\u0105 krovimo stoteli\u0173 park\u0105 skirtingose lokacijose naudodami stotel\u0117s valdymo panel\u0119. Tuo tarpu EV vairuotojas gali patogiai surasti stoteles, prad\u0117ti \/ sustabdyti krovimosi sesijas ir mok\u0117ti u\u017e krovim\u0105 naudojant telefono Applikacij\u0105<\/p>\n\t\t<\/div>\n\n\t\t\n<style>\n#section_1587768400 {\n  padding-top: 30px;\n  padding-bottom: 30px;\n  background-color: #fafafa;\n}\n#section_1587768400 .ux-shape-divider--top svg {\n  height: 150px;\n  --divider-top-width: 100%;\n}\n#section_1587768400 .ux-shape-divider--bottom svg {\n  height: 150px;\n  --divider-width: 100%;\n}\n<\/style>\n\t<\/section>\n\t\n<div class=\"is-divider divider clearfix\" ><\/div>\n\t<div class=\"box has-hover   has-hover box-shadow-3 box-shadow-2-hover box-vertical box-text-bottom\" >\n\n\t\t<div class=\"box-image\" style=\"border-radius:10%;width:48%;\">\n\t\t\t\t\t\t<div class=\"image-zoom image-cover\" style=\"padding-top:40%;\">\n\t\t\t\t<img decoding=\"async\" width=\"982\" height=\"732\" src=\"https:\/\/chargingshop.eu\/wp-content\/uploads\/2019\/12\/Dashboard.png\" class=\"attachment-original size-original\" alt=\"CHRG Network\" srcset=\"https:\/\/chargingshop.eu\/wp-content\/uploads\/2019\/12\/Dashboard.png 982w, https:\/\/chargingshop.eu\/wp-content\/uploads\/2019\/12\/Dashboard-537x400.png 537w, https:\/\/chargingshop.eu\/wp-content\/uploads\/2019\/12\/Dashboard-768x572.png 768w, https:\/\/chargingshop.eu\/wp-content\/uploads\/2019\/12\/Dashboard-510x380.png 510w\" sizes=\"(max-width: 982px) 100vw, 982px\" \/>\t\t\t\t\t\t\t\t\t\t\t<\/div>\n\t\t\t\t\t<\/div>\n\n\t\t<div class=\"box-text text-left\" style=\"padding:0px 0px 0px 60px;\">\n\t\t\t<div class=\"box-text-inner\">\n\t\t\t\t\n<h4 style=\"text-align: left;\">Intuityvi stotel\u0117s savininko valdymo panel\u0117 <\/h4>\n<ul>\n<li style=\"text-align: left;\"> Vartotojai gali u\u017esiregistruoti patys <\/li>\n<li style=\"text-align: left;\"> Stoteli\u0173 savinink\u0173 profilio suk\u016brimas ir naujosstotel\u0117s prid\u0117jimas u\u017etrunka tik kelet\u0105 minu\u010di\u0173.<\/li>\n<\/ul>\n\t\t\t<\/div>\n\t\t<\/div>\n\t<\/div>\n\t\n<div class=\"is-divider divider clearfix\" ><\/div>\n\t<div class=\"box has-hover   has-hover box-shadow-3 box-shadow-2-hover box-vertical box-text-bottom\" >\n\n\t\t<div class=\"box-image\" style=\"border-radius:10%;width:51%;\">\n\t\t\t\t\t\t<div class=\"image-zoom image-cover\" style=\"padding-top:40%;\">\n\t\t\t\t<img decoding=\"async\" width=\"1002\" height=\"621\" src=\"https:\/\/chargingshop.eu\/wp-content\/uploads\/2020\/01\/App115.png\" class=\"attachment-large size-large\" alt=\"CHRG App\" srcset=\"https:\/\/chargingshop.eu\/wp-content\/uploads\/2020\/01\/App115.png 1002w, https:\/\/chargingshop.eu\/wp-content\/uploads\/2020\/01\/App115-645x400.png 645w, https:\/\/chargingshop.eu\/wp-content\/uploads\/2020\/01\/App115-768x476.png 768w, https:\/\/chargingshop.eu\/wp-content\/uploads\/2020\/01\/App115-510x316.png 510w\" sizes=\"(max-width: 1002px) 100vw, 1002px\" \/>\t\t\t\t\t\t\t\t\t\t\t<\/div>\n\t\t\t\t\t<\/div>\n\n\t\t<div class=\"box-text text-left\" style=\"padding:0px 0px 0px 30px;\">\n\t\t\t<div class=\"box-text-inner\">\n\t\t\t\t\n<h4>Elektromobilio vairuotojo App\u201c leid\u017eia Jums: <\/h4>\n<ul>\n<li> Matyti laisvas stoteles \u017eem\u0117lapyje ir pad\u0117s naviguoti link j\u0173<\/li>\n<li>Rezervuoti stotel\u0119 i\u0161 anksto \/ inicijuoti, sustabdyti &#038; mok\u0117ti u\u017e \u012fkrovimo sesij\u0105 <\/li>\n<li> Krovimo metu telefono ekrane galite patogiai matyti akumuliatoriaus b\u016bsen\u0105, gali\u0105 ir \u012fkraut\u0173 kWh kiek\u012f.<\/li>\n<\/ul>\n\t\t\t<\/div>\n\t\t<\/div>\n\t<\/div>\n\t\n<div class=\"is-divider divider clearfix\" ><\/div>\n\t<div class=\"box has-hover   has-hover box-shadow-3 box-shadow-2-hover box-vertical box-text-bottom\" >\n\n\t\t<div class=\"box-image\" style=\"border-radius:10%;width:48%;\">\n\t\t\t\t\t\t<div class=\"image-zoom image-cover\" style=\"padding-top:40%;\">\n\t\t\t\t<img decoding=\"async\" width=\"1319\" height=\"613\" src=\"https:\/\/chargingshop.eu\/wp-content\/uploads\/2020\/01\/station-stats.png\" class=\"attachment-original size-original\" alt=\"CHRG Network station owner\" srcset=\"https:\/\/chargingshop.eu\/wp-content\/uploads\/2020\/01\/station-stats.png 1319w, https:\/\/chargingshop.eu\/wp-content\/uploads\/2020\/01\/station-stats-800x372.png 800w, https:\/\/chargingshop.eu\/wp-content\/uploads\/2020\/01\/station-stats-768x357.png 768w, https:\/\/chargingshop.eu\/wp-content\/uploads\/2020\/01\/station-stats-510x237.png 510w\" sizes=\"(max-width: 1319px) 100vw, 1319px\" \/>\t\t\t\t\t\t\t\t\t\t\t<\/div>\n\t\t\t\t\t<\/div>\n\n\t\t<div class=\"box-text text-center\" style=\"padding:0px 0px 0px 55px;\">\n\t\t\t<div class=\"box-text-inner\">\n\t\t\t\t\n<h4 style=\"text-align: left;\">Stoties valdytojo panel\u0117je galite: <\/h4>\n<ul>\n<li style=\"text-align: left;\">Automati\u0161kai \u012fjungti EV tvarkykles (be popierini\u0173 sutar\u010di\u0173)<\/li>\n<li style=\"text-align: left;\">Automati\u0161kai renka mok\u0117jimus u\u017e pateiktus mokes\u010dius <\/li>\n<li style=\"text-align: left;\">Nustatykite savo kainodar\u0105 ir \u017ei\u016br\u0117kite savo sto\u010di\u0173 krovimo statistik\u0105<\/li>\n<li style=\"text-align: left;\">Nuotoliniu b\u016bdu suaktyvinkite \/ i\u0161junkite ir restartuokite savo stotis<\/li>\n<\/ul>\n\t\t\t<\/div>\n\t\t<\/div>\n\t<\/div>\n\t\n","protected":false},"excerpt":{"rendered":"","protected":false},"author":2525,"featured_media":0,"parent":0,"menu_order":0,"comment_status":"closed","ping_status":"closed","template":"page-blank-title-center.php","meta":{"footnotes":""},"class_list":["post-623","page","type-page","status-publish","hentry"],"_links":{"self":[{"href":"https:\/\/chargingshop.eu\/lt\/wp-json\/wp\/v2\/pages\/623","targetHints":{"allow":["GET"]}}],"collection":[{"href":"https:\/\/chargingshop.eu\/lt\/wp-json\/wp\/v2\/pages"}],"about":[{"href":"https:\/\/chargingshop.eu\/lt\/wp-json\/wp\/v2\/types\/page"}],"author":[{"embeddable":true,"href":"https:\/\/chargingshop.eu\/lt\/wp-json\/wp\/v2\/users\/2525"}],"replies":[{"embeddable":true,"href":"https:\/\/chargingshop.eu\/lt\/wp-json\/wp\/v2\/comments?post=623"}],"version-history":[{"count":0,"href":"https:\/\/chargingshop.eu\/lt\/wp-json\/wp\/v2\/pages\/623\/revisions"}],"wp:attachment":[{"href":"https:\/\/chargingshop.eu\/lt\/wp-json\/wp\/v2\/media?parent=623"}],"curies":[{"name":"wp","href":"https:\/\/api.w.org\/{rel}","templated":true}]}}