{"id":592,"date":"2013-08-11T19:06:15","date_gmt":"2013-08-11T19:06:15","guid":{"rendered":"https:\/\/chargingshop.eu\/about\/"},"modified":"2024-10-26T10:19:12","modified_gmt":"2024-10-26T10:19:12","slug":"ev-charging-at-home","status":"publish","type":"page","link":"https:\/\/chargingshop.eu\/lt\/pages\/ev-charging-at-home\/","title":{"rendered":"About"},"content":{"rendered":"<p>&nbsp; &nbsp; \n  <div class=\"banner has-hover has-parallax\" id=\"banner-2038311629\">\n          <div class=\"banner-inner fill\">\n        <div class=\"banner-bg fill\" data-parallax=\"-3\" data-parallax-container=\".banner\" data-parallax-background>\n            <div class=\"bg fill bg-fill \"><\/div>\n                        <div class=\"overlay\"><\/div>            \n                    <\/div>\n\t\t\n        <div class=\"banner-layers container\">\n            <div class=\"fill banner-link\"><\/div>                <div id=\"text-box-229412824\" class=\"text-box banner-layer x50 md-x50 lg-x50 y100 md-y100 lg-y100 res-text\">\n                                <div class=\"text-box-content text dark\">\n              \n              <div class=\"text-inner text-center\">\n                   <\/p>\n<h1 class=\"lead\"><span lang=\"lt\">Apie mus<\/span><\/h1>\n\n<p class=\"lead\"><span lang=\"lt\">M\u016bs\u0173 misija \u2013 prisid\u0117ti prie nuolatinio per\u0117jimo prie 100 % elektrinio mobilumo, kad <strong><em>elektromobili\u0173 \u012fkrovimas b\u016bt\u0173 pasiekiamas kaip oras, visur ir visiems. <\/em><\/strong>Tai darome teikdami \u012frankius (programin\u0119 ir technin\u0119 \u012frang\u0105) ir mokydami priva\u010dius \u017emones bei \u012fmones, kaip teikti krovimo paslaug\u0105 kitiems elektromobili\u0173 vairuotojams.<\/span><\/p>\n<pre id=\"m_5641250962078427514ydp3f00fb16tw-target-text\" dir=\"ltr\"><\/pre>\n<p>               <\/div>\n           <\/div>\n                            \n<style>\n#text-box-229412824 {\n  width: 60%;\n}\n#text-box-229412824 .text-box-content {\n  font-size: 100%;\n}\n<\/style>\n    <\/div>\n          <\/div>\n      <\/div>\n\n            \n<style>\n#banner-2038311629 {\n  padding-top: 507px;\n}\n#banner-2038311629 .bg.bg-loaded {\n  background-image: url(https:\/\/chargingshop.eu\/wp-content\/uploads\/2024\/03\/banner-1400x788.png);\n}\n#banner-2038311629 .overlay {\n  background-color: rgba(0, 0, 0, 0.49);\n}\n#banner-2038311629 .ux-shape-divider--top svg {\n  height: 150px;\n  --divider-top-width: 100%;\n}\n#banner-2038311629 .ux-shape-divider--bottom svg {\n  height: 150px;\n  --divider-width: 100%;\n}\n<\/style>\n  <\/div>\n\n <div class=\"row\"  id=\"row-884021891\"> \n\t<div id=\"col-201096881\" class=\"col medium-6 small-12 large-6\"  >\n\t\t\t\t<div class=\"col-inner\"  >\n\t\t\t\n\t\t\t \t<div class=\"img has-hover x md-x lg-x y md-y lg-y\" id=\"image_302634406\">\n\t\t\t\t\t\t\t\t<div class=\"img-inner dark\" >\n\t\t\t<img decoding=\"async\" width=\"1020\" height=\"680\" src=\"https:\/\/chargingshop.eu\/wp-content\/uploads\/2024\/03\/CHRG-network-app.png\" class=\"attachment-large size-large\" alt=\"\" srcset=\"https:\/\/chargingshop.eu\/wp-content\/uploads\/2024\/03\/CHRG-network-app.png 1200w, https:\/\/chargingshop.eu\/wp-content\/uploads\/2024\/03\/CHRG-network-app-600x400.png 600w, https:\/\/chargingshop.eu\/wp-content\/uploads\/2024\/03\/CHRG-network-app-768x512.png 768w, https:\/\/chargingshop.eu\/wp-content\/uploads\/2024\/03\/CHRG-network-app-510x340.png 510w, https:\/\/chargingshop.eu\/wp-content\/uploads\/2024\/03\/CHRG-network-app-90x60.png 90w, https:\/\/chargingshop.eu\/wp-content\/uploads\/2024\/03\/CHRG-network-app-135x90.png 135w\" sizes=\"(max-width: 1020px) 100vw, 1020px\" \/>\t\t\t\t\t\t\n\t\t\t\t\t<\/div>\n\t\t\t\t\t\t\t\t\n<style>\n#image_302634406 {\n  width: 100%;\n}\n<\/style>\n\t<\/div>\n\t <\/p>\n<div class=\"container section-title-container\">\n<h4 id=\"tw-target-text\" class=\"tw-data-text tw-text-large tw-ta\" dir=\"ltr\" data-placeholder=\"Vertimas\" data-ved=\"2ahUKEwjMg5Pi36uJAxVuBdsEHVieH4MQ3ewLegQIBxAW\" aria-label=\"I\u0161verstas tekstas: PRIEIGOS KONTROL\u0116S, AUTOMATINIO ATSISKAITYMO IR ATSISKAITYMO STATISTIKOS SISTEMA\"><strong><span class=\"Y2IQFc\" lang=\"lt\">PRIEIGOS KONTROL\u0116, AUTOMATINIO ATSISKAITYMO IR ATSISKAITYMO STATISTIKOS SISTEMA<\/span><\/strong><\/h4>\n<\/p><\/div>\n<p class=\"tw-data-text tw-text-large tw-ta\" dir=\"ltr\" data-placeholder=\"Vertimas\" data-ved=\"2ahUKEwjMg5Pi36uJAxVuBdsEHVieH4MQ3ewLegQIBxAW\" aria-label=\"I\u0161verstas tekstas: Galb\u016bt galutiniams klientams pasi\u016blyti EV \u012fkrovimo versl\u0105 tur\u0117site pasir\u016bpinti daugeliu dalyk\u0173, pavyzd\u017eiui, kontrole vartotojo prieiga, mok\u0117jim\u0173 surinkimas, stoties steb\u0117jimas ir klient\u0173 aptarnavimas, kai reikia. Program\u0117l\u0117s naudojimas CHRG NETWORK i\u0161sprend\u017eia visus \u0161iuos i\u0161\u0161\u016bkius u\u017e jus\"><span class=\"Y2IQFc\" lang=\"lt\">Galb\u016bt galutiniams klientams pasi\u016blant EV \u012fkrovimo versl\u0105 tur\u0117site pasir\u016bpinti daugeliu dalyk\u0173, kai reikia, pavyzd\u017eiui, vartotojo prieigos kontrole, mok\u0117jim\u0173 surinkimu, stoties steb\u0117jimu ir klient\u0173 aptarnavimu. <\/span><span class=\"Y2IQFc\" lang=\"lt\">Program\u0117l\u0117s naudojimas CHRG NETWORK i\u0161sprend\u017eia visus \u0161iuos i\u0161\u0161\u016bkius u\u017e jus<\/span><\/p>\n<p> \t\t<\/div>\n\t\t\t\t\t<\/div>\n\n\t \n\t<div id=\"col-834634260\" class=\"col medium-6 small-12 large-6\"  >\n\t\t\t\t<div class=\"col-inner\"  >\n\t\t\t\n\t\t\t \t<div class=\"img has-hover x md-x lg-x y md-y lg-y\" id=\"image_519436283\">\n\t\t\t\t\t\t\t\t<div class=\"img-inner dark\" >\n\t\t\t<img decoding=\"async\" width=\"1020\" height=\"680\" src=\"https:\/\/chargingshop.eu\/wp-content\/uploads\/2024\/03\/laod-balancing-at-home.png\" class=\"attachment-large size-large\" alt=\"\" srcset=\"https:\/\/chargingshop.eu\/wp-content\/uploads\/2024\/03\/laod-balancing-at-home.png 1200w, https:\/\/chargingshop.eu\/wp-content\/uploads\/2024\/03\/laod-balancing-at-home-600x400.png 600w, https:\/\/chargingshop.eu\/wp-content\/uploads\/2024\/03\/laod-balancing-at-home-768x512.png 768w, https:\/\/chargingshop.eu\/wp-content\/uploads\/2024\/03\/laod-balancing-at-home-510x340.png 510w, https:\/\/chargingshop.eu\/wp-content\/uploads\/2024\/03\/laod-balancing-at-home-90x60.png 90w, https:\/\/chargingshop.eu\/wp-content\/uploads\/2024\/03\/laod-balancing-at-home-135x90.png 135w\" sizes=\"(max-width: 1020px) 100vw, 1020px\" \/>\t\t\t\t\t\t\n\t\t\t\t\t<\/div>\n\t\t\t\t\t\t\t\t\n<style>\n#image_519436283 {\n  width: 100%;\n}\n<\/style>\n\t<\/div>\n\t <\/p>\n<div class=\"container section-title-container\">\n<h3 class=\"section-title section-title-normal\"><\/h3>\n<h3 id=\"tw-target-text\" class=\"tw-data-text tw-text-large tw-ta\" dir=\"ltr\" data-placeholder=\"Vertimas\" data-ved=\"2ahUKEwjMg5Pi36uJAxVuBdsEHVieH4MQ3ewLegQIBxAW\" aria-label=\"I\u0161verstas tekstas: LANKST\u016aS APKROVOS BALANSAVIMO SPRENDIMAI, KAD OPTIMALIAI NAUDOTI RIBOT\u0104 I\u0160\u0116JIM\u0104\"><span class=\"Y2IQFc\" lang=\"lt\">LENGVAI PRITAIKOMI APKROVOS BALANSAVIMO SPRENDIMAI, KAD OPTIMALIAI NAUDOTI RIBOTO GALINGUMO ELEKTROS \u012eVAD\u0104 <\/span><\/h3>\n<\/p><\/div>\n<p id=\"tw-target-text\" class=\"tw-data-text tw-text-large tw-ta\" dir=\"ltr\" data-placeholder=\"Vertimas\" data-ved=\"2ahUKEwjMg5Pi36uJAxVuBdsEHVieH4MQ3ewLegQIBxAW\" aria-label=\"I\u0161verstas tekstas: Daugelyje viet\u0173 yra ribotas elektros energijos kiekis energijos. Mes rasime jums sprendim\u0105 maksimaliai panaudoti savo elektros energij\u0105 ir padaryti j\u0105 prieinam\u0105 EV \u012fkrovimas\"><span class=\"Y2IQFc\" lang=\"lt\">Daugelyje viet\u0173 yra ribotas elektros energijos kiekis<\/span><span class=\"Y2IQFc\" lang=\"lt\">. Mes <\/span><span class=\"Y2IQFc\" lang=\"lt\">rasime jums sprendim\u0105 maksimaliai <\/span><span class=\"Y2IQFc\" lang=\"lt\">panaudoti elektros <\/span><span class=\"Y2IQFc\" lang=\"lt\">energij\u0105 ir padaryti j\u0105 prieinam\u0105 EV \u012fkrovimams<\/span><\/p>\n\n<p id=\"tw-target-text\" class=\"tw-data-text tw-text-large tw-ta\" dir=\"ltr\" data-placeholder=\"Vertimas\" data-ved=\"2ahUKEwjMg5Pi36uJAxVuBdsEHVieH4MQ3ewLegQIBxAW\" aria-label=\"I\u0161verstas tekstas: Tokiu b\u016bdu pad\u0117sime i\u0161vengti elektros gedim\u0173 saugikl\u012f ir mes pad\u0117sime padidinti j\u016bs\u0173 elektromobilio \u012fkrovimo pajamas net ir esant ribotam maitinimo \u0161altiniui Atkreipkite d\u0117mes\u012f \u2013 b\u016btina \u012fmontuoti papildom\u0105 i\u0161man\u0173j\u012f skaitikl\u012f savo elektros skydel\u012f\"><span class=\"Y2IQFc\" lang=\"lt\">Tokiu b\u016bdu pad\u0117sime i\u0161vengti elektros gedim\u0173 saugiklio ir mes pad\u0117sime padidinti j\u016bs\u0173 elektromobilio \u012fkrovimo pajamas net ir esant ribotam maitinimo \u0161altiniui <\/span><\/p>\n<p class=\"tw-data-text tw-text-large tw-ta\" dir=\"ltr\" data-placeholder=\"Vertimas\" data-ved=\"2ahUKEwjMg5Pi36uJAxVuBdsEHVieH4MQ3ewLegQIBxAW\" aria-label=\"I\u0161verstas tekstas: Tokiu b\u016bdu pad\u0117sime i\u0161vengti elektros gedim\u0173 saugikl\u012f ir mes pad\u0117sime padidinti j\u016bs\u0173 elektromobilio \u012fkrovimo pajamas net ir esant ribotam maitinimo \u0161altiniui Atkreipkite d\u0117mes\u012f \u2013 b\u016btina \u012fmontuoti papildom\u0105 i\u0161man\u0173j\u012f skaitikl\u012f savo elektros skydel\u012f\"><span class=\"Y2IQFc\" lang=\"lt\">Atkreipkite d\u0117mes\u012f \u2013 b\u016btina \u012fmontuoti papildom\u0105 i\u0161man\u0173j\u012f skaitikl\u012f savo elektros skydelyje.<\/span><\/p>\n<p> &nbsp; \t\t<\/div>\n\t\t\t\t\t<\/div>\n\n\t <\/div> <div class=\"row\"  id=\"row-126426961\"> \n\t<div id=\"col-378278435\" class=\"col small-12 large-12\"  >\n\t\t\t\t<div class=\"col-inner\"  >\n\t\t\t\n\t\t\t <a href=\"http:\/\/www.chargingshop.eu\">Chargingshop.eu<\/a> projektas prad\u0117tas <span class=\"Y2IQFc\" lang=\"lt\">2019 metais, <\/span><span class=\"Y2IQFc\" lang=\"lt\">prad\u0117jo veikti \u201eCHRG Network\u201c, kuris pats buvo \u012fkurtas 2017 metais.<\/span> &nbsp; @<em><strong>CHRG Network<\/strong><\/em><span class=\"Y2IQFc\" lang=\"lt\"> suk\u016br\u0117me <strong><em>patentuot\u0105 \u012fkrovimo stotel\u0117s valdymo sistem\u0105<\/em><\/strong> &#8220;CHRG Network&#8221; kartu su App programa vairuotojui, kuri leid\u017eia skland\u017eiai naudotis stotel\u0117s savininkams. Kai \u012fkrovimo stotel\u0117 yra prijungta prie CHRG tinklo sistemos, EV vairuotojai gali prad\u0117ti \/ sustabdyti ir sumok\u0117ti u\u017e \u012fkrovimo seans\u0105 naudodami m\u016bs\u0173 App program\u0117l\u0119. Tai patogu vairuotojui, taip pat automatizuoja mok\u0117jim\u0173 surinkimo ir s\u0105skait\u0173 fakt\u016br\u0173 i\u0161ra\u0161ymo procesus stotel\u0117s savininkams.<\/span> <span class=\"Y2IQFc\" lang=\"lt\">Chargingshop.eu yra internetin\u0117 parduotuv\u0117, kurioje galite rasti geriausi\u0173 \u012fkrovimo stoteli\u0173 asmeniniam naudojimui arba vie\u0161am krovimui. Daugelis \u0161i\u0173 stoteli\u0173 yra suderinamos su m\u016bs\u0173 patentuota CHRG tinklo stoteli\u0173 valdymo sistema.<\/span> <span class=\"Y2IQFc\" lang=\"lt\">Technologij\u0173 startuolis visame pasaulyje veikia i\u0161 Vilniaus (Lietuva), aptarnauja klientus visoje EEB (Europos ekonomin\u0117 bendrijoje). Dirbame su automobili\u0173 park\u0173 operatoriais, montavimo \u012fmon\u0117mis, energijos tiek\u0117jais ir elektromobili\u0173 vairuotojais.<\/span> <\/p>\n<p id=\"tw-target-text\" class=\"tw-data-text tw-text-large tw-ta\" dir=\"ltr\" style=\"text-align: center;\" data-placeholder=\"Vertimas\" data-ved=\"2ahUKEwjMg5Pi36uJAxVuBdsEHVieH4MQ3ewLegQIBxAW\" aria-label=\"I\u0161verstas tekstas: Sukurkime decentralizuot\u0105 elektromobili\u0173 \u012fkrovimo tinkl\u0105 kartu!\"><strong><span class=\"Y2IQFc\" lang=\"lt\">Sukurkime decentralizuot\u0105 elektromobili\u0173 \u012fkrovimo tinkl\u0105 kartu!<\/span><\/strong><\/p>\n<p> <div class=\"text-center\"><div class=\"is-divider divider clearfix\" ><\/div><\/div> <div class=\"row\"  id=\"row-89866518\"> \n\t<div id=\"col-722978292\" class=\"col small-12 large-12\"  >\n\t\t\t\t<div class=\"col-inner\"  >\n\t\t\t\n\t\t\t <\/p>\n<h2 style=\"text-align: center;\">KOMANDA<\/h2>\n<p> \t\t<\/div>\n\t\t\t\t\t<\/div>\n\n\t <\/div> <div class=\"row\"  id=\"row-1054053439\"> \n\t<div id=\"col-1469037612\" class=\"col medium-4 small-12 large-4\"  >\n\t\t\t\t<div class=\"col-inner\"  >\n\t\t\t\n\t\t\t     <div class=\"box has-hover has-hover box-text-bottom\" >\n\n                  <div class=\"box-image \" style=\"width:80%;\">\n           <div class=\"box-image-inner image-cover\" style=\"border-radius:100%;padding-top:100%;\">\n              <img decoding=\"async\" width=\"222\" height=\"184\" src=\"https:\/\/chargingshop.eu\/wp-content\/uploads\/2024\/03\/Rokas2.png\" class=\"attachment- size-\" alt=\"\" srcset=\"https:\/\/chargingshop.eu\/wp-content\/uploads\/2024\/03\/Rokas2.png 222w, https:\/\/chargingshop.eu\/wp-content\/uploads\/2024\/03\/Rokas2-72x60.png 72w, https:\/\/chargingshop.eu\/wp-content\/uploads\/2024\/03\/Rokas2-109x90.png 109w\" sizes=\"(max-width: 222px) 100vw, 222px\" \/>                         <\/div>\n          <\/div>\n         \n          <div class=\"box-text text-center\" >\n                <div class=\"box-text-inner\">\n                  <h4 class=\"uppercase\">\n                    <span class=\"person-name\">ROKAS DANUSEVICIUS<\/span><br\/>\n                    <span class=\"person-title is-small thin-font op-7\">\n                      CEO\/CO-FOUNDER                    <\/span>\n                  <\/h4>\n                                                   <\/div>\n          <\/div>\n    <\/div>\n\n    \n     \t\t<\/div>\n\t\t\t\t\t<\/div>\n\n\t \n\t<div id=\"col-1122941984\" class=\"col medium-4 small-12 large-4\"  >\n\t\t\t\t<div class=\"col-inner\"  >\n\t\t\t\n\t\t\t     <div class=\"box has-hover has-hover box-text-bottom\" >\n\n                  <div class=\"box-image \" style=\"width:80%;\">\n           <div class=\"box-image-inner image-cover\" style=\"border-radius:100%;padding-top:100%;\">\n              <img decoding=\"async\" width=\"1080\" height=\"1080\" src=\"https:\/\/chargingshop.eu\/wp-content\/uploads\/2024\/03\/Damjan.png\" class=\"attachment- size-\" alt=\"\" srcset=\"https:\/\/chargingshop.eu\/wp-content\/uploads\/2024\/03\/Damjan.png 1080w, https:\/\/chargingshop.eu\/wp-content\/uploads\/2024\/03\/Damjan-400x400.png 400w, https:\/\/chargingshop.eu\/wp-content\/uploads\/2024\/03\/Damjan-800x800.png 800w, https:\/\/chargingshop.eu\/wp-content\/uploads\/2024\/03\/Damjan-280x280.png 280w, https:\/\/chargingshop.eu\/wp-content\/uploads\/2024\/03\/Damjan-768x768.png 768w, https:\/\/chargingshop.eu\/wp-content\/uploads\/2024\/03\/Damjan-510x510.png 510w, https:\/\/chargingshop.eu\/wp-content\/uploads\/2024\/03\/Damjan-100x100.png 100w, https:\/\/chargingshop.eu\/wp-content\/uploads\/2024\/03\/Damjan-60x60.png 60w, https:\/\/chargingshop.eu\/wp-content\/uploads\/2024\/03\/Damjan-90x90.png 90w\" sizes=\"(max-width: 1080px) 100vw, 1080px\" \/>                         <\/div>\n          <\/div>\n         \n          <div class=\"box-text text-center\" >\n                <div class=\"box-text-inner\">\n                  <h4 class=\"uppercase\">\n                    <span class=\"person-name\">DAMJAN I.<\/span><br\/>\n                    <span class=\"person-title is-small thin-font op-7\">\n                      CTO                    <\/span>\n                  <\/h4>\n                                                   <\/div>\n          <\/div>\n    <\/div>\n\n    \n     \t\t<\/div>\n\t\t\t\t\t<\/div>\n\n\t \n\t<div id=\"col-1655631812\" class=\"col medium-4 small-12 large-4\"  >\n\t\t\t\t<div class=\"col-inner\"  >\n\t\t\t\n\t\t\t     <div class=\"box has-hover has-hover box-text-bottom\" >\n\n                  <div class=\"box-image \" style=\"width:80%;\">\n           <div class=\"box-image-inner image-cover\" style=\"border-radius:100%;padding-top:100%;\">\n              <img decoding=\"async\" width=\"1080\" height=\"1080\" src=\"https:\/\/chargingshop.eu\/wp-content\/uploads\/2024\/03\/Matko.png\" class=\"attachment- size-\" alt=\"\" srcset=\"https:\/\/chargingshop.eu\/wp-content\/uploads\/2024\/03\/Matko.png 1080w, https:\/\/chargingshop.eu\/wp-content\/uploads\/2024\/03\/Matko-400x400.png 400w, https:\/\/chargingshop.eu\/wp-content\/uploads\/2024\/03\/Matko-800x800.png 800w, https:\/\/chargingshop.eu\/wp-content\/uploads\/2024\/03\/Matko-280x280.png 280w, https:\/\/chargingshop.eu\/wp-content\/uploads\/2024\/03\/Matko-768x768.png 768w, https:\/\/chargingshop.eu\/wp-content\/uploads\/2024\/03\/Matko-510x510.png 510w, https:\/\/chargingshop.eu\/wp-content\/uploads\/2024\/03\/Matko-100x100.png 100w, https:\/\/chargingshop.eu\/wp-content\/uploads\/2024\/03\/Matko-60x60.png 60w, https:\/\/chargingshop.eu\/wp-content\/uploads\/2024\/03\/Matko-90x90.png 90w\" sizes=\"(max-width: 1080px) 100vw, 1080px\" \/>                         <\/div>\n          <\/div>\n         \n          <div class=\"box-text text-center\" >\n                <div class=\"box-text-inner\">\n                  <h4 class=\"uppercase\">\n                    <span class=\"person-name\">matko varga<\/span><br\/>\n                    <span class=\"person-title is-small thin-font op-7\">\n                      sales manager                    <\/span>\n                  <\/h4>\n                                                   <\/div>\n          <\/div>\n    <\/div>\n\n    \n     \t\t<\/div>\n\t\t\t\t\t<\/div>\n\n\t <\/div> <div class=\"text-center\"><div class=\"is-divider divider clearfix\" ><\/div><\/div> <div class=\"row\"  id=\"row-1266558467\"> \n\t<div id=\"col-1893336066\" class=\"col medium-3 small-6 large-3\"  >\n\t\t\t\t<div class=\"col-inner\"  >\n\t\t\t\n\t\t\t <strong>Elektromobiliu sprendimu centras, UAB<\/strong> <div class=\"text-center\"><div class=\"is-divider divider clearfix\" style=\"max-width:700px;height:2px;\"><\/div><\/div> <strong>CHRG Network j.d.o.o.<\/strong> \t\t<\/div>\n\t\t\t\t\t<\/div>\n\n\t \n\t<div id=\"col-1582881358\" class=\"col medium-3 small-6 large-3\"  >\n\t\t\t\t<div class=\"col-inner\"  >\n\t\t\t\n\t\t\t <strong>VAT #: LT100011718313<\/strong> \t<div id=\"gap-1491385431\" class=\"gap-element clearfix\" style=\"display:block; height:auto;\">\n\t\t\n<style>\n#gap-1491385431 {\n  padding-top: 10px;\n}\n<\/style>\n\t<\/div>\n\t <div class=\"text-center\"><div class=\"is-divider divider clearfix\" style=\"max-width:700px;\"><\/div><\/div> <strong>OIB: 32509154757<\/strong> \t\t<\/div>\n\t\t\t\t\t<\/div>\n\n\t \n\t<div id=\"col-1541693559\" class=\"col medium-3 small-6 large-3\"  >\n\t\t\t\t<div class=\"col-inner\"  >\n\t\t\t\n\t\t\t <strong>Address: Zalgirio 88-708, Vilnius, LT-09303, Lithuania<\/strong> <div class=\"text-center\"><div class=\"is-divider divider clearfix\" style=\"max-width:700px;height:2px;\"><\/div><\/div> <strong>Address: Ulica Ivana Grovohca 1\/A, Rijeka<\/strong> \t\t<\/div>\n\t\t\t\t\t<\/div>\n\n\t \n\t<div id=\"col-1524758037\" class=\"col medium-3 small-6 large-3\"  >\n\t\t\t\t<div class=\"col-inner\"  >\n\t\t\t\n\t\t\t <\/p>\n<p data-line-height=\"xs\"><strong>Phone: <\/strong><strong>+370 647 74061<\/strong><\/p>\n<p data-line-height=\"xs\">(Whatsapp also)<\/p>\n<p> <div class=\"text-center\"><div class=\"is-divider divider clearfix\" style=\"max-width:700px;height:2px;\"><\/div><\/div> <strong>Phone: +385953530445<\/strong> \t\t<\/div>\n\t\t\t\t\t<\/div>\n\n\t <\/div> \t\t<\/div>\n\t\t\t\t\t<\/div>\n\n\t \n\t<div id=\"col-305867403\" class=\"col medium-3 small-12 large-3\"  >\n\t\t\t\t<div class=\"col-inner\"  >\n\t\t\t\n\t\t\t \t\t<\/div>\n\t\t\t\t\t<\/div>\n\n\t \n\t<div id=\"col-628822536\" class=\"col medium-3 small-12 large-3\"  >\n\t\t\t\t<div class=\"col-inner\"  >\n\t\t\t\n\t\t\t \t\t<\/div>\n\t\t\t\t\t<\/div>\n\n\t \n\t<div id=\"col-144314631\" class=\"col medium-3 small-12 large-3\"  >\n\t\t\t\t<div class=\"col-inner\"  >\n\t\t\t\n\t\t\t \t\t<\/div>\n\t\t\t\t\t<\/div>\n\n\t \n\t<div id=\"col-1976792024\" class=\"col medium-3 small-12 large-3\"  >\n\t\t\t\t<div class=\"col-inner\"  >\n\t\t\t\n\t\t\t \t\t<\/div>\n\t\t\t\t\t<\/div>\n\n\t <\/div>\n","protected":false},"excerpt":{"rendered":"","protected":false},"author":2525,"featured_media":0,"parent":627,"menu_order":0,"comment_status":"closed","ping_status":"closed","template":"page-transparent-header-light.php","meta":{"footnotes":""},"class_list":["post-592","page","type-page","status-publish","hentry"],"_links":{"self":[{"href":"https:\/\/chargingshop.eu\/lt\/wp-json\/wp\/v2\/pages\/592","targetHints":{"allow":["GET"]}}],"collection":[{"href":"https:\/\/chargingshop.eu\/lt\/wp-json\/wp\/v2\/pages"}],"about":[{"href":"https:\/\/chargingshop.eu\/lt\/wp-json\/wp\/v2\/types\/page"}],"author":[{"embeddable":true,"href":"https:\/\/chargingshop.eu\/lt\/wp-json\/wp\/v2\/users\/2525"}],"replies":[{"embeddable":true,"href":"https:\/\/chargingshop.eu\/lt\/wp-json\/wp\/v2\/comments?post=592"}],"version-history":[{"count":0,"href":"https:\/\/chargingshop.eu\/lt\/wp-json\/wp\/v2\/pages\/592\/revisions"}],"up":[{"embeddable":true,"href":"https:\/\/chargingshop.eu\/lt\/wp-json\/wp\/v2\/pages\/627"}],"wp:attachment":[{"href":"https:\/\/chargingshop.eu\/lt\/wp-json\/wp\/v2\/media?parent=592"}],"curies":[{"name":"wp","href":"https:\/\/api.w.org\/{rel}","templated":true}]}}