{"id":72303,"date":"2025-06-14T10:15:05","date_gmt":"2025-06-14T10:15:05","guid":{"rendered":"https:\/\/chargingshop.eu\/product\/kannettava-laturi-display-ohjauslaatikolla-22kw-3x32a-type2-cee-red-32a-x-3phases-5m\/"},"modified":"2025-06-14T10:15:05","modified_gmt":"2025-06-14T10:15:05","slug":"kannettava-laturi-display-ohjauslaatikolla-22kw-3x32a-type2-cee-red-32a-x-3phases-5m","status":"publish","type":"product","link":"https:\/\/chargingshop.eu\/fi\/tuote\/kannettava-laturi-display-ohjauslaatikolla-22kw-3x32a-type2-cee-red-32a-x-3phases-5m\/","title":{"rendered":"kannettava laturi DISPLAY-ohjauslaatikolla 22kW (3X32A), TYPE2-CEE RED, 32A x 3phases, 5m"},"content":{"rendered":"<p>Laadukas kannettava latausratkaisu. Tukee 3-vaiheista 32A-latausta (jopa 22 kW). <\/p>\n<p>Teollisuuspistorasia &#8211; CEE 32A \/ 5PIN on k\u00e4tevin tapa ladata s\u00e4hk\u00f6ajoneuvosi, miss\u00e4 tahansa oletkin.<\/p>\n<ul>\n<li>Huippuluokan turvallisuus ja k\u00e4ytt\u00e4j\u00e4yst\u00e4v\u00e4llisyys<\/li>\n<li>N\u00e4ytt\u00f6 virran s\u00e4\u00e4t\u00f6\u00e4 varten painikkeilla 2,8 tuuman LCD-n\u00e4ytt\u00f6<\/li>\n<li>Ilmaisee ongelmat (pistokkeen kytkemisen j\u00e4lkeen ja latauksen aikana) asianmukaisella virhekoodilla:\n<ul>\n<li>L\u00e4mp\u00f6tilan nousu tai ylikuumeneminen laitteessa tai CEE-pistorasiassa.<\/li>\n<li>L\u00e4mm\u00f6n sulattamat kytkinelementit tai vialliset transistorikytkimet<\/li>\n<li>Yli- tai alij\u00e4nnitteen havaitseminen<\/li>\n<li>PE- ja N-linjojen tarkastus<\/li>\n<li><strong><a href=\"https:\/\/en.wikipedia.org\/wiki\/Residual-current_device\" target=\"_blank\" rel=\"noopener noreferrer\">Vuotovirran<\/a> havaitseminen &#8211;<\/strong> Ajoneuvon katkaisu vuodon havaitsemisessa (30mA AC, 6mA DC).<\/li>\n<li>Ei tuettu lataustila<\/li>\n<li>RCD-suojaus: mA;<\/li>\n<li>Suojausluokka: IP55\u3001IK10<\/li>\n<li>k\u00e4ytt\u00f6l\u00e4mp\u00f6tila: -30 \u2103\uff5e+50 \u2103<\/li>\n<li>Suojaukset: Ylij\u00e4nnitesuojaus, alij\u00e4nnitesuojaus, maadoitussuojaus, salamasuojaus, vuotosuojaus, liekinestosuojaus, ylivirtasuojaus, \u00e4lyk\u00e4s l\u00e4mp\u00f6tilan s\u00e4\u00e4t\u00f6\u00f6n liittyv\u00e4 suojaus jne.<\/li>\n<\/ul>\n<\/li>\n<li>Maksimilatausvirran asetustoiminto &#8211; edullinen autoille, jotka eiv\u00e4t pysty tekem\u00e4\u00e4n t\u00e4t\u00e4 itse (asetus tehd\u00e4\u00e4n yksinkertaisesti painamalla painiketta).<\/li>\n<li>Elektroniikan vankka kotelo, jossa on<strong> IP55 \/ IK10-suojaus<\/strong>, kest\u00e4\u00e4 sateen.<\/li>\n<\/ul>\n<div class=\"magic-6\" data-spm-anchor-id=\"a2700.details.0.i35.4a137780bRdriA\"><\/div>\n","protected":false},"excerpt":{"rendered":"<p><strong>Tehokas kannettava ja<\/strong> <strong>\u00e4lyk\u00e4s kaapeli<\/strong>, jossa on ohjauselektroniikka s\u00e4hk\u00f6autojen lataamiseen CEE 32A-pistorasioista, joiden maksimiteho on jopa 22 kW<strong> (3x32A, 400V).<\/strong><\/p>\n","protected":false},"featured_media":0,"comment_status":"open","ping_status":"closed","template":"","meta":[],"product_brand":[],"product_cat":[253],"product_tag":[],"class_list":{"0":"post-72303","1":"product","2":"type-product","3":"status-publish","5":"product_cat-tarvikkeet-latauskaapelit","7":"first","8":"instock","9":"sale","10":"taxable","11":"shipping-taxable","12":"purchasable","13":"product-type-simple"},"_links":{"self":[{"href":"https:\/\/chargingshop.eu\/fi\/wp-json\/wp\/v2\/product\/72303","targetHints":{"allow":["GET"]}}],"collection":[{"href":"https:\/\/chargingshop.eu\/fi\/wp-json\/wp\/v2\/product"}],"about":[{"href":"https:\/\/chargingshop.eu\/fi\/wp-json\/wp\/v2\/types\/product"}],"replies":[{"embeddable":true,"href":"https:\/\/chargingshop.eu\/fi\/wp-json\/wp\/v2\/comments?post=72303"}],"wp:attachment":[{"href":"https:\/\/chargingshop.eu\/fi\/wp-json\/wp\/v2\/media?parent=72303"}],"wp:term":[{"taxonomy":"product_brand","embeddable":true,"href":"https:\/\/chargingshop.eu\/fi\/wp-json\/wp\/v2\/product_brand?post=72303"},{"taxonomy":"product_cat","embeddable":true,"href":"https:\/\/chargingshop.eu\/fi\/wp-json\/wp\/v2\/product_cat?post=72303"},{"taxonomy":"product_tag","embeddable":true,"href":"https:\/\/chargingshop.eu\/fi\/wp-json\/wp\/v2\/product_tag?post=72303"}],"curies":[{"name":"wp","href":"https:\/\/api.w.org\/{rel}","templated":true}]}}