{"id":72288,"date":"2025-06-14T10:14:51","date_gmt":"2025-06-14T10:14:51","guid":{"rendered":"https:\/\/chargingshop.eu\/product\/sungrow-idc-180e-kw-120-150-180kw-laturi\/"},"modified":"2025-06-14T10:14:51","modified_gmt":"2025-06-14T10:14:51","slug":"sungrow-idc-180e-kw-120-150-180kw-laturi","status":"publish","type":"product","link":"https:\/\/chargingshop.eu\/fi\/tuote\/sungrow-idc-180e-kw-120-150-180kw-laturi\/","title":{"rendered":"Sungrow IDC 180E kW 120\/150\/180kW laturi"},"content":{"rendered":"<h2>Sungrow IDC 180E kW 120\/150\/180kW laturi<\/h2>\n<ul class=\"prtextlist prtext m0aoto ovh ani swiper-slide-active\">\n<li class=\"MonLight f16 pt-page-delay100 animated fadeInUp\">\n<div class=\"f20 MonRegular ce97702\">LUOTETTAVA JA TURVALLINEN<\/div>\n<p>IP65-suojaus ja C5-korroosionesto<\/p>\n<p>Pitk\u00e4 k\u00e4ytt\u00f6ik\u00e4 yli 10 vuotta<\/p>\n<p>Huoleton huolto ilman p\u00f6lynsuodatinmaton vaihtamista<\/p>\n<p>Itse suunnitellut ja itse valmistetut tehomoduulit<\/li>\n<li class=\"MonLight f16 pt-page-delay300 animated fadeInUp\">\n<div class=\"f20 MonRegular ce97702\">K\u00c4YTT\u00c4J\u00c4YST\u00c4V\u00c4LLINEN<\/div>\n<p>Tukee useita todennus- ja maksuvaihtoehtoja<\/p>\n<p>Latauskaapelin hallintaj\u00e4rjestelm\u00e4 tarjoaa ensiluokkaisen k\u00e4ytt\u00f6kokemuksen<\/li>\n<li class=\"MonLight f16 pt-page-delay500 animated fadeInUp\">\n<div class=\"f20 MonRegular ce97702\">TEHOKAS JA \u00c4LYK\u00c4S<\/div>\n<p>Maksimihy\u00f6tysuhde jopa 96,5 % <\/p>\n<p>Dynaaminen kuormanhallinta EV-latauksen optimoimiseksi<\/li>\n<li class=\"MonLight f16 pt-page-delay700 animated fadeInUp\">\n<div class=\"f20 MonRegular ce97702\">JOUSTAVA SOVELLUS<\/div>\n<p>Adaptiivinen j\u00e4nnitealue 200-920Vdc<\/p>\n<p>Yhteensopivuus PV-ESS-j\u00e4rjestelm\u00e4n kanssa varattu<\/li>\n<\/ul>\n<div>Tuotteen edut:<\/div>\n<div>&#8211; Kaksi latauspistett\u00e4, joissa on dynaaminen kuormanjako<\/div>\n<div>&#8211; Mukava 10&#8243; kosketusn\u00e4ytt\u00f6<\/div>\n<div>&#8211; Kalibrointilains\u00e4\u00e4d\u00e4nn\u00f6n mukainen rakenne<\/div>\n<div><\/div>\n<div>Tuotteen ominaisuudet:<\/div>\n<div>&#8211; Latauskapasiteetti latauspistett\u00e4 kohti: 90 kW<\/div>\n<div>&#8211; Latauspisteiden m\u00e4\u00e4r\u00e4: 2<\/div>\n<div>&#8211; DC-liit\u00e4nt\u00e4: CCS2<\/div>\n<div>&#8211; Latauskaapelin pituus: 5.0 m<\/div>\n<div>&#8211; DC-ylim\u00e4\u00e4r\u00e4inen lataus: ei<\/div>\n<div>&#8211; AC-liit\u00e4nt\u00e4: 400V, 3-vaiheinen<\/div>\n<div>&#8211; P\u00e4\u00e4synvalvonta: PTB \/ kalibrointilaki<\/div>\n<div>&#8211; Viestint\u00e4: Ethernet, 2G, 3G, 4G, Bluetooth.<\/div>\n<div>&#8211; P\u00f6yt\u00e4kirja: OCPP 2.0.1<\/div>\n<div>&#8211; Mitat: 2000 x 900 x 750 mm (KxSxKxS).<\/div>\n<div>&#8211; Suojausluokka: IP65<\/div>\n<div>&#8211; Paino: 450,0 kg<\/div>\n<div><\/div>\n<div><a href=\"https:\/\/chargingshop.eu\/wp-content\/uploads\/2024\/12\/DS_20241022_IDC180E_Datasheet_V3_EN.pdf\">DS_20241022_IDC180E_Datasheet_V3_EN<\/a><\/div>\n","protected":false},"excerpt":{"rendered":"<p>IDC180E:n my\u00f6t\u00e4 Sungrow tarjoaa nyt my\u00f6s tasavirtalaturin julkiseen k\u00e4ytt\u00f6\u00f6n. Kaksi latauspistett\u00e4, joissa on joustava kaapelinhallinta ja jopa 180 kW:n latauskapasiteetti, voidaan aktivoida sovelluksen, RFID:n tai maksup\u00e4\u00e4tteen kautta versiosta riippuen. Tehonmittaus on mahdollista suorittaa mittarilla, joka t\u00e4ytt\u00e4\u00e4 lakis\u00e4\u00e4teiset mittauss\u00e4\u00e4d\u00f6kset. Laturi on yhteensopiva kaikkien nykyisten ajoneuvomallien kanssa.   <\/p>\n","protected":false},"featured_media":0,"comment_status":"closed","ping_status":"closed","template":"","meta":[],"product_brand":[],"product_cat":[308],"product_tag":[],"class_list":{"0":"post-72288","1":"product","2":"type-product","3":"status-publish","5":"product_cat-dc-chargers-fi","6":"pa_brand-wallbox-fi","8":"first","9":"instock","10":"sale","11":"taxable","12":"shipping-taxable","13":"purchasable","14":"product-type-simple"},"_links":{"self":[{"href":"https:\/\/chargingshop.eu\/fi\/wp-json\/wp\/v2\/product\/72288","targetHints":{"allow":["GET"]}}],"collection":[{"href":"https:\/\/chargingshop.eu\/fi\/wp-json\/wp\/v2\/product"}],"about":[{"href":"https:\/\/chargingshop.eu\/fi\/wp-json\/wp\/v2\/types\/product"}],"replies":[{"embeddable":true,"href":"https:\/\/chargingshop.eu\/fi\/wp-json\/wp\/v2\/comments?post=72288"}],"wp:attachment":[{"href":"https:\/\/chargingshop.eu\/fi\/wp-json\/wp\/v2\/media?parent=72288"}],"wp:term":[{"taxonomy":"product_brand","embeddable":true,"href":"https:\/\/chargingshop.eu\/fi\/wp-json\/wp\/v2\/product_brand?post=72288"},{"taxonomy":"product_cat","embeddable":true,"href":"https:\/\/chargingshop.eu\/fi\/wp-json\/wp\/v2\/product_cat?post=72288"},{"taxonomy":"product_tag","embeddable":true,"href":"https:\/\/chargingshop.eu\/fi\/wp-json\/wp\/v2\/product_tag?post=72288"}],"curies":[{"name":"wp","href":"https:\/\/api.w.org\/{rel}","templated":true}]}}