{"id":72285,"date":"2025-06-14T10:14:44","date_gmt":"2025-06-14T10:14:44","guid":{"rendered":"https:\/\/chargingshop.eu\/product\/byd-hvs-5-1-fronius-symo-gen24-10-0-plus-hybridivaihtosuuntaaja\/"},"modified":"2025-06-14T10:14:48","modified_gmt":"2025-06-14T10:14:48","slug":"byd-hvs-5-1-fronius-symo-gen24-10-0-plus-hybridivaihtosuuntaaja","status":"publish","type":"product","link":"https:\/\/chargingshop.eu\/fi\/tuote\/byd-hvs-5-1-fronius-symo-gen24-10-0-plus-hybridivaihtosuuntaaja\/","title":{"rendered":"BYD HVS 5.1 + Fronius Symo GEN24 10.0 Plus -hybridivaihtosuuntaaja"},"content":{"rendered":"<p>BYD HVS 5.1 + Fronius Symo GEN24 10.0 Plus -hybridivaihtosuuntaaja<\/p>\n<p>SETTI SIS\u00c4LT\u00c4\u00c4:<\/p>\n<p>1 x Fronius Symo GEN24 10.0 Plus hybridi-invertteri<\/p>\n<p>1 x BYD Premium HV BCU+jalusta<\/p>\n<p>1 x BYD Battery-Box Premium HVS (25Ah) &#8211; moduuli<\/p>\n<p>1 x Froniuksen \u00e4lymittari 63A-3<\/p>\n<p>BYD HVS 5.1<\/p>\n<p>Fronius Symo GEN24 10.0 Plus hybridi-aurinkos\u00e4hk\u00f6invertteri<br \/>\nHybridi-invertteri, jossa on yksil\u00f6llinen varavoima.<\/p>\n<p>T\u00e4m\u00e4 hybridi-invertteri voi toimia akun kanssa tai ilman akkua. N\u00e4in ollen Fronius Symo GEN24 Plus tarjoaa korkeimman mahdollisen toimitusvarmuuden kotisektorilla. <\/p>\n<p>Innovatiivinen Fronius Symo GEN24 10.0 Plus tarjoaa ensimm\u00e4ist\u00e4 kertaa perustason h\u00e4t\u00e4virtal\u00e4hteen. T\u00e4m\u00e4 tarkoittaa, ett\u00e4 sinulla on varavoima, vaikka et ostaisi akkua yhdess\u00e4. Niille asiakkaille, joilla on jo akku, Fronius Symo GEN24 tarjoaa kuitenkin t\u00e4yden varavoimaratkaisun (testattu), joka voi toimittaa h\u00e4t\u00e4virtaa koko kotitalouteen.<\/p>\n<div class=\"video video-fit mb\" style=\"padding-top:56.25%;\"><p><iframe title=\"Spotlight: Fronius GEN24 Plus - uniquely versatile\" width=\"1020\" height=\"574\" src=\"https:\/\/www.youtube.com\/embed\/fQ3dTXs3Q2U?feature=oembed\" frameborder=\"0\" allow=\"accelerometer; autoplay; clipboard-write; encrypted-media; gyroscope; picture-in-picture; web-share\" referrerpolicy=\"strict-origin-when-cross-origin\" allowfullscreen><\/iframe><\/p>\n<\/div>\n<p>Fronius GEN24 Plus -hybridivaihtosuuntaajat ovat siis ihanteellinen ratkaisu erilaisiin k\u00e4ytt\u00f6tarkoituksiin ja asiakkaiden vaatimuksiin. Se sopii niille asiakkaille, joilla on jo alusta alkaen akku. Fronius Ohmpilot -j\u00e4rjestelm\u00e4 mahdollistaa aurinkos\u00e4hk\u00f6energian k\u00e4yt\u00f6n l\u00e4mpim\u00e4n veden l\u00e4mmitt\u00e4miseen kotona. Voit my\u00f6s halutessasi integroida PV-j\u00e4rjestelm\u00e4n osaksi kotiautomaatiopakettia. Fronius GEN24 Plus on yleisratkaisu, ja se on aina oikea valinta &#8211; uusiin j\u00e4rjestelmiin ja my\u00f6s nykyisten aurinkokennoj\u00e4rjestelmien p\u00e4ivitt\u00e4miseen ja laajentamiseen.    <\/p>\n<p>Lis\u00e4ksi Fronius GEN24 -sarjan taajuusmuuttajat ovat eritt\u00e4in yksinkertaisia ja helppoja asentaa, ottaa k\u00e4ytt\u00f6\u00f6n ja huoltaa. Se on universaali ja sit\u00e4 voidaan k\u00e4ytt\u00e4\u00e4 kaikentyyppisiss\u00e4 j\u00e4rjestelmiss\u00e4. Fronius GEN24 -sarja tukee jo hyv\u00e4ksi havaittuja Fronius-tekniikoita, esim. SuperFlex Designia, jotka l\u00f6ytyv\u00e4t my\u00f6s Primo GEN24 Plus- ja Symo GEN24 Plus -laitteista, jotka tarjoavat ihanteellisia varastointiratkaisuja yksivaiheisiin ja suuriin kolmivaihej\u00e4rjestelmiin.  <\/p>\n<p>Yhteensopivat paristot:<\/p>\n<p>BYD Battery-Box Premium HVS 5.1<br \/>\nBYD Battery-Box Premium HVS 7.7<br \/>\nBYD Battery-Box Premium HVS 10.2<br \/>\nBYD Battery-Box Premium HVM 11.0<br \/>\nBYD Battery-Box Premium HVM 13.8<br \/>\nBYD Battery-Box Premium HVM 16.6<br \/>\nBYD Battery-Box Premium HVM 19.3<br \/>\nBYD Battery-Box Premium HVM 22.1<\/p>\n<p><a href=\"https:\/\/chargingshop.eu\/wp-content\/uploads\/2022\/12\/Fronius_Symo_GEN24_Plus_Datasheet.pdf\">Fronius_Symo_GEN24_Plus_Data sheet (Fronius_Symo_GEN24_Plus_tietolomake)<\/a><\/p>\n<h3><strong>T\u00e4rkeimm\u00e4t tiedot:<\/strong><\/h3>\n<p>Verkkoliit\u00e4nt\u00e4 (j\u00e4nnitealue): 3~NPE 400 V \/ 230 V tai 3~NPE 380 V \/ 220 V (+ 20 % \/ &#8211; 30 %).<\/p>\n<p>Ymp\u00e4rist\u00f6n l\u00e4mp\u00f6tila 0-50 astetta Celsiusastetta<\/p>\n<p>Suurin tulovirta (Idc max MPPT1 \/ MPPT2) 25 A \/ 12,5 A <\/p>\n<p>Taajuusalue 50 Hz \/ 60 Hz (45 Hz &#8211; 66 Hz)<\/p>\n<p>Teho 10 KW<\/p>\n<p>Nimellinen l\u00e4ht\u00f6teho PV Point \/ t\u00e4ysi varavoima 3 000 VA \/ 10 000 VA <\/p>\n<p>IP-luokitus IP66<\/p>\n","protected":false},"excerpt":{"rendered":"<p>SUPER SALE UNITIL 10. HELMIKUU 2025 TAI KUNTOON KUNTOON LOPPUUN!<\/p>\n<p>BYD HVS 5.1 + Fronius Symo GEN24 10.0 Plus hybridi-invertteri<\/p>\n<p>SETTI SIS\u00c4LT\u00c4\u00c4:<\/p>\n<p>1 x Fronius Symo GEN24 10.0 Plus hybridi-invertteri<\/p>\n<p>1 x BYD Premium HV BCU+Base<\/p>\n<p>1 x BYD Battery-Box Premium HVS (25Ah) &#8211; moduuli<\/p>\n<p>1 x Fronius Smart Meter 63A-3<\/p>\n<p>&nbsp;<\/p>\n","protected":false},"featured_media":0,"comment_status":"open","ping_status":"closed","template":"","meta":[],"product_brand":[],"product_cat":[776],"product_tag":[],"class_list":{"0":"post-72285","1":"product","2":"type-product","3":"status-publish","5":"product_cat-aurinkopaneelit","6":"pa_brand-fronius-fi","8":"first","9":"instock","10":"taxable","11":"shipping-taxable","12":"purchasable","13":"product-type-simple"},"_links":{"self":[{"href":"https:\/\/chargingshop.eu\/fi\/wp-json\/wp\/v2\/product\/72285","targetHints":{"allow":["GET"]}}],"collection":[{"href":"https:\/\/chargingshop.eu\/fi\/wp-json\/wp\/v2\/product"}],"about":[{"href":"https:\/\/chargingshop.eu\/fi\/wp-json\/wp\/v2\/types\/product"}],"replies":[{"embeddable":true,"href":"https:\/\/chargingshop.eu\/fi\/wp-json\/wp\/v2\/comments?post=72285"}],"wp:attachment":[{"href":"https:\/\/chargingshop.eu\/fi\/wp-json\/wp\/v2\/media?parent=72285"}],"wp:term":[{"taxonomy":"product_brand","embeddable":true,"href":"https:\/\/chargingshop.eu\/fi\/wp-json\/wp\/v2\/product_brand?post=72285"},{"taxonomy":"product_cat","embeddable":true,"href":"https:\/\/chargingshop.eu\/fi\/wp-json\/wp\/v2\/product_cat?post=72285"},{"taxonomy":"product_tag","embeddable":true,"href":"https:\/\/chargingshop.eu\/fi\/wp-json\/wp\/v2\/product_tag?post=72285"}],"curies":[{"name":"wp","href":"https:\/\/api.w.org\/{rel}","templated":true}]}}