{"id":72280,"date":"2025-06-14T10:14:40","date_gmt":"2025-06-14T10:14:40","guid":{"rendered":"https:\/\/chargingshop.eu\/product\/alfen-eve-single-pro-line-22kw-pistorasiaan-liitettyna\/"},"modified":"2025-06-14T10:14:44","modified_gmt":"2025-06-14T10:14:44","slug":"alfen-eve-single-pro-line-22kw-pistorasiaan-liitettyna","status":"publish","type":"product","link":"https:\/\/chargingshop.eu\/fi\/tuote\/alfen-eve-single-pro-line-22kw-pistorasiaan-liitettyna\/","title":{"rendered":"Alfen Eve Single Pro Line 22kW pistorasiaan liitettyn\u00e4"},"content":{"rendered":"<div class=\"video video-fit mb\" style=\"padding-top:56.25%;\"><p><iframe title=\"Alfen installatievideo Eve Single Pro-line (Nederlands) - Alfen Charging Equipment\" width=\"1020\" height=\"574\" src=\"https:\/\/www.youtube.com\/embed\/iq98ee6rMCM?feature=oembed\" frameborder=\"0\" allow=\"accelerometer; autoplay; clipboard-write; encrypted-media; gyroscope; picture-in-picture; web-share\" referrerpolicy=\"strict-origin-when-cross-origin\" allowfullscreen><\/iframe><\/p>\n<\/div>\n<p><strong>Alfen Eve Single Pro Line 22kW pistorasialla t\u00e4rkeimm\u00e4t ominaisuudet:<\/strong><\/p>\n<ul data-rte-list=\"default\">\n<li>\n<p class=\"\">Jopa <strong> 22 kW:n vaihtovirtateho<\/strong><\/p>\n<\/li>\n<li><strong>Tasavirtasuojaus<\/strong> &#8211; T\u00e4ss\u00e4 asemassa on sis\u00e4\u00e4nrakennettu tasavirtasuojaus, joka havaitsee tasavirtavuodon ja pys\u00e4ytt\u00e4\u00e4 sen v\u00e4litt\u00f6m\u00e4sti. T\u00e4m\u00e4 suojaa sek\u00e4 s\u00e4hk\u00f6autoa ett\u00e4 s\u00e4hk\u00f6verkkoa mahdollisilta s\u00e4hk\u00f6vioilta tai vaurioilta. <\/li>\n<li><strong>N\u00e4ytt\u00f6<\/strong> &#8211; K\u00e4ytt\u00f6liittym\u00e4, jossa on tuki useille kielille, on helppok\u00e4ytt\u00f6inen ja tarjoaa kaikki tarvittavat tiedot sek\u00e4 ensikertalaisille ett\u00e4 edistyneille k\u00e4ytt\u00e4jille.<\/li>\n<li><strong>Sovellusohjaus<\/strong> &#8211; Sovelluksen avulla voit seurata latausprosessia et\u00e4n\u00e4, asettaa latausaikataulun ja tarkastella lataushistoriaa.<\/li>\n<li><strong>RFID<\/strong> &#8211; Latausasema on varustettu k\u00e4ytt\u00e4j\u00e4n tunnistustoiminnolla RFID:n (fyysinen merkki) tai Charged-sovelluksen avulla.<br \/>\nPro-line-mallissa on my\u00f6s latausasemaan integroitu n\u00e4ytt\u00f6 latausprosessin seuraamista varten.<\/li>\n<\/ul>\n<p>TIETOLOMAKE:<\/p>\n<p><strong><a href=\"https:\/\/chargingshop.eu\/wp-content\/uploads\/2025\/01\/Alfen-Eve-Single-Pro-Line_DATASHEET.pdf\">Alfen-Eve-Single-Pro-Line_DATASHEETTI<\/a><\/strong><\/p>\n","protected":false},"excerpt":{"rendered":"<div class=\"flex-shrink-0 flex flex-col relative items-end\">\n<div class=\"pt-0\">\n<div class=\"gizmo-bot-avatar flex h-8 w-8 items-center justify-center overflow-hidden rounded-full\">\n<div class=\"relative p-1 rounded-sm flex items-center justify-center bg-token-main-surface-primary text-token-text-primary h-8 w-8\">Alfen Eve Single Pro-line 22 kW:n 3-vaiheinen latausasema, jossa on DISPLAY &#8211; ensiluokkainen ratkaisu turvalliseen ja luotettavaan lataukseen kotona tai julkisilla paikoilla.<\/div>\n<div>OCPP:n mukaiset laitteet voidaan siis liitt\u00e4\u00e4 \u201dCharged\u201d-verkkoalustaan (back-end) ja siten ohjata mobiilisovelluksella.<\/div>\n<\/div>\n<\/div>\n<\/div>\n<p>&nbsp;<\/p>\n","protected":false},"featured_media":0,"comment_status":"open","ping_status":"closed","template":"","meta":[],"product_brand":[],"product_cat":[282],"product_tag":[1538],"class_list":{"0":"post-72280","1":"product","2":"type-product","3":"status-publish","5":"product_cat-wallbox-chargers-fi","6":"product_tag-etrel-inch-pro-fi","7":"pa_brand-alfen-fi","9":"first","10":"instock","11":"sale","12":"taxable","13":"shipping-taxable","14":"purchasable","15":"product-type-simple"},"_links":{"self":[{"href":"https:\/\/chargingshop.eu\/fi\/wp-json\/wp\/v2\/product\/72280","targetHints":{"allow":["GET"]}}],"collection":[{"href":"https:\/\/chargingshop.eu\/fi\/wp-json\/wp\/v2\/product"}],"about":[{"href":"https:\/\/chargingshop.eu\/fi\/wp-json\/wp\/v2\/types\/product"}],"replies":[{"embeddable":true,"href":"https:\/\/chargingshop.eu\/fi\/wp-json\/wp\/v2\/comments?post=72280"}],"wp:attachment":[{"href":"https:\/\/chargingshop.eu\/fi\/wp-json\/wp\/v2\/media?parent=72280"}],"wp:term":[{"taxonomy":"product_brand","embeddable":true,"href":"https:\/\/chargingshop.eu\/fi\/wp-json\/wp\/v2\/product_brand?post=72280"},{"taxonomy":"product_cat","embeddable":true,"href":"https:\/\/chargingshop.eu\/fi\/wp-json\/wp\/v2\/product_cat?post=72280"},{"taxonomy":"product_tag","embeddable":true,"href":"https:\/\/chargingshop.eu\/fi\/wp-json\/wp\/v2\/product_tag?post=72280"}],"curies":[{"name":"wp","href":"https:\/\/api.w.org\/{rel}","templated":true}]}}