{"id":72260,"date":"2025-06-14T10:14:03","date_gmt":"2025-06-14T10:14:03","guid":{"rendered":"https:\/\/chargingshop.eu\/product\/v2c-trydan-22kw-pro-rfid-4g-sim-sis-naytto-type-2-spring-kaapeli-musta\/"},"modified":"2025-06-14T10:14:15","modified_gmt":"2025-06-14T10:14:15","slug":"v2c-trydan-22kw-pro-rfid-4g-sim-sis-naytto-type-2-spring-kaapeli-musta","status":"publish","type":"product","link":"https:\/\/chargingshop.eu\/fi\/tuote\/v2c-trydan-22kw-pro-rfid-4g-sim-sis-naytto-type-2-spring-kaapeli-musta\/","title":{"rendered":"V2C Trydan 22kW PRO &#8211; RFID, 4G SIM sis., N\u00e4ytt\u00f6, Type 2 SPRING-kaapeli, Musta"},"content":{"rendered":"<div class=\"elementor-element elementor-element-6d87fa2 elementor-widget elementor-widget-heading\" data-id=\"6d87fa2\" data-element_type=\"widget\" data-widget_type=\"heading.default\">\n<div class=\"elementor-widget-container\">\n<p>V2C Trydan 22kW PRO with SPRING CABLE &#8211; Innovatiivinen ja \u00e4lyk\u00e4s lataus t\u00f6iss\u00e4, kotona ja \u00e4\u00e4rimm\u00e4inen k\u00e4ytt\u00e4j\u00e4n ja latauksen hallinta Appilla tai webdashboardilla.<br \/>\n4G SIM-kortti mukana keskeytym\u00e4tt\u00f6m\u00e4n yhteyden takaamiseksi!<br \/>\nRFID &#8211; standardi k\u00e4ytt\u00e4j\u00e4n p\u00e4\u00e4synhallintaan!<\/p>\n<h4 class=\"elementor-heading-title elementor-size-default\">Trydan on synonyymi sanalle <b><i>Tri &#8211; <\/i>yhteys<\/b><\/h4>\n<\/div>\n<\/div>\n<div class=\"elementor-element elementor-element-3efa5b8a elementor-position-left elementor-view-default elementor-vertical-align-top elementor-widget elementor-widget-icon-box\" data-id=\"3efa5b8a\" data-element_type=\"widget\" data-widget_type=\"icon-box.default\">\n<div class=\"elementor-widget-container\">\n<div class=\"elementor-icon-box-wrapper\">\n<div class=\"elementor-icon-box-content\">\n<h4 class=\"elementor-icon-box-title\"><em>Yhdist\u00e4 puhelimeen.<\/em><\/h4>\n<p>Nauti kaikista V2C Cloud -sovelluksen eduista, jotka on yhdistetty WiFi- tai Bluetooth-yhteydell\u00e4: hallitse latausta, tarkista tilastot ja aikatauluta tarpeidesi mukaan.<\/p>\n<\/div>\n<\/div>\n<\/div>\n<\/div>\n<div class=\"elementor-element elementor-element-5f394a06 elementor-position-left elementor-view-default elementor-vertical-align-top elementor-widget elementor-widget-icon-box\" data-id=\"5f394a06\" data-element_type=\"widget\" data-widget_type=\"icon-box.default\">\n<div class=\"elementor-widget-container\">\n<div class=\"elementor-icon-box-wrapper\">\n<h4 class=\"elementor-icon-box-title\"><em>Yhdist\u00e4 Alexaan.<\/em><\/h4>\n<p class=\"elementor-icon-box-title\">Kuvittele, ett\u00e4 sanot \u201dAlexa, aloita s\u00e4hk\u00f6autoni lataaminen\u201d. Trydanin avulla se on todellisuutta. \u00c4\u00e4nesi antaa k\u00e4skyt ja Alexa toteuttaa ne.  <\/p>\n<\/div>\n<\/div>\n<\/div>\n<div class=\"elementor-element elementor-element-49f5b55a elementor-position-left elementor-view-default elementor-vertical-align-top elementor-widget elementor-widget-icon-box\" data-id=\"49f5b55a\" data-element_type=\"widget\" data-widget_type=\"icon-box.default\">\n<div class=\"elementor-widget-container\">\n<div class=\"elementor-icon-box-wrapper\">\n<h4 class=\"elementor-icon-box-title\"><strong><em>Liit\u00e4 aurinkos\u00e4hk\u00f6muuttajaan ja lataa aurinkoenergian tuottama virta EV:hen.<\/em><\/strong><\/h4>\n<div class=\"elementor-icon-box-content\">\n<p class=\"elementor-icon-box-description\">Trydanilla on t\u00e4ydellisin aurinkos\u00e4hk\u00f6integraatioj\u00e4rjestelm\u00e4, jonka avulla voit ladata suoraan aurinkovoimalasta.  <span style=\"font-size: 14.4px;\">Aurinkoenergialla toimiva EV-laturi mahdollistaa ylim\u00e4\u00e4r\u00e4isen aurinkoenergian k\u00e4ytt\u00e4misen suoraan EV:n lataamiseen. T\u00e4m\u00e4 tarkoittaa ILMAISTA energiaa EV:n k\u00e4ytt\u00e4miseen! <\/span><\/p>\n<p>  Solar EV Charger on helppo asentaa ja k\u00e4ytt\u00e4\u00e4, mik\u00e4 lis\u00e4\u00e4 paneelien ja s\u00e4hk\u00f6ajoneuvon sijoitetun p\u00e4\u00e4oman tuottoa (ROI). Mutta \u00e4l\u00e4 huoli, jos sinulla ei ole aurinkopaneeleita, sill\u00e4 EV-laturi toimii edelleen tavanomaisena laturina, joka k\u00e4ytt\u00e4\u00e4 verkkovirtaa. <\/p>\n<p>* Trydan on yhteensopiva kaikkien aurinkovaihtosuuntaajien kanssa. Se muodostaa langattoman suoran yhteyden <strong>GoodWe-<\/strong>, <strong>Fronius-<\/strong>, <strong>Huawei-<\/strong>, <strong>Ingeteam-<\/strong>, <strong>Kostal-<\/strong>,<strong> SolarEdge-<\/strong>,<strong> SolaX-<\/strong>, <strong>Victron-<\/strong>, <strong>Shelly- <\/strong>ja<strong> Wibeee-mittareihin<\/strong>. <\/p>\n<\/div>\n<\/div>\n<\/div>\n<\/div>\n<p>&nbsp;<\/p>\n<div class=\"video video-fit mb\" style=\"padding-top:56.25%;\"><p><iframe title=\"Trydan Pro - The perfect evolution\" width=\"1020\" height=\"574\" src=\"https:\/\/www.youtube.com\/embed\/TSnKat2HRcU?feature=oembed\" frameborder=\"0\" allow=\"accelerometer; autoplay; clipboard-write; encrypted-media; gyroscope; picture-in-picture; web-share\" referrerpolicy=\"strict-origin-when-cross-origin\" allowfullscreen><\/iframe><\/p>\n<\/div>\n<p>&nbsp;<\/p>\n<h3><strong><em>T\u00e4rkeimm\u00e4t ominaisuudet<\/em><\/strong><\/h3>\n<p class=\"elementor-icon-box-title\">Dynaaminen kuormanhallinta &#8211; Se tunnistaa energian kokonaiskulutuksen reaaliaikaisesti ja s\u00e4\u00e4t\u00e4\u00e4 latausta ylikuormituksen v\u00e4ltt\u00e4miseksi.<\/p>\n<p class=\"elementor-icon-box-title\">Home Assistant -integraatio &#8211; Erinomainen latauskokemus yhteensopivuuden ansiosta kotiautomaatioj\u00e4rjestelmien kanssa.<\/p>\n<p class=\"elementor-icon-box-title\"><strong>Rajoittamaton liitett\u00e4vyys<\/strong> &#8211; Trydan on ainoa e-latauslaite, joka mahdollistaa t\u00e4yden hallinnan Telegram-sovelluksen kautta V2C Botin ansiosta. Tukee viestint\u00e4\u00e4 <strong>OCPP:n<\/strong> kautta. Trydan sis\u00e4lt\u00e4\u00e4 my\u00f6s <strong>OPEN API:n<\/strong> kehitt\u00e4jille.  <\/p>\n<h3>V2C Cloud<\/h3>\n<p>Latauskokemus on nostettu korkeimmalle tasolle.<\/p>\n<p>Ohjelmoi kuorma haluamallesi aikav\u00e4lille s\u00e4\u00e4st\u00f6jen maksimoimiseksi.<\/p>\n<p>Aktivoi tai poista lataus k\u00e4yt\u00f6st\u00e4, valitse sen voimakkuus, est\u00e4 laturin k\u00e4ytt\u00f6 ja katso kaikki tilastot V2C Cloudista.<\/p>\n<h3><strong>Tekniset tiedot &#8211; malli TRY32-3-L5-M<\/strong><\/h3>\n<ul>\n<li>Sis\u00e4- ja ulkok\u00e4ytt\u00f6\u00f6n Asennuspaikka<\/li>\n<li>L\u00e4ht\u00f6teho: 22 kW (3-ph)<\/li>\n<li>Nimellisj\u00e4nnite: 230V AC yksivaiheinen tai 400V AC kolmivaiheinen (+\/- 10%).<\/li>\n<li>Sy\u00f6tt\u00f6taajuus: 50\/60 Hz<\/li>\n<li>V\u00e4ri: musta<\/li>\n<li>Tyypin 2 l\u00e4ht\u00f6kaapeli, 5m<\/li>\n<li>Nimellisvirta: 32 A max<\/li>\n<li>LED, jossa on graafinen n\u00e4ytt\u00f6<\/li>\n<li>Virrankulutus valmiustilassa: 3W<\/li>\n<li>K\u00e4ytt\u00f6l\u00e4mp\u00f6tila: -25\u00b0C &#8211; +50\u00b0C<\/li>\n<li>RFID k\u00e4ytt\u00e4jien p\u00e4\u00e4synvalvontaan<\/li>\n<\/ul>\n<p>&nbsp;<\/p>\n<p>&nbsp;<\/p>\n","protected":false},"excerpt":{"rendered":"<p>Uusi V2C Trydan PRO on t\u00e4\u00e4ll\u00e4!<\/p>\n<p>4G SIM-kortti mukana keskeytym\u00e4t\u00f6nt\u00e4 yhteytt\u00e4 varten!<br \/>\nRFID &#8211; standardi k\u00e4ytt\u00e4jien p\u00e4\u00e4synhallinnassa!<\/p>\n<p>Innovatiivinen ja \u00e4lyk\u00e4s lataus kotona yhdistettyn\u00e4 tyylikk\u00e4\u00e4seen ja toimivaan muotoiluun.<\/p>\n<p>Yksi markkinoiden \u00e4lykk\u00e4immist\u00e4 EV-latureista, jolla on erinomainen muotoilu ja lukuisia ominaisuuksia.<\/p>\n<ul>\n<li>Vaihtoehto ladata aurinkoenergiaa EV:hen, kun sit\u00e4 sy\u00f6tet\u00e4\u00e4n riitt\u00e4v\u00e4sti invertterin kautta.<\/li>\n<li>Dynaaminen tehon tasapainotus &#8211; 3 CT-puristinta mukana!<\/li>\n<li>\u00c4lyk\u00e4s &#8211; voidaan ohjata sovelluksella<\/li>\n<li>On n\u00e4ytt\u00f6<\/li>\n<li>voidaan ohjata \u00e4\u00e4nikomennoilla Alexan kautta!<\/li>\n<li>RFID k\u00e4ytt\u00e4jien p\u00e4\u00e4synvalvontaan<\/li>\n<\/ul>\n","protected":false},"featured_media":0,"comment_status":"open","ping_status":"closed","template":"","meta":[],"product_brand":[],"product_cat":[1377,282],"product_tag":[1470],"class_list":{"0":"post-72260","1":"product","2":"type-product","3":"status-publish","5":"product_cat-myynti-tarjoukset-alennukset","6":"product_cat-wallbox-chargers-fi","7":"product_tag-v2c-trydan-pro-fi","8":"pa_brand-v2c-fi","10":"first","11":"instock","12":"sale","13":"taxable","14":"shipping-taxable","15":"purchasable","16":"product-type-simple"},"_links":{"self":[{"href":"https:\/\/chargingshop.eu\/fi\/wp-json\/wp\/v2\/product\/72260","targetHints":{"allow":["GET"]}}],"collection":[{"href":"https:\/\/chargingshop.eu\/fi\/wp-json\/wp\/v2\/product"}],"about":[{"href":"https:\/\/chargingshop.eu\/fi\/wp-json\/wp\/v2\/types\/product"}],"replies":[{"embeddable":true,"href":"https:\/\/chargingshop.eu\/fi\/wp-json\/wp\/v2\/comments?post=72260"}],"wp:attachment":[{"href":"https:\/\/chargingshop.eu\/fi\/wp-json\/wp\/v2\/media?parent=72260"}],"wp:term":[{"taxonomy":"product_brand","embeddable":true,"href":"https:\/\/chargingshop.eu\/fi\/wp-json\/wp\/v2\/product_brand?post=72260"},{"taxonomy":"product_cat","embeddable":true,"href":"https:\/\/chargingshop.eu\/fi\/wp-json\/wp\/v2\/product_cat?post=72260"},{"taxonomy":"product_tag","embeddable":true,"href":"https:\/\/chargingshop.eu\/fi\/wp-json\/wp\/v2\/product_tag?post=72260"}],"curies":[{"name":"wp","href":"https:\/\/api.w.org\/{rel}","templated":true}]}}