{"id":72248,"date":"2025-06-14T10:13:49","date_gmt":"2025-06-14T10:13:49","guid":{"rendered":"https:\/\/chargingshop.eu\/product\/abb-smartmeter-d13-15-m-65-modbus\/"},"modified":"2025-06-14T10:13:49","modified_gmt":"2025-06-14T10:13:49","slug":"abb-smartmeter-d13-15-m-65-modbus","status":"publish","type":"product","link":"https:\/\/chargingshop.eu\/fi\/tuote\/abb-smartmeter-d13-15-m-65-modbus\/","title":{"rendered":"ABB SmartMeter D13 15-M 65 Modbus"},"content":{"rendered":"<p>D13 15-M 65 Modbus on kolmivaiheinen energiamittari Modbus RTU:lla, suoralla liit\u00e4nn\u00e4ll\u00e4 65 A:iin asti, nelj\u00e4n kvadrantin mittauksella, MID-direktiivin mukaisella aktiivienergian B-luokan tarkkuudella ja IEC 62053-23:n mukaisella reaktiivienergian 2. luokan tarkkuudella, yhdell\u00e4 digitaalisella sis\u00e4\u00e4ntulolla ja yhdell\u00e4 digitaalisella ulostulolla, vain kolmen DIN-moduulin leveydell\u00e4 ja kotelo kierr\u00e4tysmuovista.<\/p>\n","protected":false},"excerpt":{"rendered":"<p>ABB SmartMeter D13 15-M 65 Modbus &#8211; on kolmivaiheinen energiamittari Modbus RTU:lla, suorakytkent\u00e4 65 A:iin asti. yhteensopiva kaikkien ABB AC Terra -mallien kanssa.<\/p>\n","protected":false},"featured_media":0,"comment_status":"closed","ping_status":"closed","template":"","meta":[],"product_brand":[],"product_cat":[253,282],"product_tag":[],"class_list":{"0":"post-72248","1":"product","2":"type-product","3":"status-publish","5":"product_cat-tarvikkeet-latauskaapelit","6":"product_cat-wallbox-chargers-fi","8":"first","9":"instock","10":"sale","11":"taxable","12":"shipping-taxable","13":"purchasable","14":"product-type-simple"},"_links":{"self":[{"href":"https:\/\/chargingshop.eu\/fi\/wp-json\/wp\/v2\/product\/72248","targetHints":{"allow":["GET"]}}],"collection":[{"href":"https:\/\/chargingshop.eu\/fi\/wp-json\/wp\/v2\/product"}],"about":[{"href":"https:\/\/chargingshop.eu\/fi\/wp-json\/wp\/v2\/types\/product"}],"replies":[{"embeddable":true,"href":"https:\/\/chargingshop.eu\/fi\/wp-json\/wp\/v2\/comments?post=72248"}],"wp:attachment":[{"href":"https:\/\/chargingshop.eu\/fi\/wp-json\/wp\/v2\/media?parent=72248"}],"wp:term":[{"taxonomy":"product_brand","embeddable":true,"href":"https:\/\/chargingshop.eu\/fi\/wp-json\/wp\/v2\/product_brand?post=72248"},{"taxonomy":"product_cat","embeddable":true,"href":"https:\/\/chargingshop.eu\/fi\/wp-json\/wp\/v2\/product_cat?post=72248"},{"taxonomy":"product_tag","embeddable":true,"href":"https:\/\/chargingshop.eu\/fi\/wp-json\/wp\/v2\/product_tag?post=72248"}],"curies":[{"name":"wp","href":"https:\/\/api.w.org\/{rel}","templated":true}]}}