{"id":72237,"date":"2025-06-14T10:13:38","date_gmt":"2025-06-14T10:13:38","guid":{"rendered":"https:\/\/chargingshop.eu\/product\/abb-terra-ac-22-kw-tyypin-2-kaapeli-4g-rfid-abb-3p-smartmeter\/"},"modified":"2025-06-14T10:13:42","modified_gmt":"2025-06-14T10:13:42","slug":"abb-terra-ac-22-kw-tyypin-2-kaapeli-4g-rfid-abb-3p-smartmeter","status":"publish","type":"product","link":"https:\/\/chargingshop.eu\/fi\/tuote\/abb-terra-ac-22-kw-tyypin-2-kaapeli-4g-rfid-abb-3p-smartmeter\/","title":{"rendered":"ABB Terra AC 22 kW, tyypin 2 kaapeli, 4G, RFID + ABB 3P SmartMeter."},"content":{"rendered":"<p><em><strong>ABB Terra AC 22kW kaapelilla, Type 2 kaapeli, 4G, RFID + ABB 3P SmartMeter kuorman tasapainottamiseen (normaalihinta &#8211; 145eur).<\/strong><\/em><\/p>\n<p>&nbsp;<\/p>\n<p>DYNAAMINEN KUORMAN TASAPAINOTUS -toiminnallisuuden SET. T\u00e4m\u00e4 est\u00e4\u00e4 s\u00e4hk\u00f6n ylikulutuksen EV:t\u00e4 ladattaessa. <\/p>\n<p><strong>Korkealuokkainen laatu  <\/strong><\/p>\n<p>&#8211; Yksi markkinoiden edullisimmista latureista<\/p>\n<p>&#8211; Laaja valikoima liit\u00e4nt\u00e4vaihtoehtoja<\/p>\n<p>&#8211; Tilaa s\u00e4\u00e4st\u00e4v\u00e4 ja helposti asennettava rakenne<\/p>\n<p>&nbsp;<\/p>\n<p><strong>Turvallisuus ja suojelu<\/strong><\/p>\n<p>&#8211; Riippumattoman kolmannen osapuolen arvioima ja testaama korkeimpien standardien t\u00e4ytt\u00e4miseksi<\/p>\n<p>&#8211; Virranrajoitussuojaus est\u00e4\u00e4 h\u00e4iri\u00f6laukaisut ja ylivirran kulkeutumisen laitteistoon.<\/p>\n<p>&#8211; Integroidut suojaukset, mukaan lukien DC-maasulku ja ylij\u00e4nnite<\/p>\n<p>&nbsp;<\/p>\n<p><img decoding=\"async\" class=\"alignleft wp-image-3224\" src=\"https:\/\/chargingshop.eu\/wp-content\/uploads\/2020\/07\/ABB-Terra-AC-dynamic-load-management-307x400.png\" alt=\"ABB Terra AC dynaaminen kuormanhallinta\" width=\"470\" height=\"612\" srcset=\"https:\/\/chargingshop.eu\/wp-content\/uploads\/2020\/07\/ABB-Terra-AC-dynamic-load-management-307x400.png 307w, https:\/\/chargingshop.eu\/wp-content\/uploads\/2020\/07\/ABB-Terra-AC-dynamic-load-management.png 422w\" sizes=\"(max-width: 470px) 100vw, 470px\" \/><\/p>\n<p><strong>Kuormituksen hallinta<\/strong><\/p>\n<p>&#8211; Sis\u00e4\u00e4nrakennettu energiamittari<\/p>\n<p>&#8211; Manuaalinen tai automaattinen (dynaaminen) kuormituksen hallinta<\/p>\n<p>&#8211; Ulkoisen energiamittarin integrointi dynaamista kuormanhallintaa varten<\/p>\n<p>&#8211; Valmis integroitavaksi kehittyneeseen \u00e4lykk\u00e4\u00e4seen rakennuksen energiaj\u00e4rjestelm\u00e4\u00e4n<\/p>\n<p><strong>Tulevaisuuden kest\u00e4v\u00e4 joustavuus<\/strong><\/p>\n<p>&#8211; \u00c4lyk\u00e4s toiminto optimoitua latausta varten<\/p>\n<p>&#8211; Energiamittarin integrointi dynaamista kuormanhallintaa varten<\/p>\n<p>&#8211; Oma sovellus ohjausta ja konfigurointia varten<\/p>\n<p>&#8211; Ohjelmiston et\u00e4p\u00e4ivitys k\u00e4yt\u00f6ss\u00e4<\/p>\n<p>&nbsp;<\/p>\n<p>&nbsp;<\/p>\n<div>\n<p>&nbsp;<\/p>\n<p>&nbsp;<\/p>\n<\/div>\n<p>&nbsp;<\/p>\n<p>&nbsp;<\/p>\n<p><strong>Kaikkien Smart-toimintojen esittely:<\/strong><\/p>\n<p><a href=\"https:\/\/chargingshop.eu\/wp-content\/uploads\/2020\/12\/chargersync-APP.pdf\">Chargersync APP<\/a><\/p>\n<p>&nbsp;<\/p>\n<div>\n<p><strong>Charge scheduling \u201dPeak shaving<\/strong>\u201d<\/p>\n<p>&#8211; Aseta latausaikav\u00e4li (aikataulu) v\u00e4ltt\u00e4\u00e4ksesi s\u00e4hk\u00f6n hintapiikkej\u00e4 esim. iltatariffi<\/p>\n<p>&#8211; Mahdollista s\u00e4\u00e4st\u00e4\u00e4 100-300 eur vuodessa* s\u00e4hk\u00f6laskussa (riippuen paikallisesta s\u00e4hk\u00f6n hinnoittelusta).<\/p>\n<p>&nbsp;<\/p>\n<\/div>\n<p><strong>ChargeSync-k\u00e4ytt\u00e4j\u00e4sovellus Terra AC:n hallintaan, tilaan ja konfigurointiin.<\/strong><\/p>\n<p>Asema-asetukset:<\/p>\n<div class=\"video video-fit mb\" style=\"padding-top:56.25%;\"><p><iframe title=\"ABB Terra AC station setup\" width=\"1020\" height=\"574\" src=\"https:\/\/www.youtube.com\/embed\/9tBaVWj7mHI?feature=oembed\" frameborder=\"0\" allow=\"accelerometer; autoplay; clipboard-write; encrypted-media; gyroscope; picture-in-picture; web-share\" referrerpolicy=\"strict-origin-when-cross-origin\" allowfullscreen><\/iframe><\/p>\n<\/div>\n<p>Lataustila:<\/p>\n<div class=\"video video-fit mb\" style=\"padding-top:56.25%;\"><p><iframe title=\"ABB Terra AC APP charging process\" width=\"1020\" height=\"574\" src=\"https:\/\/www.youtube.com\/embed\/ZDbrLx06yh0?feature=oembed\" frameborder=\"0\" allow=\"accelerometer; autoplay; clipboard-write; encrypted-media; gyroscope; picture-in-picture; web-share\" referrerpolicy=\"strict-origin-when-cross-origin\" allowfullscreen><\/iframe><\/p>\n<\/div>\n<p>&nbsp;<\/p>\n<p><strong>ABB Terra AC 22kW malli &#8211; (TAC-W22-G5-R-C-0<\/strong> \/ <strong>6AGC082157) toiminnot:<\/strong><\/p>\n<p>-Tyyppi &#8211; Sein\u00e4rasia Type 2 -kaapelilla<br \/>\n-Teho 22 kW<br \/>\n-Kolmivaiheinen<br \/>\n-Maksimivirta 32A<\/p>\n<p>-Ethernet (RJ45)<br \/>\n-Wifi<br \/>\n-OCPP 1.6<br \/>\n-Bluetooth<br \/>\n-Modbus RTU (RS485)<\/p>\n<p><strong><a href=\"https:\/\/new.abb.com\/products\/2CMA290881R1000\/ev3-012-100\" target=\"_blank\" rel=\"noopener\">EV3 012-100 SmartMeter &#8211; malli<\/a> &#8211; 2CMA290881R1000<\/strong><\/p>\n<p>&nbsp;<\/p>\n<p><em>Terra AC -tuote-esite:<\/em><\/p>\n<p><a href=\"https:\/\/chargingshop.eu\/?attachment_id=2067\" target=\"_blank\" rel=\"attachment noopener wp-att-2067 noreferrer\">ABB_Terra_AC_wallbox_Brochure_A4<\/a><\/p>\n<p>&nbsp;<\/p>\n<p>* Verkonhaltijat veloittavat yleens\u00e4 25-40 prosentin lis\u00e4maksun s\u00e4hk\u00f6st\u00e4, joka kulutetaan ilta-aikaan klo 6-22. T\u00e4m\u00e4 edellytt\u00e4\u00e4 sopimusta palveluntarjoajan kanssa. Joissakin maissa ilta-\/y\u00f6hintoja ei voida tarjota.  <\/p>\n<p>&nbsp;<\/p>\n","protected":false},"excerpt":{"rendered":"<p><a href=\"https:\/\/www.adac.de\/rund-ums-fahrzeug\/tests\/elektromobilitaet\/wallboxen\/\">ADAC Wallbox Testin voittaja &#8211; 05\/2021<\/a><\/p>\n<p><em>ABB Terra AC 22kW sein\u00e4kotelo kaapelilla + <strong><a href=\"https:\/\/new.abb.com\/products\/2CMA290881R1000\/ev3-012-100\">EV3 012-100 SmartMeter malli<\/a> &#8211; 2CMA290881R1000<\/strong> T\u00e4m\u00e4n sarjan avulla voit k\u00e4ytt\u00e4\u00e4 yhden vaiheen dynaamista kuorman tasaustoimintoa.<\/em><\/p>\n<p>Poikkeuksellista laatua maailman johtavalta ABB:lt\u00e4. \u00c4lyk\u00e4s ja tulevaisuudenkest\u00e4v\u00e4 asema tavallisen aseman hinnalla. <\/p>\n<ul>\n<li>Tila ja ohjaus sovelluksen kautta<\/li>\n<li>T\u00e4ydellinen suojaus: ylivirta, ylij\u00e4nnite, alij\u00e4nnite, maasulku, integroitu salamasuojaus.<\/li>\n<li>Latauksen ajoitus \u201dPeak shaving\u201d (huipun s\u00e4\u00e4st\u00e4minen)<\/li>\n<li>Kuormituksen tasaus<\/li>\n<li>Mahdollisuus ladata vain aurinkos\u00e4hk\u00f6\u00e4 paikallisesta invertterist\u00e4.<\/li>\n<li>ja paljon muuta<\/li>\n<\/ul>\n<p>&nbsp;<\/p>\n","protected":false},"featured_media":0,"comment_status":"open","ping_status":"closed","template":"","meta":[],"product_brand":[],"product_cat":[1377,282],"product_tag":[1395],"class_list":{"0":"post-72237","1":"product","2":"type-product","3":"status-publish","5":"product_cat-myynti-tarjoukset-alennukset","6":"product_cat-wallbox-chargers-fi","7":"product_tag-abb-terra-ac-7-fi","8":"pa_brand-abb-fi","10":"first","11":"instock","12":"sale","13":"taxable","14":"shipping-taxable","15":"purchasable","16":"product-type-simple"},"_links":{"self":[{"href":"https:\/\/chargingshop.eu\/fi\/wp-json\/wp\/v2\/product\/72237","targetHints":{"allow":["GET"]}}],"collection":[{"href":"https:\/\/chargingshop.eu\/fi\/wp-json\/wp\/v2\/product"}],"about":[{"href":"https:\/\/chargingshop.eu\/fi\/wp-json\/wp\/v2\/types\/product"}],"replies":[{"embeddable":true,"href":"https:\/\/chargingshop.eu\/fi\/wp-json\/wp\/v2\/comments?post=72237"}],"wp:attachment":[{"href":"https:\/\/chargingshop.eu\/fi\/wp-json\/wp\/v2\/media?parent=72237"}],"wp:term":[{"taxonomy":"product_brand","embeddable":true,"href":"https:\/\/chargingshop.eu\/fi\/wp-json\/wp\/v2\/product_brand?post=72237"},{"taxonomy":"product_cat","embeddable":true,"href":"https:\/\/chargingshop.eu\/fi\/wp-json\/wp\/v2\/product_cat?post=72237"},{"taxonomy":"product_tag","embeddable":true,"href":"https:\/\/chargingshop.eu\/fi\/wp-json\/wp\/v2\/product_tag?post=72237"}],"curies":[{"name":"wp","href":"https:\/\/api.w.org\/{rel}","templated":true}]}}