{"id":6409,"date":"2022-01-23T13:50:03","date_gmt":"2022-01-23T13:50:03","guid":{"rendered":"https:\/\/chargingshop.eu\/product\/aurinkoinen-autokatos\/"},"modified":"2022-01-23T13:50:03","modified_gmt":"2022-01-23T13:50:03","slug":"aurinkoinen-autokatos","status":"publish","type":"product","link":"https:\/\/chargingshop.eu\/fi\/tuote\/aurinkoinen-autokatos\/","title":{"rendered":"Aurinkoinen autokatos"},"content":{"rendered":"<p>Jos olet auton omistaja tai joku, joka on kaikkien aikojen aurinkos\u00e4hk\u00f6fanaatikko ja innokas seuraamaan uusimpia teknologisia trendej\u00e4, sinun on t\u00e4ytynyt tavata uusin lis\u00e4ys aurinkopaneelien kategoriassa &#8211; aurinkopaneelien autokatos. Edistyksellisempi versio perinteisist\u00e4 autokatoksista ja maahan asennetuista aurinkopaneeleista.<\/p>\n<h2>Mit\u00e4 aurinkoenergiaa tuottavan autokatoksen k\u00e4ytt\u00f6 maksaa?<\/h2>\n<p>Se on suunniteltu fotonien (valohiukkasten) sieppaustekniikalla ja kattaa pys\u00e4k\u00f6intialueen. Aurinkos\u00e4hk\u00f6\u00e4 tuottavan autokatoksen k\u00e4ytt\u00f6 ja ajoneuvojen lataaminen <a href=\"http:\/\/chrgsolar.lt\/\" target=\"_blank\" rel=\"noopener\">aurinkoenergialla<\/a> on buumi n\u00e4in\u00e4 p\u00e4ivin\u00e4. Joko katsot yksityist\u00e4 auton kuistia tai julkista pys\u00e4k\u00f6intialuetta suurissa ostoskeskuksissa tai kaupunkien keskustoissa, n\u00e4et sen. Aurinkoautokatos on tietysti tarkoitettu erityisesti s\u00e4hk\u00f6ajoneuvojen lataamiseen, mutta sen toiminta ei ole rajoittunutta. Lis\u00e4ksi se suojaa UV-s\u00e4teilt\u00e4 ja sateelta. Lis\u00e4ksi aurinkoenergiaa tuottava portti antaa energiaa my\u00f6s l\u00e4hell\u00e4 sijaitseville yrityksille, koteihin tai paikalliseen s\u00e4hk\u00f6verkkoon.<\/p>\n<h3>Miten se toimii?<\/h3>\n<p>Aurinkoautokatoksen toiminta ei poikkea tyypillisist\u00e4 maahan tai katolle asennetuista aurinkopaneeleista. Toimii samalla tekniikalla. Se muuttaa fotonien energian s\u00e4hk\u00f6ksi aurinkos\u00e4hk\u00f6vaikutuksen avulla. Kun aurinkopaneeliin osuu fotoni, sen energia synnytt\u00e4\u00e4 elektroneja virtaamaan l\u00e4pi aurinkopaneelien ja s\u00e4hk\u00f6virran.<\/p>\n<h3>Autokatoksen hinta aurinkopaneeleilla<\/h3>\n<p>Aurinkopaneelien hinta riippuu valitsemasi aurinkopaneelin tyypist\u00e4 ja koosta. Kokonaiskustannukset riippuvat seuraavista kysymyksist\u00e4: 1. Kuinka paljon tehoa haluat tuottaa? 2. Mik\u00e4 on kokonaispinta-ala, jonka haluat kattaa? 3. K\u00e4ytetyn <a href=\"https:\/\/chargingshop.eu\/product\/solar-inverter-huawei-sun2000-5ktl-m0\/\">invertterin<\/a> tyyppi\/malli Tyypillinen autokatos mahtuu 4\u201310 kW aurinkoenergiaa paneelit. Se voi tuottaa 5000-20000 kWh vuodessa (riippuu aurinkoisten p\u00e4ivien m\u00e4\u00e4r\u00e4st\u00e4 vuodessa)<\/p>\n","protected":false},"excerpt":{"rendered":"<p>Tuota aurinkoenergiaa omalla pihallasi.<\/p>\n<ul>\n<li>suojaa autoasi auringolta, sateelta ja lumelta<\/li>\n<li>tuottaa energiaa talollesi tai s\u00e4hk\u00f6autollesi<\/li>\n<\/ul>\n","protected":false},"featured_media":0,"comment_status":"open","ping_status":"closed","template":"","meta":[],"product_brand":[],"product_cat":[836,776],"product_tag":[],"class_list":{"0":"post-6409","1":"product","2":"type-product","3":"status-publish","5":"product_cat-aurinkoenergian-autokatokset","6":"product_cat-aurinkopaneelit","8":"first","9":"instock","10":"taxable","11":"shipping-taxable","12":"product-type-simple"},"_links":{"self":[{"href":"https:\/\/chargingshop.eu\/fi\/wp-json\/wp\/v2\/product\/6409","targetHints":{"allow":["GET"]}}],"collection":[{"href":"https:\/\/chargingshop.eu\/fi\/wp-json\/wp\/v2\/product"}],"about":[{"href":"https:\/\/chargingshop.eu\/fi\/wp-json\/wp\/v2\/types\/product"}],"replies":[{"embeddable":true,"href":"https:\/\/chargingshop.eu\/fi\/wp-json\/wp\/v2\/comments?post=6409"}],"wp:attachment":[{"href":"https:\/\/chargingshop.eu\/fi\/wp-json\/wp\/v2\/media?parent=6409"}],"wp:term":[{"taxonomy":"product_brand","embeddable":true,"href":"https:\/\/chargingshop.eu\/fi\/wp-json\/wp\/v2\/product_brand?post=6409"},{"taxonomy":"product_cat","embeddable":true,"href":"https:\/\/chargingshop.eu\/fi\/wp-json\/wp\/v2\/product_cat?post=6409"},{"taxonomy":"product_tag","embeddable":true,"href":"https:\/\/chargingshop.eu\/fi\/wp-json\/wp\/v2\/product_tag?post=6409"}],"curies":[{"name":"wp","href":"https:\/\/api.w.org\/{rel}","templated":true}]}}