{"id":6322,"date":"2022-01-20T17:02:13","date_gmt":"2022-01-20T17:02:13","guid":{"rendered":"https:\/\/chargingshop.eu\/product\/huawei-sun2000-8kw-8ktl-aurinkoinvertteri\/"},"modified":"2022-01-20T17:02:13","modified_gmt":"2022-01-20T17:02:13","slug":"huawei-sun2000-8kw-8ktl-aurinkoinvertteri","status":"publish","type":"product","link":"https:\/\/chargingshop.eu\/fi\/tuote\/huawei-sun2000-8kw-8ktl-aurinkoinvertteri\/","title":{"rendered":"Huawei SUN2000 8kW (8KTL) &#8211; aurinkoinvertteri"},"content":{"rendered":"<p><strong>Huawei SUN2000-8KTL-M0 8kW<\/strong> verkkoliit\u00e4nt\u00e4invertteri on valmis asennettavaksi koteihin, joissa on kolmivaihevirta. T\u00e4m\u00e4 invertteri on v\u00e4limalli uudessa asuink\u00e4ytt\u00f6\u00f6n tarkoitettujen verkkoyhteyksien alueella. Aurinkopaneelissa on DC-eristyksen ilmaisin ja j\u00e4\u00e4nn\u00f6sintensiteetin valvontayksikk\u00f6. Tehokkaimmat aurinkos\u00e4hk\u00f6j\u00e4rjestelm\u00e4t, jotka k\u00e4ytt\u00e4v\u00e4t laitteitamme, vaativat korkealaatuisen invertterin vankalla konvektioj\u00e4\u00e4hdytysj\u00e4rjestelm\u00e4ll\u00e4. <strong>SUN2000-8KTL-M0 8kW invertteri <\/strong><\/p>\n<p>on valmis toimimaan kolmivaiheisissa verkkoyhteyksiss\u00e4. Se on valmis mahdollistamaan sen mahdollisuuden, ett\u00e4 paristot lis\u00e4\u00e4v\u00e4t omaa kulutustaan.<\/p>\n<h2>Huawei SUN2000-8KTL-M0 ominaisuudet:<\/h2>\n<p><span data-spm-anchor-id=\"a2g0o.detail.1000023.i1.76d84c51JufCUg\">Huawei SUN2000-8KTL-M0 8 kW:n invertteriss\u00e4 on 2 MPPT:t\u00e4, jotka mahdollistavat paneelien asentamisen kahteen muotoryhm\u00e4\u00e4n, joista kukin ryhmi\u00e4 voidaan asentaa erilaisilla kaltevuuksilla, suunnalla tai erilaisilla s\u00e4hk\u00f6isill\u00e4 ominaisuuksilla. <b>SUN20008KTL<\/b>-invertteri maksimoi <a href=\"https:\/\/chargingshop.eu\/fi\/tuote-osasto\/aurinkopaneelit\/\"><strong>aurinkopaneelien<\/strong><\/a> jotta kotiin tarjotaan aina enint\u00e4\u00e4n 99 % energiaa.<\/span> Uusin Huawei 8kw aurinkoinvertteri on markkinoilla eritt\u00e4in arvostettu, ja seuraavat tekniset tiedot tekev\u00e4t siit\u00e4 investoinnin arvoisen. <strong>Tekniset tiedot:<\/strong><\/p>\n<ul>\n<li>Aktiivinen nimellisvaihtovirta maks. 8 000 W.<\/li>\n<li>N\u00e4enn\u00e4inen vaihtovirta 8 800 VA<\/li>\n<li>Enimm\u00e4istuloj\u00e4nnite (Vmax) 1 100 V<\/li>\n<li>Enimm\u00e4isintensiteetti MPPT 11A:ta kohden<\/li>\n<li>Maks. oikosulkuintensiteetti MPPT 15A kohti<\/li>\n<li>V\u00e4himm\u00e4istuloj\u00e4nnite 200 V<\/li>\n<li>J\u00e4nnitealue MPP:ss\u00e4 380V\u2013850V<\/li>\n<li>Maksimipotentiaalin nimellisj\u00e4nnite 600 V Max.<\/li>\n<\/ul>\n<h4><strong>Tehokkuus:<\/strong><\/h4>\n<ul>\n<li><strong>Invertterin maksimihy\u00f6tysuhde:<\/strong> 98,6 %<\/li>\n<li><strong>Eurooppalainen painotettu hy\u00f6tysuhde:<\/strong> 98,0 %<\/li>\n<\/ul>\n<h4><strong>Sy\u00f6te:<\/strong><\/h4>\n<ul>\n<li><strong>Enimm\u00e4istuloj\u00e4nnite:<\/strong> 1 100 V<\/li>\n<li><strong>Pieni tuloj\u00e4nnite:<\/strong> 200 V<\/li>\n<li><strong>MpPT-j\u00e4nnitealue:<\/strong> 140 V &#8211; 980 V<\/li>\n<li><strong>Paneelin nimellistuloj\u00e4nnite:<\/strong> 600 V<\/li>\n<li><strong>Maksimitulovirta per MPPT:<\/strong> 11A<\/li>\n<li><strong>Enimm\u00e4isvoimakkuus:<\/strong> 15 A<\/li>\n<li><strong>MPPT-numero:<\/strong> 2<\/li>\n<li><strong>MPPT-tulot:<\/strong> 1<\/li>\n<\/ul>\n<h4><strong>Tulostus:<\/strong><\/h4>\n<ul>\n<li>Kolmivaiheinen vaihtol\u00e4ht\u00f6<\/li>\n<li>Nimellisl\u00e4ht\u00f6teho: 8kW \u2013 8,8kVA<\/li>\n<li>L\u00e4ht\u00f6j\u00e4nnite: 220\/380V, 230\/400V, 3W+N+PE<\/li>\n<li>Verkon nimellistaajuus: 50 Hz \/ 60 Hz<\/li>\n<li>Enimm\u00e4isl\u00e4ht\u00f6virta 13,5 A<\/li>\n<\/ul>\n","protected":false},"excerpt":{"rendered":"<p>Huawei SUN2000-8KTL-M0 on turvallinen, luotettava ja tehokas. T\u00e4m\u00e4 aurinkokeksij\u00e4 lupaa yhden parhaista aurinkokokemuksista.<\/p>\n<ul>\n<li>Tehokas invertteritopologia<\/li>\n<li>Integroitu akkuliit\u00e4nt\u00e4<\/li>\n<li>AI-pohjainen kaarentunnistus AFCI<\/li>\n<li>Sis\u00e4\u00e4nrakennettu akkuliit\u00e4nt\u00e4<\/li>\n<li>Pika-asennus<\/li>\n<li>WLAN-sovitin invertteripaketissa<\/li>\n<\/ul>\n","protected":false},"featured_media":0,"comment_status":"open","ping_status":"closed","template":"","meta":[],"product_brand":[],"product_cat":[776],"product_tag":[],"class_list":{"0":"post-6322","1":"product","2":"type-product","3":"status-publish","5":"product_cat-aurinkopaneelit","6":"pa_brand-huawei-fi","8":"first","9":"instock","10":"taxable","11":"shipping-taxable","12":"purchasable","13":"product-type-simple"},"_links":{"self":[{"href":"https:\/\/chargingshop.eu\/fi\/wp-json\/wp\/v2\/product\/6322","targetHints":{"allow":["GET"]}}],"collection":[{"href":"https:\/\/chargingshop.eu\/fi\/wp-json\/wp\/v2\/product"}],"about":[{"href":"https:\/\/chargingshop.eu\/fi\/wp-json\/wp\/v2\/types\/product"}],"replies":[{"embeddable":true,"href":"https:\/\/chargingshop.eu\/fi\/wp-json\/wp\/v2\/comments?post=6322"}],"wp:attachment":[{"href":"https:\/\/chargingshop.eu\/fi\/wp-json\/wp\/v2\/media?parent=6322"}],"wp:term":[{"taxonomy":"product_brand","embeddable":true,"href":"https:\/\/chargingshop.eu\/fi\/wp-json\/wp\/v2\/product_brand?post=6322"},{"taxonomy":"product_cat","embeddable":true,"href":"https:\/\/chargingshop.eu\/fi\/wp-json\/wp\/v2\/product_cat?post=6322"},{"taxonomy":"product_tag","embeddable":true,"href":"https:\/\/chargingshop.eu\/fi\/wp-json\/wp\/v2\/product_tag?post=6322"}],"curies":[{"name":"wp","href":"https:\/\/api.w.org\/{rel}","templated":true}]}}