{"id":5934,"date":"2021-08-20T14:54:44","date_gmt":"2021-08-20T14:54:44","guid":{"rendered":"https:\/\/chargingshop.eu\/product\/efacec-qc45-pikalatausasema\/"},"modified":"2021-08-20T14:54:44","modified_gmt":"2021-08-20T14:54:44","slug":"efacec-qc45-pikalatausasema","status":"publish","type":"product","link":"https:\/\/chargingshop.eu\/fi\/tuote\/efacec-qc45-pikalatausasema\/","title":{"rendered":"EFACEC QC45 pikalatausasema"},"content":{"rendered":"<div class = \"fusion-text fusion-text-1\">\n<h2 class = \"eshop-detail-title cf\"> <span class = \"product-title\"> <span class = \"product-title-content\"> Efacec <\/span> <\/span> QC45 on paras lataus asema, yhteensopiva kaikkien s\u00e4hk\u00f6autojen merkkien kanssa <\/h2>\n<\/div>\n<p> QC45 -pikalatausasema tarjoaa akun nopean latauksen ja tukee 2 EV: n samanaikaista vaihto- ja tasavirtalatausta useilla tehol\u00e4hdevalinnoilla. Kaikki yhdistetyt l\u00e4hd\u00f6t on yhdistetty yhteen kaappiin, jotta kaikki sopivat s\u00e4hk\u00f6autot voidaan ladata turvallisesti ja helposti. <\/p>\n<p> Pikalaturin CHAdeMO-, CCS- ja AC Type-2 -yhteensopivat latausliittimet voivat tarjota jopa 50 kW lataustehoa. AC -latausliitin ei vaadi jatkuvaa johtoa, ja se voi ladata jopa 22 kW. QC45 on suunniteltu antamaan EV: lle maksimi lataus v\u00e4himm\u00e4isajalla. <\/p>\n<h3> <strong> QC45 -pikalatausaseman ominaisuudet <\/strong> <\/h3>\n<ul>\n<li> Pikalataus jopa 80% alle 30 minuutissa <\/li>\n<li> AC ja DC latautuvat samanaikaisesti <\/li>\n<li> Monistandardi (CHAdeMO, CCS ja AC Type-2 -yhteensopiva) <\/li>\n<li> Korkea tehokkuus &#038; gt; 93%<\/li>\n<li> Suuri tehokerroin 0,98 <\/li>\n<li> Sis\u00e4\u00e4nrakennettu viestint\u00e4 (3G; LAN; Wi-Fi) <\/li>\n<li> DC -teho jopa 50 kW <\/li>\n<li> vaihtovirta jopa 43 kVA <\/li>\n<li> Korkea luotettavuus <\/li>\n<li> Easy Plug &#038; amp; Pelaa asennus <\/li>\n<\/ul>\n<h4> <strong> Pikalataus: <\/strong> <\/h4>\n<p> Jokainen laite, joka voi ladata nollasta 80 prosenttiin alle 30 minuutissa, voidaan sijoittaa strategisesti osana pikalatausinfrastruktuuriverkkoa. Tuotteemme on luotu ottaen huomioon vahva tuotanto, kest\u00e4vyys ja turvallisuus. Laturin ensisijaisten linjojen ja muodon ansiosta se sopii ymp\u00e4rist\u00f6\u00f6n ja maisemiin, ja suunnittelun tarkoituksena on antaa asiakkaille luottamus siihen, ett\u00e4 auton lataus on sek\u00e4 suoraviivaista ett\u00e4 turvallista. <\/p>\n<h4> <strong> Verkkointegraatio <\/strong> <\/h4>\n<p> QC45 on joustava ja avoin latausasema, joka voi ladata erillisess\u00e4 tilassa tai integroida mihin tahansa verkkoon mink\u00e4 tahansa keskusj\u00e4rjestelm\u00e4n kanssa. <\/p>\n<h4> <strong> R\u00e4\u00e4t\u00e4l\u00f6inti &#038; amp; Liite <\/strong> <\/h4>\n<p> QC45: ss\u00e4 on korkealaatuinen ja kest\u00e4v\u00e4 kuori, jonka korroosiosuoja on verrattavissa ruostumattomaan ter\u00e4kseen, mik\u00e4 takaa laitteiden pitk\u00e4n k\u00e4ytt\u00f6i\u00e4n. Voit mukauttaa br\u00e4ndisi yleist\u00e4 ulkoasua mukauttamalla sit\u00e4 mukautetuilla kuvilla, logoilla ja v\u00e4reill\u00e4. <\/p>\n<h4> <strong> Helppo asentaa <\/strong> <\/h4>\n<p> T\u00e4m\u00e4 suuritehoinen QC45-pikalaturi on saatavana eri v\u00e4reiss\u00e4. Se on helppo asentaa ja helppo k\u00e4ytt\u00e4\u00e4. Yksik\u00f6t testataan ja todennetaan kaikkien yhteensopivien s\u00e4hk\u00f6autojen kanssa. QC45 -pikalaturi tarjoaa jopa 50 kW: n DC -tehon ja 43 kW: n vaihtovirran. <\/p>\n<h4> <strong> Ohjelmisto saatavilla <\/strong> <\/h4>\n<p> QC45 on yhteensopiva Charge Labin, EV Connectin ja Green Lotien kaupallisten s\u00e4hk\u00f6autojen latausohjelmistoj\u00e4rjestelmien kanssa. N\u00e4iden ohjelmistopakettien avulla on mahdollista saada asiakaslaskutusta, kaluston hallintaa, laturin valvontaa ja jopa iPhone- ja Android -sovelluksia, joiden avulla kuluttajat voivat l\u00f6yt\u00e4\u00e4 laturisi. <\/p>\n<p> &#038; nbsp; <\/p>\n","protected":false},"excerpt":{"rendered":"<p> Efacec on tuonut markkinoille uuden latausaseman, joka lataa kaikki s\u00e4hk\u00f6autot erillisess\u00e4 tilassa mahdollisimman v\u00e4h\u00e4n aikaa. Sen muotoilu on ainutlaatuinen ja se latautuu parhaalla teholla. <\/p>\n<ul>\n<li> Pikalataus jopa 80%<\/li>\n<li> Korkea hy\u00f6tysuhde &#038; gt; 93%<\/li>\n<li> Suuri tehokerroin 0,98 <\/li>\n<li> Korkea luotettavuus <\/li>\n<li> Tasavirta jopa 50 KW <\/li>\n<li> vaihtovirta jopa 43 kva <\/li>\n<li> Helppo asentaa <\/li>\n<li> Korroosiosuoja <\/li>\n<\/ul>\n<p> ~ 2-3 kuukauden toimitusaika. <\/p>\n","protected":false},"featured_media":5849,"comment_status":"open","ping_status":"closed","template":"","meta":[],"product_brand":[],"product_cat":[308],"product_tag":[718,717,715,716],"class_list":{"0":"post-5934","1":"product","2":"type-product","3":"status-publish","4":"has-post-thumbnail","6":"product_cat-dc-chargers-fi","7":"product_tag-50kw-pikalaturi","8":"product_tag-efacec-qc45-hinta","9":"product_tag-qc45-pikalatausasema","10":"product_tag-qc45-pikalaturi","11":"pa_brand-efacec-fi","13":"first","14":"instock","15":"taxable","16":"shipping-taxable","17":"purchasable","18":"product-type-simple"},"_links":{"self":[{"href":"https:\/\/chargingshop.eu\/fi\/wp-json\/wp\/v2\/product\/5934","targetHints":{"allow":["GET"]}}],"collection":[{"href":"https:\/\/chargingshop.eu\/fi\/wp-json\/wp\/v2\/product"}],"about":[{"href":"https:\/\/chargingshop.eu\/fi\/wp-json\/wp\/v2\/types\/product"}],"replies":[{"embeddable":true,"href":"https:\/\/chargingshop.eu\/fi\/wp-json\/wp\/v2\/comments?post=5934"}],"wp:featuredmedia":[{"embeddable":true,"href":"https:\/\/chargingshop.eu\/fi\/wp-json\/wp\/v2\/media\/5849"}],"wp:attachment":[{"href":"https:\/\/chargingshop.eu\/fi\/wp-json\/wp\/v2\/media?parent=5934"}],"wp:term":[{"taxonomy":"product_brand","embeddable":true,"href":"https:\/\/chargingshop.eu\/fi\/wp-json\/wp\/v2\/product_brand?post=5934"},{"taxonomy":"product_cat","embeddable":true,"href":"https:\/\/chargingshop.eu\/fi\/wp-json\/wp\/v2\/product_cat?post=5934"},{"taxonomy":"product_tag","embeddable":true,"href":"https:\/\/chargingshop.eu\/fi\/wp-json\/wp\/v2\/product_tag?post=5934"}],"curies":[{"name":"wp","href":"https:\/\/api.w.org\/{rel}","templated":true}]}}