{"id":5923,"date":"2021-08-25T14:08:34","date_gmt":"2021-08-25T14:08:34","guid":{"rendered":"https:\/\/chargingshop.eu\/product\/efacec-qc24s-pikalaturi\/"},"modified":"2021-08-25T14:08:34","modified_gmt":"2021-08-25T14:08:34","slug":"efacec-qc24s-pikalaturi","status":"publish","type":"product","link":"https:\/\/chargingshop.eu\/fi\/tuote\/efacec-qc24s-pikalaturi\/","title":{"rendered":"Efacec QC24S pikalaturi"},"content":{"rendered":"<p> Efacec QC24S Quick Charger on uusi yhden pistorasian kompakti pikalaturi, joka lataa s\u00e4hk\u00f6autosi 80%: iin tunnissa. Suunnittele kaikkien alan standardien mukaisten latausprotokollien ja rajapintojen mukaisesti. Sen kevyt rakenne on helppo asentaa sein\u00e4lle, miss\u00e4 tila on huolenaihe. QC24S on pikalatausasema, joka voi ladata kaikki CCS -yhteensopivat s\u00e4hk\u00f6ajoneuvot. Saatavilla on erilaisia \u200b\u200bl\u00e4ht\u00f6vaihtoehtoja, kuten perusvirta -alavirta 24 kW, CCS- tai CHadeMO -liit\u00e4nt\u00e4 kytkettyyn johtoon, joka on testattu ja hyv\u00e4ksytty kaikkien yhteensopivien ajoneuvojen kanssa. <\/p>\n<h2> <strong> Efacec QC24S -laturin p\u00e4\u00e4ominaisuudet ja edut <\/strong> <\/h2>\n<ul>\n<li> Lataa s\u00e4hk\u00f6auto 1 tunnissa Tehokas &#038; gt; 94%<\/li>\n<li> Useita sovelluksia ja helppo huolto <\/li>\n<li> Tasavirtateho jopa 24 kW <\/li>\n<li> K\u00e4ytt\u00e4j\u00e4yst\u00e4v\u00e4llinen k\u00e4ytt\u00f6liittym\u00e4 ja valinnainen v\u00e4rin\u00e4ytt\u00f6 <\/li>\n<li> Tila -LED -v\u00e4rikaapelin pidike <\/li>\n<li> Suuri tehokerroin 0,99 <\/li>\n<li> Paikallinen ja et\u00e4valvonta <\/li>\n<li> Itsen\u00e4inen tai verkkointegraatio <\/li>\n<li> Valinnainen sis\u00e4\u00e4nrakennettu tiedonsiirto (3G; LAN; Wi-Fi) <\/li>\n<li> R\u00e4\u00e4t\u00e4l\u00f6ityj\u00e4 ja br\u00e4nd\u00e4yksi\u00e4 on saatavilla <\/li>\n<\/ul>\n<h3> <strong> QC24S -pikalaturin ominaisuuksia ovat: <\/strong> <\/h3>\n<h4> <strong> Nopea lataus: <\/strong> <\/h4>\n<p> Jokainen laite, joka voi ladata nollasta 80: een 60 minuutissa, voidaan sijoittaa strategisesti osana pikalatausinfrastruktuuriverkkoa. Se maksaa sein\u00e4lle asennetuissa paikoissa, joissa tilaa on huolta. <\/p>\n<h4> <strong> R\u00e4\u00e4t\u00e4l\u00f6inti &#038; amp; Liite <\/strong> <\/h4>\n<p> QC24S: ss\u00e4 on korkealaatuinen ja kest\u00e4v\u00e4 kuori, jonka korroosiosuoja on verrattavissa ruostumattomaan ter\u00e4kseen, mik\u00e4 takaa laitteiden pitk\u00e4n k\u00e4ytt\u00f6i\u00e4n. Mukauta se mukautetuilla grafiikoilla, logoilla ja v\u00e4reill\u00e4, jotta saat yleiskuvan br\u00e4ndist\u00e4si. <\/p>\n<h4> <strong> Helppo asentaa <\/strong> <\/h4>\n<p> T\u00e4m\u00e4 suuritehoinen, monis\u00e4ikeinen QC24S on nopea laturi, jossa on sis\u00e4\u00e4nrakennettu 3G- ja l\u00e4hiverkkoyhteys ja joka on saatavana useissa v\u00e4reiss\u00e4. Se on helppo asentaa ja liitt\u00e4\u00e4 olemassa olevaan latausinfrastruktuuriverkkoon. <\/p>\n<h4> <strong> Ohjelmisto saatavilla <\/strong> <\/h4>\n<p> CPMS: n ydin on ratkaisu kokonaisvaltaiseen s\u00e4hk\u00f6autojen latauksenhallintaymp\u00e4rist\u00f6\u00f6n. Se koostuu joukosta ainutlaatuisia ja tehokkaita ohjelmistoty\u00f6kaluja, jotka vastaavat tehokkaasti Plug-in Electric Vehicle -markkinoiden ekosysteemin tarpeisiin. <\/p>\n<h5> <strong> SOVELLUKSET: <\/strong> <\/h5>\n<ul>\n<li> Car-Share-, Taxi- ja Rent-a-Car-kalusto <\/li>\n<li> s\u00e4hk\u00f6autojen j\u00e4lleenmyyj\u00e4t ja palveluntarjoajat <\/li>\n<li> Ty\u00f6ntekij\u00f6iden pys\u00e4k\u00f6intialueet <\/li>\n<li> s\u00e4hk\u00f6autot (yksityiset ja julkiset) <\/li>\n<li> Ostoskeskukset <\/li>\n<li> Yksityinen s\u00e4hk\u00f6autojen infrastruktuuri ja operaattori <\/li>\n<\/ul>\n","protected":false},"excerpt":{"rendered":"<p class = \"fusion-responsive-typography-calcated\" data-fontsize = \"24\" data-lineheight = \"36px\"> Taloudellinen ja nopea latausasema. Lataa mink\u00e4 tahansa tyyppist\u00e4 s\u00e4hk\u00f6autoa 24 kW: n nopeudella tunnissa. <\/p>\n<ul>\n<li> Sein\u00e4asennus <\/li>\n<li> Korkea hy\u00f6tysuhde &#038; gt; 94%<\/li>\n<li> Tasavirtateho jopa 24 kW <\/li>\n<li> K\u00e4ytt\u00e4j\u00e4yst\u00e4v\u00e4llinen k\u00e4ytt\u00f6liittym\u00e4 <\/li>\n<li> Sis\u00e4\u00e4nrakennettu viestint\u00e4 (3G; LAN; Wi-Fi) <\/li>\n<li> Suuri tehokerroin 0,99 <\/li>\n<\/ul>\n","protected":false},"featured_media":5877,"comment_status":"open","ping_status":"closed","template":"","meta":[],"product_brand":[],"product_cat":[308],"product_tag":[],"class_list":{"0":"post-5923","1":"product","2":"type-product","3":"status-publish","4":"has-post-thumbnail","6":"product_cat-dc-chargers-fi","7":"pa_brand-efacec-fi","9":"first","10":"instock","11":"sale","12":"taxable","13":"shipping-taxable","14":"purchasable","15":"product-type-simple"},"_links":{"self":[{"href":"https:\/\/chargingshop.eu\/fi\/wp-json\/wp\/v2\/product\/5923","targetHints":{"allow":["GET"]}}],"collection":[{"href":"https:\/\/chargingshop.eu\/fi\/wp-json\/wp\/v2\/product"}],"about":[{"href":"https:\/\/chargingshop.eu\/fi\/wp-json\/wp\/v2\/types\/product"}],"replies":[{"embeddable":true,"href":"https:\/\/chargingshop.eu\/fi\/wp-json\/wp\/v2\/comments?post=5923"}],"wp:featuredmedia":[{"embeddable":true,"href":"https:\/\/chargingshop.eu\/fi\/wp-json\/wp\/v2\/media\/5877"}],"wp:attachment":[{"href":"https:\/\/chargingshop.eu\/fi\/wp-json\/wp\/v2\/media?parent=5923"}],"wp:term":[{"taxonomy":"product_brand","embeddable":true,"href":"https:\/\/chargingshop.eu\/fi\/wp-json\/wp\/v2\/product_brand?post=5923"},{"taxonomy":"product_cat","embeddable":true,"href":"https:\/\/chargingshop.eu\/fi\/wp-json\/wp\/v2\/product_cat?post=5923"},{"taxonomy":"product_tag","embeddable":true,"href":"https:\/\/chargingshop.eu\/fi\/wp-json\/wp\/v2\/product_tag?post=5923"}],"curies":[{"name":"wp","href":"https:\/\/api.w.org\/{rel}","templated":true}]}}