{"id":5785,"date":"2021-08-03T11:07:08","date_gmt":"2021-08-03T11:07:08","guid":{"rendered":"https:\/\/chargingshop.eu\/product\/sovitin-cee-16-400v-turvasovitin-juice-booster-2-lle\/"},"modified":"2021-08-03T11:07:08","modified_gmt":"2021-08-03T11:07:08","slug":"sovitin-cee-16-400v-turvasovitin-juice-booster-2-lle","status":"publish","type":"product","link":"https:\/\/chargingshop.eu\/fi\/tuote\/sovitin-cee-16-400v-turvasovitin-juice-booster-2-lle\/","title":{"rendered":"Sovitin CEE 16, 400V, turvasovitin Juice Booster 2: lle"},"content":{"rendered":"<div class = \"content-title\">\n<h2 class = \"\" data-element = \"main\" data-content-type = \"headset\" data-ulottuvuus = \"oletus\"> Voit ladata ajoneuvosi mill\u00e4 tahansa latausasemalla oikealla sovittimella JUICE BOOSTER 2: -sovittimeen CEE 16 <\/h2>\n<\/div>\n<div class = \"product-description\">\n<p> Turvasovitin lataamiseen <strong> CEE 16\/400 V <\/strong> yhdistettyn\u00e4 <a href = \"https:\/\/chargingshop.eu\/product\/juice-booster-2-mobile-ev-charger- 32-a-22kw-5m-cable\/\"> JUICE BOOSTER 2 <\/a> voit ladata ajoneuvosi helposti mill\u00e4 tahansa <span data-story-id =\" story_4e7a24029f09064f26dd915ae6c7e8bb \"data-room-id =\" room_0e3e85a5f5e53aea-50530d99 \" timestamp = \"1627986787312\" data-text = \"miss\u00e4 tahansa CEE 16 -liittimess\u00e4 kaikkialla Euroopassa, latausnopeus jopa 11 kW\" data-userid = \"638093783230025728\" data-orgid = \"638093783882313728\"> CEE 16 -liit\u00e4nt\u00e4 kaikkialla Euroopassa, latausnopeus jopa 11 kW <\/span>. Liit\u00e4nt\u00e4 Juice Booster 2: een tehd\u00e4\u00e4n turvallisen ja kest\u00e4v\u00e4n mehuliittimen kautta. <\/p>\n<p> <span style = \"font-size: 20.16px; color: #333333;\"> Tekniset tiedot <\/span> <\/p>\n<div id = \"product-technical-data\">\n<div class = \"flex justify-content-between mb-4\">\n<table width = \"294\">\n<keho><\/p>\n<tr>\n<td width = \"142\"> <strong> Tyyppi <\/strong> <\/td>\n<td width = \"152\"> CEE -sovitin <\/td>\n<\/tr>\n<tr>\n<td width = \"142\"> <strong> Latausraja <\/strong> <\/td>\n<td width = \"152\"> 400 V \/ 16 A <\/td>\n<\/tr>\n<tr>\n<td width = \"142\"> <strong> J\u00e4nnite <\/strong> <\/td>\n<td width = \"152\"> 400 V <\/td>\n<\/tr>\n<tr>\n<td width = \"142\"> <strong> S\u00e4hk\u00f6virta <\/strong> <\/td>\n<td width = \"152\"> 16 A <\/td>\n<\/tr>\n<tr>\n<td width = \"142\"> <strong> IP -luokitus <\/strong> <\/td>\n<td width = \"152\"> IP44 <\/td>\n<\/tr>\n<tr>\n<td width = \"142\"> <strong> Kaapelin pituus <\/strong> <\/td>\n<td width = \"152\"> 1,5 m <\/td>\n<\/tr>\n<tr>\n<td width = \"142\"> <strong> Liidit <\/strong> <\/td>\n<td width = \"152\"> 5 <\/td>\n<\/tr>\n<tr>\n<td width = \"142\"> <strong> V\u00e4ri <\/strong> <\/td>\n<td width = \"152\"> Punainen, musta <\/td>\n<\/tr>\n<\/tbody>\n<\/table>\n<\/div>\n<\/div>\n<\/div>\n<h3> Miten sovitinta k\u00e4ytet\u00e4\u00e4n? <\/h3>\n<p> Se on helppok\u00e4ytt\u00f6inen, vain kytke ja lataa. Mit\u00e4\u00e4n teknist\u00e4 tiet\u00e4myst\u00e4, koulutusta tai asiantuntemusta ei tarvita. Kiinnit\u00e4 sopiva sovitin JUICE BOOSTER 2 -laitteeseen, kytke se pistorasiaan ja lataa optimaalisella teholla. <\/p>\n","protected":false},"excerpt":{"rendered":"<p>CEE16 -teollisuusliitin Juice Booster 2: lle<\/p>\n<ul>\n<li><span data-story-id=\"story_198812f55bd0bfb1558b07bd49b3416c\" data-room-id=\"room_0e3e85a5f5e53aea55030d99dbda7d31\" data-timestamp=\"1627986677844\" data-text=\"ajoneuvon CEE 16 -laitteelle\" data-orgid=\"638093783882313728\"> CEE 16 -liittimest\u00e4 Juice Booster 2: een (ajoneuvon puolella) <\/span><\/li>\n<li>Laadukas tuote Sveitsist\u00e4<\/li>\n<\/ul>\n","protected":false},"featured_media":5758,"comment_status":"open","ping_status":"closed","template":"","meta":[],"product_brand":[],"product_cat":[493],"product_tag":[],"class_list":{"0":"post-5785","1":"product","2":"type-product","3":"status-publish","4":"has-post-thumbnail","6":"product_cat-sahkoautojen-latauskaapelit","8":"first","9":"outofstock","10":"sale","11":"taxable","12":"shipping-taxable","13":"purchasable","14":"product-type-simple"},"_links":{"self":[{"href":"https:\/\/chargingshop.eu\/fi\/wp-json\/wp\/v2\/product\/5785","targetHints":{"allow":["GET"]}}],"collection":[{"href":"https:\/\/chargingshop.eu\/fi\/wp-json\/wp\/v2\/product"}],"about":[{"href":"https:\/\/chargingshop.eu\/fi\/wp-json\/wp\/v2\/types\/product"}],"replies":[{"embeddable":true,"href":"https:\/\/chargingshop.eu\/fi\/wp-json\/wp\/v2\/comments?post=5785"}],"wp:featuredmedia":[{"embeddable":true,"href":"https:\/\/chargingshop.eu\/fi\/wp-json\/wp\/v2\/media\/5758"}],"wp:attachment":[{"href":"https:\/\/chargingshop.eu\/fi\/wp-json\/wp\/v2\/media?parent=5785"}],"wp:term":[{"taxonomy":"product_brand","embeddable":true,"href":"https:\/\/chargingshop.eu\/fi\/wp-json\/wp\/v2\/product_brand?post=5785"},{"taxonomy":"product_cat","embeddable":true,"href":"https:\/\/chargingshop.eu\/fi\/wp-json\/wp\/v2\/product_cat?post=5785"},{"taxonomy":"product_tag","embeddable":true,"href":"https:\/\/chargingshop.eu\/fi\/wp-json\/wp\/v2\/product_tag?post=5785"}],"curies":[{"name":"wp","href":"https:\/\/api.w.org\/{rel}","templated":true}]}}