{"id":5739,"date":"2021-07-23T13:01:37","date_gmt":"2021-07-23T13:01:37","guid":{"rendered":"https:\/\/chargingshop.eu\/product\/juice-booster-2-mobiili-ev-laturi-32-a-22-kw-52-m-n-kaapeli\/"},"modified":"2021-08-02T10:13:19","modified_gmt":"2021-08-02T10:13:19","slug":"juice-booster-2-mobiili-ev-laturi-32-a-22-kw-52-m-n-kaapeli","status":"publish","type":"product","link":"https:\/\/chargingshop.eu\/fi\/tuote\/juice-booster-2-mobiili-ev-laturi-32-a-22-kw-52-m-n-kaapeli\/","title":{"rendered":"JUICE BOOSTER 2 Mobiili EV -laturi 32 A, 22 kW, 5,2 m: n kaapeli"},"content":{"rendered":"<h2><strong> JUICE BOOSTER 2 <\/strong> on h\u00e4mm\u00e4stytt\u00e4v\u00e4 mobiililatausasema, jossa on useita sovittimia s\u00e4hk\u00f6ajoneuvojen lataamiseen mist\u00e4 tahansa markkinoilla olevasta p\u00e4\u00e4telaitteesta ja pistorasiasta.<\/h2>\n<p>Alumiiniseoksesta valmistettu JUICE BOOSTER 2 on korkealaatuinen kannettava laturi ja eritt\u00e4in kest\u00e4v\u00e4. T\u00e4m\u00e4n laitteen liittimet on valmistettu avaruusteknologiassa k\u00e4ytett\u00e4vist\u00e4 materiaaleista.<\/p>\n<p>Todiste kest\u00e4vyydest\u00e4 &#8211; laturi toimii edelleen, vaikka armeijan s\u00e4ili\u00f6 on ajautunut sen yli!<\/p>\n<p><iframe src=\"https:\/\/www.youtube.com\/embed\/46I5NwEnRfo?t=28 rel=0\" width=\"640\" height=\"360\" frameborder=\"0\" allowfullscreen=\"allowfullscreen\"><\/iframe><\/p>\n<h3><strong> JUICE BOOSTER 2 Mobile EV -laturi <\/strong><\/h3>\n<p>Se tarjoaa suuren EV -latausvoiman, ja voit ladata ajoneuvosi joko <strong> yksivaiheisena <\/strong> tai <strong> kolmivaiheisena <\/strong>, jopa 220 kW: n teholla (tarkoittaa, ett\u00e4 voit matkustaa 100 km, jos lataat ajoneuvoasi tunnin ajan).<\/p>\n<p><strong> <em> JUICE BOOSTER 2 <\/em> <\/strong> -latausasema on eritt\u00e4in hy\u00f6dyllinen, koska se tunnistaa automaattisesti kytketyn sovittimen tyypin ja latautuu <a href=\"https: \/\/chargingshop.eu\/product\/duosida-7-kw-portable-charging-connector-adjustable-8-32a-type-2-to-cee-plug-copy\/\"> latausteho <\/a>. Sinun ei tarvitse selvitt\u00e4\u00e4, kuinka monta kilowattituntia voit ladata, joten voit ladata laitteen turvallisesti ja s\u00e4\u00e4st\u00e4\u00e4 samalla arvokasta aikaa.<\/p>\n<h3><strong> Tekniset tiedot ja ominaisuudet <\/strong><\/h3>\n<ul>\n<li>Mitat (halkaisija ja pituus): 7 cm &amp; amp; 22,5 cm vastaavasti<\/li>\n<li>Sy\u00f6tt\u00f6j\u00e4nnite: yksivaiheinen\/ kolmivaiheinen &#8211; vuorotteleva &#8211; 6 &#8211; 32A<\/li>\n<li>L\u00e4ht\u00f6teho: 1,4\u201322 kW (riippuu sy\u00f6tt\u00f6tehosta)<\/li>\n<li>kaapelin ja liittimen pituus: 5 m<\/li>\n<li>Paino (liittimen ja kaapelin kanssa): 3,2 kg<\/li>\n<li>Paino (ilman kaapelia): 1 kg<\/li>\n<li>V\u00e4ri: musta kaapeli, metallinen antrasiitti<\/li>\n<li>Iskunkest\u00e4vyys: IK10 &#8211; alkaa vastustaa, vaikka 3t -ajoneuvo kaatuu sen yli<\/li>\n<li>K\u00e4ytt\u00f6l\u00e4mp\u00f6tila: -25 \u00b0 C &#8211; + 45 \u00b0 C<\/li>\n<li>Vaatimustenmukaisuus: CE 62196, 62752, 61851, CEM, tila 2\/3 ja RoHS<\/li>\n<li>Vuotovirran tunnistus: kyll\u00e4 \u200b\u200b(30 mA)<\/li>\n<li>Tiivistys: IP67 (vesitiivis)<\/li>\n<li>Integroidut katkaisijat: kyll\u00e4 \u200b\u200b<\/li>\n<\/ul>\n<h4><strong> Yhteensopiva kaikkien tyypin 2 pistokkeisten s\u00e4hk\u00f6ajoneuvojen kanssa <\/strong><\/h4>\n<p>Riippumatta siit\u00e4, kumpi on tyypin 2 ajoneuvosi malli, l\u00f6yd\u00e4t JUICE BOOSTER 2: n <strong> tyypin 2 pistorasian <\/strong> t\u00e4ysin yhteensopiviksi.<\/p>\n<h4><strong> Kest\u00e4v\u00e4 ja vedenpit\u00e4v\u00e4 <\/strong><\/h4>\n<p>JUICE BOOSTER 2 ja sen osat ovat s\u00e4\u00e4n- ja iskunkest\u00e4vi\u00e4. Vaikka elektroniikka kest\u00e4\u00e4 yli kolmen s\u00e4vyn kuorman, se on edelleen hyvin suojattu.<\/p>\n<h4><strong> Nopeampi lataus <\/strong><\/h4>\n<p>Verrattuna tavalliseen kotitalouden pistorasiaan, se tarjoaa <strong> 10 kertaa nopeamman latauksen <\/strong>. Katso vain, kuinka nopeasti akku latautuu t\u00e4yteen, jotta s\u00e4hk\u00f6ajoneuvo voi valmistautua liikkumaan hetkess\u00e4.<\/p>\n<h4><strong> Automaattinen virran s\u00e4\u00e4t\u00f6 <\/strong><\/h4>\n<p>JUICE BOOSTER 2 on eritt\u00e4in helppok\u00e4ytt\u00f6inen! Liit\u00e4 vain <a href=\"https:\/\/chargingshop.eu\/product\/adapter-cee-16a-to-cee-32a\/\"> sovitin <\/a> kannettavaan p\u00e4\u00e4telaitteeseen, ja lataustehoa s\u00e4\u00e4det\u00e4\u00e4n automaattisesti suurimmalle mahdolliselle latausteholle. Lataus keskeytyy automaattisesti, kun auto on ladattu t\u00e4yteen.<\/p>\n<p>Sinun ei tarvitse joutua vaikeuksiin mink\u00e4\u00e4n \u00e4lypuhelinsovelluksen kanssa. JUICE BOOSTER 2: ssa on yksi virranvalintapainike: se on yksinkertainen, turvallinen ja luotettava.<\/p>\n<h4><strong> Latausvoimakkuuden valitseminen helppoa (6A- 32A) <\/strong><\/h4>\n<p>Kun painat <strong> VALITSE <\/strong> -painiketta, asema v\u00e4hent\u00e4\u00e4 lataustehoa lis\u00e4\u00e4m\u00e4tt\u00e4 koskaan k\u00e4ytetyn sovittimen enimm\u00e4islataustehoa.<\/p>\n<p>Kun painat \u201cVALITSE\u201d -painiketta, voit valita seuraavat tehot: 32A, 25A, 20A, 16A, 13A, 10A, 8A ja 6A. N\u00e4iden virrankulutusten avulla saat lataustehon 1,3\u201322 kW.<\/p>\n<h4><strong> T2-T2-kaapelia ei tarvita <\/strong><\/h4>\n<p>T2-T2-kaapelia ei tarvita, koska JUICE BOOSTER 2 itse korvaa 3-vaiheisen 32A 22 kW: n T2-T2-kaapelin. Kun T2-T2-sovitin on kiinnitetty JUICE BOOSTER -laitteeseesi, se alkaa toimia kuten 32A 22kW kolmivaiheinen T2-T2-kaapeli.<\/p>\n<h4><strong> Lataus kotipistorasiasta tulee turvalliseksi <\/strong><\/h4>\n<p>Jos asennus on huono tai johdotus on viallinen, kaapelin tulipalon mahdollisuus kasvaa, jos lataat pitk\u00e4\u00e4n kotitalouden pistorasiasta. JUICE -sovittimessa on kotitalouspistorasia ja kaksi l\u00e4mp\u00f6tila -anturia, jotka pit\u00e4v\u00e4t kaapelin suojattuna my\u00f6s ylikuumenemisen sattuessa. Jos ylikuumeneminen tapahtuu, kannettava latausasema lopettaa lataamisen.<\/p>\n<h4><strong> Turvallisuus integroidulla differentiaalikatkaisimella <\/strong><\/h4>\n<p>JUICE BOOSTER 2 sopii erinomaisesti nykyisen IEC62752 -standardin t\u00e4ytt\u00e4miseen. Kannettava latausasema k\u00e4ytt\u00e4\u00e4 differentiaalikatkaisijaa vaihto- ja tasavirtoille (RCD DC 6mA, AC \/ DC 30 mA).<\/p>\n<h4><strong> Varkaudenesto- ja v\u00e4\u00e4rink\u00e4yt\u00f6ssuoja <\/strong><\/h4>\n<p>JUICE BOOSTER 2: ssa on uusimmat suojausominaisuudet. Voit irrottaa sen vasta, kun pistoke on irrotettu s\u00e4hk\u00f6ajoneuvostasi. On moderni lukko, joka suojaa sovitinta varkaudelta. Ei -toivotun s\u00e4\u00e4t\u00e4misen est\u00e4miseksi latausvirta lukittuu 30 sekunnin kuluttua.<\/p>\n<h4><strong> Sveitsil\u00e4inen <\/strong><\/h4>\n<p>JUICE BOOSTER 2 on sveitsil\u00e4isen yrityksen tunnettu tuote, jonka nimi on <a href=\"https:\/\/en.juice-world.com\/\" target=\"_blank\" rel=\"noopener\"> Juice Technology AG <\/a>. Yhti\u00f6 valmistaa innovatiivisesti laadukkaita tuotteita, jotka kehitt\u00e4v\u00e4t ja valmistavat kaikki laitteensa Euroopassa Euroopassa paikallisten vaatimusten mukaisesti. Br\u00e4ndi on hyvin tunnettu siit\u00e4, ett\u00e4 se pystyy seuraamaan uusia suuntauksia, ja jopa se on askeleen edell\u00e4 kilpailijoihinsa verrattuna.<\/p>\n<h4><strong> Helppo varastointi <\/strong><\/h4>\n<p>Suorakulmainen kotelo koostuu kaikista JUICE BOOSTER 2 -pakkauksen osista. Saat my\u00f6s kannella varustetun sementtitarranauhan, jotta saat optimaalisen tilanteen s\u00e4hk\u00f6ajoneuvosi s\u00e4ilytyslokeroon.<\/p>\n","protected":false},"excerpt":{"rendered":"<p>JUICE BOOSTER on 3 laitetta yhdess\u00e4 ratkaisussa:<\/p>\n<ul>\n<li>voi toimia wallboxina<\/li>\n<li>on kannettava laturi<\/li>\n<li>voidaan k\u00e4ytt\u00e4\u00e4 tyypin 2 kaapelina<\/li>\n<\/ul>\n<p>Se on tehokkain mobiililatausasema. Voit ladata mink\u00e4 tahansa pistokkeen tai julkisen latausaseman. Sen uskomattoman helppok\u00e4ytt\u00f6inen, s\u00e4\u00e4nkest\u00e4v\u00e4 ja varkaussuojattu, tukee jopa 10 kertaa nopeampaa latausnopeutta pistorasiaan verrattuna. Laadukas tuote Sveitsist\u00e4.<\/p>\n","protected":false},"featured_media":5283,"comment_status":"open","ping_status":"closed","template":"","meta":[],"product_brand":[],"product_cat":[493,253,282],"product_tag":[],"class_list":{"0":"post-5739","1":"product","2":"type-product","3":"status-publish","4":"has-post-thumbnail","6":"product_cat-sahkoautojen-latauskaapelit","7":"product_cat-tarvikkeet-latauskaapelit","8":"product_cat-wallbox-chargers-fi","9":"pa_brand-mehu","11":"first","12":"outofstock","13":"taxable","14":"shipping-taxable","15":"purchasable","16":"product-type-simple"},"_links":{"self":[{"href":"https:\/\/chargingshop.eu\/fi\/wp-json\/wp\/v2\/product\/5739","targetHints":{"allow":["GET"]}}],"collection":[{"href":"https:\/\/chargingshop.eu\/fi\/wp-json\/wp\/v2\/product"}],"about":[{"href":"https:\/\/chargingshop.eu\/fi\/wp-json\/wp\/v2\/types\/product"}],"replies":[{"embeddable":true,"href":"https:\/\/chargingshop.eu\/fi\/wp-json\/wp\/v2\/comments?post=5739"}],"wp:featuredmedia":[{"embeddable":true,"href":"https:\/\/chargingshop.eu\/fi\/wp-json\/wp\/v2\/media\/5283"}],"wp:attachment":[{"href":"https:\/\/chargingshop.eu\/fi\/wp-json\/wp\/v2\/media?parent=5739"}],"wp:term":[{"taxonomy":"product_brand","embeddable":true,"href":"https:\/\/chargingshop.eu\/fi\/wp-json\/wp\/v2\/product_brand?post=5739"},{"taxonomy":"product_cat","embeddable":true,"href":"https:\/\/chargingshop.eu\/fi\/wp-json\/wp\/v2\/product_cat?post=5739"},{"taxonomy":"product_tag","embeddable":true,"href":"https:\/\/chargingshop.eu\/fi\/wp-json\/wp\/v2\/product_tag?post=5739"}],"curies":[{"name":"wp","href":"https:\/\/api.w.org\/{rel}","templated":true}]}}