{"id":5729,"date":"2021-07-24T14:11:33","date_gmt":"2021-07-24T14:11:33","guid":{"rendered":"https:\/\/chargingshop.eu\/product\/mehulaturi-minulle-11-kw-5-m-kaapeli-rfid\/"},"modified":"2021-07-24T14:11:33","modified_gmt":"2021-07-24T14:11:33","slug":"mehulaturi-minulle-11-kw-5-m-kaapeli-rfid","status":"publish","type":"product","link":"https:\/\/chargingshop.eu\/fi\/tuote\/mehulaturi-minulle-11-kw-5-m-kaapeli-rfid\/","title":{"rendered":"MEHULATURI minulle, 11 KW, 5 m kaapeli, RFID"},"content":{"rendered":"<h2><strong> JUICE CHARGER me <\/strong> on \u00e4lyk\u00e4s sein\u00e4latausasema, jonka latausteho on jopa 11 kW<\/h2>\n<p>JUICE CHARGER me on esiasetettu tehtaalla ja sit\u00e4 voidaan k\u00e4ytt\u00e4\u00e4 heti paikan p\u00e4\u00e4ll\u00e4. Lis\u00e4asetuksia ei tarvita.<\/p>\n<p>JUICE CHARGER on KfW: n (Saksa) rahoittama, ja se on ihanteellinen autotalleihin, yksityisille pys\u00e4k\u00f6intialueille tai autokatoksille. Yksitt\u00e4isen\u00e4 latausasemana yksityisell\u00e4 sektorilla tarvitaan vain s\u00e4hk\u00f6liit\u00e4nn\u00e4t. Pienen\u00e4, yksinkertaisena ja edullisena vaihtoehtona se soveltuu my\u00f6s hotelleille, golf\/tennis\/urheilupys\u00e4k\u00f6intialueille. Niiden joustava k\u00e4ytt\u00f6 tekee niist\u00e4 my\u00f6s houkuttelevia autotalleille ja monikerroksisille pys\u00e4k\u00f6intialueille. \/Latauksenhallintatila, <strong> MEHULATURI <\/strong> tarvitsee vain LAN -yhteyden. <b> <\/b><\/p>\n<p>Nouse yl\u00f6s, kytke virta, lataa: Julkisilla paikoilla auton lukitus voidaan avata RFID: n avulla ilman &#8220;kytke ja lataa&#8221; -toimintoa.<\/p>\n<h3>MEHULATURI minulle on:<\/h3>\n<ul>\n<li><strong> Plug and play -laite: <\/strong> latausasema on m\u00e4\u00e4ritetty tehtaalla t\u00e4ysin ja sit\u00e4 voidaan k\u00e4ytt\u00e4\u00e4 v\u00e4litt\u00f6m\u00e4sti ilman lis\u00e4asetuksia.<\/li>\n<li>Varustettu auton <strong> &#8220;liit\u00e4 ja lataa&#8221; <\/strong> -toiminnolla ISO 15118 -standardin mukaisesti. latausprosessi alkaa.<\/li>\n<li>Varustettu kaikille muille ajoneuvoille sopivalla <strong> RFID-lukijalla <\/strong> ja kahdella esiohjelmoidulla RFID-kortilla.<\/li>\n<li>Kehitetty toimimaan 2\u2013250 is\u00e4nt\u00e4- ja orjayksik\u00f6n kanssa. T\u00e4ss\u00e4 tapauksessa yksi laite on vastuussa k\u00e4ytett\u00e4viss\u00e4 olevan tehon tasaisesta jakamisesta kaikille muille asemille. Smart JUICEn suuntaamaton latauksenhallinta tarjoaa kuitenkin enemm\u00e4n joustavuutta, esimerkiksi yksitt\u00e4iset ajoneuvot voidaan asettaa etusijalle.<\/li>\n<li>Ne on jo varustettu standardoiduilla rajapinnoilla (Modbus\/TCP, Modbus\/RTU, EEBUS) uusimman sukupolven \u00e4lykk\u00e4ille koteille, esimerkiksi niille voidaan antaa virtaa tavallisista kotitalouksien aurinkos\u00e4hk\u00f6j\u00e4rjestelmist\u00e4. IP54: n ansiosta ulkoisten kuormien hallintaa ei tarvitse hallita.<\/li>\n<li>se soveltuu sis\u00e4- ja ulkok\u00e4ytt\u00f6\u00f6n.<\/li>\n<li>Se voidaan asentaa sein\u00e4lle yksin tai jalustaan, johon p\u00e4\u00e4see k\u00e4siksi yksitt\u00e4in tai pareittain. Sein\u00e4asennusta varten tyypin 2 ajoneuvojen telakointikiinnike sis\u00e4ltyy toimitukseen; vapaasti seisova kiinnike voidaan toimittaa erikseen. <b> <\/b><\/li>\n<\/ul>\n<h3>Tekniset tiedot:<\/h3>\n<section class=\"content-main container block-group\">\n<table border=\"0\">\n<tbody>\n<tr>\n<td><strong>Mitat<\/strong><\/td>\n<td>240 x 240 x 120 mm (K x L x S)<\/td>\n<\/tr>\n<tr>\n<td><strong> Kaapelin pituus <\/strong><\/td>\n<td>5 m<\/td>\n<\/tr>\n<tr>\n<td>&lt;&lt; Paino &lt;&lt;<\/td>\n<td>noin 6,5 kg (sis. Latauskaapelin)<\/td>\n<\/tr>\n<tr>\n<td><strong> Tulovirta <\/strong><\/td>\n<td>230 V, 6-32 A (1 vaihe) AC tai 400 V, 6-32 A (3 -vaihe) AC<\/td>\n<\/tr>\n<tr>\n<td><strong> Teho <\/strong><\/td>\n<td>22 kW (32 A, kolmivaiheinen); s\u00e4\u00e4nnelty versio KfW -tuelle: max. 11 kW (16 A, kolmivaiheinen)<\/td>\n<\/tr>\n<tr>\n<td><strong> Materiaali, v\u00e4ri <\/strong><\/td>\n<td>runko harjattua ruostumatonta ter\u00e4st\u00e4, etupaneeli musta UV-kest\u00e4v\u00e4 polykarbonaattilasi<\/td>\n<\/tr>\n<tr>\n<td><strong>Yhteys<\/strong><\/td>\n<td>Korjattu<\/td>\n<\/tr>\n<tr>\n<td><strong> CE -vaatimustenmukaisuus <\/strong><\/td>\n<td>IEC 61851, IEC 61439-7, EMC RoHS \/ IEC EN 50470, EMC RoHS (valinnaiselle MID-yhteensopivalle mittarille)<\/td>\n<\/tr>\n<tr>\n<td><strong> Suojausluokka <\/strong><\/td>\n<td>IP54<\/td>\n<\/tr>\n<tr>\n<td><strong> RCD -turvallisuus <\/strong><\/td>\n<td>RCD DC 6 mA, AC 30 mA &#8211; L\u00e4mp\u00f6tilan valvonta<\/td>\n<\/tr>\n<tr>\n<td><strong> Ajoneuvon sivukytkent\u00e4 <\/strong><\/td>\n<td>Tyyppi 2 (IEC 62196)<\/td>\n<\/tr>\n<\/tbody>\n<\/table>\n<div>\u00a0<\/div>\n<div class=\"product-info\"><strong style=\"font-size: 14.4px;\"> MEHULATURI minulle on paras valinta: <\/strong><\/div>\n<\/section>\n<ol>\n<li>Hintatietoisille k\u00e4ytt\u00e4jille, jotka eiv\u00e4t halua tinki\u00e4 suunnittelusta ja toiminnallisuudesta.<\/li>\n<li>K\u00e4yt\u00e4 nykyisi\u00e4 ja tulevia &#8220;plug and play&#8221; -latausstandardeja lataamisen helpottamiseksi.<\/li>\n<li>Ty\u00f6skentele sis\u00e4ll\u00e4 ja ulkona. N\u00e4ytt\u00f6 ei ole v\u00e4\u00e4ristynyt, mutta kolme valaistua v\u00e4rikuvaketta ilmaisevat nykyisen tilan. <b> <\/b><\/li>\n<\/ol>\n<p>Onko sinulla kysytt\u00e4v\u00e4\u00e4? <a href=\"https:\/\/chargingshop.eu\/knowledge-center\/\"> Tietopalvelumme <\/a> sis\u00e4lt\u00e4\u00e4 kaiken, mit\u00e4 sinun tarvitsee tiet\u00e4\u00e4 s\u00e4hk\u00f6autosi lataamisesta.<\/p>\n","protected":false},"excerpt":{"rendered":"<p> JUICE CHARGER me on erityisen kompakti, reunan pituus 24 cm ja syvyys 12 cm, ja se on my\u00f6s eritt\u00e4in kevyt ja painaa vain 6,5 kg (kaapeli mukaan lukien). <\/p>\n<ul>\n<li> KFW: n rahoittama 11 kW: n wallbox -latauspiste <\/li>\n<li> Aktivointi RFID: n kautta <\/li>\n<li> Plug and Charge &#8211; VALMISTETTU SAKSASSA <\/li>\n<\/ul>\n","protected":false},"featured_media":5420,"comment_status":"open","ping_status":"closed","template":"","meta":[],"product_brand":[],"product_cat":[282],"product_tag":[],"class_list":{"0":"post-5729","1":"product","2":"type-product","3":"status-publish","4":"has-post-thumbnail","6":"product_cat-wallbox-chargers-fi","7":"pa_brand-mehu","9":"first","10":"outofstock","11":"sale","12":"taxable","13":"shipping-taxable","14":"purchasable","15":"product-type-simple"},"_links":{"self":[{"href":"https:\/\/chargingshop.eu\/fi\/wp-json\/wp\/v2\/product\/5729","targetHints":{"allow":["GET"]}}],"collection":[{"href":"https:\/\/chargingshop.eu\/fi\/wp-json\/wp\/v2\/product"}],"about":[{"href":"https:\/\/chargingshop.eu\/fi\/wp-json\/wp\/v2\/types\/product"}],"replies":[{"embeddable":true,"href":"https:\/\/chargingshop.eu\/fi\/wp-json\/wp\/v2\/comments?post=5729"}],"wp:featuredmedia":[{"embeddable":true,"href":"https:\/\/chargingshop.eu\/fi\/wp-json\/wp\/v2\/media\/5420"}],"wp:attachment":[{"href":"https:\/\/chargingshop.eu\/fi\/wp-json\/wp\/v2\/media?parent=5729"}],"wp:term":[{"taxonomy":"product_brand","embeddable":true,"href":"https:\/\/chargingshop.eu\/fi\/wp-json\/wp\/v2\/product_brand?post=5729"},{"taxonomy":"product_cat","embeddable":true,"href":"https:\/\/chargingshop.eu\/fi\/wp-json\/wp\/v2\/product_cat?post=5729"},{"taxonomy":"product_tag","embeddable":true,"href":"https:\/\/chargingshop.eu\/fi\/wp-json\/wp\/v2\/product_tag?post=5729"}],"curies":[{"name":"wp","href":"https:\/\/api.w.org\/{rel}","templated":true}]}}