{"id":4801,"date":"2021-03-07T08:30:46","date_gmt":"2021-03-07T08:30:46","guid":{"rendered":"https:\/\/chargingshop.eu\/?post_type=product&#038;p=4801"},"modified":"2021-03-07T08:47:24","modified_gmt":"2021-03-07T08:47:24","slug":"sahkoauton-latauskaapeli-tyyppi-1-tyyppi-2-32a-1-vaihe-5m","status":"publish","type":"product","link":"https:\/\/chargingshop.eu\/fi\/tuote\/sahkoauton-latauskaapeli-tyyppi-1-tyyppi-2-32a-1-vaihe-5m\/","title":{"rendered":"S\u00e4hk\u00f6auton latauskaapeli Tyyppi 1 \u2013 Tyyppi 2 32A 1 Vaihe 5m"},"content":{"rendered":"<h1>S\u00e4hk\u00f6auton latauskaapeli Tyyppi 1 \u2013 Tyyppi 2 32A 1 Vaihe 5m<\/h1>\n<p>T\u00e4ll\u00e4 S\u00e4hk\u00f6auton latauskaapeli voit ladata Tyypin 1 liit\u00e4nn\u00e4ll\u00e4 varustetun autosi latausasemassa, josta l\u00f6ytyy my\u00f6s Tyypin 2 liint\u00e4nt\u00e4. Kaapeli on 32 Amp, 1-vaihteinen ja voi ladata jopa 3.6 kW. Tuotteella on mukava ulkon\u00e4k\u00f6, ergonominen muotoilu ja se on helppo k\u00e4ytt\u00e4\u00e4. Kaapelin piitus on 5 metri\u00e4 ja se on valmistettu kestomuovista. Siin\u00e4 on suojaustaso IP55, palonesto, paineenkest\u00e4v\u00e4, kulutusta kest\u00e4v\u00e4 ja iskunkest\u00e4v\u00e4. <strong>Kuinka s\u00e4ilytt\u00e4\u00e4:<\/strong> Latauskaapeli on elint\u00e4rke\u00e4 s\u00e4hk\u00f6autollesi, joten sen\u00a0 suojaamisesta on huolehdittava kunnolla. S\u00e4ilyt\u00e4 kaapeli kuivassa paikassa ja mielell\u00e4\u00e4n\u00a0<u>s\u00e4ilytyspussissa.<\/u> Kosteus kaapelin kontaktipinnoissa johtaa siihen, ettei kaapeli toimi. Jos n\u00e4in tapahtuu, pid\u00e4 kaapelia 12 tuntia kuivassa ja l\u00e4mpim\u00e4ss\u00e4 paikassa. V\u00e4lt\u00e4\u00a0 j\u00e4tt\u00e4m\u00e4st\u00e4 kaapelia suoraan auringon valoon, tuuleen, sateeseen tai p\u00f6lyisiin olosuhteisiin. P\u00f6ly ja lika johtavat siihen, ett\u00e4 kaapelilla ei voi ladata. Jotta kaapeli olisi mahdollisimman pitk\u00e4ik\u00e4inen pid\u00e4 huoli, ettei kaapeli ole s\u00e4ilytyksen aikana kierteell\u00e4 tai muuten taipunut. EV+ S\u00e4hk\u00f6auton latauskaapeli 1 \u2013 tyyppi 2 32A 1 Vaihe 5m kaapeliin on helppo k\u00e4ytt\u00e4\u00e4 ja s\u00e4ilytt\u00e4\u00e4. Kaapeli on suunniteltu sek\u00e4 ulko- ett\u00e4 sis\u00e4k\u00e4ytt\u00f6\u00f6n ja sen suojausluokka on IP55 (IP-luokitus). T\u00e4m\u00e4 tarkoittaa sit\u00e4, ett\u00e4 kaapeli on suojattu p\u00f6lylt\u00e4 tiettyyn pisteeseen saakka sek\u00e4 joka suunnasta tulevalta vesisuihkulta.<\/p>\n","protected":false},"excerpt":{"rendered":"<p>S\u00e4hk\u00f6auton latauskaapeli Tyyppi 1 \u2013 Tyyppi 2 32A 1 Vaihe T\u00e4m\u00e4 kaapeli on 5 metri\u00e4 pitk\u00e4 ja tyyppi 1 (32A). Kevyt ja eritt\u00e4in joustava, joten se on helppo s\u00e4ilytt\u00e4\u00e4 ja kuljettaa. IP55 mitoitettu.<\/p>\n","protected":false},"featured_media":4766,"comment_status":"open","ping_status":"closed","template":"","meta":[],"product_brand":[],"product_cat":[493],"product_tag":[],"class_list":{"0":"post-4801","1":"product","2":"type-product","3":"status-publish","4":"has-post-thumbnail","6":"product_cat-sahkoautojen-latauskaapelit","8":"first","9":"instock","10":"sale","11":"taxable","12":"shipping-taxable","13":"purchasable","14":"product-type-simple"},"_links":{"self":[{"href":"https:\/\/chargingshop.eu\/fi\/wp-json\/wp\/v2\/product\/4801","targetHints":{"allow":["GET"]}}],"collection":[{"href":"https:\/\/chargingshop.eu\/fi\/wp-json\/wp\/v2\/product"}],"about":[{"href":"https:\/\/chargingshop.eu\/fi\/wp-json\/wp\/v2\/types\/product"}],"replies":[{"embeddable":true,"href":"https:\/\/chargingshop.eu\/fi\/wp-json\/wp\/v2\/comments?post=4801"}],"wp:featuredmedia":[{"embeddable":true,"href":"https:\/\/chargingshop.eu\/fi\/wp-json\/wp\/v2\/media\/4766"}],"wp:attachment":[{"href":"https:\/\/chargingshop.eu\/fi\/wp-json\/wp\/v2\/media?parent=4801"}],"wp:term":[{"taxonomy":"product_brand","embeddable":true,"href":"https:\/\/chargingshop.eu\/fi\/wp-json\/wp\/v2\/product_brand?post=4801"},{"taxonomy":"product_cat","embeddable":true,"href":"https:\/\/chargingshop.eu\/fi\/wp-json\/wp\/v2\/product_cat?post=4801"},{"taxonomy":"product_tag","embeddable":true,"href":"https:\/\/chargingshop.eu\/fi\/wp-json\/wp\/v2\/product_tag?post=4801"}],"curies":[{"name":"wp","href":"https:\/\/api.w.org\/{rel}","templated":true}]}}