{"id":3458,"date":"2020-12-17T15:26:11","date_gmt":"2020-12-17T15:26:11","guid":{"rendered":"https:\/\/chargingshop.eu\/?post_type=product&#038;p=3458"},"modified":"2020-12-17T15:49:22","modified_gmt":"2020-12-17T15:49:22","slug":"webasto-live-22kw-tyypin-2-kaapelilla","status":"publish","type":"product","link":"https:\/\/chargingshop.eu\/fi\/tuote\/webasto-live-22kw-tyypin-2-kaapelilla\/","title":{"rendered":"Webasto Live 22kW tyypin 2 kaapelilla"},"content":{"rendered":"<div><strong>Webasto Live 22kW tyypin 2 kaapelilla<\/strong><\/div>\n<div><\/div>\n<div><strong>Ominaisuudet:<\/strong><\/div>\n<div><\/div>\n<div><strong>Tulevaisuuden kest\u00e4v\u00e4, korkealaatuinen ja \u00e4lyk\u00e4s:<\/strong><\/div>\n<div><\/div>\n<div>Webasto LIVE -latausasema, jossa on kiinte\u00e4 tyypin 2 latauskaapeli (kaapelin pituus 4,5 m), antaa sinulle mahdollisuuden<\/div>\n<div>ladata s\u00e4hk\u00f6autosi (s\u00e4\u00e4dett\u00e4v\u00e4) teholla 3,7 kW &#8211; 22 kW.<\/div>\n<div><\/div>\n<div>Siin\u00e4 on \u00e4lyk\u00e4s liitett\u00e4vyys (4G LTE-modeemi) ja MID-yhteensopiva laskuri.<\/div>\n<div>OCPP: n ansiosta on my\u00f6s mahdollisuus laskuttaa taustaj\u00e4rjestelmien kautta.<\/div>\n<div><\/div>\n<div><strong>Webasto Live -palvelulla on seuraavat edut:<\/strong><\/div>\n<div><\/div>\n<ul>\n<li>Tyypin 2 liitin, jopa 22 kW: n latausteho<\/li>\n<li>Vaihtoehtoisesti 4,5 m kaapelilla (tyyppi 2)<\/li>\n<li>Integroidun tasavirran havaitsemisen (\u2265 6mA) ansiosta kustannustehokas asennus<\/li>\n<li>Integroitu 4G-modeemi suurille tiedonsiirtonopeuksille<\/li>\n<li>Tuki aurinkoenergialle ja tariffioptimoidulle lataukselle lataustehon dynaamisen s\u00e4\u00e4t\u00e4misen avulla<\/li>\n<li>MID-yhteensopiva mittari kalibroitua mittausta varten<\/li>\n<li>Tulevaisuuden kest\u00e4v\u00e4 online-p\u00e4ivitysten avulla<\/li>\n<li>Helppo todennus Plug &amp; Charge -toiminnon (ISO 15118) ansiosta<\/li>\n<li>Maksimaalinen suojaus k\u00e4ytett\u00e4ess\u00e4 RFID: t\u00e4 DESFire-tuen kautta<\/li>\n<li>Yhteensopiva OCPP 1.6: ta k\u00e4ytt\u00e4vien vakioj\u00e4rjestelmien kanssa<\/li>\n<li>Korkea k\u00e4sittelylaatu &#8220;Made in Germany&#8221;<\/li>\n<\/ul>\n<p>&nbsp;<\/p>\n","protected":false},"excerpt":{"rendered":"<p>Saksalaista laatua, mutta edullinen hinta. S\u00e4\u00e4dett\u00e4v\u00e4 latausteho 3,7 kW &#8211; 22 kW sek\u00e4 4,5 m pysyv\u00e4sti kytketty latauskaapeli. Yksinkertainen ja k\u00e4tev\u00e4 k\u00e4ytt\u00f6 ja jopa kymmenen kertaa nopeampi lataus kotitalouspistorasiaan verrattuna. Korkein s\u00e4hk\u00f6turvallisuus oman sulakesuojauksen ansiosta.<\/p>\n","protected":false},"featured_media":3466,"comment_status":"open","ping_status":"closed","template":"","meta":[],"product_brand":[],"product_cat":[282],"product_tag":[],"class_list":{"0":"post-3458","1":"product","2":"type-product","3":"status-publish","4":"has-post-thumbnail","6":"product_cat-wallbox-chargers-fi","7":"pa_brand-webasto-fi","9":"first","10":"instock","11":"taxable","12":"shipping-taxable","13":"purchasable","14":"product-type-simple"},"_links":{"self":[{"href":"https:\/\/chargingshop.eu\/fi\/wp-json\/wp\/v2\/product\/3458","targetHints":{"allow":["GET"]}}],"collection":[{"href":"https:\/\/chargingshop.eu\/fi\/wp-json\/wp\/v2\/product"}],"about":[{"href":"https:\/\/chargingshop.eu\/fi\/wp-json\/wp\/v2\/types\/product"}],"replies":[{"embeddable":true,"href":"https:\/\/chargingshop.eu\/fi\/wp-json\/wp\/v2\/comments?post=3458"}],"wp:featuredmedia":[{"embeddable":true,"href":"https:\/\/chargingshop.eu\/fi\/wp-json\/wp\/v2\/media\/3466"}],"wp:attachment":[{"href":"https:\/\/chargingshop.eu\/fi\/wp-json\/wp\/v2\/media?parent=3458"}],"wp:term":[{"taxonomy":"product_brand","embeddable":true,"href":"https:\/\/chargingshop.eu\/fi\/wp-json\/wp\/v2\/product_brand?post=3458"},{"taxonomy":"product_cat","embeddable":true,"href":"https:\/\/chargingshop.eu\/fi\/wp-json\/wp\/v2\/product_cat?post=3458"},{"taxonomy":"product_tag","embeddable":true,"href":"https:\/\/chargingshop.eu\/fi\/wp-json\/wp\/v2\/product_tag?post=3458"}],"curies":[{"name":"wp","href":"https:\/\/api.w.org\/{rel}","templated":true}]}}