{"id":2960,"date":"2020-09-07T13:08:06","date_gmt":"2020-09-07T13:08:06","guid":{"rendered":"https:\/\/chargingshop.eu\/product\/webasto-pure-22kw-tyypin-2-kaapelilla\/"},"modified":"2021-06-12T13:06:07","modified_gmt":"2021-06-12T13:06:07","slug":"webasto-pure-22kw-tyypin-2-kaapelilla","status":"publish","type":"product","link":"https:\/\/chargingshop.eu\/fi\/tuote\/webasto-pure-22kw-tyypin-2-kaapelilla\/","title":{"rendered":"Webasto Pure 22kW tyypin 2 kaapelilla"},"content":{"rendered":"<p><strong>Webasto Pure 22kW tyypin 2 kaapelilla<\/strong><\/p>\n<p><strong>Toiminnot:<\/strong><\/p>\n<ul>\n<li>S\u00e4\u00e4dett\u00e4v\u00e4 latausteho v\u00e4lill\u00e4 3,7 kW &#8211; 22 kW sek\u00e4 4,5 m pysyv\u00e4sti kytketty latauskaapeli tyypin 2 latausliittimell\u00e4 ja integroidulla kaapelijousituksella<\/li>\n<li>Jopa kymmenen kertaa nopeampi kuin tavallisen kotipistorasian k\u00e4ytt\u00f6<\/li>\n<li>Yksinkertainen ja k\u00e4tev\u00e4 k\u00e4ytt\u00f6<\/li>\n<li>Korkein s\u00e4hk\u00f6turvallisuus oman sulakesuojauksen ansiosta<\/li>\n<li>Edullinen hinta ja asiantuntijapalvelu<\/li>\n<li>Laadukas &#8220;Made in Germany&#8221;<\/li>\n<li>Tekniset tiedot:<\/li>\n<\/ul>\n<p><a href=\"https:\/\/chargingshop.eu\/wp-content\/uploads\/2020\/09\/Datasheet_Webasto_PURE_BLACK_ENG_22kW_VIEW.pdf\">Datasheet_Webasto_PURE_BLACK_ENG_22kW_VIEW<\/a><\/p>\n<p>&nbsp;<\/p>\n","protected":false},"excerpt":{"rendered":"<p>Saksalaista laatua, mutta edullinen hinta. S\u00e4\u00e4dett\u00e4v\u00e4 latausteho 3,7 kW &#8211; 22 kW sek\u00e4 4,5 m pysyv\u00e4sti kytketty latauskaapeli. Yksinkertainen ja k\u00e4tev\u00e4 k\u00e4ytt\u00f6 ja jopa kymmenen kertaa nopeampi lataus kotitalouspistorasiaan verrattuna. Korkein s\u00e4hk\u00f6turvallisuus oman sulakesuojauksen ansiosta.<\/p>\n","protected":false},"featured_media":2936,"comment_status":"open","ping_status":"closed","template":"","meta":[],"product_brand":[],"product_cat":[282],"product_tag":[],"class_list":{"0":"post-2960","1":"product","2":"type-product","3":"status-publish","4":"has-post-thumbnail","6":"product_cat-wallbox-chargers-fi","7":"pa_brand-webasto-fi","9":"first","10":"instock","11":"taxable","12":"shipping-taxable","13":"purchasable","14":"product-type-simple"},"_links":{"self":[{"href":"https:\/\/chargingshop.eu\/fi\/wp-json\/wp\/v2\/product\/2960","targetHints":{"allow":["GET"]}}],"collection":[{"href":"https:\/\/chargingshop.eu\/fi\/wp-json\/wp\/v2\/product"}],"about":[{"href":"https:\/\/chargingshop.eu\/fi\/wp-json\/wp\/v2\/types\/product"}],"replies":[{"embeddable":true,"href":"https:\/\/chargingshop.eu\/fi\/wp-json\/wp\/v2\/comments?post=2960"}],"wp:featuredmedia":[{"embeddable":true,"href":"https:\/\/chargingshop.eu\/fi\/wp-json\/wp\/v2\/media\/2936"}],"wp:attachment":[{"href":"https:\/\/chargingshop.eu\/fi\/wp-json\/wp\/v2\/media?parent=2960"}],"wp:term":[{"taxonomy":"product_brand","embeddable":true,"href":"https:\/\/chargingshop.eu\/fi\/wp-json\/wp\/v2\/product_brand?post=2960"},{"taxonomy":"product_cat","embeddable":true,"href":"https:\/\/chargingshop.eu\/fi\/wp-json\/wp\/v2\/product_cat?post=2960"},{"taxonomy":"product_tag","embeddable":true,"href":"https:\/\/chargingshop.eu\/fi\/wp-json\/wp\/v2\/product_tag?post=2960"}],"curies":[{"name":"wp","href":"https:\/\/api.w.org\/{rel}","templated":true}]}}