{"id":2915,"date":"2020-09-01T13:03:45","date_gmt":"2020-09-01T13:03:46","guid":{"rendered":"https:\/\/chargingshop.eu\/?post_type=product&#038;p=2915"},"modified":"2020-09-01T15:03:51","modified_gmt":"2020-09-01T15:03:51","slug":"16a-n-latausadapteri-duosida-36-kw-type-2-cee-pistokkeeseen","status":"publish","type":"product","link":"https:\/\/chargingshop.eu\/fi\/tuote\/16a-n-latausadapteri-duosida-36-kw-type-2-cee-pistokkeeseen\/","title":{"rendered":"16A: n latausadapteri DUOSIDA 3,6 kW Type 2 CEE-pistokkeeseen"},"content":{"rendered":"<p>16A: n latausadapteri DUOSIDA 3,6 kW Type 2 &#8211; CEE-pistoke (16A x1 &#8211; yksi vaihe)<\/p>\n<p><strong>Ominaisuudet:<\/strong><\/p>\n<ul>\n<li>Latausteho 3,6kW;<\/li>\n<li>Suurin j\u00e4nnite 230 V;<\/li>\n<li>Ampeeri 16\u0410;<\/li>\n<li>Autoliitin TYPE2;<\/li>\n<li>virtal\u00e4hde &#8211; 16A yksi vaihe;<\/li>\n<li>Kaapelin pituus 5 metri\u00e4.<\/li>\n<li>K\u00e4ytt\u00f6l\u00e4mp\u00f6tila-alue -30 \u00b0 C &#8230; + 50 \u00b0 C<\/li>\n<li>Valmistaja &#8211; DUOSIDA (Kiina)<\/li>\n<\/ul>\n","protected":false},"excerpt":{"rendered":"<div>TYPE2-kannettava laturi on tarkoitettu s\u00e4hk\u00f6autojen lataamiseen 230 V: n pistorasiasta.<\/div>\n<div><\/div>\n<div>TYPE2-laturilla voit aina ladata s\u00e4hk\u00f6autosi miss\u00e4 tahansa 230 V: n pistorasiaan. Jokainen s\u00e4hk\u00f6auto on varustettu t\u00e4llaisella kannettavalla latauskaapelilla.<\/div>\n","protected":false},"featured_media":2924,"comment_status":"open","ping_status":"closed","template":"","meta":[],"product_brand":[],"product_cat":[253],"product_tag":[],"class_list":{"0":"post-2915","1":"product","2":"type-product","3":"status-publish","4":"has-post-thumbnail","6":"product_cat-tarvikkeet-latauskaapelit","8":"first","9":"outofstock","10":"taxable","11":"shipping-taxable","12":"purchasable","13":"product-type-simple"},"_links":{"self":[{"href":"https:\/\/chargingshop.eu\/fi\/wp-json\/wp\/v2\/product\/2915","targetHints":{"allow":["GET"]}}],"collection":[{"href":"https:\/\/chargingshop.eu\/fi\/wp-json\/wp\/v2\/product"}],"about":[{"href":"https:\/\/chargingshop.eu\/fi\/wp-json\/wp\/v2\/types\/product"}],"replies":[{"embeddable":true,"href":"https:\/\/chargingshop.eu\/fi\/wp-json\/wp\/v2\/comments?post=2915"}],"wp:featuredmedia":[{"embeddable":true,"href":"https:\/\/chargingshop.eu\/fi\/wp-json\/wp\/v2\/media\/2924"}],"wp:attachment":[{"href":"https:\/\/chargingshop.eu\/fi\/wp-json\/wp\/v2\/media?parent=2915"}],"wp:term":[{"taxonomy":"product_brand","embeddable":true,"href":"https:\/\/chargingshop.eu\/fi\/wp-json\/wp\/v2\/product_brand?post=2915"},{"taxonomy":"product_cat","embeddable":true,"href":"https:\/\/chargingshop.eu\/fi\/wp-json\/wp\/v2\/product_cat?post=2915"},{"taxonomy":"product_tag","embeddable":true,"href":"https:\/\/chargingshop.eu\/fi\/wp-json\/wp\/v2\/product_tag?post=2915"}],"curies":[{"name":"wp","href":"https:\/\/api.w.org\/{rel}","templated":true}]}}