{"id":2896,"date":"2020-09-01T06:38:28","date_gmt":"2020-09-01T06:38:29","guid":{"rendered":"https:\/\/chargingshop.eu\/?post_type=product&#038;p=2896"},"modified":"2020-09-01T06:58:22","modified_gmt":"2020-09-01T06:58:22","slug":"duosida-7-kw-kannettava-liitinsovitin-tyyppi-2-kestava-latauskaapeli-adapterilla-32a-1-vaihe-naytolla-copy","status":"publish","type":"product","link":"https:\/\/chargingshop.eu\/fi\/tuote\/duosida-7-kw-kannettava-liitinsovitin-tyyppi-2-kestava-latauskaapeli-adapterilla-32a-1-vaihe-naytolla-copy\/","title":{"rendered":"DUOSIDA 7 kW kannettava liitinsovitin tyyppi 2 &#8211; kest\u00e4v\u00e4 latauskaapeli adapterilla. 32A 1 vaihe n\u00e4yt\u00f6ll\u00e4."},"content":{"rendered":"<p>DUOSIDA 7 kW kannettava liitinsovitin tyyppi 2 &#8211; kest\u00e4v\u00e4 latauskaapeli adapterilla.<\/p>\n<p><strong>Ominaisuudet:<\/strong><\/p>\n<ul>\n<li>Latausteho v\u00e4lill\u00e4 2kW &#8211; 7,2kW (s\u00e4\u00e4dett\u00e4v\u00e4);<\/li>\n<li>Suurin j\u00e4nnite 230 V;<\/li>\n<li>Ampeeri 8\u0410, 10\u0410, 13\u0410, 16\u0410, 32\u0410 (voidaan s\u00e4\u00e4t\u00e4\u00e4 sovittimen n\u00e4yt\u00f6ll\u00e4);<\/li>\n<li>Autoliitin TYPE2;<\/li>\n<li>Ymp\u00e4rist\u00f6nsuojausluokka &#8211; IP55 Kumi \/ muovip\u00e4\u00e4llyste;<\/li>\n<li>Virtal\u00e4hde &#8211; 32A yksi vaihe;<\/li>\n<li>Virtal\u00e4hteen liittimen l\u00e4mp\u00f6tila-anturi (l\u00e4mp\u00f6tila n\u00e4kyy n\u00e4yt\u00f6ss\u00e4);<\/li>\n<li>Latausnopeus (n\u00e4kyy n\u00e4yt\u00f6ll\u00e4);<\/li>\n<li>Kaapelin pituus 5 metri\u00e4.<\/li>\n<li>K\u00e4ytt\u00f6l\u00e4mp\u00f6tila-alue -30 \u00b0 C &#8230; + 50 \u00b0 C<\/li>\n<li>Valmistaja &#8211; DUOSIDA (Kiina)<\/li>\n<\/ul>\n","protected":false},"excerpt":{"rendered":"<p>DUOSIDA 7 kW kannettava ja s\u00e4\u00e4dett\u00e4v\u00e4 lataustyyppi TYPE2, sopii p\u00e4ivitt\u00e4isiin lataustarpeisiisi.. Mahdollistaa s\u00e4hk\u00f6auton lataamisen kotitalouden 32A-liit\u00e4nn\u00e4st\u00e4 yhdess\u00e4 vaiheessa. Tarvittaessa latausvirtaa voidaan pienent\u00e4\u00e4, jos s\u00e4hk\u00f6liit\u00e4nn\u00e4ss\u00e4 ei ole riitt\u00e4v\u00e4sti virtaa tai jos vanha ja ep\u00e4luotettava s\u00e4hk\u00f6asennus. Esimerkiksi kun kaikkia kodin s\u00e4hk\u00f6laitteita k\u00e4ytet\u00e4\u00e4n (ruuhka-aikoina), latausvirtaa voidaan pienent\u00e4\u00e4 ja kun sinun on ladattava s\u00e4hk\u00f6auto nopeasti, voit k\u00e4ytt\u00e4\u00e4 t\u00e4t\u00e4 laturia jopa 7,2 kW: n ja 32 A: n latausvirtaan.<\/p>\n","protected":false},"featured_media":2903,"comment_status":"open","ping_status":"closed","template":"","meta":[],"product_brand":[],"product_cat":[253],"product_tag":[],"class_list":{"0":"post-2896","1":"product","2":"type-product","3":"status-publish","4":"has-post-thumbnail","6":"product_cat-tarvikkeet-latauskaapelit","8":"first","9":"instock","10":"taxable","11":"shipping-taxable","12":"purchasable","13":"product-type-simple"},"_links":{"self":[{"href":"https:\/\/chargingshop.eu\/fi\/wp-json\/wp\/v2\/product\/2896","targetHints":{"allow":["GET"]}}],"collection":[{"href":"https:\/\/chargingshop.eu\/fi\/wp-json\/wp\/v2\/product"}],"about":[{"href":"https:\/\/chargingshop.eu\/fi\/wp-json\/wp\/v2\/types\/product"}],"replies":[{"embeddable":true,"href":"https:\/\/chargingshop.eu\/fi\/wp-json\/wp\/v2\/comments?post=2896"}],"wp:featuredmedia":[{"embeddable":true,"href":"https:\/\/chargingshop.eu\/fi\/wp-json\/wp\/v2\/media\/2903"}],"wp:attachment":[{"href":"https:\/\/chargingshop.eu\/fi\/wp-json\/wp\/v2\/media?parent=2896"}],"wp:term":[{"taxonomy":"product_brand","embeddable":true,"href":"https:\/\/chargingshop.eu\/fi\/wp-json\/wp\/v2\/product_brand?post=2896"},{"taxonomy":"product_cat","embeddable":true,"href":"https:\/\/chargingshop.eu\/fi\/wp-json\/wp\/v2\/product_cat?post=2896"},{"taxonomy":"product_tag","embeddable":true,"href":"https:\/\/chargingshop.eu\/fi\/wp-json\/wp\/v2\/product_tag?post=2896"}],"curies":[{"name":"wp","href":"https:\/\/api.w.org\/{rel}","templated":true}]}}