{"id":2477,"date":"2019-12-27T14:50:26","date_gmt":"2019-12-27T14:50:26","guid":{"rendered":"https:\/\/chargingshop.eu\/product\/elinta-charge-homebox-slim-sahkoauton-latausasema-3g-rfid-7-2-kw\/"},"modified":"2020-06-15T19:09:26","modified_gmt":"2020-06-15T19:09:26","slug":"elinta-charge-homebox-slim-sahkoauton-latausasema-3g-rfid-7-2-kw","status":"publish","type":"product","link":"https:\/\/chargingshop.eu\/fi\/tuote\/elinta-charge-homebox-slim-sahkoauton-latausasema-3g-rfid-7-2-kw\/","title":{"rendered":"ELINTA CHARGE HOMEBOX SLIM &#8211; S\u00e4hk\u00f6auton Latausasema 7 kW; 3G;  RFID;"},"content":{"rendered":"<p><strong>S\u00e4hk\u00f6auton Latausasema \u2013 Homebox Slim\u00a0<\/strong>on suunniteltu yksinkertaiseksi ja kustannustehokkaaksi ratkaisuksi nopeasti, jopa 22 kW iin. HomeBoxia voidaan k\u00e4ytt\u00e4\u00e4 autokorjaamoissa, pys\u00e4k\u00f6intialueissa ja muissa yksityisalueissa, joissa ei tarvita todentamista. Kirkas punainen tilan merkkivalo Start \/ Stop-painikkeilla n\u00e4kyy my\u00f6s suorassa auringonvalossa. Integroitu energiamittari, jossa on LED-taustavalo, on k\u00e4tev\u00e4 erottaa s\u00e4hk\u00f6autosi kotimaisesta energialaskusta.<\/p>\n<p><strong>S\u00e4hk\u00f6auton Latausasema 7 kW ominaisuudet<\/strong>:<\/p>\n<p>\u2022 Yksinkertainen ja ammattitaitoinen<br \/>\n\u2022 Tyyppi 3, tyyppi 2 Enint\u00e4\u00e4n 22 kW<br \/>\n\u2022 Helppo asennus<br \/>\n\u2022 Aktivointi RFID-tunniste<br \/>\n\u2022 Houkutteleva muotoilu<\/p>\n","protected":false},"excerpt":{"rendered":"<p>S\u00e4hk\u00f6auton Latausasema 7 kW\u2013 Homebox Slim on suunniteltu k\u00e4ytett\u00e4v\u00e4ksi kotona tai toimistossa, mik\u00e4 takaa korkean luotettavuuden ja pitk\u00e4ik\u00e4isyyden.T\u00e4m\u00e4 latausasema on saatavana 1-3 vaihe 16A tai 32A -versioissa, riippuen toimitetusta virtal\u00e4hteest\u00e4.<\/p>\n","protected":false},"featured_media":2112,"comment_status":"open","ping_status":"closed","template":"","meta":[],"product_brand":[],"product_cat":[282],"product_tag":[],"class_list":{"0":"post-2477","1":"product","2":"type-product","3":"status-publish","4":"has-post-thumbnail","6":"product_cat-wallbox-chargers-fi","7":"pa_brand-elinta-charge-fi","9":"first","10":"instock","11":"taxable","12":"shipping-taxable","13":"purchasable","14":"product-type-simple"},"_links":{"self":[{"href":"https:\/\/chargingshop.eu\/fi\/wp-json\/wp\/v2\/product\/2477","targetHints":{"allow":["GET"]}}],"collection":[{"href":"https:\/\/chargingshop.eu\/fi\/wp-json\/wp\/v2\/product"}],"about":[{"href":"https:\/\/chargingshop.eu\/fi\/wp-json\/wp\/v2\/types\/product"}],"replies":[{"embeddable":true,"href":"https:\/\/chargingshop.eu\/fi\/wp-json\/wp\/v2\/comments?post=2477"}],"wp:featuredmedia":[{"embeddable":true,"href":"https:\/\/chargingshop.eu\/fi\/wp-json\/wp\/v2\/media\/2112"}],"wp:attachment":[{"href":"https:\/\/chargingshop.eu\/fi\/wp-json\/wp\/v2\/media?parent=2477"}],"wp:term":[{"taxonomy":"product_brand","embeddable":true,"href":"https:\/\/chargingshop.eu\/fi\/wp-json\/wp\/v2\/product_brand?post=2477"},{"taxonomy":"product_cat","embeddable":true,"href":"https:\/\/chargingshop.eu\/fi\/wp-json\/wp\/v2\/product_cat?post=2477"},{"taxonomy":"product_tag","embeddable":true,"href":"https:\/\/chargingshop.eu\/fi\/wp-json\/wp\/v2\/product_tag?post=2477"}],"curies":[{"name":"wp","href":"https:\/\/api.w.org\/{rel}","templated":true}]}}