{"id":2472,"date":"2020-01-16T13:26:11","date_gmt":"2020-01-16T13:26:11","guid":{"rendered":"https:\/\/chargingshop.eu\/product\/ensto-evb200-asa-2x22kw-3g\/"},"modified":"2025-06-22T03:30:14","modified_gmt":"2025-06-22T03:30:14","slug":"ensto-evb200-asa-2x22kw-3g","status":"publish","type":"product","link":"https:\/\/chargingshop.eu\/fi\/tuote\/ensto-evb200-asa-2x22kw-3g\/","title":{"rendered":"ENSTO Chago EVB200-AS 2x22kW (3G)"},"content":{"rendered":"<div class=\"video video-fit mb\" style=\"padding-top:56.25%;\"><p><iframe title=\"Ensto | Unboxing do carregador Wallbox\" width=\"1020\" height=\"574\" src=\"https:\/\/www.youtube.com\/embed\/wKRpdvzjL4k?feature=oembed\" frameborder=\"0\" allow=\"accelerometer; autoplay; encrypted-media; gyroscope; picture-in-picture\" allowfullscreen><\/iframe><\/p>\n<\/div>\n<p><strong>ENSTO Chago EVB200: n ominaisuudet:<\/strong><\/p>\n<div><strong>\u00c4lykk\u00e4\u00e4t ratkaisut asettavat yrityksesi etusijalle<\/strong><\/div>\n<div><\/div>\n<ul>\n<li>S\u00e4\u00e4st\u00e4 rahaa tulevaisuuden kest\u00e4vill\u00e4 Smart EV -palveluilla<\/li>\n<li>Yhteensopiva latausasemiesi pilvipohjaisen et\u00e4hallinnan kanssa.<\/li>\n<\/ul>\n<p>&nbsp;<\/p>\n<div>\n<p><strong>Ihanteellinen mihin tahansa ymp\u00e4rist\u00f6\u00f6n<\/strong><\/p>\n<ul>\n<li><span style=\"color: #333333;\">Tehokas yhden tai kahden lataus<\/span><\/li>\n<li>Alhaiset elinkaarikustannukset<\/li>\n<li>Alhaiset asennuskustannukset (mahdollisuus asentaa sein\u00e4lle)<\/li>\n<li>Sopii k\u00e4ytett\u00e4v\u00e4ksi vaikeissa olosuhteissa &#8211; sek\u00e4 sis\u00e4ll\u00e4 ett\u00e4 ulkona<\/li>\n<li>T\u00e4ydellinen v\u00e4hitt\u00e4ismyyjille, laivastoille, pys\u00e4k\u00f6intialueille ja muulle<\/li>\n<\/ul>\n<\/div>\n<div><strong>Arvo eleganssista ja kest\u00e4vyydest\u00e4<\/strong><\/div>\n<div><\/div>\n<ul>\n<li>Tyylik\u00e4s skandinaavinen muotoilu tukee tuotemerkki\u00e4si<\/li>\n<li>Korkealaatuiset teollisuuskomponentit, joilla on vankka ter\u00e4srakenne<\/li>\n<li>T\u00e4ysin eurooppalaisten s\u00e4\u00e4nn\u00f6sten mukainen<\/li>\n<\/ul>\n<div><strong>Nauti k\u00e4ytt\u00e4j\u00e4yst\u00e4v\u00e4llisest\u00e4 kokemuksesta ENSTO CHAGO EVB200: n avulla<\/strong><\/div>\n<div><\/div>\n<ul>\n<li>Kytke kaapeli ja lataa tai vaivaton ja turvallinen k\u00e4ytt\u00e4j\u00e4n tunnistus RFID: ll\u00e4 tai sovelluksen kautta.<\/li>\n<\/ul>\n","protected":false},"excerpt":{"rendered":"<div><strong>ENSTO Wallbox<\/strong> on modulaarinen ratkaisu yhden tai kahden EV-lataamiseen. Sen kompakti ja k\u00e4ytt\u00e4j\u00e4yst\u00e4v\u00e4llinen muotoilu tekee siit\u00e4 t\u00e4ydellisen valinnan p\u00e4ivitt\u00e4iseen lataukseen yksityisiss\u00e4, julkisissa tai puolijulkisissa tiloissa.<\/div>\n<div><\/div>\n<div>Ihanteellinen asennuksiin, joissa EV-laturi on kytketty jakelupaneeliin. ENSTO EVB -sarja sopii t\u00e4ydellisesti suuriin asennuksiin parkkipaikoilla, toimistoissa ja kiinteist\u00f6iss\u00e4 &#8211; tarjoaa parhaan latauskokemuksen \u00e4lykk\u00e4ill\u00e4 palveluilla.<\/div>\n","protected":false},"featured_media":1773,"comment_status":"open","ping_status":"closed","template":"","meta":[],"product_brand":[],"product_cat":[282],"product_tag":[],"class_list":{"0":"post-2472","1":"product","2":"type-product","3":"status-publish","4":"has-post-thumbnail","6":"product_cat-wallbox-chargers-fi","7":"pa_brand-ensto-fi","9":"first","10":"instock","11":"taxable","12":"shipping-taxable","13":"purchasable","14":"product-type-simple"},"_links":{"self":[{"href":"https:\/\/chargingshop.eu\/fi\/wp-json\/wp\/v2\/product\/2472","targetHints":{"allow":["GET"]}}],"collection":[{"href":"https:\/\/chargingshop.eu\/fi\/wp-json\/wp\/v2\/product"}],"about":[{"href":"https:\/\/chargingshop.eu\/fi\/wp-json\/wp\/v2\/types\/product"}],"replies":[{"embeddable":true,"href":"https:\/\/chargingshop.eu\/fi\/wp-json\/wp\/v2\/comments?post=2472"}],"wp:featuredmedia":[{"embeddable":true,"href":"https:\/\/chargingshop.eu\/fi\/wp-json\/wp\/v2\/media\/1773"}],"wp:attachment":[{"href":"https:\/\/chargingshop.eu\/fi\/wp-json\/wp\/v2\/media?parent=2472"}],"wp:term":[{"taxonomy":"product_brand","embeddable":true,"href":"https:\/\/chargingshop.eu\/fi\/wp-json\/wp\/v2\/product_brand?post=2472"},{"taxonomy":"product_cat","embeddable":true,"href":"https:\/\/chargingshop.eu\/fi\/wp-json\/wp\/v2\/product_cat?post=2472"},{"taxonomy":"product_tag","embeddable":true,"href":"https:\/\/chargingshop.eu\/fi\/wp-json\/wp\/v2\/product_tag?post=2472"}],"curies":[{"name":"wp","href":"https:\/\/api.w.org\/{rel}","templated":true}]}}