{"id":2471,"date":"2020-04-15T08:56:53","date_gmt":"2020-04-15T08:56:53","guid":{"rendered":"https:\/\/chargingshop.eu\/product\/etrel-inch-home-22-kw-tyypin-2-kaapeli-harmaa\/"},"modified":"2020-06-15T13:21:53","modified_gmt":"2020-06-15T13:21:53","slug":"etrel-inch-home-22-kw-tyypin-2-kaapeli-harmaa","status":"publish","type":"product","link":"https:\/\/chargingshop.eu\/fi\/tuote\/etrel-inch-home-22-kw-tyypin-2-kaapeli-harmaa\/","title":{"rendered":"Etrel INCH Home 22 kW tyypin 2 kaapeli (harmaa)"},"content":{"rendered":"<p><strong>Etrel INCH Home (malli &#8211; G-HB1V7CY10) t\u00e4rkeimm\u00e4t ominaisuudet:<\/strong><\/p>\n<ul data-rte-list=\"default\">\n<li>\n<p class=\"\">Tuottaa jopa <strong>22 kW vaihtovirtaa<\/strong><\/p>\n<\/li>\n<li><strong>Ohjelmoitava n\u00e4ytt\u00f6<\/strong> &#8211; aseta PIN-koodi p\u00e4\u00e4sylle tai ohjelmoi ajastin, jotta v\u00e4ltet\u00e4\u00e4n ruuhka-aikojen lataus.<\/li>\n<li>\n<p class=\"\"><strong>Edistynyt kuormituksen hallinta.<\/strong> Load Guard -anturi (tilattava erikseen) &#8211; anturi, joka menee sulakelevyllesi kodin k\u00e4ytt\u00e4m\u00e4n aktiivisen kokonaisvalvonnan seuraamiseen &#8211; s\u00e4\u00e4t\u00e4\u00e4 autolle antaman tehon m\u00e4\u00e4r\u00e4n kodin muista virrankulutuksista riippuen, kuten l\u00e4mmitys. Lis\u00e4\u00e4m\u00e4ll\u00e4 Load Guard saat nopeimman mahdollisen latauksen etk\u00e4 koskaan puhalta sulaketta.<\/p>\n<\/li>\n<li>\n<p class=\"\"><strong>\u00c4lykkyytt\u00e4.<\/strong> Laturi oppii ja ennustaa l\u00e4ht\u00f6aikasi. Kiireess\u00e4 valitsemalla nopea lataus sormen kosketuksella.<\/p>\n<\/li>\n<li>\n<p class=\"\"><strong>Tehohinta yst\u00e4v\u00e4llinen<\/strong>. Aseta laturi reagoimaan ja vaihda latausnopeuksia, kun virtahinta on korkea tai matala.<\/p>\n<\/li>\n<li>\n<p class=\"\">Etrel Inch Home on <strong>aurinkovalmis<\/strong> ohjaamaan energiaa EV: iisi, kun aurinkopaneelisi tuottaa enemm\u00e4n kuin kodin tarvitsee.<\/p>\n<\/li>\n<li>\n<p class=\"\"><strong>Liit\u00e4nt\u00e4vaihtoehdot<\/strong> &#8211; t\u00e4ss\u00e4 mallissa on Ethernet-kaapeliyhteys ja avoin protokollatuki &#8211; tarkoittaen, ett\u00e4 se voidaan yhdist\u00e4\u00e4 tulevaisuuden latausalustoihin &#8211; laturi voidaan integroida saumattomasti \u00e4lykotiisi tai laitteeseesi. Valitse 3G- ja Wifi-yhteyksist\u00e4 kalliimpi Etrel Home Inch -malli.<\/p>\n<\/li>\n<li>\n<p class=\"\"><strong>Kest\u00e4v\u00e4.<\/strong> T\u00e4m\u00e4 laturi on s\u00e4\u00e4nkest\u00e4v\u00e4 ja suunniteltu kest\u00e4m\u00e4\u00e4n. Valettua alumiinirunkoa k\u00e4ytett\u00e4ess\u00e4 laturi on valmis kaikkein vaikeimpiin olosuhteisiin, ja se sis\u00e4lt\u00e4\u00e4 s\u00e4rkymisenkest\u00e4v\u00e4n akryylilasilevyn.<\/p>\n<\/li>\n<\/ul>\n<p>Etrel INCH Home -sovelluksella sinulla on mahdollisuus ladata autoasi 22 kW nopeudella mielenrauhalla, ett\u00e4 et aio ylikuormittaa kodin sulaketaulua. Sinulla on my\u00f6s mahdollisuus reagoida ylim\u00e4\u00e4r\u00e4iseen aurinkoenergiaan nykyisest\u00e4 (tai tulevasta) aurinkokokoelmassasi ja ohjata virta autoosi verkkoon sijasta. Voit my\u00f6s s\u00e4\u00e4st\u00e4\u00e4 rahaa asettaessasi latausta y\u00f6ll\u00e4, v\u00e4ltt\u00e4\u00e4ksesi ruuhkahinnoittelu ja korkeammat s\u00e4hk\u00f6laskut. Pelk\u00e4st\u00e4\u00e4n n\u00e4iden ominaisuuksien avulla s\u00e4\u00e4st\u00e4t 10\u201330% s\u00e4hk\u00f6laskustasi s\u00e4\u00e4nn\u00f6llisesti.<\/p>\n<p>Tekniset tiedot:<\/p>\n<p><a href=\"https:\/\/chargingshop.eu\/wp-content\/uploads\/2020\/04\/Technical_Specifications_INCH_general_v1.6.pdf\" rel=\"attachment wp-att-2002\">Technical_Specifications_INCH_general_v1.6<\/a><\/p>\n","protected":false},"excerpt":{"rendered":"<p>Etrel INCH Home on yksi \u00e4lykk\u00e4immist\u00e4 EV-latureista yksityisten talojen tai tilojen markkinoilla.<\/p>\n<p>&nbsp;<\/p>\n","protected":false},"featured_media":2010,"comment_status":"open","ping_status":"closed","template":"","meta":[],"product_brand":[],"product_cat":[282],"product_tag":[],"class_list":{"0":"post-2471","1":"product","2":"type-product","3":"status-publish","4":"has-post-thumbnail","6":"product_cat-wallbox-chargers-fi","7":"pa_brand-etrel-fi","9":"first","10":"outofstock","11":"sale","12":"taxable","13":"shipping-taxable","14":"purchasable","15":"product-type-simple"},"_links":{"self":[{"href":"https:\/\/chargingshop.eu\/fi\/wp-json\/wp\/v2\/product\/2471","targetHints":{"allow":["GET"]}}],"collection":[{"href":"https:\/\/chargingshop.eu\/fi\/wp-json\/wp\/v2\/product"}],"about":[{"href":"https:\/\/chargingshop.eu\/fi\/wp-json\/wp\/v2\/types\/product"}],"replies":[{"embeddable":true,"href":"https:\/\/chargingshop.eu\/fi\/wp-json\/wp\/v2\/comments?post=2471"}],"wp:featuredmedia":[{"embeddable":true,"href":"https:\/\/chargingshop.eu\/fi\/wp-json\/wp\/v2\/media\/2010"}],"wp:attachment":[{"href":"https:\/\/chargingshop.eu\/fi\/wp-json\/wp\/v2\/media?parent=2471"}],"wp:term":[{"taxonomy":"product_brand","embeddable":true,"href":"https:\/\/chargingshop.eu\/fi\/wp-json\/wp\/v2\/product_brand?post=2471"},{"taxonomy":"product_cat","embeddable":true,"href":"https:\/\/chargingshop.eu\/fi\/wp-json\/wp\/v2\/product_cat?post=2471"},{"taxonomy":"product_tag","embeddable":true,"href":"https:\/\/chargingshop.eu\/fi\/wp-json\/wp\/v2\/product_tag?post=2471"}],"curies":[{"name":"wp","href":"https:\/\/api.w.org\/{rel}","templated":true}]}}