{"id":2464,"date":"2019-12-27T15:31:10","date_gmt":"2019-12-27T15:31:10","guid":{"rendered":"https:\/\/chargingshop.eu\/product\/ensto-chago-pro-2x22-kw-4g-lan-rcd-mcb-type2\/"},"modified":"2025-06-22T03:29:48","modified_gmt":"2025-06-22T03:29:48","slug":"ensto-chago-pro-2x22-kw-4g-lan-rcd-mcb-type2","status":"publish","type":"product","link":"https:\/\/chargingshop.eu\/fi\/tuote\/ensto-chago-pro-2x22-kw-4g-lan-rcd-mcb-type2\/","title":{"rendered":"ENSTO CHAGO PRO &#8211; 2\u00d722 kW 4G, LAN, RCD + MCB, Type2"},"content":{"rendered":"<div class=\"video video-fit mb\" style=\"padding-top:56.25%;\"><p><iframe title=\"ENSTO Chago Pro 2018\" width=\"1020\" height=\"574\" src=\"https:\/\/www.youtube.com\/embed\/r2rTxHxAReE?feature=oembed\" frameborder=\"0\" allow=\"accelerometer; autoplay; encrypted-media; gyroscope; picture-in-picture\" allowfullscreen><\/iframe><\/p>\n<\/div>\n<p><strong>ENSTO Chago Pro tuotemalli EVF200W-B4 2x22kW, 4G, IP54, IK10, LAN, RCD + MCB, Type2, RCMB 6 mA<\/strong><\/p>\n<p>T\u00e4ss\u00e4 mallissa on automaattinen kaapelin lukitustoiminto virrankatkoksen aikana, my\u00f6s automaattinen virran palautus k\u00e4ynnistetyn RCD: n j\u00e4lkeen<\/p>\n<div><strong>Ominaisuudet<\/strong><\/div>\n<div><\/div>\n<div><strong>\u00c4lykk\u00e4\u00e4t ratkaisut asettavat yrityksesi etusijalle<\/strong><\/div>\n<div><\/div>\n<ul>\n<li>S\u00e4\u00e4st\u00e4 rahaa tulevaisuuden kest\u00e4vill\u00e4 Smart EV -palveluilla<\/li>\n<li>Latausasemien suojattu pilvipohjainen et\u00e4hallinta<\/li>\n<li>Helppo yhdist\u00e4\u00e4 olemassa olevien sovellusten, kanta-asiakasohjelmien tai asiakasportaalien kanssa<\/li>\n<\/ul>\n<div><\/div>\n<div><\/div>\n<div><strong>Ihanteellinen mihin tahansa ymp\u00e4rist\u00f6\u00f6n<\/strong><\/div>\n<div><\/div>\n<ul>\n<li>Tehokas yhden tai kahden lataus<\/li>\n<li>Alhaiset elinkaarikustannukset<\/li>\n<li>T\u00e4ydellinen v\u00e4hitt\u00e4ismyyjille, laivastoille, pys\u00e4k\u00f6intialueille ja muulle<\/li>\n<\/ul>\n<div><strong>Arvo eleganssista ja kest\u00e4vyydest\u00e4<\/strong><\/div>\n<div><\/div>\n<ul>\n<li>Tyylik\u00e4s skandinaavinen muotoilu tukee tuotemerkki\u00e4si<\/li>\n<li>Korkealaatuiset teollisuuskomponentit, joilla on vankka ter\u00e4srakenne<\/li>\n<li>T\u00e4ysin eurooppalaisten s\u00e4\u00e4nn\u00f6sten mukainen<\/li>\n<\/ul>\n<div><strong>Nauti k\u00e4ytt\u00e4j\u00e4yst\u00e4v\u00e4llisest\u00e4 kokemuksesta ENSTO Chago Pron kanssa<\/strong><\/div>\n<div><\/div>\n<ul>\n<li>Plug &amp; Charge &#8211; helppo latauskokemus<\/li>\n<li>Helppo ja turvallinen k\u00e4ytt\u00e4j\u00e4n tunnistaminen RFID: ll\u00e4, Mobile App, NFC: ll\u00e4<\/li>\n<li>Valmis ajoneuvoon-verkkoon<\/li>\n<\/ul>\n","protected":false},"excerpt":{"rendered":"<p>ENSTO Chago Pro on helppok\u00e4ytt\u00f6inen pitk\u00e4 k\u00e4ytt\u00f6ik\u00e4inen AC-latausasema julkiseen ja puolijulkiseen EV-lataukseen. ENSTO Chago Prolla on rakenne, joka on ihanteellinen vaativiin ymp\u00e4rist\u00f6olosuhteisiin ja alueille, joilla latauspisteen omistaja haluaa hallita t\u00e4ydellisesti EV-latauspalveluaan ja tarjota parhaan latauskokemuksen.<\/p>\n","protected":false},"featured_media":2465,"comment_status":"open","ping_status":"closed","template":"","meta":[],"product_brand":[],"product_cat":[359],"product_tag":[],"class_list":{"0":"post-2464","1":"product","2":"type-product","3":"status-publish","4":"has-post-thumbnail","6":"product_cat-post-chargers-fi","7":"pa_brand-ensto-fi","9":"first","10":"instock","11":"sale","12":"taxable","13":"shipping-taxable","14":"purchasable","15":"product-type-simple"},"_links":{"self":[{"href":"https:\/\/chargingshop.eu\/fi\/wp-json\/wp\/v2\/product\/2464","targetHints":{"allow":["GET"]}}],"collection":[{"href":"https:\/\/chargingshop.eu\/fi\/wp-json\/wp\/v2\/product"}],"about":[{"href":"https:\/\/chargingshop.eu\/fi\/wp-json\/wp\/v2\/types\/product"}],"replies":[{"embeddable":true,"href":"https:\/\/chargingshop.eu\/fi\/wp-json\/wp\/v2\/comments?post=2464"}],"wp:featuredmedia":[{"embeddable":true,"href":"https:\/\/chargingshop.eu\/fi\/wp-json\/wp\/v2\/media\/2465"}],"wp:attachment":[{"href":"https:\/\/chargingshop.eu\/fi\/wp-json\/wp\/v2\/media?parent=2464"}],"wp:term":[{"taxonomy":"product_brand","embeddable":true,"href":"https:\/\/chargingshop.eu\/fi\/wp-json\/wp\/v2\/product_brand?post=2464"},{"taxonomy":"product_cat","embeddable":true,"href":"https:\/\/chargingshop.eu\/fi\/wp-json\/wp\/v2\/product_cat?post=2464"},{"taxonomy":"product_tag","embeddable":true,"href":"https:\/\/chargingshop.eu\/fi\/wp-json\/wp\/v2\/product_tag?post=2464"}],"curies":[{"name":"wp","href":"https:\/\/api.w.org\/{rel}","templated":true}]}}