{"id":2461,"date":"2020-04-16T06:04:38","date_gmt":"2020-04-16T06:04:38","guid":{"rendered":"https:\/\/chargingshop.eu\/product\/etrel-inch-pro-kaapeli-22-kw-tyypin-2-kaapeli-3g-harmaa\/"},"modified":"2020-09-21T00:27:28","modified_gmt":"2020-09-21T00:27:28","slug":"etrel-inch-pro-kaapeli-22-kw-tyypin-2-kaapeli-3g-harmaa","status":"publish","type":"product","link":"https:\/\/chargingshop.eu\/fi\/tuote\/etrel-inch-pro-kaapeli-22-kw-tyypin-2-kaapeli-3g-harmaa\/","title":{"rendered":"Etrel INCH PRO kaapeli  tyypin 2, 22 kW 3G (harmaa)"},"content":{"rendered":"<div class=\"video video-fit mb\" style=\"padding-top:56.25%;\"><p><iframe title=\"Etrel INCH making of   captions HD\" width=\"1020\" height=\"574\" src=\"https:\/\/www.youtube.com\/embed\/Qblegoqccyk?feature=oembed\" frameborder=\"0\" allow=\"accelerometer; autoplay; encrypted-media; gyroscope; picture-in-picture\" allowfullscreen><\/iframe><\/p>\n<\/div>\n<p><strong>Etrel INCH Pro kaapeli -mallin (G-PC1V5BY40) t\u00e4rkeimm\u00e4t ominaisuudet:<\/strong><\/p>\n<ul>\n<li>Ohjelmoitava n\u00e4ytt\u00f6 &#8211; aseta PIN-koodi p\u00e4\u00e4sylle tai ohjelmoi ajastin, jotta v\u00e4ltet\u00e4\u00e4n ruuhka-aikojen lataus. RFID-tunnistus on my\u00f6s saatavana. K\u00e4ytt\u00f6liittym\u00e4 on tuettu useille kielille, ja sit\u00e4 on helppo k\u00e4ytt\u00e4\u00e4, ja se tarjoaa kaiken tarvittavan tiedon sek\u00e4 ensimm\u00e4isille ett\u00e4 kokeneille k\u00e4ytt\u00e4jille.<\/li>\n<li>RCD (sis\u00e4ltyy toimitukseen) &#8211; j\u00e4\u00e4nn\u00f6svirtalaite, on hengenpelastuslaite, joka on suunniteltu est\u00e4m\u00e4\u00e4n saattamasta s\u00e4hk\u00f6iskua, jos kosketat jotain el\u00e4v\u00e4\u00e4, kuten paljaata johtoa. Se voi my\u00f6s suojata s\u00e4hk\u00f6paloja. Vikavirtasuojat tarjoavat tietosuojatason, jota tavalliset sulakkeet ja katkaisijat eiv\u00e4t pysty tarjoamaan.<\/li>\n<li>N\u00e4ytt\u00f6 &#8211; K\u00e4ytt\u00f6liittym\u00e4\u00e4, jota tuetaan useilla kielill\u00e4, on helppo k\u00e4ytt\u00e4\u00e4, ja se tarjoaa kaiken tarvittavan tiedon sek\u00e4 ensimm\u00e4ist\u00e4 kertaa k\u00e4ytt\u00e4ville ett\u00e4 edistyneille k\u00e4ytt\u00e4jille.<\/li>\n<li>Edistynyt kuormituksen hallinta. Load Guard -anturi (tilattava erikseen) &#8211; anturi, joka menee sulakelevyllesi kodin k\u00e4ytt\u00e4m\u00e4n aktiivisen kokonaisvalvonnan seuraamiseen &#8211; s\u00e4\u00e4t\u00e4\u00e4 autolle antaman tehon m\u00e4\u00e4r\u00e4n kodin muista virrankulutuksista riippuen, kuten l\u00e4mmitys. Lis\u00e4\u00e4m\u00e4ll\u00e4 Load Guard saat nopeimman mahdollisen latauksen etk\u00e4 koskaan puhalta sulaketta.<\/li>\n<\/ul>\n<div><\/div>\n<ul>\n<li>\u00c4lykkyytt\u00e4. Laturi oppii ja ennustaa l\u00e4ht\u00f6aikasi. Kiireess\u00e4 valitsemalla nopea lataus sormen kosketuksella.<\/li>\n<\/ul>\n<p>&nbsp;<\/p>\n<ul>\n<li>Tehohinta yst\u00e4v\u00e4llinen. Aseta laturi reagoimaan ja vaihda latausnopeuksia, kun virtahinta on korkea tai matala.<\/li>\n<\/ul>\n<div><\/div>\n<ul>\n<li>Liitett\u00e4vyysvaihtoehdot &#8211; Etrel INCH Pro -sovelluksessa on Ethernet-kaapeli, LTE-, Wifi (valinnainen) -yhteys ja avoin protokollatuki &#8211; mik\u00e4 tarkoittaa, ett\u00e4 se voidaan yhdist\u00e4\u00e4 tulevaisuuden latausalustoihin &#8211; laturi voidaan integroida saumattomasti \u00e4lykotiisi tai laitteeseesi.<\/li>\n<\/ul>\n<div><\/div>\n<ul>\n<li>Kest\u00e4v\u00e4. T\u00e4m\u00e4 laturi on s\u00e4\u00e4nkest\u00e4v\u00e4 ja suunniteltu kest\u00e4m\u00e4\u00e4n. Valettua alumiinirunkoa k\u00e4ytett\u00e4ess\u00e4 laturi on valmis kaikkein vaikeimpiin olosuhteisiin, ja se sis\u00e4lt\u00e4\u00e4 s\u00e4rkymisenkest\u00e4v\u00e4n akryylilasilevyn.<\/li>\n<\/ul>\n<p>Tekniset tiedot:<\/p>\n<p><a href=\"https:\/\/chargingshop.eu\/wp-content\/uploads\/2020\/04\/Etrel-INCH-PRO-General-Data-Sheet.pdf\" target=\"_blank\" rel=\"attachment noopener wp-att-2029 noreferrer\">Etrel INCH PRO General Data Sheet<\/a><\/p>\n<p><em>INCH PRO Brochure:<\/em><\/p>\n<p><strong><a href=\"https:\/\/chargingshop.eu\/wp-content\/uploads\/2020\/04\/2020_04_06-INCH-PRO-brochure.pdf\" target=\"_blank\" rel=\"attachment noopener wp-att-2022 noreferrer\">Etrel INCH PRO brochure<\/a><\/strong><\/p>\n","protected":false},"excerpt":{"rendered":"<p>Etrel INCH PRO kaapeli &#8211; sijainnista riippumatta lataamisen on oltava oikeudenmukaista ja helppoa EV-kuljettajille. Etrel INCH Pro -laturien avulla latauspisteen operaattorit voivat palvella suurta m\u00e4\u00e4r\u00e4\u00e4 EV: t\u00e4, jopa paikoissa, joissa on rajoitettu virransy\u00f6tt\u00f6. \u00c4lykk\u00e4\u00e4t klusterointi- ja virranhallintaominaisuudet auttavat alentamaan asennus- ja k\u00e4ytt\u00f6kustannuksia, kun taas useiden kielten ja valtuutusmoodien tuki takaa laajemman sovellettavuuden. INCH Pro -latausaseman kest\u00e4v\u00e4 kotelo on rakennettu kest\u00e4m\u00e4\u00e4n ankarimmat s\u00e4\u00e4olosuhteet antaen yritykselle erottua.<\/p>\n","protected":false},"featured_media":1993,"comment_status":"open","ping_status":"closed","template":"","meta":[],"product_brand":[],"product_cat":[282],"product_tag":[1538],"class_list":{"0":"post-2461","1":"product","2":"type-product","3":"status-publish","4":"has-post-thumbnail","6":"product_cat-wallbox-chargers-fi","7":"product_tag-etrel-inch-pro-fi","8":"pa_brand-etrel-fi","10":"first","11":"instock","12":"sale","13":"taxable","14":"shipping-taxable","15":"purchasable","16":"product-type-simple"},"_links":{"self":[{"href":"https:\/\/chargingshop.eu\/fi\/wp-json\/wp\/v2\/product\/2461","targetHints":{"allow":["GET"]}}],"collection":[{"href":"https:\/\/chargingshop.eu\/fi\/wp-json\/wp\/v2\/product"}],"about":[{"href":"https:\/\/chargingshop.eu\/fi\/wp-json\/wp\/v2\/types\/product"}],"replies":[{"embeddable":true,"href":"https:\/\/chargingshop.eu\/fi\/wp-json\/wp\/v2\/comments?post=2461"}],"wp:featuredmedia":[{"embeddable":true,"href":"https:\/\/chargingshop.eu\/fi\/wp-json\/wp\/v2\/media\/1993"}],"wp:attachment":[{"href":"https:\/\/chargingshop.eu\/fi\/wp-json\/wp\/v2\/media?parent=2461"}],"wp:term":[{"taxonomy":"product_brand","embeddable":true,"href":"https:\/\/chargingshop.eu\/fi\/wp-json\/wp\/v2\/product_brand?post=2461"},{"taxonomy":"product_cat","embeddable":true,"href":"https:\/\/chargingshop.eu\/fi\/wp-json\/wp\/v2\/product_cat?post=2461"},{"taxonomy":"product_tag","embeddable":true,"href":"https:\/\/chargingshop.eu\/fi\/wp-json\/wp\/v2\/product_tag?post=2461"}],"curies":[{"name":"wp","href":"https:\/\/api.w.org\/{rel}","templated":true}]}}