{"id":2446,"date":"2020-04-22T12:30:33","date_gmt":"2020-04-22T12:30:33","guid":{"rendered":"https:\/\/chargingshop.eu\/product\/etrel-inch-lite-pistorasia-22-kw-grey\/"},"modified":"2025-06-22T03:31:02","modified_gmt":"2025-06-22T03:31:02","slug":"etrel-inch-lite-pistorasia-22-kw-grey","status":"publish","type":"product","link":"https:\/\/chargingshop.eu\/fi\/tuote\/etrel-inch-lite-pistorasia-22-kw-grey\/","title":{"rendered":"Etrel INCH Lite 22 kW pistorasia (Grey)"},"content":{"rendered":"<p><strong>Etrel INCH Lite 22 kW (malli &#8211; G-LA1Y3CY00) t\u00e4rkeimm\u00e4t ominaisuudet:<\/strong><\/p>\n<ul>\n<li>Tuottaa jopa 22 kW vaihtovirtaa<\/li>\n<li>Hinta yst\u00e4v\u00e4llinen. Todenn\u00e4k\u00f6isesti paras hinta-laatusuhde laturitarpeisiisi kotona.<\/li>\n<li>Kest\u00e4v\u00e4. T\u00e4m\u00e4 laturi on s\u00e4\u00e4nkest\u00e4v\u00e4 ja suunniteltu kest\u00e4m\u00e4\u00e4n. Valettua alumiinirunkoa k\u00e4ytett\u00e4ess\u00e4 laturi on valmis kaikkein vaikeimpiin olosuhteisiin, ja se sis\u00e4lt\u00e4\u00e4 s\u00e4rkymisenkest\u00e4v\u00e4n akryylilasilevyn.<\/li>\n<li>Etrel INCH Lite -sovelluksella voit ladata auton 22 kW nopeudella<\/li>\n<\/ul>\n<div><\/div>\n<div>Tekniset tiedot:<\/div>\n<div><a href=\"https:\/\/chargingshop.eu\/wp-content\/uploads\/2020\/04\/Technical_Specifications_INCH_general_v1.6.pdf\" rel=\"attachment wp-att-2002\">Technical_Specifications_INCH_general_v1.6<\/a><\/div>\n","protected":false},"excerpt":{"rendered":"<p>Etrel INCH Lite on yksi parhaista hinta-laatusuhteista lataustarpeisiisi kotona.<\/p>\n<p>&nbsp;<\/p>\n","protected":false},"featured_media":2176,"comment_status":"open","ping_status":"closed","template":"","meta":[],"product_brand":[],"product_cat":[282],"product_tag":[],"class_list":{"0":"post-2446","1":"product","2":"type-product","3":"status-publish","4":"has-post-thumbnail","6":"product_cat-wallbox-chargers-fi","7":"pa_brand-etrel-fi","9":"first","10":"outofstock","11":"sale","12":"taxable","13":"shipping-taxable","14":"purchasable","15":"product-type-simple"},"_links":{"self":[{"href":"https:\/\/chargingshop.eu\/fi\/wp-json\/wp\/v2\/product\/2446","targetHints":{"allow":["GET"]}}],"collection":[{"href":"https:\/\/chargingshop.eu\/fi\/wp-json\/wp\/v2\/product"}],"about":[{"href":"https:\/\/chargingshop.eu\/fi\/wp-json\/wp\/v2\/types\/product"}],"replies":[{"embeddable":true,"href":"https:\/\/chargingshop.eu\/fi\/wp-json\/wp\/v2\/comments?post=2446"}],"wp:featuredmedia":[{"embeddable":true,"href":"https:\/\/chargingshop.eu\/fi\/wp-json\/wp\/v2\/media\/2176"}],"wp:attachment":[{"href":"https:\/\/chargingshop.eu\/fi\/wp-json\/wp\/v2\/media?parent=2446"}],"wp:term":[{"taxonomy":"product_brand","embeddable":true,"href":"https:\/\/chargingshop.eu\/fi\/wp-json\/wp\/v2\/product_brand?post=2446"},{"taxonomy":"product_cat","embeddable":true,"href":"https:\/\/chargingshop.eu\/fi\/wp-json\/wp\/v2\/product_cat?post=2446"},{"taxonomy":"product_tag","embeddable":true,"href":"https:\/\/chargingshop.eu\/fi\/wp-json\/wp\/v2\/product_tag?post=2446"}],"curies":[{"name":"wp","href":"https:\/\/api.w.org\/{rel}","templated":true}]}}