{"id":2445,"date":"2020-04-22T13:33:40","date_gmt":"2020-04-22T13:33:40","guid":{"rendered":"https:\/\/chargingshop.eu\/product\/etrel-inch-lite-22-kw-kaapeli-grey\/"},"modified":"2020-06-13T18:22:38","modified_gmt":"2020-06-13T18:22:38","slug":"etrel-inch-lite-22-kw-kaapeli-grey","status":"publish","type":"product","link":"https:\/\/chargingshop.eu\/fi\/tuote\/etrel-inch-lite-22-kw-kaapeli-grey\/","title":{"rendered":"Etrel INCH Lite 22 kW kaapeli (Grey)"},"content":{"rendered":"<p><strong>Etrel INCH Lite 22 kW: n kaapeli (malli &#8211; G-LA1Y5CY00) t\u00e4rkeimm\u00e4t ominaisuudet:<\/strong><\/p>\n<ul data-rte-list=\"default\">\n<li>\n<p class=\"\">Tuottaa jopa <strong>22 kW vaihtovirtaa<\/strong><\/p>\n<\/li>\n<li>\n<p class=\"\"><strong>Hinta yst\u00e4v\u00e4llinen.<\/strong> Todenn\u00e4k\u00f6isesti paras hinta-laatusuhde laturitarpeisiisi kotona.<\/p>\n<\/li>\n<li>\n<p class=\"\"><strong>Kest\u00e4v\u00e4.<\/strong> T\u00e4m\u00e4 laturi on s\u00e4\u00e4nkest\u00e4v\u00e4 ja suunniteltu kest\u00e4m\u00e4\u00e4n. Valettua alumiinirunkoa k\u00e4ytett\u00e4ess\u00e4 laturi on valmis kaikkein vaikeimpiin olosuhteisiin, ja se sis\u00e4lt\u00e4\u00e4 s\u00e4rkymisenkest\u00e4v\u00e4n akryylilasilevyn.<\/p>\n<\/li>\n<\/ul>\n<div>Etrel INCH Lite -sovelluksella voit ladata auton 22 kW nopeudella<\/div>\n<div><\/div>\n<div>Tekniset tiedot:<\/div>\n<p><a href=\"https:\/\/chargingshop.eu\/wp-content\/uploads\/2020\/04\/Technical_Specifications_INCH_general_v1.6.pdf\" rel=\"attachment wp-att-2002\">Technical_Specifications_INCH_general_v1.6<\/a><\/p>\n","protected":false},"excerpt":{"rendered":"<p>Etrel INCH Lite on yksi parhaista hinta-laatusuhteista lataustarpeisiisi kotona.<\/p>\n<p>&nbsp;<\/p>\n","protected":false},"featured_media":2188,"comment_status":"open","ping_status":"closed","template":"","meta":[],"product_brand":[],"product_cat":[282],"product_tag":[],"class_list":{"0":"post-2445","1":"product","2":"type-product","3":"status-publish","4":"has-post-thumbnail","6":"product_cat-wallbox-chargers-fi","8":"first","9":"instock","10":"sale","11":"taxable","12":"shipping-taxable","13":"purchasable","14":"product-type-simple"},"_links":{"self":[{"href":"https:\/\/chargingshop.eu\/fi\/wp-json\/wp\/v2\/product\/2445","targetHints":{"allow":["GET"]}}],"collection":[{"href":"https:\/\/chargingshop.eu\/fi\/wp-json\/wp\/v2\/product"}],"about":[{"href":"https:\/\/chargingshop.eu\/fi\/wp-json\/wp\/v2\/types\/product"}],"replies":[{"embeddable":true,"href":"https:\/\/chargingshop.eu\/fi\/wp-json\/wp\/v2\/comments?post=2445"}],"wp:featuredmedia":[{"embeddable":true,"href":"https:\/\/chargingshop.eu\/fi\/wp-json\/wp\/v2\/media\/2188"}],"wp:attachment":[{"href":"https:\/\/chargingshop.eu\/fi\/wp-json\/wp\/v2\/media?parent=2445"}],"wp:term":[{"taxonomy":"product_brand","embeddable":true,"href":"https:\/\/chargingshop.eu\/fi\/wp-json\/wp\/v2\/product_brand?post=2445"},{"taxonomy":"product_cat","embeddable":true,"href":"https:\/\/chargingshop.eu\/fi\/wp-json\/wp\/v2\/product_cat?post=2445"},{"taxonomy":"product_tag","embeddable":true,"href":"https:\/\/chargingshop.eu\/fi\/wp-json\/wp\/v2\/product_tag?post=2445"}],"curies":[{"name":"wp","href":"https:\/\/api.w.org\/{rel}","templated":true}]}}