{"id":2443,"date":"2020-04-23T07:37:39","date_gmt":"2020-04-23T07:37:39","guid":{"rendered":"https:\/\/chargingshop.eu\/product\/elinta-charge-citycharge-v2-plus-2x22-kw-3g-lan-wifi-rfid-copy\/"},"modified":"2025-05-13T09:55:46","modified_gmt":"2025-05-13T09:55:46","slug":"elinta-charge-citycharge-v2-plus-2x22-kw-3g-lan-wifi-rfid-copy","status":"publish","type":"product","link":"https:\/\/chargingshop.eu\/fi\/tuote\/elinta-charge-citycharge-v2-plus-2x22-kw-3g-lan-wifi-rfid-copy\/","title":{"rendered":"ELINTA CHARGE CITYCHARGE V2 Plus &#8211; 2\u00d722 kW Type 2 -kaapelit, 3G \/ LAN \/ Wifi \/ RFID"},"content":{"rendered":"<p><strong>ELINTA -lataus CityCharge V2 Plus Ominaisuudet:<\/strong><\/p>\n<div>\n<ul>\n<li>2 x Mode 3, Type 2 -kaapelit<\/li>\n<li>Molemmat osapuolet ovat saatavilla<\/li>\n<li>Jopa 2&#215;22 kW<\/li>\n<li>Maksaa enint\u00e4\u00e4n 2 ajoneuvoa<\/li>\n<li>Integroitu energiamittari<\/li>\n<li>Kest\u00e4v\u00e4 alumiinikotelo<\/li>\n<li>RFID-valtuutus<\/li>\n<li>OCPP-viestint\u00e4j\u00e4rjestelm\u00e4<\/li>\n<li>Kirkas LED-n\u00e4ytt\u00f6<\/li>\n<\/ul>\n<\/div>\n<div>Elinta Charge CityCharge V2 Plus sopii hyvin mihin tahansa kaupalliseen tai julkiseen sijaintiin. Yksinomainen muotoilu sopisi t\u00e4ydellisesti liikekeskuksiin, ostoskeskuksiin, ravintoloihin, hotelleihin ja muihin julkisiin pys\u00e4k\u00f6intialueisiin.<br \/>\nElinta Charge CityCharge V2 Plus on luokiteltu nopean moodin 3 latausasemaan, joka pystyy lataamaan jopa 4 ajoneuvoa ja tuottamaan jopa 44 kW virtaa.<br \/>\nCityCharge V2 Plus on valmistettu k\u00e4ytt\u00e4m\u00e4ll\u00e4 vain korkealaatuisia materiaaleja. Kiinte\u00e4 kotelo on valmistettu puristetusta CNC-koneistetusta ja jauhemaalatusta alumiiniosasta, joka on suunniteltu kest\u00e4m\u00e4\u00e4n. Laadukas elektroniikka ja integroitu ilmastointilaite takaa korkeimman luotettavuuden jopa pahimmissa s\u00e4\u00e4oloissa.<br \/>\nKirkkaat animoidut LED-n\u00e4yt\u00f6t ja sivupalkit ovat n\u00e4kyviss\u00e4 jopa suolassa auringonvalossa, samalla kun ne antavat futuristisen vaikutelman ja kyvyn n\u00e4hd\u00e4 kaukaisesta y\u00f6st\u00e4.<br \/>\nSaatavana erillisen\u00e4 mallina, jossa k\u00e4ytt\u00e4j\u00e4yst\u00e4v\u00e4llinen RFID-tunnistus pienelle, paikalliselle latausverkolle tai se voidaan integroida olemassa olevaan latausverkkoon integroidulla GSM- ja 3G-moduulilla.<\/div>\n","protected":false},"excerpt":{"rendered":"<p>Elinta CityCharge V2 Plus on napatyyppinen EV-laturi, joka luokitellaan nopean moodin 3 latausasemaan ja pystyy tuottamaan jopa 2&#215;22 kW virtaa kahdella tyypin 2 latauspistokkeella.<\/p>\n<a href=\"https:\/\/chargingshop.eu\/elements\/pages\/contact\/\" class=\"button primary is-primary is-medium\"  >\n    <span>Get a quote<\/span>\n  <\/a>\n\n","protected":false},"featured_media":2198,"comment_status":"open","ping_status":"closed","template":"","meta":[],"product_brand":[],"product_cat":[359],"product_tag":[],"class_list":{"0":"post-2443","1":"product","2":"type-product","3":"status-publish","4":"has-post-thumbnail","6":"product_cat-post-chargers-fi","7":"pa_brand-elinta-charge-fi","9":"first","10":"instock","11":"taxable","12":"shipping-taxable","13":"purchasable","14":"product-type-simple"},"_links":{"self":[{"href":"https:\/\/chargingshop.eu\/fi\/wp-json\/wp\/v2\/product\/2443","targetHints":{"allow":["GET"]}}],"collection":[{"href":"https:\/\/chargingshop.eu\/fi\/wp-json\/wp\/v2\/product"}],"about":[{"href":"https:\/\/chargingshop.eu\/fi\/wp-json\/wp\/v2\/types\/product"}],"replies":[{"embeddable":true,"href":"https:\/\/chargingshop.eu\/fi\/wp-json\/wp\/v2\/comments?post=2443"}],"wp:featuredmedia":[{"embeddable":true,"href":"https:\/\/chargingshop.eu\/fi\/wp-json\/wp\/v2\/media\/2198"}],"wp:attachment":[{"href":"https:\/\/chargingshop.eu\/fi\/wp-json\/wp\/v2\/media?parent=2443"}],"wp:term":[{"taxonomy":"product_brand","embeddable":true,"href":"https:\/\/chargingshop.eu\/fi\/wp-json\/wp\/v2\/product_brand?post=2443"},{"taxonomy":"product_cat","embeddable":true,"href":"https:\/\/chargingshop.eu\/fi\/wp-json\/wp\/v2\/product_cat?post=2443"},{"taxonomy":"product_tag","embeddable":true,"href":"https:\/\/chargingshop.eu\/fi\/wp-json\/wp\/v2\/product_tag?post=2443"}],"curies":[{"name":"wp","href":"https:\/\/api.w.org\/{rel}","templated":true}]}}