{"id":2425,"date":"2020-06-08T08:03:35","date_gmt":"2020-06-08T08:03:35","guid":{"rendered":"https:\/\/chargingshop.eu\/product\/ensto-efiller-11kw-3x16a-kolmivaiheinen-380v-liitin\/"},"modified":"2021-01-01T12:35:59","modified_gmt":"2021-01-01T12:35:59","slug":"ensto-efiller-11kw-3x16a-kolmivaiheinen-380v-liitin","status":"publish","type":"product","link":"https:\/\/chargingshop.eu\/fi\/tuote\/ensto-efiller-11kw-3x16a-kolmivaiheinen-380v-liitin\/","title":{"rendered":"ENSTO eFiller 11kW (3x16A) Kolmivaiheinen 380v liitin"},"content":{"rendered":"<p><strong>ENSTO eFiller 11kW\u00a0(3x16A) Kolmivaiheinen 380v liitin<\/strong><\/p>\n<p>Ei tarvita s\u00e4hk\u00f6asennusta, kun sinulla on 380v 5-nastainen pistorasia! (Katso tuotekuva)<\/p>\n<div><strong>Ihanteellinen mihin tahansa ymp\u00e4rist\u00f6\u00f6n<\/strong><\/div>\n<div><\/div>\n<ul>\n<li>Tehokas (11 kW) kolmivaiheinen lataus<\/li>\n<li>Alhaiset elinkaarikustannukset<\/li>\n<li>T\u00e4ydellinen koti- tai jopa laivastolaskutukseen yritysasiakkaille<\/li>\n<\/ul>\n<div><strong>Arvo eleganssista ja kest\u00e4vyydest\u00e4<\/strong><\/div>\n<div><\/div>\n<ul>\n<li>Tyylik\u00e4s skandinaavinen muotoilu<\/li>\n<li>Laadukkaat teollisuuskomponentit, tyylik\u00e4s ja vankka alumiinirakenne<\/li>\n<li>T\u00e4ysin eurooppalaisten s\u00e4\u00e4nn\u00f6sten mukainen<\/li>\n<\/ul>\n<div><strong>Nauti k\u00e4ytt\u00e4j\u00e4yst\u00e4v\u00e4llisest\u00e4 kokemuksesta<\/strong><\/div>\n<div><\/div>\n<ul>\n<li>Kytke kaapeli &amp; lataus helppoon latauskokemukseen<\/li>\n<li>Type 2 Kaapelin pituus &#8211; 4,5 metri\u00e4.<\/li>\n<\/ul>\n","protected":false},"excerpt":{"rendered":"<p><b>ENSTO eFiller 11kW (malli 380v-liittimell\u00e4) &#8211; ei tarvitse s\u00e4hk\u00f6asennusta, kun sinulla on 380v 5-pin pistorasia! Ensto eFiller tekee s\u00e4hk\u00f6autonlatauksesta helppoa ja turvallista. Se on suunniteltu kotilataukseen ja se sis\u00e4lt\u00e4\u00e4 kaikki tarvittavat ja helppok\u00e4ytt\u00f6iset ominaisuudet luotettavaan s\u00e4hk\u00f6- jahybridiautolataukseen kotona.<\/b><\/p>\n","protected":false},"featured_media":2419,"comment_status":"open","ping_status":"closed","template":"","meta":[],"product_brand":[],"product_cat":[282],"product_tag":[],"class_list":{"0":"post-2425","1":"product","2":"type-product","3":"status-publish","4":"has-post-thumbnail","6":"product_cat-wallbox-chargers-fi","7":"pa_brand-ensto-fi","9":"first","10":"instock","11":"taxable","12":"shipping-taxable","13":"purchasable","14":"product-type-simple"},"_links":{"self":[{"href":"https:\/\/chargingshop.eu\/fi\/wp-json\/wp\/v2\/product\/2425","targetHints":{"allow":["GET"]}}],"collection":[{"href":"https:\/\/chargingshop.eu\/fi\/wp-json\/wp\/v2\/product"}],"about":[{"href":"https:\/\/chargingshop.eu\/fi\/wp-json\/wp\/v2\/types\/product"}],"replies":[{"embeddable":true,"href":"https:\/\/chargingshop.eu\/fi\/wp-json\/wp\/v2\/comments?post=2425"}],"wp:featuredmedia":[{"embeddable":true,"href":"https:\/\/chargingshop.eu\/fi\/wp-json\/wp\/v2\/media\/2419"}],"wp:attachment":[{"href":"https:\/\/chargingshop.eu\/fi\/wp-json\/wp\/v2\/media?parent=2425"}],"wp:term":[{"taxonomy":"product_brand","embeddable":true,"href":"https:\/\/chargingshop.eu\/fi\/wp-json\/wp\/v2\/product_brand?post=2425"},{"taxonomy":"product_cat","embeddable":true,"href":"https:\/\/chargingshop.eu\/fi\/wp-json\/wp\/v2\/product_cat?post=2425"},{"taxonomy":"product_tag","embeddable":true,"href":"https:\/\/chargingshop.eu\/fi\/wp-json\/wp\/v2\/product_tag?post=2425"}],"curies":[{"name":"wp","href":"https:\/\/api.w.org\/{rel}","templated":true}]}}