{"id":2358,"date":"2020-05-07T08:00:01","date_gmt":"2020-05-07T08:00:01","guid":{"rendered":"https:\/\/chargingshop.eu\/?post_type=product&#038;p=2358"},"modified":"2020-10-30T13:12:08","modified_gmt":"2020-10-30T13:12:08","slug":"abb-terra-ac-7-4-kw-32-a-type-2-socket","status":"publish","type":"product","link":"https:\/\/chargingshop.eu\/fi\/tuote\/abb-terra-ac-7-4-kw-32-a-type-2-socket\/","title":{"rendered":"ABB Terra AC 7.4 kW (32 A), Type 2 socket"},"content":{"rendered":"<div class=\"video video-fit mb\" style=\"padding-top:56.25%;\"><p><iframe title=\"Terra AC wallbox -  High value quality\" width=\"1020\" height=\"574\" src=\"https:\/\/www.youtube.com\/embed\/ZapL_pinxY0?feature=oembed\" frameborder=\"0\" allow=\"accelerometer; autoplay; encrypted-media; gyroscope; picture-in-picture\" allowfullscreen><\/iframe><\/p>\n<\/div>\n<p><em><strong>ABB Terra AC 7.4 kW (32 A) &#8211; model\u00a0 6AGC081278<\/strong><\/em><\/p>\n<div>\n<p><strong>Korkeatasoinen laatu<\/strong><\/p>\n<p>\u2022 Yksi markkinoiden parhaimmista hinnoista<\/p>\n<p>\u2022 Laaja valikoima liitett\u00e4vyys vaihtoehtoja<\/p>\n<p>\u2022 Tilaa s\u00e4\u00e4st\u00e4v\u00e4 ja helppo asentaa muotoilu<\/p>\n<div><\/div>\n<div><\/div>\n<div><strong>Turvallisuus ja suojaus<\/strong><\/div>\n<div><\/div>\n<p>\u2022 Riippumattoman kolmannen osapuolen arvioima ja testaama korkeimpien standardien t\u00e4ytt\u00e4miseksi<\/p>\n<p>\u2022 Virran rajoitussuoja est\u00e4\u00e4 haittojen laukaisua ja asennuksen ylivirtaa<\/p>\n<p>\u2022 Integroidut suojaukset, mukaan lukien tasavirtavika ja ylij\u00e4nnite<\/p>\n<div><\/div>\n<div>\n<p>&nbsp;<\/p>\n<p><img decoding=\"async\" class=\"alignleft wp-image-3224\" src=\"https:\/\/chargingshop.eu\/wp-content\/uploads\/2020\/07\/ABB-Terra-AC-dynamic-load-management-307x400.png\" alt=\"ABB Terra AC dynamic load management\" width=\"470\" height=\"612\" srcset=\"https:\/\/chargingshop.eu\/wp-content\/uploads\/2020\/07\/ABB-Terra-AC-dynamic-load-management-307x400.png 307w, https:\/\/chargingshop.eu\/wp-content\/uploads\/2020\/07\/ABB-Terra-AC-dynamic-load-management.png 422w\" sizes=\"(max-width: 470px) 100vw, 470px\" \/><\/p>\n<div>\n<p><strong>Kuorman hallinta<\/strong><\/p>\n<p>\u2022 Sis\u00e4\u00e4nrakennettu energia mittari<\/p>\n<p>\u2022 Asennus ulkoisen energia mittarin integrointiin dynaamisen kuorman hallintaa varten<\/p>\n<p>\u2022 Valmis integroitavaksi edistyneeseen \u00e4lykk\u00e4\u00e4n rakennuksen energia j\u00e4rjestelm\u00e4\u00e4n<\/p>\n<\/div>\n<div>\n<p><strong>Tulevaisuuden todistejoustavuus<\/strong><\/p>\n<p>\u2022 \u00c4lyk\u00e4s toiminnallisuus optimoitua lataamista varten<\/p>\n<p>\u2022 Energia mittarin integrointi dynaamiseen kuorman hallintaan<\/p>\n<p>\u2022 Omistettu sovellus hallintaa ja konfigurointia varten<\/p>\n<p>\u2022 Ohjelmiston et\u00e4p\u00e4ivitys k\u00e4yt\u00f6ss\u00e4<\/p>\n<\/div>\n<p>&nbsp;<\/p>\n<\/div>\n<div><\/div>\n<div><\/div>\n<div><\/div>\n<div><\/div>\n<div><\/div>\n<div><\/div>\n<div><\/div>\n<div><\/div>\n<div><\/div>\n<div><\/div>\n<div><\/div>\n<div><\/div>\n<div><\/div>\n<div>\n<div><\/div>\n<\/div>\n<div><\/div>\n<div>\n<div><strong>Latauksen aikataulutus \u201dHuippuajo\u201d<\/strong><\/div>\n<div><\/div>\n<p>\u2022 Aseta latausaikav\u00e4lit (aikataulu), jotta v\u00e4ltet\u00e4\u00e4n s\u00e4hk\u00f6n huippuhinnat. iltahinta<\/p>\n<p>\u2022 Mahdollisuus s\u00e4\u00e4st\u00e4\u00e4 100-300 euroa vuodessa * s\u00e4hk\u00f6laskussa (paikallisen s\u00e4hk\u00f6n hinnoittelun alainen)<\/p>\n<\/div>\n<\/div>\n<div><\/div>\n<div><strong><em>ABB Terra AC 7.4 kW (32 A) &#8211; model\u00a0 6AGC081278<\/em> toiminnot:<\/strong><\/div>\n<div><\/div>\n<div>-Type &#8211; Wallbox pistorasialla<\/div>\n<div>&#8211; Teho 7.4 kW<\/div>\n<div>-Maksiaalivirta 32A<\/div>\n<div>-Tyyppi 2<\/div>\n<div>-Ethernet (RJ45)<\/div>\n<div>-WiFi<\/div>\n<div>-OCPP 1.6<\/div>\n<div>-Bluetooth<\/div>\n<div>-Modbus RTU (RS485)<\/div>\n<div><\/div>\n<div>Terra AC -tuoteesite:<\/div>\n<div><\/div>\n<div><a href=\"https:\/\/chargingshop.eu\/fi\/?attachment_id=2067\" target=\"_blank\" rel=\"attachment noopener wp-att-2067 noreferrer\">ABB_Terra_AC_wallbox_Brochure_A4<\/a><\/div>\n<p>&nbsp;<\/p>\n<div>\n<p>* Laskelma perustuu keskim\u00e4\u00e4r\u00e4iseen 50 km \/ p\u00e4iv\u00e4 -ajoon ja 30%: n eroon illan ja y\u00f6n s\u00e4hk\u00f6hintojen v\u00e4lill\u00e4<\/p>\n<\/div>\n","protected":false},"excerpt":{"rendered":"<div>Poikkeuksellinen laatu maailman johtajalta &#8211; ABB. \u00c4lyk\u00e4s ja tulevaisuuden kest\u00e4v\u00e4 asema tavallisen hinnalla.<\/div>\n<div><\/div>\n<ul>\n<li>Tila ja hallinta sovelluksen kautta<\/li>\n<li>T\u00e4ydellinen suojaus: ylivirta, ylij\u00e4nnite, alij\u00e4nnite, maasulku, integroitu salamasuojaus<\/li>\n<li>Latauksen aikataulutus \u201dHuippuajo\u201d<\/li>\n<li>Kuormituksen tasapainoittaminen<\/li>\n<li>Mahdollisuus ladata vain aurinkos\u00e4hk\u00f6 energiaa paikalliselta invertterilt\u00e4<\/li>\n<li>ja paljon enemm\u00e4n<\/li>\n<\/ul>\n","protected":false},"featured_media":2077,"comment_status":"open","ping_status":"closed","template":"","meta":[],"product_brand":[],"product_cat":[282],"product_tag":[],"class_list":{"0":"post-2358","1":"product","2":"type-product","3":"status-publish","4":"has-post-thumbnail","6":"product_cat-wallbox-chargers-fi","7":"pa_brand-abb-fi","9":"first","10":"onbackorder","11":"sale","12":"taxable","13":"shipping-taxable","14":"purchasable","15":"product-type-simple"},"_links":{"self":[{"href":"https:\/\/chargingshop.eu\/fi\/wp-json\/wp\/v2\/product\/2358","targetHints":{"allow":["GET"]}}],"collection":[{"href":"https:\/\/chargingshop.eu\/fi\/wp-json\/wp\/v2\/product"}],"about":[{"href":"https:\/\/chargingshop.eu\/fi\/wp-json\/wp\/v2\/types\/product"}],"replies":[{"embeddable":true,"href":"https:\/\/chargingshop.eu\/fi\/wp-json\/wp\/v2\/comments?post=2358"}],"wp:featuredmedia":[{"embeddable":true,"href":"https:\/\/chargingshop.eu\/fi\/wp-json\/wp\/v2\/media\/2077"}],"wp:attachment":[{"href":"https:\/\/chargingshop.eu\/fi\/wp-json\/wp\/v2\/media?parent=2358"}],"wp:term":[{"taxonomy":"product_brand","embeddable":true,"href":"https:\/\/chargingshop.eu\/fi\/wp-json\/wp\/v2\/product_brand?post=2358"},{"taxonomy":"product_cat","embeddable":true,"href":"https:\/\/chargingshop.eu\/fi\/wp-json\/wp\/v2\/product_cat?post=2358"},{"taxonomy":"product_tag","embeddable":true,"href":"https:\/\/chargingshop.eu\/fi\/wp-json\/wp\/v2\/product_tag?post=2358"}],"curies":[{"name":"wp","href":"https:\/\/api.w.org\/{rel}","templated":true}]}}