{"id":2333,"date":"2020-05-01T08:07:21","date_gmt":"2020-05-01T08:07:21","guid":{"rendered":"https:\/\/chargingshop.eu\/product\/abb-terra-dc-wallbox-24-kw-ccs2\/"},"modified":"2025-06-22T03:29:35","modified_gmt":"2025-06-22T03:29:35","slug":"abb-terra-dc-wallbox-24-kw-ccs2","status":"publish","type":"product","link":"https:\/\/chargingshop.eu\/fi\/tuote\/abb-terra-dc-wallbox-24-kw-ccs2\/","title":{"rendered":"ABB Terra DC Wallbox 24 kW CCS2"},"content":{"rendered":"<p><strong>ABB Terra DC Wallbox 24 kW CCS2 3,5 m kaapelilla (malli &#8211; 6AGC077815)<\/strong><\/p>\n<h3>Miksi tasavirtalaatikko on parempi kuin vaihtovirtalaatikko<\/h3>\n<p>Ladattaessa vaihtovirtalaitteilla lataustehoa rajoittaa usein EV: n sis\u00e4\u00e4nrakennettu muunnin. Integroitujen muuntajien nimellisarvo on yleens\u00e4 3\u20137 kW. Lis\u00e4virta, jota AC-latausasema voisi tarjota, pysyy k\u00e4ytt\u00e4m\u00e4tt\u00e4. Tasavirtas\u00e4ili\u00f6rasiassa 24 kW: n huipputehovirta sy\u00f6tet\u00e4\u00e4n suoraan akkuun, ohittaen EV: n sis\u00e4\u00e4nrakennetun muuntajan rajoitukset. Terra DC Wallbox -sovelluksella voit varmistaa 24 kW: n virrankulutuksen riippumatta siit\u00e4, mit\u00e4 EV-mallia ladataan ja onko siin\u00e4 vaihtovirtamuuntaja vai ei.<\/p>\n<h3>\u00c4lyk\u00e4s suunnittelu: kompakti, k\u00e4tev\u00e4, kytketty<\/h3>\n<div><\/div>\n<div>\u2022 Tilaa s\u00e4\u00e4st\u00e4v\u00e4 ja helppo asentaa<\/div>\n<div><\/div>\n<div>\u2022 K\u00e4ytt\u00e4j\u00e4yst\u00e4v\u00e4llinen k\u00e4ytt\u00f6liittym\u00e4 k\u00e4tev\u00e4\u00e4n lataukseen 7 tuuman LCD-kosketusn\u00e4yt\u00f6ll\u00e4<\/div>\n<div><\/div>\n<div>\u2022 Laaja valikoima liitett\u00e4vyysvaihtoehtoja<\/div>\n<div><\/div>\n<h3>Tulevaisuudenkest\u00e4v\u00e4: sijoitetun p\u00e4\u00e4oman tuotto maksimoitu<\/h3>\n<div><\/div>\n<div>\u2022 T\u00e4ysin yhteensopiva nykyisten ja tulevien EV: ien kanssa<\/div>\n<div><\/div>\n<div>\u2022 Ohjelmiston et\u00e4p\u00e4ivitykset<\/div>\n<div><\/div>\n<div>\u2022 \u00c4lyk\u00e4s toiminnallisuus tarkoittaa optimoitua ja kustannustehokasta latausta<\/div>\n<div><\/div>\n<h3>Turvallisuus: sis\u00e4\u00e4nrakennettu suoja<\/h3>\n<div><\/div>\n<div>\u2022 Arvioitu ja testattu korkeimpien riippumattomien standardien mukaisesti<\/div>\n<div><\/div>\n<div>\u2022 Turvallinen k\u00e4ytett\u00e4v\u00e4ksi asuinymp\u00e4rist\u00f6iss\u00e4<\/div>\n<div><\/div>\n<div>\u2022 Integroitu maasulku- ja laukaisusuojaus<\/div>\n<div><\/div>\n<div>\u2022 Asennus ulko- ja sis\u00e4tiloihin NEMA 3 &amp; IP54<\/div>\n<div><\/div>\n<h3>Kuorman hallinta<\/h3>\n<div><\/div>\n<div>\u2022 \u00c4lyk\u00e4s lataus OCPP: n kautta<\/div>\n<div><\/div>\n<div>\u2022 Asennus ulkoisen energiamittarin integrointiin dynaamisen kuorman hallintaa varten<\/div>\n<div><\/div>\n<div>\u2022 Valmis integroitavaksi edistyneeseen \u00e4lykk\u00e4\u00e4n rakennuksen energiaj\u00e4rjestelm\u00e4\u00e4n<\/div>\n<div><\/div>\n<h3>Sis\u00e4\u00e4nrakennettu turvallisuus<\/h3>\n<div><\/div>\n<div>\u2022 Ylivirta<\/div>\n<div><\/div>\n<div>\u2022 Yli- ja alij\u00e4nnitteet<\/div>\n<div><\/div>\n<div>\u2022 Maasulku<\/div>\n<div><\/div>\n<div>\u2022 Ylij\u00e4nnitesuoja<\/div>\n<div><\/div>\n<div>\u2022 PE (suojamaadoitus) jatkuvuuden seuranta<\/div>\n<div><\/div>\n<div>\u2022 Vuodon\u00e4yt\u00f6n suojaus<\/div>\n<div><\/div>\n<h3>liitett\u00e4vyys<\/h3>\n<div><\/div>\n<div>\u2022 GSM \/ 3G \/ 4G<\/div>\n<div><\/div>\n<div>\u2022 Ethernet<\/div>\n<div><\/div>\n<div>\u2022 RFID<\/div>\n<div><\/div>\n<div>Teho<\/div>\n<div>\u2022 0\u201322,5 kW, 24 kW (huippu) \/ 60 A<\/div>\n<div><\/div>\n<div>\u2022 Latausj\u00e4nnite: CCS: 150 &#8211; 920 V DC<\/div>\n<div><\/div>\n<div><\/div>\n<div><\/div>\n<div>Toimitusaika: 8 viikkoa tilauksen j\u00e4lkeen<\/div>\n<div><\/div>\n<div>Huomaa &#8211; liittimen pidin (joka on tuotekuvassa) ei sis\u00e4lly toimitukseen, ja se on tilattava erikseen <a href=\"https:\/\/chargingshop.eu\/product\/ccs-connector-holder\/\">t\u00e4\u00e4lt\u00e4<\/a>.<\/div>\n<div><\/div>\n<div>Jalustan asennus voidaan tilata erikseen.<\/div>\n<div><\/div>\n<div>Malli, jossa on kaksinkertaiset CCS2- ja Chademo-liittimet.<\/div>\n<div><\/div>\n<div>Tuoteesitteet:<\/div>\n<div>\n<ul>\n<li><a href=\"https:\/\/chargingshop.eu\/wp-content\/uploads\/2020\/05\/9AKK107680A3888_Terra_DC_wallbox_A5_technical_Leaflet_screen.pdf\">ABB Terra DC Wallbox brochure<\/a><\/li>\n<li><a href=\"https:\/\/chargingshop.eu\/wp-content\/uploads\/2020\/05\/9AKK107680A4480_Terra_DC_wallbox_Brochure_A4-Rev-A_screen.pdf\">ABB Terra DC Wallbox brochure 2<\/a><\/li>\n<li><a href=\"https:\/\/chargingshop.eu\/wp-content\/uploads\/2020\/05\/9AKK107680A3889_ABB_Infographic_DC_Wallbox_english_screen.pdf\">ABB Terra DC Wallbox Infographic<\/a><\/li>\n<\/ul>\n<\/div>\n<div><\/div>\n","protected":false},"excerpt":{"rendered":"<p>ABB Terra DC Wallbox 24 kW &#8211; kehitetty johtavien s\u00e4hk\u00f6ajoneuvojen valmistajien kanssa, energiantoimittajien ja hallitusten luottamus, Terra DC -sein\u00e4laatikko tekee nopeasta lataamisesta turvallisen, \u00e4lykk\u00e4\u00e4n ja tulevaisuuden yhteensopivan. DC-sein\u00e4rasia tukee 130 vuoden innovaatiota ja kymmenen vuoden ajan s\u00e4hk\u00f6ist\u00e4 liikkuvuutta. Se tukee s\u00e4hk\u00f6ajoneuvojen jatkuvaa etenemist\u00e4.<\/p>\n","protected":false},"featured_media":2317,"comment_status":"open","ping_status":"closed","template":"","meta":[],"product_brand":[],"product_cat":[308,282],"product_tag":[],"class_list":{"0":"post-2333","1":"product","2":"type-product","3":"status-publish","4":"has-post-thumbnail","6":"product_cat-dc-chargers-fi","7":"product_cat-wallbox-chargers-fi","8":"pa_brand-abb-fi","10":"first","11":"outofstock","12":"sale","13":"taxable","14":"shipping-taxable","15":"purchasable","16":"product-type-simple"},"_links":{"self":[{"href":"https:\/\/chargingshop.eu\/fi\/wp-json\/wp\/v2\/product\/2333","targetHints":{"allow":["GET"]}}],"collection":[{"href":"https:\/\/chargingshop.eu\/fi\/wp-json\/wp\/v2\/product"}],"about":[{"href":"https:\/\/chargingshop.eu\/fi\/wp-json\/wp\/v2\/types\/product"}],"replies":[{"embeddable":true,"href":"https:\/\/chargingshop.eu\/fi\/wp-json\/wp\/v2\/comments?post=2333"}],"wp:featuredmedia":[{"embeddable":true,"href":"https:\/\/chargingshop.eu\/fi\/wp-json\/wp\/v2\/media\/2317"}],"wp:attachment":[{"href":"https:\/\/chargingshop.eu\/fi\/wp-json\/wp\/v2\/media?parent=2333"}],"wp:term":[{"taxonomy":"product_brand","embeddable":true,"href":"https:\/\/chargingshop.eu\/fi\/wp-json\/wp\/v2\/product_brand?post=2333"},{"taxonomy":"product_cat","embeddable":true,"href":"https:\/\/chargingshop.eu\/fi\/wp-json\/wp\/v2\/product_cat?post=2333"},{"taxonomy":"product_tag","embeddable":true,"href":"https:\/\/chargingshop.eu\/fi\/wp-json\/wp\/v2\/product_tag?post=2333"}],"curies":[{"name":"wp","href":"https:\/\/api.w.org\/{rel}","templated":true}]}}