{"id":2285,"date":"2020-04-24T07:41:27","date_gmt":"2020-04-24T07:41:27","guid":{"rendered":"https:\/\/chargingshop.eu\/product\/ensto-home-one-7-4-kw-5m-type-2-kaapeli\/"},"modified":"2025-06-22T03:30:35","modified_gmt":"2025-06-22T03:30:35","slug":"ensto-home-one-7-4-kw-5m-type-2-kaapeli","status":"publish","type":"product","link":"https:\/\/chargingshop.eu\/fi\/tuote\/ensto-home-one-7-4-kw-5m-type-2-kaapeli\/","title":{"rendered":"ENSTO HOME ONE 7.4 kW, 5m Type 2 kaapeli"},"content":{"rendered":"<div class=\"video video-fit mb\" style=\"padding-top:56.25%;\"><p><iframe title=\"Ensto One Home \u2013 Super Electric Driving Experience\" width=\"1020\" height=\"574\" src=\"https:\/\/www.youtube.com\/embed\/tiPzkaBSWt0?feature=oembed\" frameborder=\"0\" allow=\"accelerometer; autoplay; encrypted-media; gyroscope; picture-in-picture\" allowfullscreen><\/iframe><\/p>\n<\/div>\n<p>&nbsp;<\/p>\n<div class=\"block comtextblock col-xs-12 col-sm-6 col-md-6 col-half\">\n<div class=\"text-block clearfix\">\n<p class=\"ng-scope\"><strong>ENSTO HOME ONE 7.4 kW Type 2 kaapelilla (model EVH321-HCR00)\u00a0<\/strong><\/p>\n<p><strong>ohjausyhteys saatavana Bluetooth-sovelluksen kautta<\/strong><\/p>\n<p class=\"ng-scope\"><span style=\"color: #333333;\">7,4 kW 1x32A-lataus &#8211; p\u00e4ivitt\u00e4isiin lataustarpeisiisi<br \/>\n<\/span><\/p>\n<div><strong>Ihanteellinen mihin tahansa ymp\u00e4rist\u00f6\u00f6n<\/strong><\/div>\n<ul>\n<li>Alhaiset elinkaarikustannukset<\/li>\n<li>T\u00e4ydellinen koti- tai jopa laivastolaskutukseen yritysasiakkaille<\/li>\n<\/ul>\n<\/div>\n<\/div>\n<div class=\"block comtextblock col-xs-12 col-sm-6 col-md-6 col-half\">\n<div class=\"text-block clearfix\">\n<p class=\"ng-scope\"><strong>Arvo eleganssista ja kest\u00e4vyydest\u00e4<\/strong><\/p>\n<ul class=\"ng-scope\">\n<li>Tyylik\u00e4s skandinaavinen muotoilu<\/li>\n<li>Korkealaatuiset teollisuuskomponentit<\/li>\n<li>T\u00e4ysin eurooppalaisten s\u00e4\u00e4nn\u00f6sten mukainen<\/li>\n<\/ul>\n<p class=\"ng-scope\"><strong>Nauti k\u00e4ytt\u00e4j\u00e4yst\u00e4v\u00e4llisest\u00e4 kokemuksesta<\/strong><\/p>\n<ul class=\"ng-scope\">\n<li>Kytke kaapeli &amp; lataus helppoon latauskokemukseen<\/li>\n<li>Kaapelin pituus &#8211; 5 metri\u00e4<\/li>\n<\/ul>\n<p><strong>Bluetooth APP<\/strong><\/p>\n<ul>\n<li>K\u00e4ynnist\u00e4 \/ Pys\u00e4yt\u00e4 sovelluksen kautta (kun valittu valtuutustila)<\/li>\n<li>Sovelluksen kielen valinta<\/li>\n<li>Aseta laturin virta 6 &#8211; 32A sovelluksen avulla<\/li>\n<\/ul>\n<\/div>\n<\/div>\n","protected":false},"excerpt":{"rendered":"<p><b>Ensto One Home tekee kotona lataamisesta helppoa ja turvallista. Tyylikk\u00e4\u00e4ss\u00e4 ja kest\u00e4v\u00e4ss\u00e4 Ensto One Home:ssa on aina kiinte\u00e4 5m Type 2 -latauskaapeli mukana. Asennuksen helpottamiseksi Ensto One Home:ssa on sis\u00e4\u00e4nrakennettuna vikavirtasuoja tasas\u00e4hk\u00f6lle (RDC-DD, 6mA) ja, mallista riippuen, my\u00f6s vikavirtakatkaisija integroiduin ylivirtasuojin (RCBO, 30mA).<\/b><\/p>\n","protected":false},"featured_media":2228,"comment_status":"open","ping_status":"closed","template":"","meta":[],"product_brand":[],"product_cat":[282],"product_tag":[],"class_list":{"0":"post-2285","1":"product","2":"type-product","3":"status-publish","4":"has-post-thumbnail","6":"product_cat-wallbox-chargers-fi","7":"pa_brand-ensto-fi","9":"first","10":"instock","11":"taxable","12":"shipping-taxable","13":"purchasable","14":"product-type-simple"},"_links":{"self":[{"href":"https:\/\/chargingshop.eu\/fi\/wp-json\/wp\/v2\/product\/2285","targetHints":{"allow":["GET"]}}],"collection":[{"href":"https:\/\/chargingshop.eu\/fi\/wp-json\/wp\/v2\/product"}],"about":[{"href":"https:\/\/chargingshop.eu\/fi\/wp-json\/wp\/v2\/types\/product"}],"replies":[{"embeddable":true,"href":"https:\/\/chargingshop.eu\/fi\/wp-json\/wp\/v2\/comments?post=2285"}],"wp:featuredmedia":[{"embeddable":true,"href":"https:\/\/chargingshop.eu\/fi\/wp-json\/wp\/v2\/media\/2228"}],"wp:attachment":[{"href":"https:\/\/chargingshop.eu\/fi\/wp-json\/wp\/v2\/media?parent=2285"}],"wp:term":[{"taxonomy":"product_brand","embeddable":true,"href":"https:\/\/chargingshop.eu\/fi\/wp-json\/wp\/v2\/product_brand?post=2285"},{"taxonomy":"product_cat","embeddable":true,"href":"https:\/\/chargingshop.eu\/fi\/wp-json\/wp\/v2\/product_cat?post=2285"},{"taxonomy":"product_tag","embeddable":true,"href":"https:\/\/chargingshop.eu\/fi\/wp-json\/wp\/v2\/product_tag?post=2285"}],"curies":[{"name":"wp","href":"https:\/\/api.w.org\/{rel}","templated":true}]}}