{"id":2278,"date":"2020-04-25T17:32:14","date_gmt":"2020-04-25T17:32:14","guid":{"rendered":"https:\/\/chargingshop.eu\/product\/load-guard-etrel-asemille-150a\/"},"modified":"2025-06-19T03:14:18","modified_gmt":"2025-06-19T03:14:18","slug":"load-guard-etrel-asemille-150a","status":"publish","type":"product","link":"https:\/\/chargingshop.eu\/fi\/tuote\/load-guard-etrel-asemille-150a\/","title":{"rendered":"Load guard Etrel-asemille 150A"},"content":{"rendered":"<h2><div class=\"video video-fit mb\" style=\"padding-top:56.25%;\"><p><iframe title=\"Interactive Charging Explained\" width=\"1020\" height=\"574\" src=\"https:\/\/www.youtube.com\/embed\/kzWdPGViz6A?feature=oembed\" frameborder=\"0\" allow=\"accelerometer; autoplay; encrypted-media; gyroscope; picture-in-picture\" allowfullscreen><\/iframe><\/p>\n<\/div><\/h2>\n<p>&nbsp;<\/p>\n<h2 class=\"vc_custom_heading vc_custom_1571907671781\">KUORMAAJALLA &#8211; TURVALLINEN JA KUSTANNUSTEHOKAS KOTITALLISTUS<\/h2>\n<div class=\"wpb_text_column wpb_content_element \">\n<div class=\"wpb_wrapper\">\n<p>Load Guard auttaa est\u00e4m\u00e4\u00e4n asennuksen ylikuormitusta v\u00e4hent\u00e4m\u00e4ll\u00e4 lataustehoa, kun kotitalouden kulutus on huippua. Siirt\u00e4m\u00e4ll\u00e4 latausajat lyhyemmille kotitalouksien kulutusjaksoille, INCH-laturit v\u00e4hent\u00e4v\u00e4t latauskustannuksia.<\/p>\n<\/div>\n<h2 class=\"vc_custom_heading vc_custom_1571109147393\">LATAA SUORAAN VALOKUVA-AINEISTASI. EI TARVITA LIS\u00c4INTEGRAATIOITA<\/h2>\n<div class=\"wpb_text_column wpb_content_element \">\n<div class=\"wpb_wrapper\">\n<p>Koska Load Guard mittaa s\u00e4hk\u00f6virtaa molempiin suuntiin, se pystyy tunnistamaan kaikki paikallisten uusiutuvien energial\u00e4hteiden, kuten aurinkos\u00e4hk\u00f6n, tuottamat ylij\u00e4\u00e4m\u00e4t. Vihre\u00e4\u00e4 energiaa voidaan k\u00e4ytt\u00e4\u00e4 nopeampaan ja halvempaan lataukseen INCH-latausasemien algoritmien ansiosta.<\/p>\n<h2 class=\"vc_custom_heading vc_custom_1571109147393\">\u00c4LYK\u00c4S K\u00c4S LATAUSRATKAISU EST\u00c4\u00c4 YLIKUORMITUKSEN S\u00c4\u00c4T\u00c4M\u00c4LL\u00c4 AUTON LATAUSVOIMAA REALIAJASSA<\/h2>\n<p>\u00c4lyk\u00e4s mittauslaite seuraa rakennuksen kulutusta. Latausvoima s\u00e4\u00e4tyy dynaamisesti pysym\u00e4\u00e4n kulutusrajan alapuolella ja s\u00e4ilytt\u00e4\u00e4 p\u00e4\u00e4sulake.<\/p>\n<h2 class=\"vc_custom_heading vc_custom_1571109147393\">SUUNNITTELTU TUKITTAMA YRITT\u00c4MISYYS LIIKETOIMIIN<\/h2>\n<p>Kasvata latausklustereitasi, kun laivastosi \/ k\u00e4ytt\u00e4j\u00e4n kysynt\u00e4 kasvaa. Est\u00e4 ylikuormitus siirt\u00e4m\u00e4ll\u00e4 latausajat automaattisesti ruuhka-aikojen ulkopuolelle ja asettamalla klusterin maksimiteho. Lis\u00e4\u00e4 verkon kytkent\u00e4pisteen tehoa vain tarvittaessa.<\/p>\n<table width=\"305\">\n<tbody>\n<tr>\n<td width=\"122\"><strong>Dimension<\/strong><\/td>\n<td width=\"183\">9,1\u00a0 x 5,4 x 6,2 cm or 3 DIN rail slots<\/td>\n<\/tr>\n<tr>\n<td width=\"122\"><strong>Clamp cable length<\/strong><\/td>\n<td width=\"183\">70 cm<\/td>\n<\/tr>\n<tr>\n<td width=\"122\"><strong>Clamp diameter<\/strong><\/td>\n<td width=\"183\">Small: 16 mm, Large: 24 mm<\/td>\n<\/tr>\n<tr>\n<td width=\"122\"><strong>Connection<\/strong><\/td>\n<td width=\"183\">1-phase or 3-phase<\/td>\n<\/tr>\n<tr>\n<td width=\"122\"><strong>Max Rated Current<\/strong><\/td>\n<td width=\"183\">150 A<\/td>\n<\/tr>\n<tr>\n<td width=\"122\"><strong>Communication<\/strong><\/td>\n<td width=\"183\">Ethernet<\/td>\n<\/tr>\n<tr>\n<td width=\"122\"><strong>Configuration and monitoring<\/strong><\/td>\n<td width=\"183\">Charger Web interface<\/td>\n<\/tr>\n<\/tbody>\n<\/table>\n<\/div>\n<\/div>\n<\/div>\n<p>Tuoteesite:<\/p>\n<p><a href=\"https:\/\/chargingshop.eu\/wp-content\/uploads\/2020\/04\/LOAD-GUARD-brochure.pdf\"><em>LOAD-GUARD-brochure.pdf<\/em><\/a><\/p>\n<p>&nbsp;<\/p>\n","protected":false},"excerpt":{"rendered":"<p>Load Guard on anturi, joka on asennettu rakennuksen s\u00e4hk\u00f6kaappiin, jossa se mittaa s\u00e4hk\u00f6virrat ja l\u00e4hett\u00e4\u00e4 reaaliaikaisen tiedon latausasemalle. Se on erityisen t\u00e4rke\u00e4 tilanteissa, joissa latausasemilla ei ole erillist\u00e4 virtal\u00e4hdett\u00e4, vaan ne jakavat k\u00e4ytett\u00e4viss\u00e4 olevan virran muiden rakennuksen kuluttajien kanssa. INCH-latausasemat vastaavat vastaanotettuihin tietoihin v\u00e4hent\u00e4m\u00e4ll\u00e4 lataustehoa pit\u00e4m\u00e4\u00e4n asennuksen kokonaiskuorma alle asennuksen nimellisarvon, tai lis\u00e4\u00e4m\u00e4ll\u00e4 sit\u00e4 hy\u00f6dynt\u00e4\u00e4ksesi j\u00e4ljell\u00e4 olevan virran nopeampaan lataamiseen.<\/p>\n","protected":false},"featured_media":2251,"comment_status":"open","ping_status":"closed","template":"","meta":[],"product_brand":[],"product_cat":[253],"product_tag":[],"class_list":{"0":"post-2278","1":"product","2":"type-product","3":"status-publish","4":"has-post-thumbnail","6":"product_cat-tarvikkeet-latauskaapelit","8":"first","9":"instock","10":"taxable","11":"shipping-taxable","12":"purchasable","13":"product-type-simple"},"_links":{"self":[{"href":"https:\/\/chargingshop.eu\/fi\/wp-json\/wp\/v2\/product\/2278","targetHints":{"allow":["GET"]}}],"collection":[{"href":"https:\/\/chargingshop.eu\/fi\/wp-json\/wp\/v2\/product"}],"about":[{"href":"https:\/\/chargingshop.eu\/fi\/wp-json\/wp\/v2\/types\/product"}],"replies":[{"embeddable":true,"href":"https:\/\/chargingshop.eu\/fi\/wp-json\/wp\/v2\/comments?post=2278"}],"wp:featuredmedia":[{"embeddable":true,"href":"https:\/\/chargingshop.eu\/fi\/wp-json\/wp\/v2\/media\/2251"}],"wp:attachment":[{"href":"https:\/\/chargingshop.eu\/fi\/wp-json\/wp\/v2\/media?parent=2278"}],"wp:term":[{"taxonomy":"product_brand","embeddable":true,"href":"https:\/\/chargingshop.eu\/fi\/wp-json\/wp\/v2\/product_brand?post=2278"},{"taxonomy":"product_cat","embeddable":true,"href":"https:\/\/chargingshop.eu\/fi\/wp-json\/wp\/v2\/product_cat?post=2278"},{"taxonomy":"product_tag","embeddable":true,"href":"https:\/\/chargingshop.eu\/fi\/wp-json\/wp\/v2\/product_tag?post=2278"}],"curies":[{"name":"wp","href":"https:\/\/api.w.org\/{rel}","templated":true}]}}