{"id":2146,"date":"2020-04-22T10:03:38","date_gmt":"2020-04-22T10:03:38","guid":{"rendered":"https:\/\/chargingshop.eu\/?post_type=product&#038;p=2146"},"modified":"2025-06-22T03:34:39","modified_gmt":"2025-06-22T03:34:39","slug":"tesla-chademo-sovitin-yhdysvaltain-tesla-model-3-s-x-lle","status":"publish","type":"product","link":"https:\/\/chargingshop.eu\/fi\/tuote\/tesla-chademo-sovitin-yhdysvaltain-tesla-model-3-s-x-lle\/","title":{"rendered":"TESLA CHADEMO sovitin Yhdysvaltain Tesla Model 3, S, X: lle"},"content":{"rendered":"<p><strong>TESLA CHADEMO sovitin Yhdysvalloille Tesla Model 3, S, X<\/strong><\/p>\n<p>Perustiedot:<\/p>\n<table class=\"woocommerce-product-attributes shop_attributes\">\n<tbody>\n<tr class=\"woocommerce-product-attributes-item woocommerce-product-attributes-item--weight\">\n<th class=\"woocommerce-product-attributes-item__label\">Weight<\/th>\n<td class=\"woocommerce-product-attributes-item__value\">3.5 kg<\/td>\n<\/tr>\n<tr class=\"woocommerce-product-attributes-item woocommerce-product-attributes-item--dimensions\">\n<th class=\"woocommerce-product-attributes-item__label\">Dimensions<\/th>\n<td class=\"woocommerce-product-attributes-item__value\">720 \u00d7 170 \u00d7 120 mm<\/td>\n<\/tr>\n<tr class=\"woocommerce-product-attributes-item woocommerce-product-attributes-item--attribute_pa_plug-type\">\n<th class=\"woocommerce-product-attributes-item__label\">Plug Type<\/th>\n<td class=\"woocommerce-product-attributes-item__value\">proprietary\u00a0<b>Tesla US<\/b>\u00a0plug<\/td>\n<\/tr>\n<tr class=\"woocommerce-product-attributes-item woocommerce-product-attributes-item--attribute_pa_power-supply-plug\">\n<th class=\"woocommerce-product-attributes-item__label\">Power Supply Plug<\/th>\n<td class=\"woocommerce-product-attributes-item__value\">CHAdeMO<\/td>\n<\/tr>\n<tr class=\"woocommerce-product-attributes-item woocommerce-product-attributes-item--attribute_pa_degree-of-protection\">\n<th class=\"woocommerce-product-attributes-item__label\">Degree of Protection<\/th>\n<td class=\"woocommerce-product-attributes-item__value\">IP54<\/td>\n<\/tr>\n<tr class=\"woocommerce-product-attributes-item woocommerce-product-attributes-item--attribute_pa_vandalism-proof\">\n<th class=\"woocommerce-product-attributes-item__label\">Vandalism-Proof<\/th>\n<td class=\"woocommerce-product-attributes-item__value\">No<\/td>\n<\/tr>\n<tr class=\"woocommerce-product-attributes-item woocommerce-product-attributes-item--attribute_pa_housing\">\n<th class=\"woocommerce-product-attributes-item__label\">Housing<\/th>\n<td class=\"woocommerce-product-attributes-item__value\">Plastic<\/td>\n<\/tr>\n<tr class=\"woocommerce-product-attributes-item woocommerce-product-attributes-item--attribute_pa_cable-length\">\n<th class=\"woocommerce-product-attributes-item__label\">Cable Length<\/th>\n<td class=\"woocommerce-product-attributes-item__value\">0.2 m<\/td>\n<\/tr>\n<tr class=\"woocommerce-product-attributes-item woocommerce-product-attributes-item--attribute_adapter-length\">\n<th class=\"woocommerce-product-attributes-item__label\">Adapter Length<\/th>\n<td class=\"woocommerce-product-attributes-item__value\">69cm<\/td>\n<\/tr>\n<tr class=\"woocommerce-product-attributes-item woocommerce-product-attributes-item--attribute_pa_manufacturer\">\n<th class=\"woocommerce-product-attributes-item__label\">Manufacturer<\/th>\n<td class=\"woocommerce-product-attributes-item__value\">Tesla (USA)<\/td>\n<\/tr>\n<tr class=\"woocommerce-product-attributes-item woocommerce-product-attributes-item--attribute_pa_warranty\">\n<th class=\"woocommerce-product-attributes-item__label\">Warranty<\/th>\n<td class=\"woocommerce-product-attributes-item__value\">12 months<\/td>\n<\/tr>\n<\/tbody>\n<\/table>\n","protected":false},"excerpt":{"rendered":"<p>TESLA CHADEMO -sovitin EU: lle Tesla on tarkoitettu erityisesti n\u00e4iden ajoneuvojen eurooppalaiseen, australialaiseen ja kiinalaiseen versioon. T\u00e4m\u00e4 sovitin on suunniteltu erityisesti malleille S, malleille X ja malleille 3. Pohjois-Amerikan, japanin, Australian ja Kiinan versioille tarvitaan erillinen sovitin. Mallissa S, jossa Supercharging ei ole k\u00e4yt\u00f6ss\u00e4, sis\u00e4\u00e4nrakennetut laitteet on aktivoitava CHAdeMO-sovittimen k\u00e4ytt\u00e4miseksi. Jokainen uusi malli S tai malli X on jo superlataus k\u00e4yt\u00f6ss\u00e4. Model 3 -yhteensopivuuteen tarvitaan 2019.24.1-firmware tai uudempi.<\/p>\n","protected":false},"featured_media":2152,"comment_status":"open","ping_status":"closed","template":"","meta":[],"product_brand":[],"product_cat":[493,253],"product_tag":[],"class_list":{"0":"post-2146","1":"product","2":"type-product","3":"status-publish","4":"has-post-thumbnail","6":"product_cat-sahkoautojen-latauskaapelit","7":"product_cat-tarvikkeet-latauskaapelit","9":"first","10":"outofstock","11":"taxable","12":"shipping-taxable","13":"purchasable","14":"product-type-simple"},"_links":{"self":[{"href":"https:\/\/chargingshop.eu\/fi\/wp-json\/wp\/v2\/product\/2146","targetHints":{"allow":["GET"]}}],"collection":[{"href":"https:\/\/chargingshop.eu\/fi\/wp-json\/wp\/v2\/product"}],"about":[{"href":"https:\/\/chargingshop.eu\/fi\/wp-json\/wp\/v2\/types\/product"}],"replies":[{"embeddable":true,"href":"https:\/\/chargingshop.eu\/fi\/wp-json\/wp\/v2\/comments?post=2146"}],"wp:featuredmedia":[{"embeddable":true,"href":"https:\/\/chargingshop.eu\/fi\/wp-json\/wp\/v2\/media\/2152"}],"wp:attachment":[{"href":"https:\/\/chargingshop.eu\/fi\/wp-json\/wp\/v2\/media?parent=2146"}],"wp:term":[{"taxonomy":"product_brand","embeddable":true,"href":"https:\/\/chargingshop.eu\/fi\/wp-json\/wp\/v2\/product_brand?post=2146"},{"taxonomy":"product_cat","embeddable":true,"href":"https:\/\/chargingshop.eu\/fi\/wp-json\/wp\/v2\/product_cat?post=2146"},{"taxonomy":"product_tag","embeddable":true,"href":"https:\/\/chargingshop.eu\/fi\/wp-json\/wp\/v2\/product_tag?post=2146"}],"curies":[{"name":"wp","href":"https:\/\/api.w.org\/{rel}","templated":true}]}}