{"id":1978,"date":"2020-03-31T10:42:13","date_gmt":"2020-03-31T10:42:13","guid":{"rendered":"https:\/\/chargingshop.eu\/product\/sahkoauto-latauskaapeli-11-kw\/"},"modified":"2020-04-11T08:11:24","modified_gmt":"2020-04-11T08:11:24","slug":"sahkoauto-latauskaapeli-11-kw","status":"publish","type":"product","link":"https:\/\/chargingshop.eu\/fi\/tuote\/sahkoauto-latauskaapeli-11-kw\/","title":{"rendered":"S\u00e4hk\u00f6auto Latauskaapeli 11 kW Tyyppi 2 (16A x3 &#8211; kolmivaiheinen) &#8211; 5 m pitk\u00e4"},"content":{"rendered":"<p><strong>S\u00e4hk\u00f6auto Latauskaapeli 11 kW Tyyppi 2 (16A x3 &#8211; kolmivaiheinen)<\/strong><\/p>\n<p><strong>Ominaisuudet:<\/strong><\/p>\n<ul>\n<li>Vakioliitin, voidaan tunnistaa EV: ll\u00e4 (tyypin 2 sis\u00e4\u00e4ntulolla) oikein ja ladata tehokkaasti.<\/li>\n<li>Vankka muotoilu. Sen rakennelujuus on riitt\u00e4v\u00e4 tukemaan s\u00e4hk\u00f6auton vierimist\u00e4.<\/li>\n<li>Ainutlaatuinen kaarisammutustekniikka varmistaa, ett\u00e4 siin\u00e4 ei ole s\u00e4hk\u00f6isi\u00e4 kipin\u00f6it\u00e4 kytkett\u00e4ess\u00e4 ja kytkett\u00e4ess\u00e4si pistorasiaa.<\/li>\n<li>Turvallinen ja luotettava. Kaapeli on valmistettu palonkest\u00e4v\u00e4st\u00e4 TPE (TPU) -materiaalista, joka kest\u00e4\u00e4 suoran palon palamisen turvallisessa ajassa.<\/li>\n<li>Kest\u00e4v\u00e4. Kehittynyt puristustekniikka takaa pidennetyn k\u00e4ytt\u00f6i\u00e4n.<\/li>\n<li>IP44 luokiteltu<\/li>\n<li>K\u00e4ytt\u00f6j\u00e4nnite 240 VAC<\/li>\n<li>K\u00e4ytt\u00f6l\u00e4mp\u00f6tila-alue -30 \u00b0 C &#8211; + 60 \u00b0 C<\/li>\n<li>Kuparilejeeringin kontaktit<\/li>\n<\/ul>\n","protected":false},"excerpt":{"rendered":"<p>S\u00e4hk\u00f6auto Latauskaapeli 11 kW Tyyppi 2\u00a0 &#8211; sopii p\u00e4ivitt\u00e4isiin lataustarpeisiin.<\/p>\n","protected":false},"featured_media":1916,"comment_status":"open","ping_status":"closed","template":"","meta":[],"product_brand":[],"product_cat":[493,253],"product_tag":[],"class_list":{"0":"post-1978","1":"product","2":"type-product","3":"status-publish","4":"has-post-thumbnail","6":"product_cat-sahkoautojen-latauskaapelit","7":"product_cat-tarvikkeet-latauskaapelit","9":"first","10":"instock","11":"taxable","12":"shipping-taxable","13":"purchasable","14":"product-type-simple"},"_links":{"self":[{"href":"https:\/\/chargingshop.eu\/fi\/wp-json\/wp\/v2\/product\/1978","targetHints":{"allow":["GET"]}}],"collection":[{"href":"https:\/\/chargingshop.eu\/fi\/wp-json\/wp\/v2\/product"}],"about":[{"href":"https:\/\/chargingshop.eu\/fi\/wp-json\/wp\/v2\/types\/product"}],"replies":[{"embeddable":true,"href":"https:\/\/chargingshop.eu\/fi\/wp-json\/wp\/v2\/comments?post=1978"}],"wp:featuredmedia":[{"embeddable":true,"href":"https:\/\/chargingshop.eu\/fi\/wp-json\/wp\/v2\/media\/1916"}],"wp:attachment":[{"href":"https:\/\/chargingshop.eu\/fi\/wp-json\/wp\/v2\/media?parent=1978"}],"wp:term":[{"taxonomy":"product_brand","embeddable":true,"href":"https:\/\/chargingshop.eu\/fi\/wp-json\/wp\/v2\/product_brand?post=1978"},{"taxonomy":"product_cat","embeddable":true,"href":"https:\/\/chargingshop.eu\/fi\/wp-json\/wp\/v2\/product_cat?post=1978"},{"taxonomy":"product_tag","embeddable":true,"href":"https:\/\/chargingshop.eu\/fi\/wp-json\/wp\/v2\/product_tag?post=1978"}],"curies":[{"name":"wp","href":"https:\/\/api.w.org\/{rel}","templated":true}]}}