{"id":1975,"date":"2020-03-31T09:04:39","date_gmt":"2020-03-31T09:04:39","guid":{"rendered":"https:\/\/chargingshop.eu\/product\/sahkoauto-latauskaapeli-7-2-kw\/"},"modified":"2020-04-10T12:59:55","modified_gmt":"2020-04-10T12:59:55","slug":"sahkoauto-latauskaapeli-7-2-kw","status":"publish","type":"product","link":"https:\/\/chargingshop.eu\/fi\/tuote\/sahkoauto-latauskaapeli-7-2-kw\/","title":{"rendered":"S\u00e4hk\u00f6auto Latauskaapeli 7.2 kW Tyyppi 2 (32A)  &#8211; pituus 5 m"},"content":{"rendered":"<p><strong>S\u00e4hk\u00f6auto Latauskaapeli 7.2 kW<\/strong><\/p>\n<p><strong>Ominaisuudet:<\/strong><\/p>\n<ul>\n<li>Vakioliitin, voidaan tunnistaa EV: ll\u00e4 (tyypin 2 sis\u00e4\u00e4ntulolla) oikein ja ladata tehokkaasti.<\/li>\n<li>Vankka muotoilu. Sen rakennelujuus on riitt\u00e4v\u00e4 tukemaan s\u00e4hk\u00f6auton vierimist\u00e4.<\/li>\n<li>Ainutlaatuinen kaarisammutustekniikka varmistaa, ett\u00e4 siin\u00e4 ei ole s\u00e4hk\u00f6isi\u00e4 kipin\u00f6it\u00e4 kytkett\u00e4ess\u00e4 ja kytkett\u00e4ess\u00e4si pistorasiaa.<\/li>\n<li>Turvallinen ja luotettava. Kaapeli on valmistettu palonkest\u00e4v\u00e4st\u00e4 TPE (TPU) -materiaalista, joka kest\u00e4\u00e4 suoran palon palamisen turvallisessa ajassa.<\/li>\n<li>Kest\u00e4v\u00e4. Kehittynyt puristustekniikka takaa pidennetyn k\u00e4ytt\u00f6i\u00e4n.<\/li>\n<li>IP44 luokiteltu<\/li>\n<li>K\u00e4ytt\u00f6j\u00e4nnite 240 VAC<\/li>\n<li>K\u00e4ytt\u00f6l\u00e4mp\u00f6tila-alue -30 \u00b0 C &#8211; + 60 \u00b0 C<\/li>\n<li>Kuparilejeeringin kontaktit<\/li>\n<\/ul>\n","protected":false},"excerpt":{"rendered":"<p>S\u00e4hk\u00f6auton latauskaapeli tyyppi 2 (7,2 kW) &#8211; sopii p\u00e4ivitt\u00e4isiin lataustarpeisiin.<\/p>\n","protected":false},"featured_media":1916,"comment_status":"open","ping_status":"closed","template":"","meta":[],"product_brand":[],"product_cat":[493,253],"product_tag":[],"class_list":{"0":"post-1975","1":"product","2":"type-product","3":"status-publish","4":"has-post-thumbnail","6":"product_cat-sahkoautojen-latauskaapelit","7":"product_cat-tarvikkeet-latauskaapelit","9":"first","10":"instock","11":"sale","12":"taxable","13":"shipping-taxable","14":"purchasable","15":"product-type-simple"},"_links":{"self":[{"href":"https:\/\/chargingshop.eu\/fi\/wp-json\/wp\/v2\/product\/1975","targetHints":{"allow":["GET"]}}],"collection":[{"href":"https:\/\/chargingshop.eu\/fi\/wp-json\/wp\/v2\/product"}],"about":[{"href":"https:\/\/chargingshop.eu\/fi\/wp-json\/wp\/v2\/types\/product"}],"replies":[{"embeddable":true,"href":"https:\/\/chargingshop.eu\/fi\/wp-json\/wp\/v2\/comments?post=1975"}],"wp:featuredmedia":[{"embeddable":true,"href":"https:\/\/chargingshop.eu\/fi\/wp-json\/wp\/v2\/media\/1916"}],"wp:attachment":[{"href":"https:\/\/chargingshop.eu\/fi\/wp-json\/wp\/v2\/media?parent=1975"}],"wp:term":[{"taxonomy":"product_brand","embeddable":true,"href":"https:\/\/chargingshop.eu\/fi\/wp-json\/wp\/v2\/product_brand?post=1975"},{"taxonomy":"product_cat","embeddable":true,"href":"https:\/\/chargingshop.eu\/fi\/wp-json\/wp\/v2\/product_cat?post=1975"},{"taxonomy":"product_tag","embeddable":true,"href":"https:\/\/chargingshop.eu\/fi\/wp-json\/wp\/v2\/product_tag?post=1975"}],"curies":[{"name":"wp","href":"https:\/\/api.w.org\/{rel}","templated":true}]}}